{"id":5302,"date":"2019-08-20T12:31:26","date_gmt":"2019-08-20T12:31:26","guid":{"rendered":"https:\/\/calpebay.net\/villen-rasteransicht\/"},"modified":"2024-05-26T14:42:47","modified_gmt":"2024-05-26T14:42:47","slug":"villen-rasteransicht","status":"publish","type":"page","link":"https:\/\/calpebay.net\/de\/villen-rasteransicht\/","title":{"rendered":"Villen \u2013 Rasteransicht"},"content":{"rendered":"<div class=\"mphb_sc_rooms-wrapper mphb-room-types is-style-grid\">    <div class=\"loop-rooms-wrapper\">\r\n\t\r\n<div class=\"mphb-room-type post-6241 mphb_room_type type-mphb_room_type status-publish has-post-thumbnail mphb_room_type_category-calpe-de mphb_room_type_facility-badezimmerutensilien mphb_room_type_facility-gratis-parkplatze mphb_room_type_facility-haartrockner mphb_room_type_facility-heizung mphb_room_type_facility-komfort-im-schlafzimmer mphb_room_type_facility-terrasse-de mphb_room_type_facility-w-lan mphb-room-type-adults-6 mphb-room-type-children-2 \">\r\n\r\n\t\r\n    <div class=\"loop-room-wrapper\">\r\n\t\t            <div class=\"loop-room-images-wrapper\">\r\n\t\t\t\t<div class=\"loop-room-categories\"><a href=\"https:\/\/calpebay.net\/de\/accommodation-category\/calpe-de\/\" rel=\"tag\">Calpe<\/a><\/div>\n\n\t<div class=\"mphb-room-type-images\">\n\t<div id='mphb-flexslider-gallery-1' class='gallery-columns-1 gallery-size-booklium-square mphb-gallery-main-slider mphb-flexslider-gallery-wrapper mphb-room-type-gallery-wrapper mphb-gallery-main-slider-69e017ce9b303' data-flexslider-atts='{\"animation\":\"slide\",\"controlNav\":false,\"animationLoop\":true,\"smoothHeight\":true,\"slideshow\":false}' data-group='69e017ce9b303'><ul class=\"slides\"><li class='gallery-item'><span class='gallery-icon landscape'>\n\t\t\t\t<a href=\"https:\/\/calpebay.net\/de\/accommodation\/apartment-mit-3-schlafzimmern-immer-zusammen\/\"><img loading=\"lazy\" decoding=\"async\" width=\"892\" height=\"892\" src=\"https:\/\/i0.wp.com\/calpebay.net\/wp-content\/uploads\/2024\/04\/LIVINGROOM-2000-2.jpg?resize=892%2C892&amp;ssl=1\" class=\"attachment-booklium-square size-booklium-square\" alt=\"\" srcset=\"https:\/\/i0.wp.com\/calpebay.net\/wp-content\/uploads\/2024\/04\/LIVINGROOM-2000-2.jpg?resize=150%2C150&amp;ssl=1 150w, https:\/\/i0.wp.com\/calpebay.net\/wp-content\/uploads\/2024\/04\/LIVINGROOM-2000-2.jpg?resize=892%2C892&amp;ssl=1 892w, https:\/\/i0.wp.com\/calpebay.net\/wp-content\/uploads\/2024\/04\/LIVINGROOM-2000-2.jpg?zoom=2&amp;resize=892%2C892&amp;ssl=1 1784w\" sizes=\"auto, (max-width: 892px) 100vw, 892px\" \/><\/a>\n\t\t\t<\/span><\/li><\/ul>\n\t\t<\/div>\n\n\t<\/div>\n\t            <\/div>\r\n\t\t\t            <div class=\"loop-room-info-wrapper\">\r\n\t\t\t\t\n<h2 class=\"mphb-room-type-title entry-title\">\n\n<a class=\"mphb-room-type-title\" href=\"https:\/\/calpebay.net\/de\/accommodation\/apartment-mit-3-schlafzimmern-immer-zusammen\/\">Apartment mit 3 Schlafzimmern \u2013 Immer zusammen<\/a>\n\n<\/h2>\n\n<p>Modernes Apartment im Calpe Bay-Geb\u00e4ude, 200 Meter von der Altstadt von Calpe und 600 Meter von den wundersch\u00f6nen Str\u00e4nden der Costa Blanca von Alicante, Arenal Bol und La Fossa entfernt.<\/p>\n\n            <\/div>\r\n\t\t            <div class=\"loop-room-book-wrapper\">\r\n\t\t\t\t\n\n<div class=\"mphb-to-book-btn-wrapper\">\n<form action=\"https:\/\/calpebay.net\/de\/accommodation\/apartment-mit-3-schlafzimmern-immer-zusammen\/#booking-form-6241\" method=\"get\" ><button type=\"submit\" class=\"button mphb-book-button\" >Buchen<\/button><\/form>\n<br\/><\/div>            <\/div>\r\n\t\t\r\n    <\/div>\r\n\t\r\n<\/div>\r\n\r\n\r\n<div class=\"mphb-room-type post-6248 mphb_room_type type-mphb_room_type status-publish has-post-thumbnail mphb_room_type_category-calpe-de mphb_room_type_facility-badezimmerutensilien mphb_room_type_facility-gratis-parkplatze mphb_room_type_facility-haartrockner mphb_room_type_facility-heizung mphb_room_type_facility-komfort-im-schlafzimmer mphb_room_type_facility-terrasse-de mphb_room_type_facility-w-lan mphb-room-type-adults-4 mphb-room-type-children-2 \">\r\n\r\n\t\r\n    <div class=\"loop-room-wrapper\">\r\n\t\t            <div class=\"loop-room-images-wrapper\">\r\n\t\t\t\t<div class=\"loop-room-categories\"><a href=\"https:\/\/calpebay.net\/de\/accommodation-category\/calpe-de\/\" rel=\"tag\">Calpe<\/a><\/div>\n\n\t<div class=\"mphb-room-type-images\">\n\t<div id='mphb-flexslider-gallery-2' class='gallery-columns-1 gallery-size-booklium-square mphb-gallery-main-slider mphb-flexslider-gallery-wrapper mphb-room-type-gallery-wrapper mphb-gallery-main-slider-69e017ce9f1c7' data-flexslider-atts='{\"animation\":\"slide\",\"controlNav\":false,\"animationLoop\":true,\"smoothHeight\":true,\"slideshow\":false}' data-group='69e017ce9f1c7'><ul class=\"slides\"><li class='gallery-item'><span class='gallery-icon landscape'>\n\t\t\t\t<a href=\"https:\/\/calpebay.net\/de\/accommodation\/2-zimmer-wohnung-my-home\/\"><img loading=\"lazy\" decoding=\"async\" width=\"892\" height=\"683\" src=\"https:\/\/i0.wp.com\/calpebay.net\/wp-content\/uploads\/2019\/08\/DINNING-ROOM-1024.jpg?resize=892%2C683&amp;ssl=1\" class=\"attachment-booklium-square size-booklium-square\" alt=\"\" \/><\/a>\n\t\t\t<\/span><\/li><\/ul>\n\t\t<\/div>\n\n\t<\/div>\n\t            <\/div>\r\n\t\t\t            <div class=\"loop-room-info-wrapper\">\r\n\t\t\t\t\n<h2 class=\"mphb-room-type-title entry-title\">\n\n<a class=\"mphb-room-type-title\" href=\"https:\/\/calpebay.net\/de\/accommodation\/2-zimmer-wohnung-my-home\/\">2-Zimmer-Wohnung My Home<\/a>\n\n<\/h2>\n\n<p>Tadellose Dekoration, 200 Meter von der Altstadt von Calpe entfernt und ganz in der N\u00e4he des Strandes.<\/p>\n\n            <\/div>\r\n\t\t            <div class=\"loop-room-book-wrapper\">\r\n\t\t\t\t\n\n<div class=\"mphb-to-book-btn-wrapper\">\n<form action=\"https:\/\/calpebay.net\/de\/accommodation\/2-zimmer-wohnung-my-home\/#booking-form-6248\" method=\"get\" ><button type=\"submit\" class=\"button mphb-book-button\" >Buchen<\/button><\/form>\n<br\/><\/div>            <\/div>\r\n\t\t\r\n    <\/div>\r\n\t\r\n<\/div>\r\n\r\n\r\n<div class=\"mphb-room-type post-6004 mphb_room_type type-mphb_room_type status-publish has-post-thumbnail mphb_room_type_category-calpe-de mphb_room_type_facility-badezimmerutensilien mphb_room_type_facility-gratis-parkplatze mphb_room_type_facility-haartrockner mphb_room_type_facility-heizung mphb_room_type_facility-komfort-im-schlafzimmer mphb_room_type_facility-terrasse-de mphb_room_type_facility-w-lan mphb-room-type-adults-4 mphb-room-type-children-12 \">\r\n\r\n\t\r\n    <div class=\"loop-room-wrapper\">\r\n\t\t            <div class=\"loop-room-images-wrapper\">\r\n\t\t\t\t<div class=\"loop-room-categories\"><a href=\"https:\/\/calpebay.net\/de\/accommodation-category\/calpe-de\/\" rel=\"tag\">Calpe<\/a><\/div>\n\n\t<div class=\"mphb-room-type-images\">\n\t<div id='mphb-flexslider-gallery-3' class='gallery-columns-1 gallery-size-booklium-square mphb-gallery-main-slider mphb-flexslider-gallery-wrapper mphb-room-type-gallery-wrapper mphb-gallery-main-slider-69e017cea165c' data-flexslider-atts='{\"animation\":\"slide\",\"controlNav\":false,\"animationLoop\":true,\"smoothHeight\":true,\"slideshow\":false}' data-group='69e017cea165c'><ul class=\"slides\"><li class='gallery-item'><span class='gallery-icon landscape'>\n\t\t\t\t<a href=\"https:\/\/calpebay.net\/de\/accommodation\/2-schlafzimmer-altstadtwohnung\/\"><img loading=\"lazy\" decoding=\"async\" width=\"892\" height=\"683\" src=\"https:\/\/i0.wp.com\/calpebay.net\/wp-content\/uploads\/2019\/08\/COMEDOR-PASILLO-1024.jpg?resize=892%2C683&amp;ssl=1\" class=\"attachment-booklium-square size-booklium-square\" alt=\"\" \/><\/a>\n\t\t\t<\/span><\/li><\/ul>\n\t\t<\/div>\n\n\t<\/div>\n\t            <\/div>\r\n\t\t\t            <div class=\"loop-room-info-wrapper\">\r\n\t\t\t\t\n<h2 class=\"mphb-room-type-title entry-title\">\n\n<a class=\"mphb-room-type-title\" href=\"https:\/\/calpebay.net\/de\/accommodation\/2-schlafzimmer-altstadtwohnung\/\">2 Schlafzimmer Altstadtwohnung<\/a>\n\n<\/h2>\n\n<p>Old Town, wie der Name schon sagt, befindet sich 200 Meter von der Altstadt und nur 600 Meter von den Str\u00e4nden entfernt.<\/p>\n\n            <\/div>\r\n\t\t            <div class=\"loop-room-book-wrapper\">\r\n\t\t\t\t\n\n<div class=\"mphb-to-book-btn-wrapper\">\n<form action=\"https:\/\/calpebay.net\/de\/accommodation\/2-schlafzimmer-altstadtwohnung\/#booking-form-6004\" method=\"get\" ><button type=\"submit\" class=\"button mphb-book-button\" >Buchen<\/button><\/form>\n<br\/><\/div>            <\/div>\r\n\t\t\r\n    <\/div>\r\n\t\r\n<\/div>\r\n\r\n    <\/div>\r\n\t<\/div>","protected":false},"excerpt":{"rendered":"<p>Wir sind einer der weltweit f\u00fchrenden Spezialisten f\u00fcr die Vermietung von Luxus-Ferienh\u00e4usern und verf\u00fcgen \u00fcber ein Portfolio von mehr als 4.000 Luxus-Ferienh\u00e4usern in 50 der sch\u00f6nsten Urlaubsziele der Welt.<\/p>\n","protected":false},"author":1,"featured_media":0,"parent":0,"menu_order":0,"comment_status":"closed","ping_status":"closed","template":"template-wider-page.php","meta":{"nf_dc_page":"","_crdt_document":"","om_disable_all_campaigns":false,"inline_featured_image":false,"_monsterinsights_skip_tracking":false,"_monsterinsights_sitenote_active":false,"_monsterinsights_sitenote_note":"","_monsterinsights_sitenote_category":0,"footnotes":""},"class_list":["post-5302","page","type-page","status-publish","hentry"],"aioseo_notices":[],"jetpack_sharing_enabled":true,"_links":{"self":[{"href":"https:\/\/calpebay.net\/de\/wp-json\/wp\/v2\/pages\/5302","targetHints":{"allow":["GET"]}}],"collection":[{"href":"https:\/\/calpebay.net\/de\/wp-json\/wp\/v2\/pages"}],"about":[{"href":"https:\/\/calpebay.net\/de\/wp-json\/wp\/v2\/types\/page"}],"author":[{"embeddable":true,"href":"https:\/\/calpebay.net\/de\/wp-json\/wp\/v2\/users\/1"}],"replies":[{"embeddable":true,"href":"https:\/\/calpebay.net\/de\/wp-json\/wp\/v2\/comments?post=5302"}],"version-history":[{"count":1,"href":"https:\/\/calpebay.net\/de\/wp-json\/wp\/v2\/pages\/5302\/revisions"}],"predecessor-version":[{"id":5310,"href":"https:\/\/calpebay.net\/de\/wp-json\/wp\/v2\/pages\/5302\/revisions\/5310"}],"wp:attachment":[{"href":"https:\/\/calpebay.net\/de\/wp-json\/wp\/v2\/media?parent=5302"}],"curies":[{"name":"wp","href":"https:\/\/api.w.org\/{rel}","templated":true}]}}