{"id":5665,"date":"2019-09-17T11:28:45","date_gmt":"2019-09-17T11:28:45","guid":{"rendered":"https:\/\/calpebay.net\/umfeld\/"},"modified":"2024-05-29T11:20:48","modified_gmt":"2024-05-29T11:20:48","slug":"umfeld","status":"publish","type":"page","link":"https:\/\/calpebay.net\/de\/umfeld\/","title":{"rendered":"Umfeld"},"content":{"rendered":"\n<div class=\"wp-block-getwid-section getwid-margin-top-none getwid-section-content-custom-width\"><div class=\"wp-block-getwid-section__wrapper getwid-padding-left-none getwid-padding-right-none\" style=\"padding-top:30px;padding-bottom:20px\"><div class=\"wp-block-getwid-section__inner-wrapper\" style=\"max-width:892px\"><div class=\"wp-block-getwid-section__background-holder\"><div class=\"wp-block-getwid-section__background\"><\/div><div class=\"wp-block-getwid-section__foreground\"><\/div><\/div><div class=\"wp-block-getwid-section__content\"><div class=\"wp-block-getwid-section__inner-content\">\n<div class=\"wp-block-getwid-advanced-heading\" style=\"margin-bottom:10px\"><h4 class=\"wp-block-getwid-advanced-heading__content\" style=\"text-align:center\">Calpe und seine Umgebung.<\/h4><\/div>\r\n\n\n\n<p class=\"wp-block-paragraph\">Calpe und seine Umgebung haben viel zu bieten. Hier sind einige interessante Optionen, die es zu erkunden gilt:<\/p>\n\n\n\n<ol class=\"wp-block-list\">\n<li class=\"\"><strong>Pe\u00f1\u00f3n de Ifach<\/strong> : Dieser beeindruckende Felsen ist eines der Symbole der Costa Blanca. Er erreicht eine H\u00f6he von 332 Metern und bietet spektakul\u00e4re Ausblicke. Die Besteigung des Pe\u00f1\u00f3n de Ifach ist eines der besten Dinge, die man in Calpe unternehmen kann.<\/li>\n\n\n\n<li class=\"\"><strong>Die Salzebenen: <\/strong><span class=\"HwtZe\" lang=\"nl\"><span class=\"jCAhz ChMk0b\"><span class=\"ryNqvb\">Gelegen in het stedelijke centrum van <strong>Calpe<\/strong>, dichtbij het natuurpark Pe\u00f1\u00f3n de Ifach.<\/span><\/span> <span class=\"jCAhz ChMk0b\"><span class=\"ryNqvb\">Met een oppervlakte van 41,08 hectare vormen deze zoutvlakten een unieke enclave met culturele, sociale en natuurlijke waarden.<\/span><\/span> <span class=\"jCAhz ChMk0b\"><span class=\"ryNqvb\">Er zijn <strong>173 soorten vogels<\/strong> geregistreerd, waarbij de populaties van de gewone flamingo en de steltkluut worden benadrukt.<\/span><\/span><\/span><strong>&#13;\n<\/strong><\/li>\n\n\n\n<li class=\"\"><strong>Aussichtspunkt Morro de Toix: <\/strong><span class=\"HwtZe\" lang=\"nl\"><span class=\"jCAhz ChMk0b\"><span class=\"ryNqvb\">De Mirador de Toix is \u200b\u200been indrukwekkend uitzichtpunt gelegen op Morro de Toix, een berg met een hoogte van 300 meter boven zeeniveau.<\/span><\/span> <span class=\"jCAhz ChMk0b\"><span class=\"ryNqvb\">Het dient als natuurlijke grens tussen de gemeenten Calpe en Altea in de provincie Alicante, Spanje.<\/span><\/span> <span class=\"jCAhz ChMk0b\"><span class=\"ryNqvb\">Vanuit dit gezichtspunt kun je genieten van een prachtig uitzicht op het natuurpark Pe\u00f1\u00f3n de Ifach, de baai van Moraira, de Cumbre del Sol in Benitachell en zelfs, op heldere dagen, een glimp van Ibiza.<\/span><\/span><\/span><\/li>\n\n\n\n<li class=\"\"><strong>Alte Stadt: <\/strong><span class=\"HwtZe\" lang=\"nl\"><span class=\"jCAhz ChMk0b\"><span class=\"ryNqvb\">Het is het zeer charmante gebied gelegen op de top van een heuvel, in de stad Calpe.<\/span><\/span> <span class=\"jCAhz ChMk0b\"><span class=\"ryNqvb\">Dit gebied heeft een groot historisch en cultureel erfgoed, met smalle geplaveide straatjes, pleinen en oude gebouwen die door de jaren heen bewaard zijn gebleven.<\/span><\/span><\/span><\/li>\n\n\n\n<li class=\"\"><strong>\u00d6kologischer Spaziergang Pr\u00edncipe de Asturias<\/strong> : Genie\u00dfen Sie einen angenehmen Spaziergang entlang dieses wundersch\u00f6nen Weges am Meer. Es ist perfekt zum Entspannen und Genie\u00dfen der Natur.<\/li>\n\n\n\n<li class=\"\"><strong>Fischereihafen von Calpe<\/strong> : Besuchen Sie den malerischen Fischereihafen und beobachten Sie, wie die Boote ihren Fang des Tages entladen. Es ist ein sch\u00f6ner Ort zum Spazierengehen und Fotografieren.<\/li>\n\n\n\n<li class=\"\"><strong>Ba\u00f1os de la Reina<\/strong> : Erkunden Sie die spektakul\u00e4ren r\u00f6mischen Ruinen, die als Ba\u00f1os de la Reina bekannt sind. Sie liegen in der N\u00e4he von Calpe und sind ein faszinierendes Zeugnis der antiken Geschichte.<\/li>\n\n\n\n<li class=\"\"><strong>Cala La Manzanera<\/strong> : Diese versteckte Bucht bietet einen Panoramablick und ist ein perfekter Ort zum Entspannen am Meer.<\/li>\n\n\n\n<li class=\"\"><strong>Die Rote Wand: <\/strong><span class=\"HwtZe\" lang=\"nl\"><span class=\"jCAhz ChMk0b\"><span class=\"ryNqvb\">De Rode Muur in Calpe, is een gebouw ontworpen door architect Ricardo Bofill Levi.<\/span><\/span> <span class=\"jCAhz ChMk0b\"><span class=\"ryNqvb\">Hoewel de bouw in 1973 werd voltooid, begon het ontwerp tien jaar eerder.<\/span><\/span> <span class=\"jCAhz ChMk0b\"><span class=\"ryNqvb\">Het gebouw is een evocatie van de constructivistische esthetiek en bestaat uit patio\u2019s<\/span><\/span><\/span><strong>&#13;\n<\/strong><\/li>\n\n\n\n<li class=\"\"><strong>Altea<\/strong> : Etwa 15 Autominuten von Calpe entfernt ist Altea eine weitere charmante Stadt, die einen Besuch wert ist. Die gepflasterten Stra\u00dfen, wei\u00dfen H\u00e4user und der Meerblick werden Sie faszinieren.<\/li>\n\n\n\n<li class=\"\"><strong>Moraira<\/strong> : Eine weitere nahe gelegene Stadt mit wundersch\u00f6nen Str\u00e4nden und einer entspannten Atmosph\u00e4re. Wenn Sie Zeit haben, z\u00f6gern Sie nicht, es zu erkunden.<\/li>\n\n\n\n<li class=\"\"><strong>Guadalest:<\/strong> Es ist ein bezaubernder Ort 30 Kilometer von Calpe entfernt. Es liegt in einem wundersch\u00f6nen Tal, umgeben von \u00fcber 1000 Meter hohen Bergen. Die Stadt hat ihren Ursprung in der muslimischen \u00c4ra und hat ihre mittelalterliche Architektur bewahrt.<\/li>\n\n\n\n<li class=\"\"><strong>J\u00e1vea:<\/strong> <span class=\"HwtZe\" lang=\"de\"><span class=\"jCAhz JxVs2d ChMk0b\"><span class=\"ryNqvb\">Auf Valencianisch auch X\u00e0bia genannt, ist es eine wundersch\u00f6ne Gemeinde an der Costa Blanca in der Provinz Alicante.<\/span><\/span><\/span><\/li>\n\n\n\n<li class=\"\"><strong>Benidorm: <\/strong><span class=\"HwtZe\" lang=\"nl\"><span class=\"jCAhz ChMk0b\"><span class=\"ryNqvb\">Benidorm, gelegen aan de Costa Blanca in de provincie Alicante, is een levendige Spaanse stad die bekend staat om zijn zes kilometer aan gouden stranden, waar je kunt zwemmen en zelfs kajakken in de Middellandse Zee.<\/span><\/span> <span class=\"jCAhz ChMk0b\"><span class=\"ryNqvb\">Ooit een klein stadje met olijf- en citrusboomgaarden, maakt Benidorm nu indruk op bezoekers met zijn hoogbouwhotels en een bruisend nachtleven.<\/span><\/span><\/span><\/li>\n\n\n\n<li class=\"\"><strong>Villajoyosa:\u00a0 <\/strong><span class=\"HwtZe\" lang=\"nl\"><span class=\"jCAhz ChMk0b\"><span class=\"ryNqvb\">Villajoyosa, in het Valenciaans ook wel bekend als La Vila Joiosa, is een charmante kustplaats en gemeente in het zuiden van de Valenciaanse Gemeenschap, Spanje.<\/span><\/span> <span class=\"jCAhz ChMk0b\"><span class=\"ryNqvb\">De naam vertaalt zich naar &#8216;De vreugdevolle stad&#8217;, en het voldoet zeker aan die beschrijving!<\/span><\/span> <span class=\"jCAhz ChMk0b\"><span class=\"ryNqvb\">Laat me enkele hoogtepunten van deze kleurrijke en pittoreske plaats delen: Paseo Mar\u00edtimo, Arsenal Street en de oude binnenstad.<\/span><\/span><\/span><strong>&#13;\n<\/strong><\/li>\n<\/ol>\n\n\n\n<p class=\"wp-block-paragraph\">Ich hoffe, Sie genie\u00dfen Ihren Besuch in Calpe und seiner Umgebung! \ud83d\ude0a<\/p>\n\n\n\n<p class=\"has-text-align-center wp-block-paragraph\" style=\"font-size:14px\">.<\/p>\n<\/div><\/div><\/div><\/div><\/div>\n\n<div class=\"has-2-columns wp-block-columns is-layout-flex wp-container-core-columns-is-layout-8f761849 wp-block-columns-is-layout-flex\">\n<div class=\"wp-block-column is-layout-flow wp-block-column-is-layout-flow\">\n<div class=\"is-style-with-shadow wp-block-getwid-section\"><div class=\"wp-block-getwid-section__wrapper getwid-padding-top-medium getwid-padding-bottom-medium getwid-padding-left-medium getwid-padding-right-medium\"><div class=\"wp-block-getwid-section__inner-wrapper\"><div class=\"wp-block-getwid-section__background-holder\"><div class=\"wp-block-getwid-section__background has-background has-white-background-color\"><\/div><div class=\"wp-block-getwid-section__foreground\"><\/div><\/div><div class=\"wp-block-getwid-section__content\"><div class=\"wp-block-getwid-section__inner-content\">\n<div class=\"wp-block-getwid-image-box has-image-left has-text-left has-mobile-layout-column has-mobile-alignment-center\"><div class=\"wp-block-getwid-image-box__image-container is-position-middle\"><div class=\"wp-block-getwid-image-box__image-wrapper\"><img data-recalc-dims=\"1\" loading=\"lazy\" decoding=\"async\" width=\"892\" height=\"892\" src=\"https:\/\/i0.wp.com\/calpebay.net\/wp-content\/uploads\/2019\/09\/swimming-pool.jpg?resize=892%2C892&#038;ssl=1\" alt=\"\" class=\"wp-block-getwid-image-box__image wp-image-557\" srcset=\"https:\/\/i0.wp.com\/calpebay.net\/wp-content\/uploads\/2019\/09\/swimming-pool.jpg?w=892&amp;ssl=1 892w, https:\/\/i0.wp.com\/calpebay.net\/wp-content\/uploads\/2019\/09\/swimming-pool.jpg?resize=300%2C300&amp;ssl=1 300w, https:\/\/i0.wp.com\/calpebay.net\/wp-content\/uploads\/2019\/09\/swimming-pool.jpg?resize=150%2C150&amp;ssl=1 150w, https:\/\/i0.wp.com\/calpebay.net\/wp-content\/uploads\/2019\/09\/swimming-pool.jpg?resize=768%2C768&amp;ssl=1 768w\" sizes=\"auto, (max-width: 892px) 100vw, 892px\" \/><\/div><\/div><div class=\"wp-block-getwid-image-box__content\">\n<div class=\"wp-block-getwid-advanced-heading\" style=\"margin-bottom:15px\"><h4 class=\"wp-block-getwid-advanced-heading__content\">Guadalest<\/h4><\/div>\r\n\n\n\n<p style=\"font-size:14px\" class=\"wp-block-paragraph\">Guadalest, oficialmente conocido como El Castell de Guadalest, es un encantador municipio del interior de Alicante&#8230;<\/p>\n\n\n\n<div class=\"wp-block-getwid-advanced-heading has-custom-font-size\" style=\"font-size:14px\"><h5 class=\"wp-block-getwid-advanced-heading__content has-text-color has-light-sea-green-color\"><a href=\"#\">Mehr lesen<\/a><\/h5><\/div>\r\n<\/div><\/div>\n<\/div><\/div><\/div><\/div><\/div>\n\n\n\n<div class=\"is-style-with-shadow wp-block-getwid-section\"><div class=\"wp-block-getwid-section__wrapper getwid-padding-top-medium getwid-padding-bottom-medium getwid-padding-left-medium getwid-padding-right-medium\"><div class=\"wp-block-getwid-section__inner-wrapper\"><div class=\"wp-block-getwid-section__background-holder\"><div class=\"wp-block-getwid-section__background has-background has-white-background-color\"><\/div><div class=\"wp-block-getwid-section__foreground\"><\/div><\/div><div class=\"wp-block-getwid-section__content\"><div class=\"wp-block-getwid-section__inner-content\">\n<div class=\"wp-block-getwid-image-box has-image-left has-text-left has-mobile-layout-column has-mobile-alignment-center\"><div class=\"wp-block-getwid-image-box__image-container is-position-middle\"><div class=\"wp-block-getwid-image-box__image-wrapper\"><img data-recalc-dims=\"1\" loading=\"lazy\" decoding=\"async\" width=\"892\" height=\"892\" src=\"https:\/\/i0.wp.com\/calpebay.net\/wp-content\/uploads\/2019\/09\/conference-room.jpg?resize=892%2C892&#038;ssl=1\" alt=\"\" class=\"wp-block-getwid-image-box__image wp-image-560\" srcset=\"https:\/\/i0.wp.com\/calpebay.net\/wp-content\/uploads\/2019\/09\/conference-room.jpg?w=892&amp;ssl=1 892w, https:\/\/i0.wp.com\/calpebay.net\/wp-content\/uploads\/2019\/09\/conference-room.jpg?resize=300%2C300&amp;ssl=1 300w, https:\/\/i0.wp.com\/calpebay.net\/wp-content\/uploads\/2019\/09\/conference-room.jpg?resize=150%2C150&amp;ssl=1 150w, https:\/\/i0.wp.com\/calpebay.net\/wp-content\/uploads\/2019\/09\/conference-room.jpg?resize=768%2C768&amp;ssl=1 768w\" sizes=\"auto, (max-width: 892px) 100vw, 892px\" \/><\/div><\/div><div class=\"wp-block-getwid-image-box__content\">\n<div class=\"wp-block-getwid-advanced-heading\" style=\"margin-bottom:15px\"><h4 class=\"wp-block-getwid-advanced-heading__content\">Altea<\/h4><\/div>\r\n\n\n\n<p style=\"font-size:14px\" class=\"wp-block-paragraph\">Altea, situada en la emblem\u00e1tica Costa Blanca, bajo las faldas de la Sierra de Bernia, es un pueblo encantador en la provincia de Alicante&#8230;\u00a0<\/p>\n\n\n\n<div class=\"wp-block-getwid-advanced-heading has-custom-font-size\" style=\"font-size:14px\"><h5 class=\"wp-block-getwid-advanced-heading__content has-text-color has-light-sea-green-color\"><a href=\"#\">Mehr lesen<\/a><\/h5><\/div>\r\n<\/div><\/div>\n<\/div><\/div><\/div><\/div><\/div>\n<\/div>\n\n\n\n<div class=\"wp-block-column is-layout-flow wp-block-column-is-layout-flow\">\n<div class=\"is-style-with-shadow wp-block-getwid-section\"><div class=\"wp-block-getwid-section__wrapper getwid-padding-top-medium getwid-padding-bottom-medium getwid-padding-left-medium getwid-padding-right-medium\"><div class=\"wp-block-getwid-section__inner-wrapper\"><div class=\"wp-block-getwid-section__background-holder\"><div class=\"wp-block-getwid-section__background has-background has-white-background-color\"><\/div><div class=\"wp-block-getwid-section__foreground\"><\/div><\/div><div class=\"wp-block-getwid-section__content\"><div class=\"wp-block-getwid-section__inner-content\">\n<div class=\"wp-block-getwid-image-box has-image-left has-text-left has-mobile-layout-column has-mobile-alignment-center\"><div class=\"wp-block-getwid-image-box__image-container is-position-middle\"><div class=\"wp-block-getwid-image-box__image-wrapper\"><img data-recalc-dims=\"1\" loading=\"lazy\" decoding=\"async\" width=\"892\" height=\"892\" src=\"https:\/\/i0.wp.com\/calpebay.net\/wp-content\/uploads\/2019\/09\/our-restaurant.jpg?resize=892%2C892&#038;ssl=1\" alt=\"\" class=\"wp-block-getwid-image-box__image wp-image-558\" srcset=\"https:\/\/i0.wp.com\/calpebay.net\/wp-content\/uploads\/2019\/09\/our-restaurant.jpg?w=1600&amp;ssl=1 1600w, https:\/\/i0.wp.com\/calpebay.net\/wp-content\/uploads\/2019\/09\/our-restaurant.jpg?resize=300%2C300&amp;ssl=1 300w, https:\/\/i0.wp.com\/calpebay.net\/wp-content\/uploads\/2019\/09\/our-restaurant.jpg?resize=1024%2C1024&amp;ssl=1 1024w, https:\/\/i0.wp.com\/calpebay.net\/wp-content\/uploads\/2019\/09\/our-restaurant.jpg?resize=150%2C150&amp;ssl=1 150w, https:\/\/i0.wp.com\/calpebay.net\/wp-content\/uploads\/2019\/09\/our-restaurant.jpg?resize=768%2C768&amp;ssl=1 768w, https:\/\/i0.wp.com\/calpebay.net\/wp-content\/uploads\/2019\/09\/our-restaurant.jpg?resize=1536%2C1536&amp;ssl=1 1536w, https:\/\/i0.wp.com\/calpebay.net\/wp-content\/uploads\/2019\/09\/our-restaurant.jpg?resize=892%2C892&amp;ssl=1 892w, https:\/\/i0.wp.com\/calpebay.net\/wp-content\/uploads\/2019\/09\/our-restaurant.jpg?resize=1350%2C1350&amp;ssl=1 1350w\" sizes=\"auto, (max-width: 892px) 100vw, 892px\" \/><\/div><\/div><div class=\"wp-block-getwid-image-box__content\">\n<div class=\"wp-block-getwid-advanced-heading\" style=\"margin-bottom:15px\"><h4 class=\"wp-block-getwid-advanced-heading__content\">Moraira<\/h4><\/div>\r\n\n\n\n<p style=\"font-size:14px\" class=\"wp-block-paragraph\">Moraira es un encantador pueblo costero ubicado en la provincia de Alicante, en la Comunidad Valenciana (Comunidad Valenciana)&#8230;<\/p>\n\n\n\n<div class=\"wp-block-getwid-advanced-heading has-custom-font-size\" style=\"font-size:14px\"><h5 class=\"wp-block-getwid-advanced-heading__content has-text-color has-light-sea-green-color\"><a href=\"#\">Mehr lesen<\/a><\/h5><\/div>\r\n<\/div><\/div>\n<\/div><\/div><\/div><\/div><\/div>\n\n\n\n<div class=\"is-style-with-shadow wp-block-getwid-section\"><div class=\"wp-block-getwid-section__wrapper getwid-padding-top-medium getwid-padding-bottom-medium getwid-padding-left-medium getwid-padding-right-medium\"><div class=\"wp-block-getwid-section__inner-wrapper\"><div class=\"wp-block-getwid-section__background-holder\"><div class=\"wp-block-getwid-section__background has-background has-white-background-color\"><\/div><div class=\"wp-block-getwid-section__foreground\"><\/div><\/div><div class=\"wp-block-getwid-section__content\"><div class=\"wp-block-getwid-section__inner-content\">\n<div class=\"wp-block-getwid-image-box has-image-left has-text-left has-mobile-layout-column has-mobile-alignment-center\"><div class=\"wp-block-getwid-image-box__image-container is-position-middle\"><div class=\"wp-block-getwid-image-box__image-wrapper\"><img data-recalc-dims=\"1\" loading=\"lazy\" decoding=\"async\" width=\"892\" height=\"892\" src=\"https:\/\/i0.wp.com\/calpebay.net\/wp-content\/uploads\/2019\/09\/grilling-and-picnic-areas.jpg?resize=892%2C892&#038;ssl=1\" alt=\"\" class=\"wp-block-getwid-image-box__image wp-image-559\" srcset=\"https:\/\/i0.wp.com\/calpebay.net\/wp-content\/uploads\/2019\/09\/grilling-and-picnic-areas.jpg?w=892&amp;ssl=1 892w, https:\/\/i0.wp.com\/calpebay.net\/wp-content\/uploads\/2019\/09\/grilling-and-picnic-areas.jpg?resize=300%2C300&amp;ssl=1 300w, https:\/\/i0.wp.com\/calpebay.net\/wp-content\/uploads\/2019\/09\/grilling-and-picnic-areas.jpg?resize=150%2C150&amp;ssl=1 150w, https:\/\/i0.wp.com\/calpebay.net\/wp-content\/uploads\/2019\/09\/grilling-and-picnic-areas.jpg?resize=768%2C768&amp;ssl=1 768w\" sizes=\"auto, (max-width: 892px) 100vw, 892px\" \/><\/div><\/div><div class=\"wp-block-getwid-image-box__content\">\n<div class=\"wp-block-getwid-advanced-heading\" style=\"margin-bottom:15px\"><h4 class=\"wp-block-getwid-advanced-heading__content\">Benidorm<\/h4><\/div>\r\n\n\n\n<p style=\"font-size:14px\" class=\"wp-block-paragraph\"><strong>Benidorm<\/strong>\u00a0es una\u00a0ciudad tur\u00edstica\u00a0ubicada en Alicante, es conocida como la\u00a0\u201cNueva York del Mediterr\u00e1neo&#8221;&#8230;<\/p>\n\n\n\n<div class=\"wp-block-getwid-advanced-heading has-custom-font-size\" style=\"font-size:14px\"><h5 class=\"wp-block-getwid-advanced-heading__content has-text-color has-light-sea-green-color\"><a href=\"#\">Mehr lesen<\/a><\/h5><\/div>\r\n<\/div><\/div>\n<\/div><\/div><\/div><\/div><\/div>\n<\/div>\n<\/div>\n\n<hr class=\"is-style-wide wp-block-separator has-css-opacity\"\/>\n\n<div style=\"height:32px\" aria-hidden=\"true\" class=\"wp-block-spacer\"><\/div>\n\n<div class=\"wp-block-getwid-advanced-heading\" style=\"margin-bottom:5px\"><h2 class=\"wp-block-getwid-advanced-heading__content\" style=\"text-align:center\">Especiales &amp; Servicios<\/h2><\/div>\r\n\n<div class=\"wp-block-getwid-advanced-heading\" style=\"margin-bottom:50px\"><span class=\"wp-block-getwid-advanced-heading__content\" style=\"text-align:center\">Aqu\u00ed vendr\u00e1 nuevo contenido.<\/span><\/div>\r\n\n<div class=\"has-4-columns wp-block-columns is-layout-flex wp-container-core-columns-is-layout-8f761849 wp-block-columns-is-layout-flex\">\n<div class=\"wp-block-column is-layout-flow wp-block-column-is-layout-flow\">\n<div class=\"is-style-shadow-bottom has-foreground-undefined wp-block-getwid-banner has-animation-style4 has-vertical-alignment-bottom\"><a href=\"#\" class=\"wp-block-getwid-banner__link\"><div class=\"wp-block-getwid-banner__wrapper\"><img data-recalc-dims=\"1\" decoding=\"async\" src=\"https:\/\/i0.wp.com\/calpebay.net\/wp-content\/uploads\/2019\/09\/specials-1.jpg?w=892&#038;ssl=1\" alt=\"\" class=\"wp-block-getwid-banner__image wp-block-getwid-banner__source wp-image-566\"\/><div class=\"wp-block-getwid-banner__caption\" style=\"min-height:315px\"><div class=\"wp-block-getwid-banner__caption-wrapper\"><span class=\"wp-block-getwid-banner__title\">Hast 15% Desc<\/span><p class=\"wp-block-getwid-banner__text\">Resort<\/p><\/div><\/div><\/div><\/a><\/div>\r\n<\/div>\n\n\n\n<div class=\"wp-block-column is-layout-flow wp-block-column-is-layout-flow\">\n<div class=\"is-style-shadow-bottom has-foreground-undefined wp-block-getwid-banner has-animation-style4 has-vertical-alignment-bottom\"><a href=\"#\" class=\"wp-block-getwid-banner__link\"><div class=\"wp-block-getwid-banner__wrapper\"><img data-recalc-dims=\"1\" loading=\"lazy\" decoding=\"async\" width=\"892\" height=\"1060\" src=\"https:\/\/i0.wp.com\/calpebay.net\/wp-content\/uploads\/2019\/09\/specials-3.jpg?resize=892%2C1060&#038;ssl=1\" alt=\"\" class=\"wp-block-getwid-banner__image wp-block-getwid-banner__source wp-image-568\" srcset=\"https:\/\/i0.wp.com\/calpebay.net\/wp-content\/uploads\/2019\/09\/specials-3.jpg?w=892&amp;ssl=1 892w, https:\/\/i0.wp.com\/calpebay.net\/wp-content\/uploads\/2019\/09\/specials-3.jpg?resize=252%2C300&amp;ssl=1 252w, https:\/\/i0.wp.com\/calpebay.net\/wp-content\/uploads\/2019\/09\/specials-3.jpg?resize=862%2C1024&amp;ssl=1 862w, https:\/\/i0.wp.com\/calpebay.net\/wp-content\/uploads\/2019\/09\/specials-3.jpg?resize=768%2C913&amp;ssl=1 768w\" sizes=\"auto, (max-width: 892px) 100vw, 892px\" \/><div class=\"wp-block-getwid-banner__caption\" style=\"min-height:315px\"><div class=\"wp-block-getwid-banner__caption-wrapper\"><span class=\"wp-block-getwid-banner__title\">Lunes Special<\/span><p class=\"wp-block-getwid-banner__text\">10$ los lunes<\/p><\/div><\/div><\/div><\/a><\/div>\r\n<\/div>\n\n\n\n<div class=\"wp-block-column is-layout-flow wp-block-column-is-layout-flow\">\n<div class=\"is-style-shadow-bottom has-foreground-undefined wp-block-getwid-banner has-animation-style4 has-vertical-alignment-bottom\"><a href=\"#\" class=\"wp-block-getwid-banner__link\"><div class=\"wp-block-getwid-banner__wrapper\"><img data-recalc-dims=\"1\" loading=\"lazy\" decoding=\"async\" width=\"892\" height=\"1060\" src=\"https:\/\/i0.wp.com\/calpebay.net\/wp-content\/uploads\/2019\/09\/specials-2.jpg?resize=892%2C1060&#038;ssl=1\" alt=\"\" class=\"wp-block-getwid-banner__image wp-block-getwid-banner__source wp-image-567\" srcset=\"https:\/\/i0.wp.com\/calpebay.net\/wp-content\/uploads\/2019\/09\/specials-2.jpg?w=892&amp;ssl=1 892w, https:\/\/i0.wp.com\/calpebay.net\/wp-content\/uploads\/2019\/09\/specials-2.jpg?resize=252%2C300&amp;ssl=1 252w, https:\/\/i0.wp.com\/calpebay.net\/wp-content\/uploads\/2019\/09\/specials-2.jpg?resize=862%2C1024&amp;ssl=1 862w, https:\/\/i0.wp.com\/calpebay.net\/wp-content\/uploads\/2019\/09\/specials-2.jpg?resize=768%2C913&amp;ssl=1 768w\" sizes=\"auto, (max-width: 892px) 100vw, 892px\" \/><div class=\"wp-block-getwid-banner__caption\" style=\"min-height:315px\"><div class=\"wp-block-getwid-banner__caption-wrapper\"><span class=\"wp-block-getwid-banner__title\">Spa Terapia<\/span><p class=\"wp-block-getwid-banner__text\">Nuevo texto<\/p><\/div><\/div><\/div><\/a><\/div>\r\n<\/div>\n\n\n\n<div class=\"wp-block-column is-layout-flow wp-block-column-is-layout-flow\">\n<div class=\"is-style-shadow-bottom has-foreground-undefined wp-block-getwid-banner has-animation-style4 has-vertical-alignment-bottom\"><a href=\"#\" class=\"wp-block-getwid-banner__link\"><div class=\"wp-block-getwid-banner__wrapper\"><img data-recalc-dims=\"1\" loading=\"lazy\" decoding=\"async\" width=\"892\" height=\"1060\" src=\"https:\/\/i0.wp.com\/calpebay.net\/wp-content\/uploads\/2019\/09\/specials-4.jpg?resize=892%2C1060&#038;ssl=1\" alt=\"\" class=\"wp-block-getwid-banner__image wp-block-getwid-banner__source wp-image-569\" srcset=\"https:\/\/i0.wp.com\/calpebay.net\/wp-content\/uploads\/2019\/09\/specials-4.jpg?w=892&amp;ssl=1 892w, https:\/\/i0.wp.com\/calpebay.net\/wp-content\/uploads\/2019\/09\/specials-4.jpg?resize=252%2C300&amp;ssl=1 252w, https:\/\/i0.wp.com\/calpebay.net\/wp-content\/uploads\/2019\/09\/specials-4.jpg?resize=862%2C1024&amp;ssl=1 862w, https:\/\/i0.wp.com\/calpebay.net\/wp-content\/uploads\/2019\/09\/specials-4.jpg?resize=768%2C913&amp;ssl=1 768w\" sizes=\"auto, (max-width: 892px) 100vw, 892px\" \/><div class=\"wp-block-getwid-banner__caption\" style=\"min-height:315px\"><div class=\"wp-block-getwid-banner__caption-wrapper\"><span class=\"wp-block-getwid-banner__title\">La S\u00e9ptima <\/span><p class=\"wp-block-getwid-banner__text\">Ahorros 7+ Nights<\/p><\/div><\/div><\/div><\/a><\/div>\r\n<\/div>\n<\/div>\n","protected":false},"excerpt":{"rendered":"","protected":false},"author":1,"featured_media":4180,"parent":0,"menu_order":0,"comment_status":"closed","ping_status":"closed","template":"template-wide-page.php","meta":{"nf_dc_page":"","_crdt_document":"","om_disable_all_campaigns":false,"inline_featured_image":false,"_monsterinsights_skip_tracking":false,"_monsterinsights_sitenote_active":false,"_monsterinsights_sitenote_note":"","_monsterinsights_sitenote_category":0,"footnotes":""},"class_list":["post-5665","page","type-page","status-publish","has-post-thumbnail","hentry"],"aioseo_notices":[],"jetpack_sharing_enabled":true,"_links":{"self":[{"href":"https:\/\/calpebay.net\/de\/wp-json\/wp\/v2\/pages\/5665","targetHints":{"allow":["GET"]}}],"collection":[{"href":"https:\/\/calpebay.net\/de\/wp-json\/wp\/v2\/pages"}],"about":[{"href":"https:\/\/calpebay.net\/de\/wp-json\/wp\/v2\/types\/page"}],"author":[{"embeddable":true,"href":"https:\/\/calpebay.net\/de\/wp-json\/wp\/v2\/users\/1"}],"replies":[{"embeddable":true,"href":"https:\/\/calpebay.net\/de\/wp-json\/wp\/v2\/comments?post=5665"}],"version-history":[{"count":4,"href":"https:\/\/calpebay.net\/de\/wp-json\/wp\/v2\/pages\/5665\/revisions"}],"predecessor-version":[{"id":6454,"href":"https:\/\/calpebay.net\/de\/wp-json\/wp\/v2\/pages\/5665\/revisions\/6454"}],"wp:featuredmedia":[{"embeddable":true,"href":"https:\/\/calpebay.net\/de\/wp-json\/wp\/v2\/media\/4180"}],"wp:attachment":[{"href":"https:\/\/calpebay.net\/de\/wp-json\/wp\/v2\/media?parent=5665"}],"curies":[{"name":"wp","href":"https:\/\/api.w.org\/{rel}","templated":true}]}}