{"id":5788,"date":"2024-04-22T14:19:36","date_gmt":"2024-04-22T14:19:36","guid":{"rendered":"https:\/\/calpebay.net\/ueber-calpe\/"},"modified":"2024-05-17T13:09:46","modified_gmt":"2024-05-17T13:09:46","slug":"ueber-calpe","status":"publish","type":"page","link":"https:\/\/calpebay.net\/de\/ueber-calpe\/","title":{"rendered":"\u00dcber Calpe"},"content":{"rendered":"\n<div class=\"wp-block-getwid-section getwid-margin-top-none getwid-section-content-custom-width\"><div class=\"wp-block-getwid-section__wrapper getwid-padding-left-none getwid-padding-right-none\" style=\"padding-top:30px;padding-bottom:20px\"><div class=\"wp-block-getwid-section__inner-wrapper\" style=\"max-width:892px\"><div class=\"wp-block-getwid-section__background-holder\"><div class=\"wp-block-getwid-section__background\"><\/div><div class=\"wp-block-getwid-section__foreground\"><\/div><\/div><div class=\"wp-block-getwid-section__content\"><div class=\"wp-block-getwid-section__inner-content\">\n<div class=\"wp-block-getwid-advanced-heading\" style=\"margin-bottom:10px\"><h4 class=\"wp-block-getwid-advanced-heading__content\" style=\"text-align:center\">Nutzen Sie alle Aktivit\u00e4ten und Dienstleistungen von Calpe!<\/h4><\/div>\n\n\n\n<p class=\"has-text-align-center wp-block-paragraph\" style=\"font-size:14px\"><\/p>\n\n\n\n<p class=\"wp-block-paragraph\"><strong>Calpe<\/strong> , auch bekannt als <strong>Calp<\/strong> , ist eine K\u00fcstenstadt in der Provinz Alicante in der Autonomen Gemeinschaft Valencia in Spanien. Es ist ein sehr beliebtes Touristen- und Sportziel f\u00fcr nationale und internationale Besucher. Hier sind einige Highlights \u00fcber Calpe und seine Umgebung:<\/p>\n\n\n\n<ol class=\"wp-block-list\">\n<li class=\"\"><strong>Pe\u00f1\u00f3n de Ifach<\/strong> : Dieser imposante und faszinierende Felsen ist eines der repr\u00e4sentativsten Wahrzeichen der <strong>Costa Blanca<\/strong> . Der Gipfel wurde 1987 zum Naturpark erkl\u00e4rt und erreicht <strong>eine H\u00f6he von 327 Metern<\/strong> . Die Aussicht von oben ist beeindruckend und bietet einen einzigartigen Panoramablick auf die Umgebung. Es ist auch ein hervorragendes Ziel zum Klettern, sowohl f\u00fcr Anf\u00e4nger als auch f\u00fcr Fortgeschrittene.<\/li>\n\n\n\n<li class=\"\"><strong>Str\u00e4nde von Calpe<\/strong> : Auf beiden Seiten des Felsens gibt es zwei fantastische Sandstr\u00e4nde in Calpe, Arenal Bol und La Fossa. Diese Str\u00e4nde sind der Hauptgrund, warum Menschen ihren Urlaub hier verbringen. Die Qualit\u00e4t des Sandes ist ausgezeichnet und das Wasser ist sauber. Anders als in der nahegelegenen Stadt Benidorm findet man hier immer einen Platz am Strand.<\/li>\n\n\n\n<li class=\"\"><strong>Saladar-Salzebenen<\/strong> : Direkt hinter den Hochh\u00e4usern und Hotels an der K\u00fcste liegen die <strong>Saladar-Salzebenen<\/strong> , bei denen es sich um Salzlagunen handelt. Diese Lagunen sind ein interessanter Ort zum Besuchen und Lernen \u00fcber die Salzproduktion und Artenvielfalt: In den Salinen von Calpe wurden <strong>173 Vogelarten<\/strong> registriert. Hervorzuheben sind die Populationen <strong>des Flamingos<\/strong> (mehrere hundert Exemplare) und des <strong>Stelzenl\u00e4ufers<\/strong> . Es ist ein idealer Ort, um V\u00f6gel zu beobachten und die Natur zu genie\u00dfen.<\/li>\n\n\n\n<li class=\"\"><strong>Lokaler Markt<\/strong> : Verpassen Sie nicht den lokalen Markt in Calpe, wo Sie frisches Obst und Gem\u00fcse sowie andere lokale Produkte finden. Der Markt findet samstags statt.<\/li>\n\n\n\n<li class=\"\"><strong>Mauren und Christen:<\/strong> Das <strong>Fest der Mauren und Christen<\/strong> in <strong>Calpe<\/strong> ist eine lebendige Veranstaltung, die Geschichte, farbenfrohe Kost\u00fcme und Beteiligung der Gemeinschaft vereint. Diese Feste zu Ehren des <strong>Heiligen Christus des Schwei\u00dfes<\/strong> werden seit <strong>1977<\/strong> gefeiert und ziehen Besucher aus aller Welt an.<\/li>\n\n\n\n<li class=\"\"><strong>Oktoberfest<\/strong> : Dieses traditionelle deutsche Fest wird vom <strong>Carnaval Club Calpe<\/strong> und der Stadtverwaltung von Calpe organisiert und dreht sich um den Konsum von viel Bier. Auch die Briten werden dieses Fest genie\u00dfen!<\/li>\n\n\n\n<li class=\"\"><strong>Radfahren in Calpe<\/strong> : Calpe und seine Umgebung beherbergen eine der sch\u00f6nsten Radrouten Europas. Sowohl Profi- (UCI) als auch Amateurradfahrer trainieren hier das ganze Jahr \u00fcber, was Calpe zu einem der bekanntesten Radsportziele der Welt macht.<\/li>\n<\/ol>\n\n\n\n<p class=\"wp-block-paragraph\">Kurz gesagt, Calpe bietet eine Kombination aus wundersch\u00f6nen Str\u00e4nden, Geschichte, Kultur, Gastronomie sowie Sport- und Outdoor-Aktivit\u00e4ten und vielem mehr. Ich w\u00fcnsche Ihnen viel Spa\u00df beim Erkunden dieser bezaubernden K\u00fcstenstadt!  <\/p>\n<\/div><\/div><\/div><\/div><\/div>\n\n<div class=\"has-2-columns wp-block-columns is-layout-flex wp-container-core-columns-is-layout-8f761849 wp-block-columns-is-layout-flex\">\n<div class=\"wp-block-column is-layout-flow wp-block-column-is-layout-flow\">\n<div class=\"is-style-with-shadow wp-block-getwid-section\"><div class=\"wp-block-getwid-section__wrapper getwid-padding-top-medium getwid-padding-bottom-medium getwid-padding-left-medium getwid-padding-right-medium\"><div class=\"wp-block-getwid-section__inner-wrapper\"><div class=\"wp-block-getwid-section__background-holder\"><div class=\"wp-block-getwid-section__background has-background has-white-background-color\"><\/div><div class=\"wp-block-getwid-section__foreground\"><\/div><\/div><div class=\"wp-block-getwid-section__content\"><div class=\"wp-block-getwid-section__inner-content\">\n<div class=\"wp-block-getwid-image-box has-image-left has-text-left has-mobile-layout-column has-mobile-alignment-center\"><div class=\"wp-block-getwid-image-box__image-container is-position-middle\"><div class=\"wp-block-getwid-image-box__image-wrapper\"><img data-recalc-dims=\"1\" loading=\"lazy\" decoding=\"async\" width=\"892\" height=\"595\" src=\"https:\/\/i0.wp.com\/calpebay.net\/wp-content\/uploads\/2024\/04\/IFACH-CLIFF-2000-1.jpg?resize=892%2C595&#038;ssl=1\" alt=\"\" class=\"wp-block-getwid-image-box__image wp-image-2137\" srcset=\"https:\/\/i0.wp.com\/calpebay.net\/wp-content\/uploads\/2024\/04\/IFACH-CLIFF-2000-1.jpg?w=2000&amp;ssl=1 2000w, https:\/\/i0.wp.com\/calpebay.net\/wp-content\/uploads\/2024\/04\/IFACH-CLIFF-2000-1.jpg?resize=300%2C200&amp;ssl=1 300w, https:\/\/i0.wp.com\/calpebay.net\/wp-content\/uploads\/2024\/04\/IFACH-CLIFF-2000-1.jpg?resize=1024%2C682&amp;ssl=1 1024w, https:\/\/i0.wp.com\/calpebay.net\/wp-content\/uploads\/2024\/04\/IFACH-CLIFF-2000-1.jpg?resize=768%2C512&amp;ssl=1 768w, https:\/\/i0.wp.com\/calpebay.net\/wp-content\/uploads\/2024\/04\/IFACH-CLIFF-2000-1.jpg?resize=1536%2C1024&amp;ssl=1 1536w, https:\/\/i0.wp.com\/calpebay.net\/wp-content\/uploads\/2024\/04\/IFACH-CLIFF-2000-1.jpg?resize=892%2C595&amp;ssl=1 892w, https:\/\/i0.wp.com\/calpebay.net\/wp-content\/uploads\/2024\/04\/IFACH-CLIFF-2000-1.jpg?resize=1350%2C900&amp;ssl=1 1350w, https:\/\/i0.wp.com\/calpebay.net\/wp-content\/uploads\/2024\/04\/IFACH-CLIFF-2000-1.jpg?w=1784&amp;ssl=1 1784w\" sizes=\"auto, (max-width: 892px) 100vw, 892px\" \/><\/div><\/div><div class=\"wp-block-getwid-image-box__content\">\n<div class=\"wp-block-getwid-advanced-heading\" style=\"margin-bottom:15px\"><h4 class=\"wp-block-getwid-advanced-heading__content\">Felsen von Ifach<\/h4><\/div>\n\n\n\n<p style=\"font-size:14px\" class=\"wp-block-paragraph\">Der <strong>Pe\u00f1\u00f3n de Ifach<\/strong> ist ein Naturschutzgebiet in der Gemeinde Calpe.<\/p>\n\n\n\n<div class=\"wp-block-getwid-advanced-heading has-custom-font-size\" style=\"font-size:14px\"><h5 class=\"wp-block-getwid-advanced-heading__content has-text-color has-light-sea-green-color\"><a href=\"https:\/\/calpebay.net\/penon-de-ifach-y-escalada\/\">Mehr lesen<\/a><\/h5><\/div>\n<\/div><\/div>\n<\/div><\/div><\/div><\/div><\/div>\n\n\n\n<div class=\"is-style-with-shadow wp-block-getwid-section\"><div class=\"wp-block-getwid-section__wrapper getwid-padding-top-medium getwid-padding-bottom-medium getwid-padding-left-medium getwid-padding-right-medium\"><div class=\"wp-block-getwid-section__inner-wrapper\"><div class=\"wp-block-getwid-section__background-holder\"><div class=\"wp-block-getwid-section__background has-background has-white-background-color\"><\/div><div class=\"wp-block-getwid-section__foreground\"><\/div><\/div><div class=\"wp-block-getwid-section__content\"><div class=\"wp-block-getwid-section__inner-content\">\n<div class=\"wp-block-getwid-image-box has-image-left has-text-left has-mobile-layout-column has-mobile-alignment-center\"><div class=\"wp-block-getwid-image-box__image-container is-position-middle\"><div class=\"wp-block-getwid-image-box__image-wrapper\"><img data-recalc-dims=\"1\" loading=\"lazy\" decoding=\"async\" width=\"892\" height=\"595\" src=\"https:\/\/i0.wp.com\/calpebay.net\/wp-content\/uploads\/2024\/04\/MOORS-AND-CHRISTIANS-PARADE-2000.jpg?resize=892%2C595&#038;ssl=1\" alt=\"\" class=\"wp-block-getwid-image-box__image wp-image-2160\" srcset=\"https:\/\/i0.wp.com\/calpebay.net\/wp-content\/uploads\/2024\/04\/MOORS-AND-CHRISTIANS-PARADE-2000.jpg?w=2000&amp;ssl=1 2000w, https:\/\/i0.wp.com\/calpebay.net\/wp-content\/uploads\/2024\/04\/MOORS-AND-CHRISTIANS-PARADE-2000.jpg?resize=300%2C200&amp;ssl=1 300w, https:\/\/i0.wp.com\/calpebay.net\/wp-content\/uploads\/2024\/04\/MOORS-AND-CHRISTIANS-PARADE-2000.jpg?resize=1024%2C682&amp;ssl=1 1024w, https:\/\/i0.wp.com\/calpebay.net\/wp-content\/uploads\/2024\/04\/MOORS-AND-CHRISTIANS-PARADE-2000.jpg?resize=768%2C512&amp;ssl=1 768w, https:\/\/i0.wp.com\/calpebay.net\/wp-content\/uploads\/2024\/04\/MOORS-AND-CHRISTIANS-PARADE-2000.jpg?resize=1536%2C1024&amp;ssl=1 1536w, https:\/\/i0.wp.com\/calpebay.net\/wp-content\/uploads\/2024\/04\/MOORS-AND-CHRISTIANS-PARADE-2000.jpg?resize=892%2C595&amp;ssl=1 892w, https:\/\/i0.wp.com\/calpebay.net\/wp-content\/uploads\/2024\/04\/MOORS-AND-CHRISTIANS-PARADE-2000.jpg?resize=1350%2C900&amp;ssl=1 1350w, https:\/\/i0.wp.com\/calpebay.net\/wp-content\/uploads\/2024\/04\/MOORS-AND-CHRISTIANS-PARADE-2000.jpg?w=1784&amp;ssl=1 1784w\" sizes=\"auto, (max-width: 892px) 100vw, 892px\" \/><\/div><\/div><div class=\"wp-block-getwid-image-box__content\">\n<div class=\"wp-block-getwid-advanced-heading\" style=\"margin-bottom:15px\"><h4 class=\"wp-block-getwid-advanced-heading__content\">Calpe-Festivals<\/h4><\/div>\n\n\n\n<p style=\"font-size:14px\" class=\"wp-block-paragraph\">Die <strong>Feierlichkeiten in Calpe<\/strong> sind erf\u00fcllt von Feuer und Schie\u00dfpulver, Licht und Farbe, Kultur und Kunst.<\/p>\n\n\n\n<div class=\"wp-block-getwid-advanced-heading has-custom-font-size\" style=\"font-size:14px\"><h5 class=\"wp-block-getwid-advanced-heading__content has-text-color has-light-sea-green-color\"><a href=\"https:\/\/calpebay.net\/fiestas-y-celebraciones-en-calpe\/\">Mehr lesen<\/a><\/h5><\/div>\n<\/div><\/div>\n<\/div><\/div><\/div><\/div><\/div>\n<\/div>\n\n\n\n<div class=\"wp-block-column is-layout-flow wp-block-column-is-layout-flow\">\n<div class=\"is-style-with-shadow wp-block-getwid-section\"><div class=\"wp-block-getwid-section__wrapper getwid-padding-top-medium getwid-padding-bottom-medium getwid-padding-left-medium getwid-padding-right-medium\"><div class=\"wp-block-getwid-section__inner-wrapper\"><div class=\"wp-block-getwid-section__background-holder\"><div class=\"wp-block-getwid-section__background has-background has-white-background-color\"><\/div><div class=\"wp-block-getwid-section__foreground\"><\/div><\/div><div class=\"wp-block-getwid-section__content\"><div class=\"wp-block-getwid-section__inner-content\">\n<div class=\"wp-block-getwid-image-box has-image-left has-text-left has-mobile-layout-column has-mobile-alignment-center\"><div class=\"wp-block-getwid-image-box__image-container is-position-middle\"><div class=\"wp-block-getwid-image-box__image-wrapper\"><img data-recalc-dims=\"1\" loading=\"lazy\" decoding=\"async\" width=\"892\" height=\"595\" src=\"https:\/\/i0.wp.com\/calpebay.net\/wp-content\/uploads\/2024\/04\/PLAYA-CALPE-PENON-1.jpg?resize=892%2C595&#038;ssl=1\" alt=\"\" class=\"wp-block-getwid-image-box__image wp-image-1317\" srcset=\"https:\/\/i0.wp.com\/calpebay.net\/wp-content\/uploads\/2024\/04\/PLAYA-CALPE-PENON-1.jpg?w=975&amp;ssl=1 975w, https:\/\/i0.wp.com\/calpebay.net\/wp-content\/uploads\/2024\/04\/PLAYA-CALPE-PENON-1.jpg?resize=300%2C200&amp;ssl=1 300w, https:\/\/i0.wp.com\/calpebay.net\/wp-content\/uploads\/2024\/04\/PLAYA-CALPE-PENON-1.jpg?resize=768%2C512&amp;ssl=1 768w, https:\/\/i0.wp.com\/calpebay.net\/wp-content\/uploads\/2024\/04\/PLAYA-CALPE-PENON-1.jpg?resize=892%2C595&amp;ssl=1 892w\" sizes=\"auto, (max-width: 892px) 100vw, 892px\" \/><\/div><\/div><div class=\"wp-block-getwid-image-box__content\">\n<div class=\"wp-block-getwid-advanced-heading\" style=\"margin-bottom:15px\"><h4 class=\"wp-block-getwid-advanced-heading__content\">Calpe-Str\u00e4nde<\/h4><\/div>\n\n\n\n<p style=\"font-size:14px\" class=\"wp-block-paragraph\"><strong>Calpe<\/strong> , eine wundersch\u00f6ne Stadt an der <strong>Costa Blanca<\/strong> , ber\u00fchmt f\u00fcr ihre herrlichen Str\u00e4nde und Buchten.<\/p>\n\n\n\n<div class=\"wp-block-getwid-advanced-heading has-custom-font-size\" style=\"font-size:14px\"><h5 class=\"wp-block-getwid-advanced-heading__content has-text-color has-light-sea-green-color\"><a href=\"https:\/\/calpebay.net\/playas-de-calpe\/\">Mehr lesen<\/a><\/h5><\/div>\n<\/div><\/div>\n<\/div><\/div><\/div><\/div><\/div>\n\n\n\n<div class=\"is-style-with-shadow wp-block-getwid-section\"><div class=\"wp-block-getwid-section__wrapper getwid-padding-top-medium getwid-padding-bottom-medium getwid-padding-left-medium getwid-padding-right-medium\"><div class=\"wp-block-getwid-section__inner-wrapper\"><div class=\"wp-block-getwid-section__background-holder\"><div class=\"wp-block-getwid-section__background has-background has-white-background-color\"><\/div><div class=\"wp-block-getwid-section__foreground\"><\/div><\/div><div class=\"wp-block-getwid-section__content\"><div class=\"wp-block-getwid-section__inner-content\">\n<div class=\"wp-block-getwid-image-box has-image-left has-text-left has-mobile-layout-column has-mobile-alignment-center\"><div class=\"wp-block-getwid-image-box__image-container is-position-middle\"><div class=\"wp-block-getwid-image-box__image-wrapper\"><img data-recalc-dims=\"1\" loading=\"lazy\" decoding=\"async\" width=\"892\" height=\"595\" src=\"https:\/\/i0.wp.com\/calpebay.net\/wp-content\/uploads\/2024\/04\/FIVE-CYCLISTS-2000.jpg?resize=892%2C595&#038;ssl=1\" alt=\"\" class=\"wp-block-getwid-image-box__image wp-image-2165\" srcset=\"https:\/\/i0.wp.com\/calpebay.net\/wp-content\/uploads\/2024\/04\/FIVE-CYCLISTS-2000.jpg?w=2000&amp;ssl=1 2000w, https:\/\/i0.wp.com\/calpebay.net\/wp-content\/uploads\/2024\/04\/FIVE-CYCLISTS-2000.jpg?resize=300%2C200&amp;ssl=1 300w, https:\/\/i0.wp.com\/calpebay.net\/wp-content\/uploads\/2024\/04\/FIVE-CYCLISTS-2000.jpg?resize=1024%2C682&amp;ssl=1 1024w, https:\/\/i0.wp.com\/calpebay.net\/wp-content\/uploads\/2024\/04\/FIVE-CYCLISTS-2000.jpg?resize=768%2C512&amp;ssl=1 768w, https:\/\/i0.wp.com\/calpebay.net\/wp-content\/uploads\/2024\/04\/FIVE-CYCLISTS-2000.jpg?resize=1536%2C1024&amp;ssl=1 1536w, https:\/\/i0.wp.com\/calpebay.net\/wp-content\/uploads\/2024\/04\/FIVE-CYCLISTS-2000.jpg?resize=892%2C595&amp;ssl=1 892w, https:\/\/i0.wp.com\/calpebay.net\/wp-content\/uploads\/2024\/04\/FIVE-CYCLISTS-2000.jpg?resize=1350%2C900&amp;ssl=1 1350w, https:\/\/i0.wp.com\/calpebay.net\/wp-content\/uploads\/2024\/04\/FIVE-CYCLISTS-2000.jpg?w=1784&amp;ssl=1 1784w\" sizes=\"auto, (max-width: 892px) 100vw, 892px\" \/><\/div><\/div><div class=\"wp-block-getwid-image-box__content\">\n<div class=\"wp-block-getwid-advanced-heading\" style=\"margin-bottom:15px\"><h4 class=\"wp-block-getwid-advanced-heading__content\">Sport in Calpe<\/h4><\/div>\n\n\n\n<p style=\"font-size:14px\" class=\"wp-block-paragraph\">Calpe bietet eine gro\u00dfe Auswahl an Sportarten, sowohl f\u00fcr Anf\u00e4nger als auch f\u00fcr Experten.<\/p>\n\n\n\n<div class=\"wp-block-getwid-advanced-heading has-custom-font-size\" style=\"font-size:14px\"><h5 class=\"wp-block-getwid-advanced-heading__content has-text-color has-light-sea-green-color\"><a href=\"https:\/\/calpebay.net\/deportes-en-calpe\/\">Mehr lesen<\/a><\/h5><\/div>\n<\/div><\/div>\n<\/div><\/div><\/div><\/div><\/div>\n<\/div>\n<\/div>\n\n<div style=\"height:52px\" aria-hidden=\"true\" class=\"wp-block-spacer\"><\/div>\n\n<hr class=\"is-style-wide wp-block-separator has-css-opacity\"\/>\n\n<div style=\"height:32px\" aria-hidden=\"true\" class=\"wp-block-spacer\"><\/div>\n\n<div class=\"wp-block-getwid-advanced-heading\" style=\"margin-bottom:5px\"><h2 class=\"wp-block-getwid-advanced-heading__content\" style=\"text-align:center\">Sonderangebote &amp; Dienstleistungen<\/h2><\/div>\n\n<div class=\"wp-block-getwid-advanced-heading\" style=\"margin-bottom:50px\"><span class=\"wp-block-getwid-advanced-heading__content\" style=\"text-align:center\">Nach der Buchung einer Villa nimmt ein Reisemanager Kontakt mit Ihnen auf und arrangiert die aufgef\u00fchrten Dienstleistungen.<\/span><\/div>\n\n<div class=\"has-4-columns wp-block-columns is-layout-flex wp-container-core-columns-is-layout-8f761849 wp-block-columns-is-layout-flex\">\n<div class=\"wp-block-column is-layout-flow wp-block-column-is-layout-flow\">\n<div class=\"is-style-shadow-bottom has-foreground-undefined wp-block-getwid-banner has-animation-style4 has-vertical-alignment-bottom\"><a href=\"#\" class=\"wp-block-getwid-banner__link\"><div class=\"wp-block-getwid-banner__wrapper\"><img data-recalc-dims=\"1\" decoding=\"async\" src=\"https:\/\/i0.wp.com\/calpebay.net\/wp-content\/uploads\/2019\/09\/specials-1.jpg?w=892&#038;ssl=1\" alt=\"\" class=\"wp-block-getwid-banner__image wp-block-getwid-banner__source wp-image-566\"><div class=\"wp-block-getwid-banner__caption\" style=\"min-height:315px\"><div class=\"wp-block-getwid-banner__caption-wrapper\"><span class=\"wp-block-getwid-banner__title\">Bis zu 15 % Rabatt<\/span><p class=\"wp-block-getwid-banner__text\">Resort-Rabatt f\u00fcr Senioren<\/p><\/div><\/div><\/div><\/a><\/div>\n<\/div>\n\n\n\n<div class=\"wp-block-column is-layout-flow wp-block-column-is-layout-flow\">\n<div class=\"is-style-shadow-bottom has-foreground-undefined wp-block-getwid-banner has-animation-style4 has-vertical-alignment-bottom\"><a href=\"#\" class=\"wp-block-getwid-banner__link\"><div class=\"wp-block-getwid-banner__wrapper\"><img data-recalc-dims=\"1\" loading=\"lazy\" decoding=\"async\" width=\"892\" height=\"1060\" src=\"https:\/\/i0.wp.com\/calpebay.net\/wp-content\/uploads\/2019\/09\/specials-3.jpg?resize=892%2C1060&#038;ssl=1\" alt=\"\" class=\"wp-block-getwid-banner__image wp-block-getwid-banner__source wp-image-568\" srcset=\"https:\/\/i0.wp.com\/calpebay.net\/wp-content\/uploads\/2019\/09\/specials-3.jpg?w=892&amp;ssl=1 892w, https:\/\/i0.wp.com\/calpebay.net\/wp-content\/uploads\/2019\/09\/specials-3.jpg?resize=252%2C300&amp;ssl=1 252w, https:\/\/i0.wp.com\/calpebay.net\/wp-content\/uploads\/2019\/09\/specials-3.jpg?resize=862%2C1024&amp;ssl=1 862w, https:\/\/i0.wp.com\/calpebay.net\/wp-content\/uploads\/2019\/09\/specials-3.jpg?resize=768%2C913&amp;ssl=1 768w\" sizes=\"auto, (max-width: 892px) 100vw, 892px\" \/><div class=\"wp-block-getwid-banner__caption\" style=\"min-height:315px\"><div class=\"wp-block-getwid-banner__caption-wrapper\"><span class=\"wp-block-getwid-banner__title\">Montags-Special<\/span><p class=\"wp-block-getwid-banner__text\">Montags 10&nbsp;$ Rabatt<\/p><\/div><\/div><\/div><\/a><\/div>\n<\/div>\n\n\n\n<div class=\"wp-block-column is-layout-flow wp-block-column-is-layout-flow\">\n<div class=\"is-style-shadow-bottom has-foreground-undefined wp-block-getwid-banner has-animation-style4 has-vertical-alignment-bottom\"><a href=\"#\" class=\"wp-block-getwid-banner__link\"><div class=\"wp-block-getwid-banner__wrapper\"><img data-recalc-dims=\"1\" loading=\"lazy\" decoding=\"async\" width=\"892\" height=\"1060\" src=\"https:\/\/i0.wp.com\/calpebay.net\/wp-content\/uploads\/2019\/09\/specials-2.jpg?resize=892%2C1060&#038;ssl=1\" alt=\"\" class=\"wp-block-getwid-banner__image wp-block-getwid-banner__source wp-image-567\" srcset=\"https:\/\/i0.wp.com\/calpebay.net\/wp-content\/uploads\/2019\/09\/specials-2.jpg?w=892&amp;ssl=1 892w, https:\/\/i0.wp.com\/calpebay.net\/wp-content\/uploads\/2019\/09\/specials-2.jpg?resize=252%2C300&amp;ssl=1 252w, https:\/\/i0.wp.com\/calpebay.net\/wp-content\/uploads\/2019\/09\/specials-2.jpg?resize=862%2C1024&amp;ssl=1 862w, https:\/\/i0.wp.com\/calpebay.net\/wp-content\/uploads\/2019\/09\/specials-2.jpg?resize=768%2C913&amp;ssl=1 768w\" sizes=\"auto, (max-width: 892px) 100vw, 892px\" \/><div class=\"wp-block-getwid-banner__caption\" style=\"min-height:315px\"><div class=\"wp-block-getwid-banner__caption-wrapper\"><span class=\"wp-block-getwid-banner__title\">Spa-Therapie<\/span><p class=\"wp-block-getwid-banner__text\">Lassen Sie Ihren K\u00f6rper entspannen<\/p><\/div><\/div><\/div><\/a><\/div>\n<\/div>\n\n\n\n<div class=\"wp-block-column is-layout-flow wp-block-column-is-layout-flow\">\n<div class=\"is-style-shadow-bottom has-foreground-undefined wp-block-getwid-banner has-animation-style4 has-vertical-alignment-bottom\"><a href=\"#\" class=\"wp-block-getwid-banner__link\"><div class=\"wp-block-getwid-banner__wrapper\"><img data-recalc-dims=\"1\" loading=\"lazy\" decoding=\"async\" width=\"892\" height=\"1060\" src=\"https:\/\/i0.wp.com\/calpebay.net\/wp-content\/uploads\/2019\/09\/specials-4.jpg?resize=892%2C1060&#038;ssl=1\" alt=\"\" class=\"wp-block-getwid-banner__image wp-block-getwid-banner__source wp-image-569\" srcset=\"https:\/\/i0.wp.com\/calpebay.net\/wp-content\/uploads\/2019\/09\/specials-4.jpg?w=892&amp;ssl=1 892w, https:\/\/i0.wp.com\/calpebay.net\/wp-content\/uploads\/2019\/09\/specials-4.jpg?resize=252%2C300&amp;ssl=1 252w, https:\/\/i0.wp.com\/calpebay.net\/wp-content\/uploads\/2019\/09\/specials-4.jpg?resize=862%2C1024&amp;ssl=1 862w, https:\/\/i0.wp.com\/calpebay.net\/wp-content\/uploads\/2019\/09\/specials-4.jpg?resize=768%2C913&amp;ssl=1 768w\" sizes=\"auto, (max-width: 892px) 100vw, 892px\" \/><div class=\"wp-block-getwid-banner__caption\" style=\"min-height:315px\"><div class=\"wp-block-getwid-banner__caption-wrapper\"><span class=\"wp-block-getwid-banner__title\">Die 7. Nacht  <\/span><p class=\"wp-block-getwid-banner__text\">Ersparnisse bei 7+ N\u00e4chten<\/p><\/div><\/div><\/div><\/a><\/div>\n<\/div>\n<\/div>\n","protected":false},"excerpt":{"rendered":"<p>Calp ist eine K\u00fcstenstadt in der Provinz Alicante in der Autonomen Gemeinschaft Valencia in Spanien. Es ist ein sehr beliebtes Touristen- und Sportziel f\u00fcr nationale und internationale Besucher.  <\/p>\n","protected":false},"author":1,"featured_media":4612,"parent":0,"menu_order":0,"comment_status":"closed","ping_status":"closed","template":"template-wide-page.php","meta":{"nf_dc_page":"","_crdt_document":"","om_disable_all_campaigns":false,"inline_featured_image":false,"_monsterinsights_skip_tracking":false,"_monsterinsights_sitenote_active":false,"_monsterinsights_sitenote_note":"","_monsterinsights_sitenote_category":0,"footnotes":""},"class_list":["post-5788","page","type-page","status-publish","has-post-thumbnail","hentry"],"aioseo_notices":[],"jetpack_sharing_enabled":true,"_links":{"self":[{"href":"https:\/\/calpebay.net\/de\/wp-json\/wp\/v2\/pages\/5788","targetHints":{"allow":["GET"]}}],"collection":[{"href":"https:\/\/calpebay.net\/de\/wp-json\/wp\/v2\/pages"}],"about":[{"href":"https:\/\/calpebay.net\/de\/wp-json\/wp\/v2\/types\/page"}],"author":[{"embeddable":true,"href":"https:\/\/calpebay.net\/de\/wp-json\/wp\/v2\/users\/1"}],"replies":[{"embeddable":true,"href":"https:\/\/calpebay.net\/de\/wp-json\/wp\/v2\/comments?post=5788"}],"version-history":[{"count":1,"href":"https:\/\/calpebay.net\/de\/wp-json\/wp\/v2\/pages\/5788\/revisions"}],"predecessor-version":[{"id":5789,"href":"https:\/\/calpebay.net\/de\/wp-json\/wp\/v2\/pages\/5788\/revisions\/5789"}],"wp:featuredmedia":[{"embeddable":true,"href":"https:\/\/calpebay.net\/de\/wp-json\/wp\/v2\/media\/4612"}],"wp:attachment":[{"href":"https:\/\/calpebay.net\/de\/wp-json\/wp\/v2\/media?parent=5788"}],"curies":[{"name":"wp","href":"https:\/\/api.w.org\/{rel}","templated":true}]}}