{"id":6043,"date":"2024-05-11T14:02:44","date_gmt":"2024-05-11T14:02:44","guid":{"rendered":"https:\/\/calpebay.net\/sport-in-calpe\/"},"modified":"2024-05-18T14:24:36","modified_gmt":"2024-05-18T14:24:36","slug":"sport-in-calpe","status":"publish","type":"page","link":"https:\/\/calpebay.net\/de\/sport-in-calpe\/","title":{"rendered":"Sport in Calpe"},"content":{"rendered":"\n<p class=\"wp-block-paragraph\">Calpe bietet eine gro\u00dfe Auswahl an Sportarten f\u00fcr Liebhaber von Abenteuer und k\u00f6rperlicher Aktivit\u00e4t. Hier sind einige Optionen:<\/p>\n\n<h2 class=\"wp-block-heading\">Radfahren<\/h2>\n\n<h4 class=\"wp-block-heading\">Amateur und Profi<\/h4>\n\n<p class=\"wp-block-paragraph\">Radfahren: Erkunden Sie die Umgebung von Calpe mit dem Fahrrad. Es gibt Routen sowohl f\u00fcr Anf\u00e4nger als auch f\u00fcr erfahrene Radfahrer.<\/p>\n<div class=\"wp-block-image\">\n<figure class=\"aligncenter size-large\"><img data-recalc-dims=\"1\" loading=\"lazy\" decoding=\"async\" width=\"892\" height=\"594\" src=\"https:\/\/i0.wp.com\/calpebay.net\/wp-content\/uploads\/2024\/04\/FIVE-CYCLISTS-2000.jpg?resize=892%2C594&#038;ssl=1\" alt=\"\" class=\"wp-image-2165\" srcset=\"https:\/\/i0.wp.com\/calpebay.net\/wp-content\/uploads\/2024\/04\/FIVE-CYCLISTS-2000.jpg?resize=1024%2C682&amp;ssl=1 1024w, https:\/\/i0.wp.com\/calpebay.net\/wp-content\/uploads\/2024\/04\/FIVE-CYCLISTS-2000.jpg?resize=300%2C200&amp;ssl=1 300w, https:\/\/i0.wp.com\/calpebay.net\/wp-content\/uploads\/2024\/04\/FIVE-CYCLISTS-2000.jpg?resize=768%2C512&amp;ssl=1 768w, https:\/\/i0.wp.com\/calpebay.net\/wp-content\/uploads\/2024\/04\/FIVE-CYCLISTS-2000.jpg?resize=1536%2C1024&amp;ssl=1 1536w, https:\/\/i0.wp.com\/calpebay.net\/wp-content\/uploads\/2024\/04\/FIVE-CYCLISTS-2000.jpg?resize=892%2C595&amp;ssl=1 892w, https:\/\/i0.wp.com\/calpebay.net\/wp-content\/uploads\/2024\/04\/FIVE-CYCLISTS-2000.jpg?resize=1350%2C900&amp;ssl=1 1350w, https:\/\/i0.wp.com\/calpebay.net\/wp-content\/uploads\/2024\/04\/FIVE-CYCLISTS-2000.jpg?w=2000&amp;ssl=1 2000w, https:\/\/i0.wp.com\/calpebay.net\/wp-content\/uploads\/2024\/04\/FIVE-CYCLISTS-2000.jpg?w=1784&amp;ssl=1 1784w\" sizes=\"auto, (max-width: 892px) 100vw, 892px\" \/><\/figure>\n<\/div>\n<p class=\"wp-block-paragraph\">In sed porta lectus, auctor bibendum est. Mauris tempor fermentum nisl vel imperdiet. Donec consequat sapien ac nisl pellentesque, eget condimentum felis rhoncus.<\/p>\n\n<h4 class=\"wp-block-heading\">Wassersport.<\/h4>\n<div class=\"wp-block-image\">\n<figure class=\"alignleft size-large\"><img data-recalc-dims=\"1\" loading=\"lazy\" decoding=\"async\" width=\"892\" height=\"594\" src=\"https:\/\/i0.wp.com\/calpebay.net\/wp-content\/uploads\/2024\/05\/WINDSURF-TWO-MOUNTAINS-2000.jpg?resize=892%2C594&#038;ssl=1\" alt=\"\" class=\"wp-image-2356\" srcset=\"https:\/\/i0.wp.com\/calpebay.net\/wp-content\/uploads\/2024\/05\/WINDSURF-TWO-MOUNTAINS-2000.jpg?resize=1024%2C682&amp;ssl=1 1024w, https:\/\/i0.wp.com\/calpebay.net\/wp-content\/uploads\/2024\/05\/WINDSURF-TWO-MOUNTAINS-2000.jpg?resize=300%2C200&amp;ssl=1 300w, https:\/\/i0.wp.com\/calpebay.net\/wp-content\/uploads\/2024\/05\/WINDSURF-TWO-MOUNTAINS-2000.jpg?resize=768%2C512&amp;ssl=1 768w, https:\/\/i0.wp.com\/calpebay.net\/wp-content\/uploads\/2024\/05\/WINDSURF-TWO-MOUNTAINS-2000.jpg?resize=1536%2C1024&amp;ssl=1 1536w, https:\/\/i0.wp.com\/calpebay.net\/wp-content\/uploads\/2024\/05\/WINDSURF-TWO-MOUNTAINS-2000.jpg?resize=892%2C595&amp;ssl=1 892w, https:\/\/i0.wp.com\/calpebay.net\/wp-content\/uploads\/2024\/05\/WINDSURF-TWO-MOUNTAINS-2000.jpg?resize=1350%2C900&amp;ssl=1 1350w, https:\/\/i0.wp.com\/calpebay.net\/wp-content\/uploads\/2024\/05\/WINDSURF-TWO-MOUNTAINS-2000.jpg?w=2000&amp;ssl=1 2000w, https:\/\/i0.wp.com\/calpebay.net\/wp-content\/uploads\/2024\/05\/WINDSURF-TWO-MOUNTAINS-2000.jpg?w=1784&amp;ssl=1 1784w\" sizes=\"auto, (max-width: 892px) 100vw, 892px\" \/><\/figure>\n<\/div>\n<p class=\"wp-block-paragraph\">Wassersport: Aufgrund seiner Lage am Meer ist Calpe ideal f\u00fcr Wassersportaktivit\u00e4ten. Sie k\u00f6nnen Windsurfen, Kajakfahren, Stand Up Paddle Surfing (SUP) oder sogar Wakeboarding ausprobieren.<\/p>\n\n<h4 class=\"wp-block-heading\">Klettern<\/h4>\n<div class=\"wp-block-image\">\n<figure class=\"alignright size-large\"><img data-recalc-dims=\"1\" loading=\"lazy\" decoding=\"async\" width=\"892\" height=\"594\" src=\"https:\/\/i0.wp.com\/calpebay.net\/wp-content\/uploads\/2024\/05\/CLIMBER-YELLOW-2000.jpg?resize=892%2C594&#038;ssl=1\" alt=\"\" class=\"wp-image-2357\" srcset=\"https:\/\/i0.wp.com\/calpebay.net\/wp-content\/uploads\/2024\/05\/CLIMBER-YELLOW-2000.jpg?resize=1024%2C682&amp;ssl=1 1024w, https:\/\/i0.wp.com\/calpebay.net\/wp-content\/uploads\/2024\/05\/CLIMBER-YELLOW-2000.jpg?resize=300%2C200&amp;ssl=1 300w, https:\/\/i0.wp.com\/calpebay.net\/wp-content\/uploads\/2024\/05\/CLIMBER-YELLOW-2000.jpg?resize=768%2C512&amp;ssl=1 768w, https:\/\/i0.wp.com\/calpebay.net\/wp-content\/uploads\/2024\/05\/CLIMBER-YELLOW-2000.jpg?resize=1536%2C1024&amp;ssl=1 1536w, https:\/\/i0.wp.com\/calpebay.net\/wp-content\/uploads\/2024\/05\/CLIMBER-YELLOW-2000.jpg?resize=892%2C595&amp;ssl=1 892w, https:\/\/i0.wp.com\/calpebay.net\/wp-content\/uploads\/2024\/05\/CLIMBER-YELLOW-2000.jpg?resize=1350%2C900&amp;ssl=1 1350w, https:\/\/i0.wp.com\/calpebay.net\/wp-content\/uploads\/2024\/05\/CLIMBER-YELLOW-2000.jpg?w=2000&amp;ssl=1 2000w, https:\/\/i0.wp.com\/calpebay.net\/wp-content\/uploads\/2024\/05\/CLIMBER-YELLOW-2000.jpg?w=1784&amp;ssl=1 1784w\" sizes=\"auto, (max-width: 892px) 100vw, 892px\" \/><\/figure>\n<\/div>\n<p class=\"wp-block-paragraph\">Klettern: Wenn Sie auf der Suche nach starken Emotionen sind, ist Klettern eine Option. In den nahe gelegenen Bergen von Ifach und Olt\u00e0 gibt es Kletterrouten.<\/p>\n\n<h4 class=\"wp-block-heading\">Wandern<\/h4>\n<div class=\"wp-block-image\">\n<figure class=\"alignleft size-large\"><img data-recalc-dims=\"1\" loading=\"lazy\" decoding=\"async\" width=\"892\" height=\"594\" src=\"https:\/\/i0.wp.com\/calpebay.net\/wp-content\/uploads\/2024\/05\/SENDEROS-2000.jpg?resize=892%2C594&#038;ssl=1\" alt=\"\" class=\"wp-image-2359\" srcset=\"https:\/\/i0.wp.com\/calpebay.net\/wp-content\/uploads\/2024\/05\/SENDEROS-2000.jpg?resize=1024%2C682&amp;ssl=1 1024w, https:\/\/i0.wp.com\/calpebay.net\/wp-content\/uploads\/2024\/05\/SENDEROS-2000.jpg?resize=300%2C200&amp;ssl=1 300w, https:\/\/i0.wp.com\/calpebay.net\/wp-content\/uploads\/2024\/05\/SENDEROS-2000.jpg?resize=768%2C512&amp;ssl=1 768w, https:\/\/i0.wp.com\/calpebay.net\/wp-content\/uploads\/2024\/05\/SENDEROS-2000.jpg?resize=1536%2C1024&amp;ssl=1 1536w, https:\/\/i0.wp.com\/calpebay.net\/wp-content\/uploads\/2024\/05\/SENDEROS-2000.jpg?resize=892%2C595&amp;ssl=1 892w, https:\/\/i0.wp.com\/calpebay.net\/wp-content\/uploads\/2024\/05\/SENDEROS-2000.jpg?resize=1350%2C900&amp;ssl=1 1350w, https:\/\/i0.wp.com\/calpebay.net\/wp-content\/uploads\/2024\/05\/SENDEROS-2000.jpg?w=2000&amp;ssl=1 2000w, https:\/\/i0.wp.com\/calpebay.net\/wp-content\/uploads\/2024\/05\/SENDEROS-2000.jpg?w=1784&amp;ssl=1 1784w\" sizes=\"auto, (max-width: 892px) 100vw, 892px\" \/><\/figure>\n<\/div>\n<p class=\"wp-block-paragraph\">Wandern: Erkunden Sie die Naturpfade und genie\u00dfen Sie den Panoramablick. Es gibt Routen f\u00fcr jedes Niveau.<\/p>\n\n<p class=\"wp-block-paragraph\">Golf: Sind Sie ein Golf-Fan? Calpe hat Golfpl\u00e4tze in der N\u00e4he, um diesen Sport zu genie\u00dfen&#8230;<\/p>\n\n<p class=\"wp-block-paragraph\">Tauchen: Entdecken Sie die Unterwassersch\u00f6nheiten der Gegend beim Tauchen. Es gibt Tauchzentren, die Ausfl\u00fcge und Kurse anbieten.<\/p>\n<div class=\"wp-block-image\">\n<figure class=\"aligncenter size-large\"><img data-recalc-dims=\"1\" loading=\"lazy\" decoding=\"async\" width=\"892\" height=\"375\" src=\"https:\/\/i0.wp.com\/calpebay.net\/wp-content\/uploads\/2024\/05\/FISHERMAN-BANNER.jpg?resize=892%2C375&#038;ssl=1\" alt=\"\" class=\"wp-image-2363\" srcset=\"https:\/\/i0.wp.com\/calpebay.net\/wp-content\/uploads\/2024\/05\/FISHERMAN-BANNER.jpg?resize=1024%2C431&amp;ssl=1 1024w, https:\/\/i0.wp.com\/calpebay.net\/wp-content\/uploads\/2024\/05\/FISHERMAN-BANNER.jpg?resize=300%2C126&amp;ssl=1 300w, https:\/\/i0.wp.com\/calpebay.net\/wp-content\/uploads\/2024\/05\/FISHERMAN-BANNER.jpg?resize=768%2C323&amp;ssl=1 768w, https:\/\/i0.wp.com\/calpebay.net\/wp-content\/uploads\/2024\/05\/FISHERMAN-BANNER.jpg?resize=1536%2C647&amp;ssl=1 1536w, https:\/\/i0.wp.com\/calpebay.net\/wp-content\/uploads\/2024\/05\/FISHERMAN-BANNER.jpg?resize=892%2C376&amp;ssl=1 892w, https:\/\/i0.wp.com\/calpebay.net\/wp-content\/uploads\/2024\/05\/FISHERMAN-BANNER.jpg?resize=1350%2C568&amp;ssl=1 1350w, https:\/\/i0.wp.com\/calpebay.net\/wp-content\/uploads\/2024\/05\/FISHERMAN-BANNER.jpg?w=2000&amp;ssl=1 2000w, https:\/\/i0.wp.com\/calpebay.net\/wp-content\/uploads\/2024\/05\/FISHERMAN-BANNER.jpg?w=1784&amp;ssl=1 1784w\" sizes=\"auto, (max-width: 892px) 100vw, 892px\" \/><\/figure>\n<\/div>\n<p class=\"wp-block-paragraph\">Kurzum, Calpe ist ein Paradies f\u00fcr Sport- und Naturliebhaber. Genie\u00dfen Sie all die M\u00f6glichkeiten, die es bietet.<\/p>\n","protected":false},"excerpt":{"rendered":"<p>Calpe bietet eine gro\u00dfe Auswahl an Sportarten f\u00fcr Liebhaber von Abenteuer und k\u00f6rperlicher Aktivit\u00e4t. Hier sind einige Optionen: Radfahren Amateur und Profi Radfahren: Erkunden Sie die Umgebung von Calpe mit dem Fahrrad. Es gibt Routen sowohl f\u00fcr Anf\u00e4nger als auch f\u00fcr erfahrene Radfahrer. In sed porta lectus, auctor bibendum est. Mauris tempor fermentum nisl vel [&hellip;]<\/p>\n","protected":false},"author":1,"featured_media":0,"parent":0,"menu_order":0,"comment_status":"closed","ping_status":"closed","template":"","meta":{"nf_dc_page":"","_crdt_document":"","om_disable_all_campaigns":false,"inline_featured_image":false,"_monsterinsights_skip_tracking":false,"_monsterinsights_sitenote_active":false,"_monsterinsights_sitenote_note":"","_monsterinsights_sitenote_category":0,"footnotes":""},"class_list":["post-6043","page","type-page","status-publish","hentry"],"aioseo_notices":[],"jetpack_sharing_enabled":true,"_links":{"self":[{"href":"https:\/\/calpebay.net\/de\/wp-json\/wp\/v2\/pages\/6043","targetHints":{"allow":["GET"]}}],"collection":[{"href":"https:\/\/calpebay.net\/de\/wp-json\/wp\/v2\/pages"}],"about":[{"href":"https:\/\/calpebay.net\/de\/wp-json\/wp\/v2\/types\/page"}],"author":[{"embeddable":true,"href":"https:\/\/calpebay.net\/de\/wp-json\/wp\/v2\/users\/1"}],"replies":[{"embeddable":true,"href":"https:\/\/calpebay.net\/de\/wp-json\/wp\/v2\/comments?post=6043"}],"version-history":[{"count":1,"href":"https:\/\/calpebay.net\/de\/wp-json\/wp\/v2\/pages\/6043\/revisions"}],"predecessor-version":[{"id":6044,"href":"https:\/\/calpebay.net\/de\/wp-json\/wp\/v2\/pages\/6043\/revisions\/6044"}],"wp:attachment":[{"href":"https:\/\/calpebay.net\/de\/wp-json\/wp\/v2\/media?parent=6043"}],"curies":[{"name":"wp","href":"https:\/\/api.w.org\/{rel}","templated":true}]}}