{"id":6173,"date":"2024-05-11T11:09:13","date_gmt":"2024-05-11T11:09:13","guid":{"rendered":"https:\/\/calpebay.net\/felsen-von-ifach-und-klettern\/"},"modified":"2024-05-21T09:03:21","modified_gmt":"2024-05-21T09:03:21","slug":"felsen-von-ifach-und-klettern","status":"publish","type":"page","link":"https:\/\/calpebay.net\/de\/felsen-von-ifach-und-klettern\/","title":{"rendered":"Felsen von Ifach und Klettern"},"content":{"rendered":"\n<p class=\"wp-block-paragraph\"><span class=\"HwtZe\" lang=\"de\"><span class=\"jCAhz ChMk0b\"><span class=\"ryNqvb\">Der <strong>Pe\u00f1\u00f3n de Ifach<\/strong> ist eine beeindruckende Felsformation an der Costa Blanca von Calpe.<\/span><\/span> <span class=\"jCAhz ChMk0b\"><span class=\"ryNqvb\">Es erhebt sich als <strong>332 Meter<\/strong> hoher und etwa<strong> einen Kilometer langer<\/strong> Kalkfelsen aus dem Meer und ist durch eine schmale Landenge in der N\u00e4he des Hafens von Calpe verbunden, was eines der einzigartigsten und sch\u00f6nsten geografischen Merkmale an der gesamten Mittelmeerk\u00fcste darstellt.<\/span><\/span><\/span><\/p>\n\n<h2 class=\"wp-block-heading\">Geschichte<\/h2>\n\n<p class=\"wp-block-paragraph\"><span class=\"HwtZe\" lang=\"de\"><span class=\"jCAhz ChMk0b\"><span class=\"ryNqvb\">Die Geschichte des Pe\u00f1\u00f3n de Ifach reicht etwa<strong> 2.500 Jahre<\/strong> zur\u00fcck.<\/span><\/span> <span class=\"jCAhz ChMk0b\"><span class=\"ryNqvb\">Obwohl es kein genaues Datum gibt, vermuten Historiker einen vorr\u00f6mischen Ursprung und behaupten, dass es die Ph\u00f6nizier waren, die ihr den Namen Calpe gaben.<\/span><\/span> <span class=\"jCAhz ChMk0b\"><span class=\"ryNqvb\">Seine strategische Lage und seine imposante Pr\u00e4senz haben es zu einem Symbol der Region gemacht.<\/span><\/span><\/span><\/p>\n<div class=\"wp-block-image\">\n<figure class=\"aligncenter size-full\"><img data-recalc-dims=\"1\" loading=\"lazy\" decoding=\"async\" width=\"892\" height=\"595\" src=\"https:\/\/i0.wp.com\/calpebay.net\/wp-content\/uploads\/2024\/05\/PENON-DE-IFACH-2000.jpg?resize=892%2C595&#038;ssl=1\" alt=\"\" class=\"wp-image-2324\" srcset=\"https:\/\/i0.wp.com\/calpebay.net\/wp-content\/uploads\/2024\/05\/PENON-DE-IFACH-2000.jpg?w=2000&amp;ssl=1 2000w, https:\/\/i0.wp.com\/calpebay.net\/wp-content\/uploads\/2024\/05\/PENON-DE-IFACH-2000.jpg?resize=300%2C200&amp;ssl=1 300w, https:\/\/i0.wp.com\/calpebay.net\/wp-content\/uploads\/2024\/05\/PENON-DE-IFACH-2000.jpg?resize=1024%2C682&amp;ssl=1 1024w, https:\/\/i0.wp.com\/calpebay.net\/wp-content\/uploads\/2024\/05\/PENON-DE-IFACH-2000.jpg?resize=768%2C512&amp;ssl=1 768w, https:\/\/i0.wp.com\/calpebay.net\/wp-content\/uploads\/2024\/05\/PENON-DE-IFACH-2000.jpg?resize=1536%2C1024&amp;ssl=1 1536w, https:\/\/i0.wp.com\/calpebay.net\/wp-content\/uploads\/2024\/05\/PENON-DE-IFACH-2000.jpg?resize=892%2C595&amp;ssl=1 892w, https:\/\/i0.wp.com\/calpebay.net\/wp-content\/uploads\/2024\/05\/PENON-DE-IFACH-2000.jpg?resize=1350%2C900&amp;ssl=1 1350w, https:\/\/i0.wp.com\/calpebay.net\/wp-content\/uploads\/2024\/05\/PENON-DE-IFACH-2000.jpg?w=1784&amp;ssl=1 1784w\" sizes=\"auto, (max-width: 892px) 100vw, 892px\" \/><\/figure>\n<\/div>\n<h4 class=\"wp-block-heading\"><strong><span class=\"HwtZe\" lang=\"de\"><span class=\"jCAhz ChMk0b\"><span class=\"ryNqvb\">Aufstieg f\u00fcr jedermann zum Pe\u00f1\u00f3n de Ifach:<\/span><\/span><\/span><\/strong><\/h4>\n\n<p class=\"wp-block-paragraph\"><span class=\"HwtZe\" lang=\"de\"><span class=\"jCAhz ChMk0b\"><span class=\"ryNqvb\">Der <strong>Aufstieg zum Pe\u00f1\u00f3n de Ifach<\/strong> ist f\u00fcr die meisten Menschen ein aufregendes und zug\u00e4ngliches Erlebnis.<\/span><\/span> <span class=\"jCAhz ChMk0b\"><span class=\"ryNqvb\">Hier sind einige Details, wie Sie dieses Abenteuer genie\u00dfen k\u00f6nnen:<\/span><\/span><\/span><\/p>\n\n<ol class=\"wp-block-list\">\n<li class=\"\"><strong><span class=\"HwtZe\" lang=\"de\"><span class=\"jCAhz ChMk0b\"><span class=\"ryNqvb\">Wandern:<\/span><\/span><\/span><\/strong>\n<ul class=\"wp-block-list\">\n<li class=\"\"><span class=\"HwtZe\" lang=\"de\"><span class=\"jCAhz ChMk0b\"><span class=\"ryNqvb\">Der <strong>Hauptweg<\/strong> beginnt am Parkplatz in der N\u00e4he des Felsens.<\/span><\/span> <span class=\"jCAhz ChMk0b\"><span class=\"ryNqvb\">Es handelt sich um eine <strong>gut markierte Route<\/strong>, die Sie durch einen Kiefernwald f\u00fchrt und dann am Felshang hinaufsteigt.<\/span><\/span><\/span><\/li>\n\n\n\n<li class=\"\"><span class=\"HwtZe\" lang=\"de\"><span class=\"jCAhz ChMk0b\"><span class=\"ryNqvb\">Die Gesamtstrecke des Weges betr\u00e4gt ca. 1,8 Kilometer (Hin- und R\u00fcckweg).<\/span><\/span><\/span><\/li>\n\n\n\n<li class=\"\"><span class=\"HwtZe\" lang=\"de\"><span class=\"jCAhz ChMk0b\"><span class=\"ryNqvb\"><strong>Gesch\u00e4tzte Zeit:<\/strong> Sie k\u00f6nnen den Aufstieg in 1\u20132 Stunden schaffen, abh\u00e4ngig von Ihrem Tempo und den Pausen, um die Aussicht zu genie\u00dfen.<\/span><\/span><\/span><\/li>\n\n\n\n<li class=\"\"><span class=\"HwtZe\" lang=\"de\"><span class=\"jCAhz ChMk0b\"><span class=\"ryNqvb\"><strong>Schwierigkeitsgrad:<\/strong> Obwohl nicht besonders schwierig, gibt es einige steile Abschnitte und in den Fels gehauene Stufen.<\/span><\/span> <span class=\"jCAhz ChMk0b\"><span class=\"ryNqvb\">Eine gute k\u00f6rperliche Verfassung ist erforderlich.<\/span><\/span><\/span><\/li>\n<\/ul>\n<\/li>\n\n\n\n<li class=\"\"><strong><span class=\"HwtZe\" lang=\"de\"><span class=\"jCAhz ChMk0b\"><span class=\"ryNqvb\">Panoramaaussichten:<\/span><\/span><\/span><\/strong>\n<ul class=\"wp-block-list\">\n<li class=\"\"><span class=\"HwtZe\" lang=\"de\"><span class=\"jCAhz ChMk0b\"><span class=\"ryNqvb\">Beim Aufstieg genie\u00dfen Sie eine unglaubliche Aussicht auf das Mittelmeer, die Costa Blanca und die Stadt Calpe.<\/span><\/span><\/span><\/li>\n\n\n\n<li class=\"\"><span class=\"HwtZe\" lang=\"de\"><span class=\"jCAhz ChMk0b\"><span class=\"ryNqvb\">Vergessen Sie nicht, Ihre <strong>Kamera<\/strong> mitzubringen, um diese beeindruckenden Momente festzuhalten.<\/span><\/span><\/span><\/li>\n<\/ul>\n<\/li>\n\n\n\n<li class=\"\"><strong><span class=\"HwtZe\" lang=\"de\"><span class=\"jCAhz ChMk0b\"><span class=\"ryNqvb\">Vorbereitung:<\/span><\/span><\/span><\/strong>\n<ul class=\"wp-block-list\">\n<li class=\"\"><span class=\"HwtZe\" lang=\"de\"><span class=\"jCAhz ChMk0b\"><span class=\"ryNqvb\">Tragen Sie geeignete Wanderschuhe, zum Beispiel Turnschuhe oder Wanderstiefel.<\/span><\/span><\/span><\/li>\n\n\n\n<li class=\"\"><span class=\"HwtZe\" lang=\"de\"><span class=\"jCAhz ChMk0b\"><span class=\"ryNqvb\"><strong>Sch\u00fctzen Sie sich vor der Sonne:<\/strong> Tragen Sie Sonnencreme, Sonnenbrille und einen Hut.<\/span><\/span><\/span><\/li>\n\n\n\n<li class=\"\"><span class=\"HwtZe\" lang=\"de\"><span class=\"jCAhz ChMk0b\"><span class=\"ryNqvb\"><strong>Wasser:<\/strong> Nehmen Sie ausreichend Wasser mit, um w\u00e4hrend der Wanderung hydriert zu bleiben.<\/span><\/span><\/span><\/li>\n\n\n\n<li class=\"\"><span class=\"HwtZe\" lang=\"de\"><span class=\"jCAhz ChMk0b\"><span class=\"ryNqvb\"><strong>Timing:<\/strong> Versuchen Sie, fr\u00fch am Morgen oder am sp\u00e4ten Nachmittag zu beginnen, um der Mittagshitze zu entgehen.<\/span><\/span><\/span><\/li>\n<\/ul>\n<\/li>\n\n\n\n<li class=\"\"><strong><span class=\"HwtZe\" lang=\"de\"><span class=\"jCAhz ChMk0b\"><span class=\"ryNqvb\">Spitze des Felsens:<\/span><\/span><\/span><\/strong>\n<ul class=\"wp-block-list\">\n<li class=\"\"><span class=\"HwtZe\" lang=\"de\"><span class=\"jCAhz ChMk0b\"><span class=\"ryNqvb\">Oben angekommen werden Sie mit einer spektakul\u00e4ren Aussicht belohnt.<\/span><\/span> <span class=\"jCAhz ChMk0b\"><span class=\"ryNqvb\">Sie k\u00f6nnen die Bucht von Calpe, den Fischereihafen und die Str\u00e4nde sehen.<\/span><\/span><\/span><\/li>\n\n\n\n<li class=\"\"><span class=\"HwtZe\" lang=\"de\"><span class=\"jCAhz ChMk0b\"><span class=\"ryNqvb\">Seien Sie vorsichtig, wenn Sie sich der Kante n\u00e4hern.<\/span><\/span> <span class=\"jCAhz ChMk0b\"><span class=\"ryNqvb\">der Abfall ist ausgepr\u00e4gt.<\/span><\/span><\/span><\/li>\n<\/ul>\n<\/li>\n<\/ol>\n\n<p class=\"wp-block-paragraph\">Denken Sie daran, die nat\u00fcrliche Umgebung zu respektieren und die Anweisungen zu befolgen. Genie\u00dfen Sie dieses einzigartige Erlebnis im Pe\u00f1\u00f3n de Ifach!<\/p>\n<div class=\"wp-block-image\">\n<figure class=\"alignleft size-large is-resized\"><img data-recalc-dims=\"1\" loading=\"lazy\" decoding=\"async\" width=\"892\" height=\"595\" src=\"https:\/\/i0.wp.com\/calpebay.net\/wp-content\/uploads\/2024\/04\/CALPE-ALICANTE-SPAIN-IFACH-2.jpg?resize=892%2C595&#038;ssl=1\" alt=\"\" class=\"wp-image-1898\" style=\"width:899px;height:auto\" srcset=\"https:\/\/i0.wp.com\/calpebay.net\/wp-content\/uploads\/2024\/04\/CALPE-ALICANTE-SPAIN-IFACH-2.jpg?resize=1024%2C683&amp;ssl=1 1024w, https:\/\/i0.wp.com\/calpebay.net\/wp-content\/uploads\/2024\/04\/CALPE-ALICANTE-SPAIN-IFACH-2.jpg?resize=300%2C200&amp;ssl=1 300w, https:\/\/i0.wp.com\/calpebay.net\/wp-content\/uploads\/2024\/04\/CALPE-ALICANTE-SPAIN-IFACH-2.jpg?resize=768%2C512&amp;ssl=1 768w, https:\/\/i0.wp.com\/calpebay.net\/wp-content\/uploads\/2024\/04\/CALPE-ALICANTE-SPAIN-IFACH-2.jpg?resize=1536%2C1024&amp;ssl=1 1536w, https:\/\/i0.wp.com\/calpebay.net\/wp-content\/uploads\/2024\/04\/CALPE-ALICANTE-SPAIN-IFACH-2.jpg?resize=892%2C595&amp;ssl=1 892w, https:\/\/i0.wp.com\/calpebay.net\/wp-content\/uploads\/2024\/04\/CALPE-ALICANTE-SPAIN-IFACH-2.jpg?resize=1350%2C900&amp;ssl=1 1350w, https:\/\/i0.wp.com\/calpebay.net\/wp-content\/uploads\/2024\/04\/CALPE-ALICANTE-SPAIN-IFACH-2.jpg?w=1900&amp;ssl=1 1900w, https:\/\/i0.wp.com\/calpebay.net\/wp-content\/uploads\/2024\/04\/CALPE-ALICANTE-SPAIN-IFACH-2.jpg?w=1784&amp;ssl=1 1784w\" sizes=\"auto, (max-width: 892px) 100vw, 892px\" \/><\/figure>\n<\/div>\n<p class=\"wp-block-paragraph\"><strong><span class=\"HwtZe\" lang=\"de\"><span class=\"jCAhz ChMk0b\"><span class=\"ryNqvb\">Spitze des Felsens:<\/span><\/span><\/span><\/strong><\/p>\n\n<ul class=\"wp-block-list\">\n<li class=\"\"><span class=\"HwtZe\" lang=\"de\"><span class=\"jCAhz ChMk0b\"><span class=\"ryNqvb\">Oben angekommen werden Sie mit einer spektakul\u00e4ren Aussicht belohnt.<\/span><\/span> <span class=\"jCAhz ChMk0b\"><span class=\"ryNqvb\">Sie k\u00f6nnen die Bucht von Calpe, den Fischereihafen und die Str\u00e4nde sehen.<\/span><\/span><\/span><\/li>\n\n\n\n<li class=\"\"><span class=\"HwtZe\" lang=\"de\"><span class=\"jCAhz ChMk0b\"><span class=\"ryNqvb\">Seien Sie vorsichtig, wenn Sie sich der Kante n\u00e4hern.<\/span><\/span> <span class=\"jCAhz ChMk0b\"><span class=\"ryNqvb\">der Abfall ist ausgepr\u00e4gt.<\/span><\/span><\/span><\/li>\n<\/ul>\n\n<h2 class=\"wp-block-heading\">Besteigung des Pe\u00f1\u00f3n de Ifach<\/h2>\n\n<h4 class=\"wp-block-heading\">Dem hohen Wettbewerb verpflichtet:<\/h4>\n\n<h4 class=\"wp-block-heading\">Kletterrouten<\/h4>\n\n<p class=\"wp-block-paragraph\">Hier sind einige der bemerkenswertesten Routen im Pe\u00f1\u00f3n de Ifach:<\/p>\n\n<p class=\"wp-block-paragraph\"><strong><span class=\"HwtZe\" lang=\"de\"><span class=\"jCAhz ChMk0b\"><span class=\"ryNqvb\">Einfachste Kletterrouten:<\/span><\/span><\/span><\/strong><\/p>\n\n<ul class=\"wp-block-list\">\n<li class=\"\"><strong>Pany<\/strong>: 200 m, 5.<\/li>\n\n\n\n<li class=\"\"><strong>Valencianos<\/strong>: 260 m, 5+.<\/li>\n\n\n\n<li class=\"\"><strong>Diedro UBSA<\/strong>: 220 m, 5+.<\/li>\n<\/ul>\n\n<p class=\"wp-block-paragraph\"><strong><span class=\"HwtZe\" lang=\"de\"><span class=\"jCAhz ChMk0b\"><span class=\"ryNqvb\">Beliebte Kletterrouten:<\/span><\/span><\/span><\/strong><\/p>\n\n<ul class=\"wp-block-list\">\n<li class=\"\"><strong>Costa Blanca<\/strong>: 210 m, 6c+ <span class=\"HwtZe\" lang=\"de\"><span class=\"jCAhz ChMk0b\"><span class=\"ryNqvb\">(ausger\u00fcstet).<\/span><\/span><\/span><\/li>\n\n\n\n<li class=\"\"><strong>El navegante<\/strong>: 200 m, 7a <span class=\"HwtZe\" lang=\"de\"><span class=\"jCAhz ChMk0b\"><span class=\"ryNqvb\">(ausger\u00fcstet).<\/span><\/span><\/span><\/li>\n\n\n\n<li class=\"\"><strong>G\u00f3mez \u2013 Cano<\/strong>: 280 m, 6b A0 <span class=\"HwtZe\" lang=\"de\"><span class=\"jCAhz ChMk0b\"><span class=\"ryNqvb\">(traditionell).<\/span><\/span><\/span><\/li>\n\n\n\n<li class=\"\"><strong>Anglada Gallego<\/strong>: 300 m, 6c <span class=\"HwtZe\" lang=\"de\"><span class=\"jCAhz ChMk0b\"><span class=\"ryNqvb\">(traditionell).<\/span><\/span><\/span><\/li>\n\n\n\n<li class=\"\"><strong>Revelaci\u00f3n<\/strong>: 350 m, 6b+ A1 <span class=\"HwtZe\" lang=\"de\"><span class=\"jCAhz ChMk0b\"><span class=\"ryNqvb\">(traditionell).<\/span><\/span><\/span><\/li>\n\n\n\n<li class=\"\"><strong>Herbes m\u00e0giques<\/strong>: 350 m, 6b A2 <span class=\"HwtZe\" lang=\"de\"><span class=\"jCAhz ChMk0b\"><span class=\"ryNqvb\">(traditionell).<\/span><\/span><\/span><\/li>\n<\/ul>\n\n<p class=\"wp-block-paragraph\"><span class=\"HwtZe\" lang=\"de\"><span class=\"jCAhz ChMk0b\"><span class=\"ryNqvb\">Wenn Sie auf der Suche nach einem gef\u00fchrten Erlebnis sind, k\u00f6nnen Sie sich auch f\u00fcr den gef\u00fchrten Aufstieg zum Pe\u00f1\u00f3n de Ifach entscheiden.<\/span><\/span><\/span><\/p>\n<div class=\"wp-block-image\">\n<figure class=\"alignright size-large\"><img data-recalc-dims=\"1\" loading=\"lazy\" decoding=\"async\" width=\"892\" height=\"594\" src=\"https:\/\/i0.wp.com\/calpebay.net\/wp-content\/uploads\/2024\/05\/ESCALADORA-ESTHER-1024x682.jpg?resize=892%2C594&#038;ssl=1\" alt=\"\" class=\"wp-image-2326\" srcset=\"https:\/\/i0.wp.com\/calpebay.net\/wp-content\/uploads\/2024\/05\/ESCALADORA-ESTHER.jpg?resize=1024%2C682&amp;ssl=1 1024w, https:\/\/i0.wp.com\/calpebay.net\/wp-content\/uploads\/2024\/05\/ESCALADORA-ESTHER.jpg?resize=300%2C200&amp;ssl=1 300w, https:\/\/i0.wp.com\/calpebay.net\/wp-content\/uploads\/2024\/05\/ESCALADORA-ESTHER.jpg?resize=768%2C512&amp;ssl=1 768w, https:\/\/i0.wp.com\/calpebay.net\/wp-content\/uploads\/2024\/05\/ESCALADORA-ESTHER.jpg?resize=892%2C594&amp;ssl=1 892w, https:\/\/i0.wp.com\/calpebay.net\/wp-content\/uploads\/2024\/05\/ESCALADORA-ESTHER.jpg?w=1190&amp;ssl=1 1190w\" sizes=\"auto, (max-width: 892px) 100vw, 892px\" \/><\/figure>\n<\/div>\n<p class=\"wp-block-paragraph\"><span class=\"HwtZe\" lang=\"de\"><span class=\"jCAhz ChMk0b\"><span class=\"ryNqvb\">Sowohl an der Nord- als auch an der S\u00fcdseite finden Sie eine Vielzahl von Routen, die es Ihnen erm\u00f6glichen, in einer fantasievollen Atmosph\u00e4re durch den Felsen zu navigieren.<\/span><\/span> <span class=\"jCAhz ChMk0b\"><span class=\"ryNqvb\">An der Nordwand sticht ein wei\u00dfer Kalkstein hervor, der einem den Atem raubt.<\/span><\/span> <span class=\"jCAhz ChMk0b\"><span class=\"ryNqvb\">Auf der S\u00fcdwand (die beliebteste) steht der orangefarbene Kalkstein im Mittelpunkt, ebenso wie die eingest\u00fcrzten Routen und die Selbstschutzrouten.<\/span><\/span> <span class=\"jCAhz ChMk0b\"><span class=\"ryNqvb\">Beim Klettern hat man das Gef\u00fchl, man bef\u00e4nde sich \u00fcber dem Meer, was dem Erlebnis eine besondere Note verleiht.<\/span><\/span><\/span><\/p>\n\n<p class=\"wp-block-paragraph\"><\/p>\n\n<p class=\"wp-block-paragraph\">Dieser Ort ist ein wahres Abenteuergel\u00e4nde und bietet spektakul\u00e4re Ausblicke. Ich w\u00fcnsche Ihnen viel Spa\u00df beim Erkunden dieses beeindruckenden Felsens!<\/p>\n","protected":false},"excerpt":{"rendered":"<p>Der Pe\u00f1\u00f3n de Ifach ist eine beeindruckende Felsformation an der Costa Blanca von Calpe. Es erhebt sich als 332 Meter hoher und etwa einen Kilometer langer Kalkfelsen aus dem Meer und ist durch eine schmale Landenge in der N\u00e4he des Hafens von Calpe verbunden, was eines der einzigartigsten und sch\u00f6nsten geografischen Merkmale an der gesamten [&hellip;]<\/p>\n","protected":false},"author":1,"featured_media":0,"parent":0,"menu_order":0,"comment_status":"closed","ping_status":"closed","template":"","meta":{"nf_dc_page":"","_crdt_document":"","om_disable_all_campaigns":false,"inline_featured_image":false,"_monsterinsights_skip_tracking":false,"_monsterinsights_sitenote_active":false,"_monsterinsights_sitenote_note":"","_monsterinsights_sitenote_category":0,"footnotes":""},"class_list":["post-6173","page","type-page","status-publish","hentry"],"aioseo_notices":[],"jetpack_sharing_enabled":true,"_links":{"self":[{"href":"https:\/\/calpebay.net\/de\/wp-json\/wp\/v2\/pages\/6173","targetHints":{"allow":["GET"]}}],"collection":[{"href":"https:\/\/calpebay.net\/de\/wp-json\/wp\/v2\/pages"}],"about":[{"href":"https:\/\/calpebay.net\/de\/wp-json\/wp\/v2\/types\/page"}],"author":[{"embeddable":true,"href":"https:\/\/calpebay.net\/de\/wp-json\/wp\/v2\/users\/1"}],"replies":[{"embeddable":true,"href":"https:\/\/calpebay.net\/de\/wp-json\/wp\/v2\/comments?post=6173"}],"version-history":[{"count":1,"href":"https:\/\/calpebay.net\/de\/wp-json\/wp\/v2\/pages\/6173\/revisions"}],"predecessor-version":[{"id":6174,"href":"https:\/\/calpebay.net\/de\/wp-json\/wp\/v2\/pages\/6173\/revisions\/6174"}],"wp:attachment":[{"href":"https:\/\/calpebay.net\/de\/wp-json\/wp\/v2\/media?parent=6173"}],"curies":[{"name":"wp","href":"https:\/\/api.w.org\/{rel}","templated":true}]}}