{"id":6217,"date":"2024-05-11T09:28:13","date_gmt":"2024-05-11T09:28:13","guid":{"rendered":"https:\/\/calpebay.net\/calpe-straende\/"},"modified":"2024-05-26T11:43:56","modified_gmt":"2024-05-26T11:43:56","slug":"calpe-straende","status":"publish","type":"page","link":"https:\/\/calpebay.net\/de\/calpe-straende\/","title":{"rendered":"Calpe-Str\u00e4nde"},"content":{"rendered":"\n<p class=\"wp-block-paragraph\"><span class=\"HwtZe\" lang=\"de\"><span class=\"jCAhz ChMk0b\"><span class=\"ryNqvb\">Calpe an der wundersch\u00f6nen Costa Blanca in Spanien ist f\u00fcr seine Str\u00e4nde und Buchten bekannt.<\/span><\/span> <span class=\"jCAhz ChMk0b\"><span class=\"ryNqvb\">Hier sind einige der bemerkenswertesten:<\/span><\/span><\/span><\/p>\n\n<h2 class=\"wp-block-heading\">Arenal Bol<\/h2>\n\n<h4 class=\"wp-block-heading\">In der N\u00e4he des Zentrums<\/h4>\n\n<p class=\"wp-block-paragraph\"><strong>Playa del Arenal-Bol<\/strong>: Dieser Strand liegt im Herzen von Calpe, neben der Promenade. Mit einer <strong>blauen Flagge<\/strong> und einer L\u00e4nge von <strong>1200 Metern<\/strong> ist es eines der l\u00e4ngsten. Sein feiner, goldener Sand macht ihn bei Touristen sehr beliebt. Dar\u00fcber hinaus verf\u00fcgt es \u00fcber alle notwendigen Dienstleistungen.<\/p>\n<div class=\"wp-block-image\">\n<figure class=\"aligncenter size-full\"><img data-recalc-dims=\"1\" loading=\"lazy\" decoding=\"async\" width=\"892\" height=\"595\" src=\"https:\/\/i0.wp.com\/calpebay.net\/wp-content\/uploads\/2024\/04\/PLAYA-CALPE-PENON-1.jpg?resize=892%2C595&#038;ssl=1\" alt=\"\" class=\"wp-image-1317\" srcset=\"https:\/\/i0.wp.com\/calpebay.net\/wp-content\/uploads\/2024\/04\/PLAYA-CALPE-PENON-1.jpg?w=975&amp;ssl=1 975w, https:\/\/i0.wp.com\/calpebay.net\/wp-content\/uploads\/2024\/04\/PLAYA-CALPE-PENON-1.jpg?resize=300%2C200&amp;ssl=1 300w, https:\/\/i0.wp.com\/calpebay.net\/wp-content\/uploads\/2024\/04\/PLAYA-CALPE-PENON-1.jpg?resize=768%2C512&amp;ssl=1 768w, https:\/\/i0.wp.com\/calpebay.net\/wp-content\/uploads\/2024\/04\/PLAYA-CALPE-PENON-1.jpg?resize=892%2C595&amp;ssl=1 892w\" sizes=\"auto, (max-width: 892px) 100vw, 892px\" \/><\/figure>\n<\/div>\n<p class=\"wp-block-paragraph\">Es ist der belebteste Strand in Calpe, aber Sie k\u00f6nnen ihn das ganze Jahr \u00fcber genie\u00dfen und einen guten Platz ergattern, selbst in den Touristenmonaten Juli und August, die am meisten besucht sind.<\/p>\n\n<h4 class=\"wp-block-heading\">Die beiden Str\u00e4nde von der Spitze des Pe\u00f1\u00f3n de Ifach aus gesehen:<\/h4>\n<div class=\"wp-block-image\">\n<figure class=\"alignleft size-large is-resized\"><img data-recalc-dims=\"1\" loading=\"lazy\" decoding=\"async\" width=\"892\" height=\"594\" src=\"https:\/\/i0.wp.com\/calpebay.net\/wp-content\/uploads\/2024\/04\/TOP-OF-IFACH-2000-1.jpg?resize=892%2C594&#038;ssl=1\" alt=\"\" class=\"wp-image-2186\" style=\"width:899px;height:auto\" srcset=\"https:\/\/i0.wp.com\/calpebay.net\/wp-content\/uploads\/2024\/04\/TOP-OF-IFACH-2000-1.jpg?resize=1024%2C682&amp;ssl=1 1024w, https:\/\/i0.wp.com\/calpebay.net\/wp-content\/uploads\/2024\/04\/TOP-OF-IFACH-2000-1.jpg?resize=300%2C200&amp;ssl=1 300w, https:\/\/i0.wp.com\/calpebay.net\/wp-content\/uploads\/2024\/04\/TOP-OF-IFACH-2000-1.jpg?resize=768%2C512&amp;ssl=1 768w, https:\/\/i0.wp.com\/calpebay.net\/wp-content\/uploads\/2024\/04\/TOP-OF-IFACH-2000-1.jpg?resize=1536%2C1024&amp;ssl=1 1536w, https:\/\/i0.wp.com\/calpebay.net\/wp-content\/uploads\/2024\/04\/TOP-OF-IFACH-2000-1.jpg?resize=892%2C595&amp;ssl=1 892w, https:\/\/i0.wp.com\/calpebay.net\/wp-content\/uploads\/2024\/04\/TOP-OF-IFACH-2000-1.jpg?resize=1350%2C900&amp;ssl=1 1350w, https:\/\/i0.wp.com\/calpebay.net\/wp-content\/uploads\/2024\/04\/TOP-OF-IFACH-2000-1.jpg?w=2000&amp;ssl=1 2000w, https:\/\/i0.wp.com\/calpebay.net\/wp-content\/uploads\/2024\/04\/TOP-OF-IFACH-2000-1.jpg?w=1784&amp;ssl=1 1784w\" sizes=\"auto, (max-width: 892px) 100vw, 892px\" \/><\/figure>\n<\/div>\n<p class=\"has-text-align-left wp-block-paragraph\">Auf diesem Foto ist links der Strand Arenal Bol und rechts die Playa de la Fossa zu sehen. Dieses Foto wurde von der Spitze des Pe\u00f1\u00f3n de Ifach aufgenommen.   In der Mitte und hinter den hohen Geb\u00e4uden k\u00f6nnen Sie die Lagune Las Salinas de Calpe sehen, die sich im selben st\u00e4dtischen Zentrum befindet und in der 173 Vogelarten registriert wurden, darunter Flamingos und Stelzenl\u00e4ufer.   Diese Aussicht vom h\u00f6chsten Punkt des Felsens ist spektakul\u00e4r!<\/p>\n\n<h2 class=\"wp-block-heading\">Fossa-Strand<\/h2>\n\n<h4 class=\"wp-block-heading\">Auf der anderen Seite des Felsens von Ifach<\/h4>\n\n<p class=\"wp-block-paragraph\"><span class=\"HwtZe\" lang=\"de\"><span class=\"jCAhz ChMk0b\"><span class=\"ryNqvb\">Feiner Sand, transparentes Wasser und spektakul\u00e4re Ausblicke auf den<strong> Pe\u00f1\u00f3n de Ifach<\/strong>.<\/span><\/span> <span class=\"jCAhz ChMk0b\"><span class=\"ryNqvb\">Die Promenade an diesem Strand ist breit und ruhig.<\/span><\/span> <span class=\"jCAhz ChMk0b\"><span class=\"ryNqvb\">Um vom Strand Arenal-Bol nach La Fossa zu gelangen, m\u00fcssen Sie einige Stra\u00dfen in der N\u00e4he des Yachthafens durchqueren.<\/span><\/span><\/span><\/p>\n<div class=\"wp-block-image\">\n<figure class=\"alignright size-large\"><img data-recalc-dims=\"1\" loading=\"lazy\" decoding=\"async\" width=\"892\" height=\"594\" src=\"https:\/\/i0.wp.com\/calpebay.net\/wp-content\/uploads\/2024\/05\/PENON-IFACH-FOSSA-2000.jpg?resize=892%2C594&#038;ssl=1\" alt=\"\" class=\"wp-image-2289\" srcset=\"https:\/\/i0.wp.com\/calpebay.net\/wp-content\/uploads\/2024\/05\/PENON-IFACH-FOSSA-2000.jpg?resize=1024%2C682&amp;ssl=1 1024w, https:\/\/i0.wp.com\/calpebay.net\/wp-content\/uploads\/2024\/05\/PENON-IFACH-FOSSA-2000.jpg?resize=300%2C200&amp;ssl=1 300w, https:\/\/i0.wp.com\/calpebay.net\/wp-content\/uploads\/2024\/05\/PENON-IFACH-FOSSA-2000.jpg?resize=768%2C512&amp;ssl=1 768w, https:\/\/i0.wp.com\/calpebay.net\/wp-content\/uploads\/2024\/05\/PENON-IFACH-FOSSA-2000.jpg?resize=1536%2C1024&amp;ssl=1 1536w, https:\/\/i0.wp.com\/calpebay.net\/wp-content\/uploads\/2024\/05\/PENON-IFACH-FOSSA-2000.jpg?resize=892%2C595&amp;ssl=1 892w, https:\/\/i0.wp.com\/calpebay.net\/wp-content\/uploads\/2024\/05\/PENON-IFACH-FOSSA-2000.jpg?resize=1350%2C900&amp;ssl=1 1350w, https:\/\/i0.wp.com\/calpebay.net\/wp-content\/uploads\/2024\/05\/PENON-IFACH-FOSSA-2000.jpg?w=2000&amp;ssl=1 2000w, https:\/\/i0.wp.com\/calpebay.net\/wp-content\/uploads\/2024\/05\/PENON-IFACH-FOSSA-2000.jpg?w=1784&amp;ssl=1 1784w\" sizes=\"auto, (max-width: 892px) 100vw, 892px\" \/><\/figure>\n<\/div>\n<p class=\"wp-block-paragraph\"><\/p>\n\n<p class=\"wp-block-paragraph\">Playa de la Fossa, auch bekannt als Playa de Levante, ist ein wundersch\u00f6ner Strand in Calpe, am Fu\u00dfe des majest\u00e4tischen Pe\u00f1\u00f3n de Ifach.<\/p>\n\n<p class=\"wp-block-paragraph\">Hier sind einige wichtige Details zu diesem wundersch\u00f6nen Strand: L\u00e4nge: Ungef\u00e4hr 950 Meter. Breite: Etwa 40 Meter. Sandart: Feiner Sand. Aussicht: Der Strand bietet einen atemberaubenden Blick auf den symboltr\u00e4chtigen Pe\u00f1\u00f3n de Ifach. Wasserverh\u00e4ltnisse: Dank des Schutzes durch die Felsformation ist das Wasser im Allgemeinen ruhig, auch bei starkem S\u00fcdwellengang12. Dienstleistungen: Playa de la Fossa bietet alle Annehmlichkeiten, die Sie erwarten, einschlie\u00dflich behindertengerechtem Zugang, einem Rettungsschwimmerturm und Einrichtungen wie Toiletten. Aktivit\u00e4ten: Besucher k\u00f6nnen schwimmen, sonnenbaden und die Gegend erkunden.<\/p>\n\n<p class=\"wp-block-paragraph\">Der Strand eignet sich auch ideal zum Schnorcheln und Angeln. Egal, ob Sie Entspannung oder Abenteuer suchen, Playa de la Fossa ist ein fantastischer Ort zum Sonnenbaden und Genie\u00dfen der nat\u00fcrlichen Sch\u00f6nheit der Costa Blanca.<\/p>\n\n<figure class=\"wp-block-image size-large\"><img data-recalc-dims=\"1\" loading=\"lazy\" decoding=\"async\" width=\"892\" height=\"594\" src=\"https:\/\/i0.wp.com\/calpebay.net\/wp-content\/uploads\/2024\/05\/LA-FOSSA-ROTULO-2000.jpg?resize=892%2C594&#038;ssl=1\" alt=\"\" class=\"wp-image-2309\" srcset=\"https:\/\/i0.wp.com\/calpebay.net\/wp-content\/uploads\/2024\/05\/LA-FOSSA-ROTULO-2000.jpg?resize=1024%2C682&amp;ssl=1 1024w, https:\/\/i0.wp.com\/calpebay.net\/wp-content\/uploads\/2024\/05\/LA-FOSSA-ROTULO-2000.jpg?resize=300%2C200&amp;ssl=1 300w, https:\/\/i0.wp.com\/calpebay.net\/wp-content\/uploads\/2024\/05\/LA-FOSSA-ROTULO-2000.jpg?resize=768%2C512&amp;ssl=1 768w, https:\/\/i0.wp.com\/calpebay.net\/wp-content\/uploads\/2024\/05\/LA-FOSSA-ROTULO-2000.jpg?resize=1536%2C1024&amp;ssl=1 1536w, https:\/\/i0.wp.com\/calpebay.net\/wp-content\/uploads\/2024\/05\/LA-FOSSA-ROTULO-2000.jpg?resize=892%2C595&amp;ssl=1 892w, https:\/\/i0.wp.com\/calpebay.net\/wp-content\/uploads\/2024\/05\/LA-FOSSA-ROTULO-2000.jpg?resize=1350%2C900&amp;ssl=1 1350w, https:\/\/i0.wp.com\/calpebay.net\/wp-content\/uploads\/2024\/05\/LA-FOSSA-ROTULO-2000.jpg?w=2000&amp;ssl=1 2000w, https:\/\/i0.wp.com\/calpebay.net\/wp-content\/uploads\/2024\/05\/LA-FOSSA-ROTULO-2000.jpg?w=1784&amp;ssl=1 1784w\" sizes=\"auto, (max-width: 892px) 100vw, 892px\" \/><\/figure>\n\n<h4 class=\"wp-block-heading\"><\/h4>\n","protected":false},"excerpt":{"rendered":"<p>Calpe an der wundersch\u00f6nen Costa Blanca in Spanien ist f\u00fcr seine Str\u00e4nde und Buchten bekannt. Hier sind einige der bemerkenswertesten: Arenal Bol In der N\u00e4he des Zentrums Playa del Arenal-Bol: Dieser Strand liegt im Herzen von Calpe, neben der Promenade. Mit einer blauen Flagge und einer L\u00e4nge von 1200 Metern ist es eines der l\u00e4ngsten. [&hellip;]<\/p>\n","protected":false},"author":1,"featured_media":0,"parent":0,"menu_order":0,"comment_status":"closed","ping_status":"closed","template":"","meta":{"nf_dc_page":"","_crdt_document":"","om_disable_all_campaigns":false,"inline_featured_image":false,"_monsterinsights_skip_tracking":false,"_monsterinsights_sitenote_active":false,"_monsterinsights_sitenote_note":"","_monsterinsights_sitenote_category":0,"footnotes":""},"class_list":["post-6217","page","type-page","status-publish","hentry"],"aioseo_notices":[],"jetpack_sharing_enabled":true,"_links":{"self":[{"href":"https:\/\/calpebay.net\/de\/wp-json\/wp\/v2\/pages\/6217","targetHints":{"allow":["GET"]}}],"collection":[{"href":"https:\/\/calpebay.net\/de\/wp-json\/wp\/v2\/pages"}],"about":[{"href":"https:\/\/calpebay.net\/de\/wp-json\/wp\/v2\/types\/page"}],"author":[{"embeddable":true,"href":"https:\/\/calpebay.net\/de\/wp-json\/wp\/v2\/users\/1"}],"replies":[{"embeddable":true,"href":"https:\/\/calpebay.net\/de\/wp-json\/wp\/v2\/comments?post=6217"}],"version-history":[{"count":1,"href":"https:\/\/calpebay.net\/de\/wp-json\/wp\/v2\/pages\/6217\/revisions"}],"predecessor-version":[{"id":6218,"href":"https:\/\/calpebay.net\/de\/wp-json\/wp\/v2\/pages\/6217\/revisions\/6218"}],"wp:attachment":[{"href":"https:\/\/calpebay.net\/de\/wp-json\/wp\/v2\/media?parent=6217"}],"curies":[{"name":"wp","href":"https:\/\/api.w.org\/{rel}","templated":true}]}}