{"id":5280,"date":"2019-08-20T12:10:13","date_gmt":"2019-08-20T12:10:13","guid":{"rendered":"https:\/\/calpebay.net\/contacts\/"},"modified":"2024-05-17T12:26:17","modified_gmt":"2024-05-17T12:26:17","slug":"contacts","status":"publish","type":"page","link":"https:\/\/calpebay.net\/fr\/contacts\/","title":{"rendered":"Contacts"},"content":{"rendered":"\r\n<div class=\"wp-block-columns has-2-columns is-layout-flex wp-container-core-columns-is-layout-8f761849 wp-block-columns-is-layout-flex\">\r\n<div class=\"wp-block-column is-layout-flow wp-block-column-is-layout-flow\">\n<div class=\"wp-block-getwid-advanced-heading\" style=\"margin-bottom:30px\"><h2 class=\"wp-block-getwid-advanced-heading__content\">Que peut-on faire pour vous aider aujourd&#8217;hui?<\/h2><\/div>\n\r\n\r\n&#13;\n<p class=\"wp-block-paragraph\">N&#8217;h\u00e9sitez pas \u00e0 nous contacter directement si vous avez des questions concernant l&#8217;h\u00e9bergement, nous serions ravis de vous accueillir chez nous.<\/p>&#13;\n\r\n\r\n&#13;\n<p class=\"wp-block-paragraph\">Remplissez simplement vos donn\u00e9es personnelles et laissez-nous vous contacter. Normalement, l&#8217;\u00e9quipe d&#8217;assistance r\u00e9pond dans un d\u00e9lai d&#8217;un jour ouvrable, vous n&#8217;avez donc pas \u00e0 attendre. Ou appelez-nous directement depuis le t\u00e9l\u00e9phone.  <\/p>&#13;\n\r\n\r\n\r\n<div style=\"height:20px\" aria-hidden=\"true\" class=\"wp-block-spacer\"><\/div>\r\n\r\n\r\n\n<div class=\"wp-block-getwid-advanced-heading has-custom-font-size\" style=\"font-size:14px;margin-bottom:0px\"><span class=\"wp-block-getwid-advanced-heading__content\">Adresse<\/span><\/div>\n\r\n\r\n\n<div class=\"wp-block-getwid-advanced-heading has-custom-font-size\" style=\"font-size:normal\"><span class=\"wp-block-getwid-advanced-heading__content has-text-color has-arsenic-color\" style=\"font-weight:500\">Bavaro, Punta Cana, R\u00e9publique Dominicaine<\/span><\/div>\n\r\n\r\n\n<div class=\"wp-block-getwid-advanced-heading has-custom-font-size\" style=\"font-size:14px;margin-bottom:0px\"><span class=\"wp-block-getwid-advanced-heading__content\">T\u00e9l\u00e9phone  <\/span><\/div>\n\r\n\r\n\n<div class=\"wp-block-getwid-advanced-heading has-custom-font-size\" style=\"font-size:normal\"><span class=\"wp-block-getwid-advanced-heading__content has-text-color has-arsenic-color\" style=\"font-weight:500\"><a href=\"tel:19544566789\">  +1 (954) 456 6789<\/a><\/span><\/div>\n\r\n\r\n\n<div class=\"wp-block-getwid-advanced-heading has-custom-font-size\" style=\"font-size:14px;margin-bottom:0px\"><span class=\"wp-block-getwid-advanced-heading__content\">Gratuit  <\/span><\/div>\n\r\n\r\n\n<div class=\"wp-block-getwid-advanced-heading has-custom-font-size\" style=\"font-size:normal\"><span class=\"wp-block-getwid-advanced-heading__content has-text-color has-arsenic-color\" style=\"font-weight:500\"><a href=\"tel:19544566789\">  +1 (954) 456 6789<\/a><\/span><\/div>\n\r\n\r\n\n<div class=\"wp-block-getwid-advanced-heading has-custom-font-size\" style=\"font-size:14px;margin-bottom:0px\"><span class=\"wp-block-getwid-advanced-heading__content\">E-mail<\/span><\/div>\n\r\n\r\n\n<div class=\"wp-block-getwid-advanced-heading has-custom-font-size\" style=\"font-size:normal\"><span class=\"wp-block-getwid-advanced-heading__content has-text-color has-arsenic-color\" style=\"font-weight:500\"><a href=\"mailto:hello@booklium.com\">bonjour@booklium.com<\/a> <\/span><\/div>\n<\/div>\r\n\r\n\r\n\r\n<div class=\"wp-block-column is-layout-flow wp-block-column-is-layout-flow\">\r\n<div class=\"wp-block-getwid-section is-style-with-shadow\"><div class=\"wp-block-getwid-section__wrapper getwid-padding-top-medium getwid-padding-bottom-medium getwid-padding-left-medium getwid-padding-right-medium\"><div class=\"wp-block-getwid-section__inner-wrapper\"><div class=\"wp-block-getwid-section__background-holder\"><div class=\"wp-block-getwid-section__background has-background has-white-background-color\"><\/div><div class=\"wp-block-getwid-section__foreground\"><\/div><\/div><div class=\"wp-block-getwid-section__content\"><div class=\"wp-block-getwid-section__inner-content\">        <div class=\"wp-block-getwid-contact-form\" >\n            <form class='wp-block-getwid-contact-form__form'>\n    \r\n        <p class='wp-block-getwid-field-name'>\n\t    <label\n        for='name-69e0193341fec'\n        class='wp-block-getwid-field-name__label'\n    >Your Name *<\/label>\n\t    <input id='name-69e0193341fec' type='text' name='name'            placeholder='Enter Your Name'             required=''\n            \/>\n<\/p>\n\r\n\r\n        <p class='wp-block-getwid-field-email'>\n\t    <label\n\t\tfor='email-69e0193342106'\n        class='wp-block-getwid-field-email__label'\n    >Your Email *<\/label>\n\t    <input id='email-69e0193342106' type='email' name='email'             placeholder='Enter Your Email'             required=''    \/>\n<\/p>\n\r\n\r\n        <p class='wp-block-getwid-field-textarea'>\n\t    <label\n\t\tfor='message-69e01933421ee'\n        class='wp-block-getwid-field-textarea__label'\n    >Message<\/label>\n\t    <textarea\n\t\tid='message-69e01933421ee' rows='5' name='message'            placeholder='Comment'            required=''\n            ><\/textarea>\n<\/p>\n\r\n\n    <input name='subject' \t\ttype='hidden'\n\t\/>\n\n\t<p class='wp-block-getwid-contact-form__result'><\/p>\n\n\t<div class='wp-block-getwid-contact-form__submit'>\n\t\t<div class='wp-block-button'>\n\t\t\t<button\n\t\t\t\ttype='submit'\n\t\t\t\tclass='wp-block-button__link '\t\t\t\t\tstyle=''\t\t\t>Send Message<\/button>\n\t\t<\/div>\n\n\t<\/div>\n<\/form>\n        <\/div><\/div><\/div><\/div><\/div><\/div>\r\n<\/div>\r\n<\/div>\r\n\r\n<div style=\"height:20px\" aria-hidden=\"true\" class=\"wp-block-spacer\"><\/div>\r\n\n<div data-map-zoom=\"9\" data-interaction=\"cooperative\" data-map-style=\"default\" data-map-center=\"{\"lat\":39.03346567209024,\"lng\":-1.8302588641189388}\" data-zoom-control=\"false\" data-type-control=\"false\" data-street-view-control=\"false\" data-full-screen-control=\"false\" data-map-markers=\"[{\"name\":\"Avenida General Gregorio Luper\u00f3n 5, Dominican Republic\",\"description\":\"Avenida General Gregorio Luper\u00f3n 5, Puerto Plata 57000, Dominican Republic\",\"popUpOpen\":false,\"popUpMaxWidth\":250,\"bounce\":false,\"coords\":{\"lat\":19.32504498106675,\"lng\":-69.54503237987137}},{\"name\":\"Urb. Campoalegre, 02005 Albacete\",\"description\":\"Urb. Campoalegre, 02005 Albacete, Spain\",\"popUpOpen\":false,\"popUpMaxWidth\":250,\"bounce\":false,\"coords\":{\"lat\":39.01639572959439,\"lng\":-1.839871901228321}}]\" class=\"wp-block-getwid-map\"><div style=\"height:400px\" class=\"wp-block-getwid-map__container\"><\/div><ul class=\"wp-block-getwid-map__points\"><li><a href=\"https:\/\/maps.google.com\/?q=19.32504498106675,-69.54503237987137&amp;ll=19.32504498106675,-69.54503237987137&amp;z=9\">Avenue General Gregorio Luper\u00f3n 5, R\u00e9publique dominicaine<\/a><\/li><li><a href=\"https:\/\/maps.google.com\/?q=39.01639572959439,-1.839871901228321&amp;ll=39.01639572959439,-1.839871901228321&amp;z=9\">Urb. Campoalegre, 02005 Albacete<\/a><\/li><\/ul><\/div>\n\r\n<div style=\"height:50px\" aria-hidden=\"true\" class=\"wp-block-spacer\"><\/div>\r\n\r\n<hr class=\"wp-block-separator is-style-wide\"\/>\r\n\r\n<div style=\"height:30px\" aria-hidden=\"true\" class=\"wp-block-spacer\"><\/div>\r\n\n<div class=\"wp-block-getwid-advanced-heading\" style=\"margin-bottom:5px\"><h2 class=\"wp-block-getwid-advanced-heading__content\" style=\"text-align:center\">Questions fr\u00e9quemment pos\u00e9es<\/h2><\/div>\n\n<div class=\"wp-block-getwid-advanced-heading\" style=\"margin-bottom:40px\"><span class=\"wp-block-getwid-advanced-heading__content\" style=\"text-align:center\">Visitez notre page de questions fr\u00e9quemment pos\u00e9es pour obtenir des r\u00e9ponses explicatives \u00e0 nos questions les plus courantes.<\/span><\/div>\n\r\n<div class=\"wp-block-columns has-3-columns is-layout-flex wp-container-core-columns-is-layout-8f761849 wp-block-columns-is-layout-flex\">\r\n<div class=\"wp-block-column is-layout-flow wp-block-column-is-layout-flow\">\r\n<div class=\"wp-block-getwid-section is-style-with-shadow is-style-fit-parent\"><div class=\"wp-block-getwid-section__wrapper getwid-padding-left-medium getwid-padding-right-medium getwid-align-items-flex-start\" style=\"padding-top:50px;padding-bottom:50px\"><div class=\"wp-block-getwid-section__inner-wrapper\"><div class=\"wp-block-getwid-section__background-holder\"><div class=\"wp-block-getwid-section__background has-background has-white-background-color\"><\/div><div class=\"wp-block-getwid-section__foreground\"><\/div><\/div><div class=\"wp-block-getwid-section__content\"><div class=\"wp-block-getwid-section__inner-content\">\r\n<div class=\"wp-block-getwid-image-box getwid-animation has-text-center has-mobile-layout-default has-mobile-alignment-default\" data-animation=\"slideBottom\"><div style=\"margin-bottom:20px\" class=\"wp-block-getwid-image-box__image-container is-position-top\"><a href=\"#\" class=\"wp-block-getwid-image-box__image-wrapper\"><img data-recalc-dims=\"1\" loading=\"lazy\" decoding=\"async\" width=\"64\" height=\"64\" src=\"https:\/\/i0.wp.com\/calpebay.net\/wp-content\/uploads\/2019\/09\/booking-online1.png?resize=64%2C64&#038;ssl=1\" alt=\"\" class=\"wp-block-getwid-image-box__image wp-image-851\"\/><\/a><\/div><div class=\"wp-block-getwid-image-box__content\">\n<div class=\"wp-block-getwid-advanced-heading\" style=\"margin-bottom:10px\"><h4 class=\"wp-block-getwid-advanced-heading__content\">Reservation en ligne<\/h4><\/div>\n\r\n\r\n&#13;\n<p class=\"has-small-font-size wp-block-paragraph\">Nous n&#8217;avons pas de secrets les uns pour les autres ni pour nos clients, et nous restons toujours ouverts \u00e0 votre \u00e9gard.  <\/p>&#13;\n<\/div><\/div>\r\n<\/div><\/div><\/div><\/div><\/div>\r\n<\/div>\r\n\r\n\r\n\r\n<div class=\"wp-block-column is-layout-flow wp-block-column-is-layout-flow\">\r\n<div class=\"wp-block-getwid-section is-style-with-shadow is-style-fit-parent\"><div class=\"wp-block-getwid-section__wrapper getwid-padding-left-medium getwid-padding-right-medium getwid-align-items-flex-start\" style=\"padding-top:50px;padding-bottom:50px\"><div class=\"wp-block-getwid-section__inner-wrapper\"><div class=\"wp-block-getwid-section__background-holder\"><div class=\"wp-block-getwid-section__background has-background has-white-background-color\"><\/div><div class=\"wp-block-getwid-section__foreground\"><\/div><\/div><div class=\"wp-block-getwid-section__content\"><div class=\"wp-block-getwid-section__inner-content\">\r\n<div class=\"wp-block-getwid-image-box getwid-animation has-text-center has-mobile-layout-default has-mobile-alignment-default\" data-animation=\"slideBottom\"><div style=\"margin-bottom:20px\" class=\"wp-block-getwid-image-box__image-container is-position-top\"><a href=\"#\" class=\"wp-block-getwid-image-box__image-wrapper\"><img data-recalc-dims=\"1\" loading=\"lazy\" decoding=\"async\" width=\"64\" height=\"64\" src=\"https:\/\/i0.wp.com\/calpebay.net\/wp-content\/uploads\/2019\/09\/renting-out1.png?resize=64%2C64&#038;ssl=1\" alt=\"\" class=\"wp-block-getwid-image-box__image wp-image-852\"\/><\/a><\/div><div class=\"wp-block-getwid-image-box__content\">\n<div class=\"wp-block-getwid-advanced-heading\" style=\"margin-bottom:10px\"><h4 class=\"wp-block-getwid-advanced-heading__content\">Louer<\/h4><\/div>\n\r\n\r\n&#13;\n<p class=\"has-small-font-size wp-block-paragraph\">Le renforcement de l&#8217;esprit d&#8217;\u00e9quipe est devenu une partie importante de notre routine amicale et mouvement\u00e9e.  <\/p>&#13;\n<\/div><\/div>\r\n<\/div><\/div><\/div><\/div><\/div>\r\n<\/div>\r\n\r\n\r\n\r\n<div class=\"wp-block-column is-layout-flow wp-block-column-is-layout-flow\">\r\n<div class=\"wp-block-getwid-section is-style-with-shadow is-style-fit-parent\"><div class=\"wp-block-getwid-section__wrapper getwid-padding-left-medium getwid-padding-right-medium getwid-align-items-flex-start\" style=\"padding-top:50px;padding-bottom:50px\"><div class=\"wp-block-getwid-section__inner-wrapper\"><div class=\"wp-block-getwid-section__background-holder\"><div class=\"wp-block-getwid-section__background has-background has-white-background-color\"><\/div><div class=\"wp-block-getwid-section__foreground\"><\/div><\/div><div class=\"wp-block-getwid-section__content\"><div class=\"wp-block-getwid-section__inner-content\">\r\n<div class=\"wp-block-getwid-image-box getwid-animation has-text-center has-mobile-layout-default has-mobile-alignment-default\" data-animation=\"slideBottom\"><div style=\"margin-bottom:20px\" class=\"wp-block-getwid-image-box__image-container is-position-top\"><a href=\"#\" class=\"wp-block-getwid-image-box__image-wrapper\"><img data-recalc-dims=\"1\" loading=\"lazy\" decoding=\"async\" width=\"64\" height=\"64\" src=\"https:\/\/i0.wp.com\/calpebay.net\/wp-content\/uploads\/2019\/09\/cancellation-_-refunds1.png?resize=64%2C64&#038;ssl=1\" alt=\"\" class=\"wp-block-getwid-image-box__image wp-image-853\"\/><\/a><\/div><div class=\"wp-block-getwid-image-box__content\">\n<div class=\"wp-block-getwid-advanced-heading\" style=\"margin-bottom:10px\"><h4 class=\"wp-block-getwid-advanced-heading__content\">Annulation\/Remboursement<\/h4><\/div>\n\r\n\r\n&#13;\n<p class=\"has-small-font-size wp-block-paragraph\">Notre \u00e9quipe augmente constamment le niveau de ma\u00eetrise en participant \u00e0 divers s\u00e9minaires.  <\/p>&#13;\n<\/div><\/div>\r\n<\/div><\/div><\/div><\/div><\/div>\r\n<\/div>\r\n<\/div>\r\n\r\n<div class=\"wp-block-columns has-3-columns is-layout-flex wp-container-core-columns-is-layout-8f761849 wp-block-columns-is-layout-flex\">\r\n<div class=\"wp-block-column is-layout-flow wp-block-column-is-layout-flow\">\r\n<div class=\"wp-block-getwid-section is-style-with-shadow is-style-fit-parent\"><div class=\"wp-block-getwid-section__wrapper getwid-padding-top-medium getwid-padding-bottom-medium getwid-padding-left-medium getwid-padding-right-medium getwid-align-items-flex-start\"><div class=\"wp-block-getwid-section__inner-wrapper\"><div class=\"wp-block-getwid-section__background-holder\"><div class=\"wp-block-getwid-section__background has-background has-white-background-color\"><\/div><div class=\"wp-block-getwid-section__foreground\"><\/div><\/div><div class=\"wp-block-getwid-section__content\"><div class=\"wp-block-getwid-section__inner-content\">\r\n<div class=\"wp-block-getwid-image-box getwid-animation has-text-center has-mobile-layout-default has-mobile-alignment-default\" data-animation=\"slideBottom\"><div style=\"margin-bottom:30px\" class=\"wp-block-getwid-image-box__image-container is-position-top\"><a href=\"#\" class=\"wp-block-getwid-image-box__image-wrapper\"><img data-recalc-dims=\"1\" loading=\"lazy\" decoding=\"async\" width=\"64\" height=\"64\" src=\"https:\/\/i0.wp.com\/calpebay.net\/wp-content\/uploads\/2019\/09\/one-team1.png?resize=64%2C64&#038;ssl=1\" alt=\"\" class=\"wp-block-getwid-image-box__image wp-image-846\"\/><\/a><\/div><div class=\"wp-block-getwid-image-box__content\">\n<div class=\"wp-block-getwid-advanced-heading\" style=\"margin-bottom:10px\"><h4 class=\"wp-block-getwid-advanced-heading__content\">Une \u00e9quipe<\/h4><\/div>\n\r\n\r\n&#13;\n<p class=\"has-small-font-size wp-block-paragraph\">  Toute l&#8217;\u00e9quipe se r\u00e9unit chaque semaine pour discuter des diff\u00e9rents probl\u00e8mes survenus au cours de celle-ci.  <\/p>&#13;\n<\/div><\/div>\r\n<\/div><\/div><\/div><\/div><\/div>\r\n<\/div>\r\n\r\n\r\n\r\n<div class=\"wp-block-column is-layout-flow wp-block-column-is-layout-flow\">\r\n<div class=\"wp-block-getwid-section is-style-with-shadow is-style-fit-parent\"><div class=\"wp-block-getwid-section__wrapper getwid-padding-top-medium getwid-padding-bottom-medium getwid-padding-left-medium getwid-padding-right-medium getwid-align-items-flex-start\"><div class=\"wp-block-getwid-section__inner-wrapper\"><div class=\"wp-block-getwid-section__background-holder\"><div class=\"wp-block-getwid-section__background has-background has-white-background-color\"><\/div><div class=\"wp-block-getwid-section__foreground\"><\/div><\/div><div class=\"wp-block-getwid-section__content\"><div class=\"wp-block-getwid-section__inner-content\">\r\n<div class=\"wp-block-getwid-image-box getwid-animation has-text-center has-mobile-layout-default has-mobile-alignment-default\" data-animation=\"slideBottom\"><div style=\"margin-bottom:30px\" class=\"wp-block-getwid-image-box__image-container is-position-top\"><a href=\"#\" class=\"wp-block-getwid-image-box__image-wrapper\"><img data-recalc-dims=\"1\" loading=\"lazy\" decoding=\"async\" width=\"64\" height=\"64\" src=\"https:\/\/i0.wp.com\/calpebay.net\/wp-content\/uploads\/2019\/09\/innovative1.png?resize=64%2C64&#038;ssl=1\" alt=\"\" class=\"wp-block-getwid-image-box__image wp-image-847\"\/><\/a><\/div><div class=\"wp-block-getwid-image-box__content\">\n<div class=\"wp-block-getwid-advanced-heading\" style=\"margin-bottom:10px\"><h4 class=\"wp-block-getwid-advanced-heading__content\">Innovante<\/h4><\/div>\n\r\n\r\n&#13;\n<p class=\"has-small-font-size wp-block-paragraph\">Nous recherchons \u00e9galement des solutions modernes et actuelles \u00e0 divers probl\u00e8mes courants.  <\/p>&#13;\n<\/div><\/div>\r\n<\/div><\/div><\/div><\/div><\/div>\r\n<\/div>\r\n\r\n\r\n\r\n<div class=\"wp-block-column is-layout-flow wp-block-column-is-layout-flow\">\r\n<div class=\"wp-block-getwid-section is-style-with-shadow is-style-fit-parent\"><div class=\"wp-block-getwid-section__wrapper getwid-padding-top-medium getwid-padding-bottom-medium getwid-padding-left-medium getwid-padding-right-medium getwid-align-items-flex-start\"><div class=\"wp-block-getwid-section__inner-wrapper\"><div class=\"wp-block-getwid-section__background-holder\"><div class=\"wp-block-getwid-section__background has-background has-white-background-color\"><\/div><div class=\"wp-block-getwid-section__foreground\"><\/div><\/div><div class=\"wp-block-getwid-section__content\"><div class=\"wp-block-getwid-section__inner-content\">\r\n<div class=\"wp-block-getwid-image-box getwid-animation has-text-center has-mobile-layout-default has-mobile-alignment-default\" data-animation=\"slideBottom\"><div style=\"margin-bottom:30px\" class=\"wp-block-getwid-image-box__image-container is-position-top\"><a href=\"#\" class=\"wp-block-getwid-image-box__image-wrapper\"><img data-recalc-dims=\"1\" loading=\"lazy\" decoding=\"async\" width=\"64\" height=\"64\" src=\"https:\/\/i0.wp.com\/calpebay.net\/wp-content\/uploads\/2019\/09\/quality1.png?resize=64%2C64&#038;ssl=1\" alt=\"\" class=\"wp-block-getwid-image-box__image wp-image-848\"\/><\/a><\/div><div class=\"wp-block-getwid-image-box__content\">\n<div class=\"wp-block-getwid-advanced-heading\" style=\"margin-bottom:10px\"><h4 class=\"wp-block-getwid-advanced-heading__content\">Qualit\u00e9<\/h4><\/div>\n\r\n\r\n&#13;\n<p class=\"has-small-font-size wp-block-paragraph\">Tous nos produits sont test\u00e9s minutieusement conform\u00e9ment aux normes de qualit\u00e9 les plus strictes.  <\/p>&#13;\n<\/div><\/div>\r\n<\/div><\/div><\/div><\/div><\/div>\r\n<\/div>\r\n<\/div>\r\n","protected":false},"excerpt":{"rendered":"<p>N&#8217;h\u00e9sitez pas \u00e0 nous contacter directement si vous avez des questions concernant l&#8217;h\u00e9bergement. Nous sommes tr\u00e8s heureux que vous nous choisissiez et nous r\u00e9pondrons \u00e0 toutes vos questions.<\/p>\n","protected":false},"author":1,"featured_media":0,"parent":0,"menu_order":0,"comment_status":"closed","ping_status":"closed","template":"template-wide-page.php","meta":{"nf_dc_page":"","_crdt_document":"","om_disable_all_campaigns":false,"inline_featured_image":false,"_monsterinsights_skip_tracking":false,"_monsterinsights_sitenote_active":false,"_monsterinsights_sitenote_note":"","_monsterinsights_sitenote_category":0,"footnotes":""},"class_list":["post-5280","page","type-page","status-publish","hentry"],"aioseo_notices":[],"jetpack_sharing_enabled":true,"_links":{"self":[{"href":"https:\/\/calpebay.net\/fr\/wp-json\/wp\/v2\/pages\/5280","targetHints":{"allow":["GET"]}}],"collection":[{"href":"https:\/\/calpebay.net\/fr\/wp-json\/wp\/v2\/pages"}],"about":[{"href":"https:\/\/calpebay.net\/fr\/wp-json\/wp\/v2\/types\/page"}],"author":[{"embeddable":true,"href":"https:\/\/calpebay.net\/fr\/wp-json\/wp\/v2\/users\/1"}],"replies":[{"embeddable":true,"href":"https:\/\/calpebay.net\/fr\/wp-json\/wp\/v2\/comments?post=5280"}],"version-history":[{"count":1,"href":"https:\/\/calpebay.net\/fr\/wp-json\/wp\/v2\/pages\/5280\/revisions"}],"predecessor-version":[{"id":5288,"href":"https:\/\/calpebay.net\/fr\/wp-json\/wp\/v2\/pages\/5280\/revisions\/5288"}],"wp:attachment":[{"href":"https:\/\/calpebay.net\/fr\/wp-json\/wp\/v2\/media?parent=5280"}],"curies":[{"name":"wp","href":"https:\/\/api.w.org\/{rel}","templated":true}]}}