{"id":5336,"date":"2019-08-20T12:31:26","date_gmt":"2019-08-20T12:31:26","guid":{"rendered":"https:\/\/calpebay.net\/villas-vue-grille\/"},"modified":"2024-05-26T14:42:47","modified_gmt":"2024-05-26T14:42:47","slug":"villas-vue-grille","status":"publish","type":"page","link":"https:\/\/calpebay.net\/fr\/villas-vue-grille\/","title":{"rendered":"Villas &#8211; Vue Grille"},"content":{"rendered":"<div class=\"mphb_sc_rooms-wrapper mphb-room-types is-style-grid\">    <div class=\"loop-rooms-wrapper\">\r\n\t\r\n<div class=\"mphb-room-type post-6240 mphb_room_type type-mphb_room_type status-publish has-post-thumbnail mphb_room_type_category-calpe-fr mphb_room_type_facility-chauffage mphb_room_type_facility-confort-de-la-chambre mphb_room_type_facility-essentiels-de-salle-de-bain mphb_room_type_facility-parking-gratuit mphb_room_type_facility-seche-cheveux mphb_room_type_facility-terrasse-fr mphb_room_type_facility-wifi-fr mphb-room-type-adults-6 mphb-room-type-children-2 \">\r\n\r\n\t\r\n    <div class=\"loop-room-wrapper\">\r\n\t\t            <div class=\"loop-room-images-wrapper\">\r\n\t\t\t\t<div class=\"loop-room-categories\"><a href=\"https:\/\/calpebay.net\/fr\/accommodation-category\/calpe-fr\/\" rel=\"tag\">Calpe<\/a><\/div>\n\n\t<div class=\"mphb-room-type-images\">\n\t<div id='mphb-flexslider-gallery-1' class='gallery-columns-1 gallery-size-booklium-square mphb-gallery-main-slider mphb-flexslider-gallery-wrapper mphb-room-type-gallery-wrapper mphb-gallery-main-slider-69e0193241a90' data-flexslider-atts='{\"animation\":\"slide\",\"controlNav\":false,\"animationLoop\":true,\"smoothHeight\":true,\"slideshow\":false}' data-group='69e0193241a90'><ul class=\"slides\"><li class='gallery-item'><span class='gallery-icon landscape'>\n\t\t\t\t<a href=\"https:\/\/calpebay.net\/fr\/accommodation\/appartement-de-3-chambres-toujours-ensemble\/\"><img loading=\"lazy\" decoding=\"async\" width=\"892\" height=\"892\" src=\"https:\/\/i0.wp.com\/calpebay.net\/wp-content\/uploads\/2024\/04\/LIVINGROOM-2000-2.jpg?resize=892%2C892&amp;ssl=1\" class=\"attachment-booklium-square size-booklium-square\" alt=\"\" srcset=\"https:\/\/i0.wp.com\/calpebay.net\/wp-content\/uploads\/2024\/04\/LIVINGROOM-2000-2.jpg?resize=150%2C150&amp;ssl=1 150w, https:\/\/i0.wp.com\/calpebay.net\/wp-content\/uploads\/2024\/04\/LIVINGROOM-2000-2.jpg?resize=892%2C892&amp;ssl=1 892w, https:\/\/i0.wp.com\/calpebay.net\/wp-content\/uploads\/2024\/04\/LIVINGROOM-2000-2.jpg?zoom=2&amp;resize=892%2C892&amp;ssl=1 1784w\" sizes=\"auto, (max-width: 892px) 100vw, 892px\" \/><\/a>\n\t\t\t<\/span><\/li><\/ul>\n\t\t<\/div>\n\n\t<\/div>\n\t            <\/div>\r\n\t\t\t            <div class=\"loop-room-info-wrapper\">\r\n\t\t\t\t\n<h2 class=\"mphb-room-type-title entry-title\">\n\n<a class=\"mphb-room-type-title\" href=\"https:\/\/calpebay.net\/fr\/accommodation\/appartement-de-3-chambres-toujours-ensemble\/\">Appartement de 3 chambres toujours ensemble<\/a>\n\n<\/h2>\n\n<p>Appartement moderne dans le b\u00e2timent Calpe Bay, \u00e0 200 m\u00e8tres de la vieille ville de Calpe et \u00e0 600 m\u00e8tres des magnifiques plages de la Costa Blanca d&#8217;Alicante, Arenal Bol et La Fossa.<\/p>\n\n            <\/div>\r\n\t\t            <div class=\"loop-room-book-wrapper\">\r\n\t\t\t\t\n\n<div class=\"mphb-to-book-btn-wrapper\">\n<form action=\"https:\/\/calpebay.net\/fr\/accommodation\/appartement-de-3-chambres-toujours-ensemble\/#booking-form-6240\" method=\"get\" ><button type=\"submit\" class=\"button mphb-book-button\" >R\u00e9server<\/button><\/form>\n<br\/><\/div>            <\/div>\r\n\t\t\r\n    <\/div>\r\n\t\r\n<\/div>\r\n\r\n\r\n<div class=\"mphb-room-type post-6247 mphb_room_type type-mphb_room_type status-publish has-post-thumbnail mphb_room_type_category-calpe-fr mphb_room_type_facility-chauffage mphb_room_type_facility-confort-de-la-chambre mphb_room_type_facility-essentiels-de-salle-de-bain mphb_room_type_facility-parking-gratuit mphb_room_type_facility-seche-cheveux mphb_room_type_facility-terrasse-fr mphb_room_type_facility-wifi-fr mphb-room-type-adults-4 mphb-room-type-children-2 \">\r\n\r\n\t\r\n    <div class=\"loop-room-wrapper\">\r\n\t\t            <div class=\"loop-room-images-wrapper\">\r\n\t\t\t\t<div class=\"loop-room-categories\"><a href=\"https:\/\/calpebay.net\/fr\/accommodation-category\/calpe-fr\/\" rel=\"tag\">Calpe<\/a><\/div>\n\n\t<div class=\"mphb-room-type-images\">\n\t<div id='mphb-flexslider-gallery-2' class='gallery-columns-1 gallery-size-booklium-square mphb-gallery-main-slider mphb-flexslider-gallery-wrapper mphb-room-type-gallery-wrapper mphb-gallery-main-slider-69e0193245373' data-flexslider-atts='{\"animation\":\"slide\",\"controlNav\":false,\"animationLoop\":true,\"smoothHeight\":true,\"slideshow\":false}' data-group='69e0193245373'><ul class=\"slides\"><li class='gallery-item'><span class='gallery-icon landscape'>\n\t\t\t\t<a href=\"https:\/\/calpebay.net\/fr\/accommodation\/appartement-2-chambres-ma-maison\/\"><img loading=\"lazy\" decoding=\"async\" width=\"892\" height=\"683\" src=\"https:\/\/i0.wp.com\/calpebay.net\/wp-content\/uploads\/2019\/08\/DINNING-ROOM-1024.jpg?resize=892%2C683&amp;ssl=1\" class=\"attachment-booklium-square size-booklium-square\" alt=\"\" \/><\/a>\n\t\t\t<\/span><\/li><\/ul>\n\t\t<\/div>\n\n\t<\/div>\n\t            <\/div>\r\n\t\t\t            <div class=\"loop-room-info-wrapper\">\r\n\t\t\t\t\n<h2 class=\"mphb-room-type-title entry-title\">\n\n<a class=\"mphb-room-type-title\" href=\"https:\/\/calpebay.net\/fr\/accommodation\/appartement-2-chambres-ma-maison\/\">Appartement 2 chambres &#8211; Ma maison<\/a>\n\n<\/h2>\n\n<p>D\u00e9coration impeccable \u00e0 200 m\u00e8tres de la vieille ville de Calpe et tr\u00e8s proche de la plage.<\/p>\n\n            <\/div>\r\n\t\t            <div class=\"loop-room-book-wrapper\">\r\n\t\t\t\t\n\n<div class=\"mphb-to-book-btn-wrapper\">\n<form action=\"https:\/\/calpebay.net\/fr\/accommodation\/appartement-2-chambres-ma-maison\/#booking-form-6247\" method=\"get\" ><button type=\"submit\" class=\"button mphb-book-button\" >R\u00e9server<\/button><\/form>\n<br\/><\/div>            <\/div>\r\n\t\t\r\n    <\/div>\r\n\t\r\n<\/div>\r\n\r\n\r\n<div class=\"mphb-room-type post-6003 mphb_room_type type-mphb_room_type status-publish has-post-thumbnail mphb_room_type_category-calpe-fr mphb_room_type_facility-chauffage mphb_room_type_facility-confort-de-la-chambre mphb_room_type_facility-essentiels-de-salle-de-bain mphb_room_type_facility-parking-gratuit mphb_room_type_facility-seche-cheveux mphb_room_type_facility-terrasse-fr mphb_room_type_facility-wifi-fr mphb-room-type-adults-4 mphb-room-type-children-12 \">\r\n\r\n\t\r\n    <div class=\"loop-room-wrapper\">\r\n\t\t            <div class=\"loop-room-images-wrapper\">\r\n\t\t\t\t<div class=\"loop-room-categories\"><a href=\"https:\/\/calpebay.net\/fr\/accommodation-category\/calpe-fr\/\" rel=\"tag\">Calpe<\/a><\/div>\n\n\t<div class=\"mphb-room-type-images\">\n\t<div id='mphb-flexslider-gallery-3' class='gallery-columns-1 gallery-size-booklium-square mphb-gallery-main-slider mphb-flexslider-gallery-wrapper mphb-room-type-gallery-wrapper mphb-gallery-main-slider-69e01932477b4' data-flexslider-atts='{\"animation\":\"slide\",\"controlNav\":false,\"animationLoop\":true,\"smoothHeight\":true,\"slideshow\":false}' data-group='69e01932477b4'><ul class=\"slides\"><li class='gallery-item'><span class='gallery-icon landscape'>\n\t\t\t\t<a href=\"https:\/\/calpebay.net\/fr\/accommodation\/appartement-de-2-chambres-dans-la-vieille-ville\/\"><img loading=\"lazy\" decoding=\"async\" width=\"892\" height=\"683\" src=\"https:\/\/i0.wp.com\/calpebay.net\/wp-content\/uploads\/2019\/08\/COMEDOR-PASILLO-1024.jpg?resize=892%2C683&amp;ssl=1\" class=\"attachment-booklium-square size-booklium-square\" alt=\"\" \/><\/a>\n\t\t\t<\/span><\/li><\/ul>\n\t\t<\/div>\n\n\t<\/div>\n\t            <\/div>\r\n\t\t\t            <div class=\"loop-room-info-wrapper\">\r\n\t\t\t\t\n<h2 class=\"mphb-room-type-title entry-title\">\n\n<a class=\"mphb-room-type-title\" href=\"https:\/\/calpebay.net\/fr\/accommodation\/appartement-de-2-chambres-dans-la-vieille-ville\/\">Appartement de 2 chambres dans la vieille ville<\/a>\n\n<\/h2>\n\n<p>Old Town, comme son nom l&#8217;indique, est situ\u00e9 \u00e0 200 m\u00e8tres de la vieille ville et \u00e0 seulement 600 m\u00e8tres des plages.<\/p>\n\n            <\/div>\r\n\t\t            <div class=\"loop-room-book-wrapper\">\r\n\t\t\t\t\n\n<div class=\"mphb-to-book-btn-wrapper\">\n<form action=\"https:\/\/calpebay.net\/fr\/accommodation\/appartement-de-2-chambres-dans-la-vieille-ville\/#booking-form-6003\" method=\"get\" ><button type=\"submit\" class=\"button mphb-book-button\" >R\u00e9server<\/button><\/form>\n<br\/><\/div>            <\/div>\r\n\t\t\r\n    <\/div>\r\n\t\r\n<\/div>\r\n\r\n    <\/div>\r\n\t<\/div>","protected":false},"excerpt":{"rendered":"<p>Nous sommes l&#8217;un des principaux sp\u00e9cialistes mondiaux de la location de maisons de vacances de luxe, avec un portefeuille de plus de 4 000 maisons de vacances de luxe dans 50 des meilleures destinations de vacances au monde.<\/p>\n","protected":false},"author":1,"featured_media":0,"parent":0,"menu_order":0,"comment_status":"closed","ping_status":"closed","template":"template-wider-page.php","meta":{"nf_dc_page":"","_crdt_document":"","om_disable_all_campaigns":false,"inline_featured_image":false,"_monsterinsights_skip_tracking":false,"_monsterinsights_sitenote_active":false,"_monsterinsights_sitenote_note":"","_monsterinsights_sitenote_category":0,"footnotes":""},"class_list":["post-5336","page","type-page","status-publish","hentry"],"aioseo_notices":[],"jetpack_sharing_enabled":true,"_links":{"self":[{"href":"https:\/\/calpebay.net\/fr\/wp-json\/wp\/v2\/pages\/5336","targetHints":{"allow":["GET"]}}],"collection":[{"href":"https:\/\/calpebay.net\/fr\/wp-json\/wp\/v2\/pages"}],"about":[{"href":"https:\/\/calpebay.net\/fr\/wp-json\/wp\/v2\/types\/page"}],"author":[{"embeddable":true,"href":"https:\/\/calpebay.net\/fr\/wp-json\/wp\/v2\/users\/1"}],"replies":[{"embeddable":true,"href":"https:\/\/calpebay.net\/fr\/wp-json\/wp\/v2\/comments?post=5336"}],"version-history":[{"count":1,"href":"https:\/\/calpebay.net\/fr\/wp-json\/wp\/v2\/pages\/5336\/revisions"}],"predecessor-version":[{"id":5343,"href":"https:\/\/calpebay.net\/fr\/wp-json\/wp\/v2\/pages\/5336\/revisions\/5343"}],"wp:attachment":[{"href":"https:\/\/calpebay.net\/fr\/wp-json\/wp\/v2\/media?parent=5336"}],"curies":[{"name":"wp","href":"https:\/\/api.w.org\/{rel}","templated":true}]}}