{"id":5570,"date":"2019-08-20T14:11:27","date_gmt":"2019-08-20T14:11:27","guid":{"rendered":"https:\/\/calpebay.net\/blocs\/rocher-difach\/"},"modified":"2024-05-17T12:27:14","modified_gmt":"2024-05-17T12:27:14","slug":"rocher-difach","status":"publish","type":"page","link":"https:\/\/calpebay.net\/fr\/rocher-difach\/","title":{"rendered":"Rocher d&#8217;Ifach"},"content":{"rendered":"\n<div class=\"alignfull has-inner-blocks-gap-undefined wp-block-getwid-section alignfull getwid-margin-bottom-none getwid-section-content-custom-width\"><div class=\"wp-block-getwid-section__wrapper\" style=\"min-height:90vh\"><div class=\"wp-block-getwid-section__divider is-top-divider\"><svg x=\"0px\" y=\"0px\" viewBox=\"0 0 1000 100\" preserveAspectRatio=\"xMidYMax slice\" class=\"wp-block-getwid-section__divider-svg\"><path fill=\"white\" class=\"wp-block-getwid-section__divider-svg-fill\" d=\"M96.75,42.51c41.73,3.17,56.48-13.82,97.52-23.11C303.06-5.25,340.46,82.24,438.1,54.44c33.81-9.63,53.36-26.96,113.28-37.89c6.98-1.27,32.05-6.68,62.62-6.55c102.24,0.44,122.48,45.95,222,41.5c70.08-3.13,126.55-28.66,164-50.4V0H0v0.9C21.95,18.65,54.96,39.33,96.75,42.51z\"><\/path><path fill=\"white\" class=\"wp-block-getwid-section__divider-svg-fill\" opacity=\"0.5\" d=\"M62.31,65.11C104.87,60.84,123.89,39.78,176.9,37c13.38-0.7,23.39-0.29,29.97,0.57C241.3,42.12,263.58,59.94,337.9,73C446,92,461,28,587.8,30c108.8,1.8,125.5,49.4,235,46C901.4,73.6,986,46.2,1000,26.1V0H0v58.3C27.02,66.57,48.28,66.52,62.31,65.11z\"><\/path><path fill=\"white\" class=\"wp-block-getwid-section__divider-svg-fill\" opacity=\"0.5\" d=\"M142.1,74c55.77-2.72,60.02-21.75,116.4-28c71.3-7.9,95.2,23.8,167.8,36C539.1,101,554.8,37,687,39c113.5,1.8,131,49.4,245.1,46c22.7-0.7,45.9-3.3,67.9-7.1V0H0v29C33.03,51.37,82.74,76.89,142.1,74z\"><\/path><\/svg><\/div><div class=\"wp-block-getwid-section__divider is-bottom-divider\"><svg x=\"0px\" y=\"0px\" viewBox=\"0 0 1000 100\" preserveAspectRatio=\"xMidYMax slice\" class=\"wp-block-getwid-section__divider-svg\"><path fill=\"#f8f8f8\" class=\"wp-block-getwid-section__divider-svg-fill\" d=\"M96.75,42.51c41.73,3.17,56.48-13.82,97.52-23.11C303.06-5.25,340.46,82.24,438.1,54.44c33.81-9.63,53.36-26.96,113.28-37.89c6.98-1.27,32.05-6.68,62.62-6.55c102.24,0.44,122.48,45.95,222,41.5c70.08-3.13,126.55-28.66,164-50.4V0H0v0.9C21.95,18.65,54.96,39.33,96.75,42.51z\"><\/path><path fill=\"#f8f8f8\" class=\"wp-block-getwid-section__divider-svg-fill\" opacity=\"0.5\" d=\"M62.31,65.11C104.87,60.84,123.89,39.78,176.9,37c13.38-0.7,23.39-0.29,29.97,0.57C241.3,42.12,263.58,59.94,337.9,73C446,92,461,28,587.8,30c108.8,1.8,125.5,49.4,235,46C901.4,73.6,986,46.2,1000,26.1V0H0v58.3C27.02,66.57,48.28,66.52,62.31,65.11z\"><\/path><path fill=\"#f8f8f8\" class=\"wp-block-getwid-section__divider-svg-fill\" opacity=\"0.5\" d=\"M142.1,74c55.77-2.72,60.02-21.75,116.4-28c71.3-7.9,95.2,23.8,167.8,36C539.1,101,554.8,37,687,39c113.5,1.8,131,49.4,245.1,46c22.7-0.7,45.9-3.3,67.9-7.1V0H0v29C33.03,51.37,82.74,76.89,142.1,74z\"><\/path><\/svg><\/div><div class=\"wp-block-getwid-section__inner-wrapper\" style=\"max-width:768px\"><div class=\"wp-block-getwid-section__background-holder\"><div class=\"wp-block-getwid-section__background\" style=\"background-image:url('https:\/\/calpebay.net\/wp-content\/uploads\/2024\/05\/PENON-IFACH-WAVES-2000.jpg');background-attachment:fixed\"><div class=\"wp-block-getwid-section__background-image-wrapper\"><img data-recalc-dims=\"1\" decoding=\"async\" class=\"wp-block-getwid-section__background-image\" src=\"https:\/\/i0.wp.com\/calpebay.net\/wp-content\/uploads\/2024\/05\/PENON-IFACH-WAVES-2000.jpg?w=892&#038;ssl=1\" alt=\"\"\/><\/div><\/div><div class=\"wp-block-getwid-section__foreground\" style=\"opacity:0.75;background-color:#fec9ff;background-image:linear-gradient(155deg,rgba(255,237,154) 0%,rgba(149,230,255) 100%);mix-blend-mode:darken\"><\/div><\/div><div class=\"wp-block-getwid-section__content\"><div class=\"wp-block-getwid-section__inner-content\">\n<div class=\"wp-block-getwid-advanced-heading\"><h2 class=\"wp-block-getwid-advanced-heading__content has-text-color\" style=\"text-align:center;color:#ffffff\">  Nous livrons des logiciels sur mesure<\/h2><\/div>\n\n\n\n<p class=\"has-text-align-center has-text-color wp-block-paragraph\" style=\"color:#ffffff\">Nous fournissons la conception et  \ndes services logiciels num\u00e9riques enti\u00e8rement flexibles et puissants. commande  \nlogiciel d\u00e9di\u00e9 pour l&#8217;informatique g\u00e9n\u00e9rale, les syst\u00e8mes CRM, les applications web  \nd\u00e9veloppement et plus encore.<\/p>\n\n\n\n<div class=\"is-style-default aligncenter wp-block-button\"><a class=\"wp-block-button__link wp-element-button\" href=\"#\">Apprendre encore plus<\/a><\/div>\n<\/div><\/div><\/div><\/div><\/div>\n\n<div class=\"alignfull has-inner-blocks-gap-undefined wp-block-getwid-section alignfull getwid-margin-top-none getwid-margin-bottom-large\"><div class=\"wp-block-getwid-section__wrapper getwid-padding-top-normal getwid-padding-mobile-left-medium getwid-padding-mobile-right-medium\" style=\"padding-bottom:200px;padding-left:95px;padding-right:95px\"><div class=\"wp-block-getwid-section__inner-wrapper\"><div class=\"wp-block-getwid-section__background-holder\"><div class=\"wp-block-getwid-section__background\"><\/div><div class=\"wp-block-getwid-section__foreground\" style=\"opacity:0.36;mix-blend-mode:\"><\/div><\/div><div class=\"wp-block-getwid-section__content\"><div class=\"wp-block-getwid-section__inner-content\">\n<figure class=\"wp-block-image size-large\"><img data-recalc-dims=\"1\" loading=\"lazy\" decoding=\"async\" width=\"892\" height=\"594\" src=\"https:\/\/i0.wp.com\/calpebay.net\/wp-content\/uploads\/2024\/05\/PENON-IFACH-WAVES-2000.jpg?resize=892%2C594&#038;ssl=1\" alt=\"\" class=\"wp-image-2283\" srcset=\"https:\/\/i0.wp.com\/calpebay.net\/wp-content\/uploads\/2024\/05\/PENON-IFACH-WAVES-2000.jpg?resize=1024%2C682&amp;ssl=1 1024w, https:\/\/i0.wp.com\/calpebay.net\/wp-content\/uploads\/2024\/05\/PENON-IFACH-WAVES-2000.jpg?resize=300%2C200&amp;ssl=1 300w, https:\/\/i0.wp.com\/calpebay.net\/wp-content\/uploads\/2024\/05\/PENON-IFACH-WAVES-2000.jpg?resize=768%2C512&amp;ssl=1 768w, https:\/\/i0.wp.com\/calpebay.net\/wp-content\/uploads\/2024\/05\/PENON-IFACH-WAVES-2000.jpg?resize=1536%2C1024&amp;ssl=1 1536w, https:\/\/i0.wp.com\/calpebay.net\/wp-content\/uploads\/2024\/05\/PENON-IFACH-WAVES-2000.jpg?resize=892%2C595&amp;ssl=1 892w, https:\/\/i0.wp.com\/calpebay.net\/wp-content\/uploads\/2024\/05\/PENON-IFACH-WAVES-2000.jpg?resize=1350%2C900&amp;ssl=1 1350w, https:\/\/i0.wp.com\/calpebay.net\/wp-content\/uploads\/2024\/05\/PENON-IFACH-WAVES-2000.jpg?w=2000&amp;ssl=1 2000w, https:\/\/i0.wp.com\/calpebay.net\/wp-content\/uploads\/2024\/05\/PENON-IFACH-WAVES-2000.jpg?w=1784&amp;ssl=1 1784w\" sizes=\"auto, (max-width: 892px) 100vw, 892px\" \/><\/figure>\n\n\n\n<figure class=\"wp-block-gallery has-nested-images columns-default is-cropped wp-block-gallery-1 is-layout-flex wp-block-gallery-is-layout-flex\">\n<figure class=\"wp-block-image size-large\"><img data-recalc-dims=\"1\" loading=\"lazy\" decoding=\"async\" width=\"892\" height=\"595\" data-id=\"2286\" src=\"https:\/\/i0.wp.com\/calpebay.net\/wp-content\/uploads\/2024\/05\/PENON-IFACH-PUERTO-2000.jpg?resize=892%2C595&#038;ssl=1\" alt=\"\" class=\"wp-image-2286\" srcset=\"https:\/\/i0.wp.com\/calpebay.net\/wp-content\/uploads\/2024\/05\/PENON-IFACH-PUERTO-2000.jpg?resize=1024%2C683&amp;ssl=1 1024w, https:\/\/i0.wp.com\/calpebay.net\/wp-content\/uploads\/2024\/05\/PENON-IFACH-PUERTO-2000.jpg?resize=300%2C200&amp;ssl=1 300w, https:\/\/i0.wp.com\/calpebay.net\/wp-content\/uploads\/2024\/05\/PENON-IFACH-PUERTO-2000.jpg?resize=768%2C512&amp;ssl=1 768w, https:\/\/i0.wp.com\/calpebay.net\/wp-content\/uploads\/2024\/05\/PENON-IFACH-PUERTO-2000.jpg?resize=1536%2C1025&amp;ssl=1 1536w, https:\/\/i0.wp.com\/calpebay.net\/wp-content\/uploads\/2024\/05\/PENON-IFACH-PUERTO-2000.jpg?resize=892%2C595&amp;ssl=1 892w, https:\/\/i0.wp.com\/calpebay.net\/wp-content\/uploads\/2024\/05\/PENON-IFACH-PUERTO-2000.jpg?resize=1350%2C900&amp;ssl=1 1350w, https:\/\/i0.wp.com\/calpebay.net\/wp-content\/uploads\/2024\/05\/PENON-IFACH-PUERTO-2000.jpg?w=2000&amp;ssl=1 2000w, https:\/\/i0.wp.com\/calpebay.net\/wp-content\/uploads\/2024\/05\/PENON-IFACH-PUERTO-2000.jpg?w=1784&amp;ssl=1 1784w\" sizes=\"auto, (max-width: 892px) 100vw, 892px\" \/><\/figure>\n<\/figure>\n\n\n\n<figure class=\"wp-block-image size-large\"><img data-recalc-dims=\"1\" loading=\"lazy\" decoding=\"async\" width=\"892\" height=\"594\" src=\"https:\/\/i0.wp.com\/calpebay.net\/wp-content\/uploads\/2024\/05\/PENON-IFACH-FOSSA-2000.jpg?resize=892%2C594&#038;ssl=1\" alt=\"\" class=\"wp-image-2289\" srcset=\"https:\/\/i0.wp.com\/calpebay.net\/wp-content\/uploads\/2024\/05\/PENON-IFACH-FOSSA-2000.jpg?resize=1024%2C682&amp;ssl=1 1024w, https:\/\/i0.wp.com\/calpebay.net\/wp-content\/uploads\/2024\/05\/PENON-IFACH-FOSSA-2000.jpg?resize=300%2C200&amp;ssl=1 300w, https:\/\/i0.wp.com\/calpebay.net\/wp-content\/uploads\/2024\/05\/PENON-IFACH-FOSSA-2000.jpg?resize=768%2C512&amp;ssl=1 768w, https:\/\/i0.wp.com\/calpebay.net\/wp-content\/uploads\/2024\/05\/PENON-IFACH-FOSSA-2000.jpg?resize=1536%2C1024&amp;ssl=1 1536w, https:\/\/i0.wp.com\/calpebay.net\/wp-content\/uploads\/2024\/05\/PENON-IFACH-FOSSA-2000.jpg?resize=892%2C595&amp;ssl=1 892w, https:\/\/i0.wp.com\/calpebay.net\/wp-content\/uploads\/2024\/05\/PENON-IFACH-FOSSA-2000.jpg?resize=1350%2C900&amp;ssl=1 1350w, https:\/\/i0.wp.com\/calpebay.net\/wp-content\/uploads\/2024\/05\/PENON-IFACH-FOSSA-2000.jpg?w=2000&amp;ssl=1 2000w, https:\/\/i0.wp.com\/calpebay.net\/wp-content\/uploads\/2024\/05\/PENON-IFACH-FOSSA-2000.jpg?w=1784&amp;ssl=1 1784w\" sizes=\"auto, (max-width: 892px) 100vw, 892px\" \/><\/figure>\n<\/div><\/div><\/div><\/div><\/div>\n\n<div class=\"has-2-columns wp-block-columns is-layout-flex wp-container-core-columns-is-layout-8f761849 wp-block-columns-is-layout-flex\">\n<div class=\"wp-block-column is-layout-flow wp-block-column-is-layout-flow\">\n<div class=\"wp-block-getwid-section getwid-anim fadeInLeftShort getwid-section-content-custom-width\" data-wow-duration=\"1500ms\" data-wow-delay=\"200ms\"><div class=\"wp-block-getwid-section__wrapper getwid-padding-bottom-medium getwid-padding-left-medium getwid-padding-right-medium getwid-align-items-flex-end getwid-justify-content-flex-start\" style=\"min-height:400px\"><div class=\"wp-block-getwid-section__divider is-top-divider\"><svg style=\"height:7px\" x=\"0px\" y=\"0px\" viewBox=\"0 0 996 4\" preserveAspectRatio=\"xMidYMax slice\" class=\"wp-block-getwid-section__divider-svg wp-block-getwid-section__divider-svg-negative\"><path fill=\"white\" class=\"wp-block-getwid-section__divider-svg-fill\" d=\"M990,1c-2.8,0-3.2,2-6,2c-2.8,0-3.2-2-6-2c-2.8,0-3.2,2-6,2c-2.8,0-3.2-2-6-2c-2.8,0-3.2,2-6,2c-2.8,0-3.2-2-6-2c-2.8,0-3.2,2-6,2c-2.8,0-3.2-2-6-2c-2.8,0-3.2,2-6,2c-2.8,0-3.2-2-6-2c-2.8,0-3.2,2-6,2c-2.8,0-3.2-2-6-2c-2.8,0-3.2,2-6,2c-2.8,0-3.2-2-6-2c-2.8,0-3.2,2-6,2c-2.8,0-3.2-2-6-2c-2.8,0-3.2,2-6,2c-2.8,0-3.2-2-6-2c-2.8,0-3.2,2-6,2c-2.8,0-3.2-2-6-2c-2.8,0-3.2,2-6,2c-2.8,0-3.2-2-6-2c-2.8,0-3.2,2-6,2c-2.8,0-3.2-2-6-2c-2.8,0-3.2,2-6,2c-2.8,0-3.2-2-6-2c-2.8,0-3.2,2-6,2c-2.8,0-3.2-2-6-2c-2.8,0-3.2,2-6,2c-2.8,0-3.2-2-6-2c-2.8,0-3.2,2-6,2c-2.8,0-3.2-2-6-2c-2.8,0-3.2,2-6,2c-2.8,0-3.2-2-6-2c-2.8,0-3.2,2-6,2c-2.8,0-3.2-2-6-2c-2.8,0-3.2,2-6,2c-2.8,0-3.2-2-6-2c-2.8,0-3.2,2-6,2c-2.8,0-3.2-2-6-2c-2.8,0-3.2,2-6,2c-2.8,0-3.2-2-6-2c-2.8,0-3.2,2-6,2c-2.8,0-3.2-2-6-2c-2.8,0-3.2,2-6,2c-2.8,0-3.2-2-6-2c-2.8,0-3.2,2-6,2c-2.8,0-3.2-2-6-2c-2.8,0-3.2,2-6,2c-2.8,0-3.2-2-6-2c-2.8,0-3.2,2-6,2c-2.8,0-3.2-2-6-2c-2.8,0-3.2,2-6,2c-2.8,0-3.2-2-6-2c-2.8,0-3.2,2-6,2c-2.8,0-3.2-2-6-2c-2.8,0-3.2,2-6,2c-2.8,0-3.2-2-6-2c-2.8,0-3.2,2-6,2c-2.8,0-3.2-2-6-2c-2.8,0-3.2,2-6,2c-2.8,0-3.2-2-6-2c-2.8,0-3.2,2-6,2c-2.8,0-3.2-2-6-2c-2.8,0-3.2,2-6,2c-2.8,0-3.2-2-6-2c-2.8,0-3.2,2-6,2c-2.8,0-3.2-2-6-2c-2.8,0-3.2,2-6,2c-2.8,0-3.2-2-6-2c-2.8,0-3.2,2-6,2c-2.8,0-3.2-2-6-2c-2.8,0-3.2,2-6,2c-2.8,0-3.2-2-6-2c-2.8,0-3.2,2-6,2c-2.8,0-3.2-2-6-2c-2.8,0-3.2,2-6,2c-2.8,0-3.2-2-6-2c-2.8,0-3.2,2-6,2c-2.8,0-3.2-2-6-2c-2.8,0-3.2,2-6,2c-2.8,0-3.2-2-6-2c-2.8,0-3.2,2-6,2c-2.8,0-3.2-2-6-2c-2.8,0-3.2,2-6,2c-2.8,0-3.2-2-6-2c-2.8,0-3.2,2-6,2c-2.8,0-3.2-2-6-2c-2.8,0-3.2,2-6,2c-2.8,0-3.2-2-6-2c-2.8,0-3.2,2-6,2c-2.8,0-3.2-2-6-2c-2.8,0-3.2,2-6,2c-2.8,0-3.2-2-6-2c-2.8,0-3.2,2-6,2c-2.8,0-3.2-2-6-2c-2.8,0-3.2,2-6,2c-2.8,0-3.2-2-6-2c-2.8,0-3.2,2-6,2c-2.8,0-3.2-2-6-2c-2.8,0-3.2,2-6,2c-2.8,0-3.2-2-6-2c-2.8,0-3.2,2-6,2c-2.8,0-3.2-2-6-2c-2.8,0-3.2,2-6,2c-2.8,0-3.2-2-6-2c-2.8,0-3.2,2-6,2c-2.8,0-3.2-2-6-2c-2.8,0-3.2,2-6,2c-2.8,0-3.2-2-6-2c-2.8,0-3.2,2-6,2c-2.8,0-3.2-2-6-2c-2.8,0-3.2,2-6,2c-2.8,0-3.2-2-6-2c-2.8,0-3.2,2-6,2c-2.8,0-3.2-2-6-2c-2.8,0-3.2,2-6,2c-2.8,0-3.2-2-6-2c-2.8,0-3.2,2-6,2c-2.8,0-3.2-2-6-2c-2.8,0-3.2,2-6,2c-2.8,0-3.2-2-6-2c-2.8,0-3.2,2-6,2c-2.8,0-3.2-2-6-2c-2.8,0-3.2,2-6,2c-2.8,0-3.2-2-6-2c-2.8,0-3.2,2-6,2c-2.8,0-3.2-2-6-2c-2.8,0-3.2,2-6,2c-2.8,0-3.2-2-6-2c-2.8,0-3.2,2-6,2c-2.8,0-3.2-2-6-2c-2.8,0-3.2,2-6,2c-2.8,0-3.2-2-6-2c-2.8,0-3.2,2-6,2c-2.8,0-3.2-2-6-2c-2.8,0-3.2,2-6,2c-2.8,0-3.2-2-6-2c-2.8,0-3.2,2-6,2c-2.8,0-3.2-2-6-2c-2.8,0-3.2,2-6,2c-2.8,0-3.2-2-6-2c-2.8,0-3.2,2-6,2c-2.8,0-3.2-2-6-2c-2.8,0-3.2,2-6,2c-2.8,0-3.2-2-6-2c-2.8,0-3.2,2-6,2c-2.8,0-3.2-2-6-2c-2.8,0-3.2,2-6,2c-2.8,0-3.2-2-6-2c-2.8,0-3.2,2-6,2c-2.8,0-3.2-2-6-2c-2.8,0-3.2,2-6,2c-2.8,0-3.2-2-6-2c-2.8,0-3.2,2-6,2c-2.8,0-3.2-2-6-2c-2.8,0-3.2,2-6,2c-2.8,0-3.2-2-6-2c-2.8,0-3.2,2-6,2c-2.8,0-3.2-2-6-2c-2.8,0-3.2,2-6,2c-2.8,0-3.2-2-6-2c-2.8,0-3.2,2-6,2C9.2,3,8.8,1,6,1C3.2,1,2.8,3,0,3v1h996V3C993.2,3,992.8,1,990,1z\"><\/path><\/svg><\/div><div class=\"wp-block-getwid-section__divider is-bottom-divider\"><svg style=\"height:7px\" x=\"0px\" y=\"0px\" viewBox=\"0 0 996 4\" preserveAspectRatio=\"xMidYMax slice\" class=\"wp-block-getwid-section__divider-svg wp-block-getwid-section__divider-svg-negative\"><path fill=\"white\" class=\"wp-block-getwid-section__divider-svg-fill\" d=\"M990,1c-2.8,0-3.2,2-6,2c-2.8,0-3.2-2-6-2c-2.8,0-3.2,2-6,2c-2.8,0-3.2-2-6-2c-2.8,0-3.2,2-6,2c-2.8,0-3.2-2-6-2c-2.8,0-3.2,2-6,2c-2.8,0-3.2-2-6-2c-2.8,0-3.2,2-6,2c-2.8,0-3.2-2-6-2c-2.8,0-3.2,2-6,2c-2.8,0-3.2-2-6-2c-2.8,0-3.2,2-6,2c-2.8,0-3.2-2-6-2c-2.8,0-3.2,2-6,2c-2.8,0-3.2-2-6-2c-2.8,0-3.2,2-6,2c-2.8,0-3.2-2-6-2c-2.8,0-3.2,2-6,2c-2.8,0-3.2-2-6-2c-2.8,0-3.2,2-6,2c-2.8,0-3.2-2-6-2c-2.8,0-3.2,2-6,2c-2.8,0-3.2-2-6-2c-2.8,0-3.2,2-6,2c-2.8,0-3.2-2-6-2c-2.8,0-3.2,2-6,2c-2.8,0-3.2-2-6-2c-2.8,0-3.2,2-6,2c-2.8,0-3.2-2-6-2c-2.8,0-3.2,2-6,2c-2.8,0-3.2-2-6-2c-2.8,0-3.2,2-6,2c-2.8,0-3.2-2-6-2c-2.8,0-3.2,2-6,2c-2.8,0-3.2-2-6-2c-2.8,0-3.2,2-6,2c-2.8,0-3.2-2-6-2c-2.8,0-3.2,2-6,2c-2.8,0-3.2-2-6-2c-2.8,0-3.2,2-6,2c-2.8,0-3.2-2-6-2c-2.8,0-3.2,2-6,2c-2.8,0-3.2-2-6-2c-2.8,0-3.2,2-6,2c-2.8,0-3.2-2-6-2c-2.8,0-3.2,2-6,2c-2.8,0-3.2-2-6-2c-2.8,0-3.2,2-6,2c-2.8,0-3.2-2-6-2c-2.8,0-3.2,2-6,2c-2.8,0-3.2-2-6-2c-2.8,0-3.2,2-6,2c-2.8,0-3.2-2-6-2c-2.8,0-3.2,2-6,2c-2.8,0-3.2-2-6-2c-2.8,0-3.2,2-6,2c-2.8,0-3.2-2-6-2c-2.8,0-3.2,2-6,2c-2.8,0-3.2-2-6-2c-2.8,0-3.2,2-6,2c-2.8,0-3.2-2-6-2c-2.8,0-3.2,2-6,2c-2.8,0-3.2-2-6-2c-2.8,0-3.2,2-6,2c-2.8,0-3.2-2-6-2c-2.8,0-3.2,2-6,2c-2.8,0-3.2-2-6-2c-2.8,0-3.2,2-6,2c-2.8,0-3.2-2-6-2c-2.8,0-3.2,2-6,2c-2.8,0-3.2-2-6-2c-2.8,0-3.2,2-6,2c-2.8,0-3.2-2-6-2c-2.8,0-3.2,2-6,2c-2.8,0-3.2-2-6-2c-2.8,0-3.2,2-6,2c-2.8,0-3.2-2-6-2c-2.8,0-3.2,2-6,2c-2.8,0-3.2-2-6-2c-2.8,0-3.2,2-6,2c-2.8,0-3.2-2-6-2c-2.8,0-3.2,2-6,2c-2.8,0-3.2-2-6-2c-2.8,0-3.2,2-6,2c-2.8,0-3.2-2-6-2c-2.8,0-3.2,2-6,2c-2.8,0-3.2-2-6-2c-2.8,0-3.2,2-6,2c-2.8,0-3.2-2-6-2c-2.8,0-3.2,2-6,2c-2.8,0-3.2-2-6-2c-2.8,0-3.2,2-6,2c-2.8,0-3.2-2-6-2c-2.8,0-3.2,2-6,2c-2.8,0-3.2-2-6-2c-2.8,0-3.2,2-6,2c-2.8,0-3.2-2-6-2c-2.8,0-3.2,2-6,2c-2.8,0-3.2-2-6-2c-2.8,0-3.2,2-6,2c-2.8,0-3.2-2-6-2c-2.8,0-3.2,2-6,2c-2.8,0-3.2-2-6-2c-2.8,0-3.2,2-6,2c-2.8,0-3.2-2-6-2c-2.8,0-3.2,2-6,2c-2.8,0-3.2-2-6-2c-2.8,0-3.2,2-6,2c-2.8,0-3.2-2-6-2c-2.8,0-3.2,2-6,2c-2.8,0-3.2-2-6-2c-2.8,0-3.2,2-6,2c-2.8,0-3.2-2-6-2c-2.8,0-3.2,2-6,2c-2.8,0-3.2-2-6-2c-2.8,0-3.2,2-6,2c-2.8,0-3.2-2-6-2c-2.8,0-3.2,2-6,2c-2.8,0-3.2-2-6-2c-2.8,0-3.2,2-6,2c-2.8,0-3.2-2-6-2c-2.8,0-3.2,2-6,2c-2.8,0-3.2-2-6-2c-2.8,0-3.2,2-6,2c-2.8,0-3.2-2-6-2c-2.8,0-3.2,2-6,2c-2.8,0-3.2-2-6-2c-2.8,0-3.2,2-6,2c-2.8,0-3.2-2-6-2c-2.8,0-3.2,2-6,2c-2.8,0-3.2-2-6-2c-2.8,0-3.2,2-6,2c-2.8,0-3.2-2-6-2c-2.8,0-3.2,2-6,2c-2.8,0-3.2-2-6-2c-2.8,0-3.2,2-6,2c-2.8,0-3.2-2-6-2c-2.8,0-3.2,2-6,2c-2.8,0-3.2-2-6-2c-2.8,0-3.2,2-6,2c-2.8,0-3.2-2-6-2c-2.8,0-3.2,2-6,2c-2.8,0-3.2-2-6-2c-2.8,0-3.2,2-6,2c-2.8,0-3.2-2-6-2c-2.8,0-3.2,2-6,2c-2.8,0-3.2-2-6-2c-2.8,0-3.2,2-6,2c-2.8,0-3.2-2-6-2c-2.8,0-3.2,2-6,2c-2.8,0-3.2-2-6-2c-2.8,0-3.2,2-6,2c-2.8,0-3.2-2-6-2c-2.8,0-3.2,2-6,2c-2.8,0-3.2-2-6-2c-2.8,0-3.2,2-6,2c-2.8,0-3.2-2-6-2c-2.8,0-3.2,2-6,2c-2.8,0-3.2-2-6-2c-2.8,0-3.2,2-6,2c-2.8,0-3.2-2-6-2c-2.8,0-3.2,2-6,2C9.2,3,8.8,1,6,1C3.2,1,2.8,3,0,3v1h996V3C993.2,3,992.8,1,990,1z\"><\/path><\/svg><\/div><div class=\"wp-block-getwid-section__inner-wrapper\" style=\"max-width:480px\"><div class=\"wp-block-getwid-section__background-holder\"><div class=\"wp-block-getwid-section__background\" style=\"background-image:url('https:\/\/calpebay.net\/wp-content\/uploads\/2019\/08\/Villa-Pasadena-2.jpg')\"><div class=\"wp-block-getwid-section__background-image-wrapper\"><img data-recalc-dims=\"1\" decoding=\"async\" class=\"wp-block-getwid-section__background-image\" src=\"https:\/\/i0.wp.com\/calpebay.net\/wp-content\/uploads\/2019\/08\/Villa-Pasadena-2.jpg?w=892&#038;ssl=1\" alt=\"\"\/><\/div><\/div><div class=\"wp-block-getwid-section__foreground\" style=\"opacity:0.3;background-color:#000000\"><\/div><\/div><div class=\"wp-block-getwid-section__content\"><div class=\"wp-block-getwid-section__inner-content\">\n<div class=\"wp-block-getwid-advanced-heading\"><h4 class=\"wp-block-getwid-advanced-heading__content has-text-color has-white-color\">Augmentez votre croissance<\/h4><\/div>\n\n\n\n<p class=\"has-white-color has-text-color wp-block-paragraph\">Commandez un logiciel d\u00e9di\u00e9 \u00e0 l&#8217;informatique g\u00e9n\u00e9rale, aux syst\u00e8mes CRM, au d\u00e9veloppement d&#8217;applications Web et bien plus encore.<\/p>\n<\/div><\/div><\/div><\/div><\/div>\n<\/div>\n\n\n\n<div class=\"wp-block-column is-layout-flow wp-block-column-is-layout-flow\">\n<div class=\"wp-block-getwid-section getwid-anim fadeInRightShort getwid-section-content-custom-width\" data-wow-duration=\"1500ms\" data-wow-delay=\"200ms\"><div class=\"wp-block-getwid-section__wrapper getwid-padding-top-medium getwid-padding-left-medium getwid-padding-right-medium getwid-align-items-flex-start getwid-justify-content-flex-end\" style=\"min-height:400px\"><div class=\"wp-block-getwid-section__divider is-top-divider\"><svg style=\"height:7px\" x=\"0px\" y=\"0px\" viewBox=\"0 0 996 4\" preserveAspectRatio=\"xMidYMax slice\" class=\"wp-block-getwid-section__divider-svg wp-block-getwid-section__divider-svg-negative\"><path fill=\"white\" class=\"wp-block-getwid-section__divider-svg-fill\" d=\"M990,1c-2.8,0-3.2,2-6,2c-2.8,0-3.2-2-6-2c-2.8,0-3.2,2-6,2c-2.8,0-3.2-2-6-2c-2.8,0-3.2,2-6,2c-2.8,0-3.2-2-6-2c-2.8,0-3.2,2-6,2c-2.8,0-3.2-2-6-2c-2.8,0-3.2,2-6,2c-2.8,0-3.2-2-6-2c-2.8,0-3.2,2-6,2c-2.8,0-3.2-2-6-2c-2.8,0-3.2,2-6,2c-2.8,0-3.2-2-6-2c-2.8,0-3.2,2-6,2c-2.8,0-3.2-2-6-2c-2.8,0-3.2,2-6,2c-2.8,0-3.2-2-6-2c-2.8,0-3.2,2-6,2c-2.8,0-3.2-2-6-2c-2.8,0-3.2,2-6,2c-2.8,0-3.2-2-6-2c-2.8,0-3.2,2-6,2c-2.8,0-3.2-2-6-2c-2.8,0-3.2,2-6,2c-2.8,0-3.2-2-6-2c-2.8,0-3.2,2-6,2c-2.8,0-3.2-2-6-2c-2.8,0-3.2,2-6,2c-2.8,0-3.2-2-6-2c-2.8,0-3.2,2-6,2c-2.8,0-3.2-2-6-2c-2.8,0-3.2,2-6,2c-2.8,0-3.2-2-6-2c-2.8,0-3.2,2-6,2c-2.8,0-3.2-2-6-2c-2.8,0-3.2,2-6,2c-2.8,0-3.2-2-6-2c-2.8,0-3.2,2-6,2c-2.8,0-3.2-2-6-2c-2.8,0-3.2,2-6,2c-2.8,0-3.2-2-6-2c-2.8,0-3.2,2-6,2c-2.8,0-3.2-2-6-2c-2.8,0-3.2,2-6,2c-2.8,0-3.2-2-6-2c-2.8,0-3.2,2-6,2c-2.8,0-3.2-2-6-2c-2.8,0-3.2,2-6,2c-2.8,0-3.2-2-6-2c-2.8,0-3.2,2-6,2c-2.8,0-3.2-2-6-2c-2.8,0-3.2,2-6,2c-2.8,0-3.2-2-6-2c-2.8,0-3.2,2-6,2c-2.8,0-3.2-2-6-2c-2.8,0-3.2,2-6,2c-2.8,0-3.2-2-6-2c-2.8,0-3.2,2-6,2c-2.8,0-3.2-2-6-2c-2.8,0-3.2,2-6,2c-2.8,0-3.2-2-6-2c-2.8,0-3.2,2-6,2c-2.8,0-3.2-2-6-2c-2.8,0-3.2,2-6,2c-2.8,0-3.2-2-6-2c-2.8,0-3.2,2-6,2c-2.8,0-3.2-2-6-2c-2.8,0-3.2,2-6,2c-2.8,0-3.2-2-6-2c-2.8,0-3.2,2-6,2c-2.8,0-3.2-2-6-2c-2.8,0-3.2,2-6,2c-2.8,0-3.2-2-6-2c-2.8,0-3.2,2-6,2c-2.8,0-3.2-2-6-2c-2.8,0-3.2,2-6,2c-2.8,0-3.2-2-6-2c-2.8,0-3.2,2-6,2c-2.8,0-3.2-2-6-2c-2.8,0-3.2,2-6,2c-2.8,0-3.2-2-6-2c-2.8,0-3.2,2-6,2c-2.8,0-3.2-2-6-2c-2.8,0-3.2,2-6,2c-2.8,0-3.2-2-6-2c-2.8,0-3.2,2-6,2c-2.8,0-3.2-2-6-2c-2.8,0-3.2,2-6,2c-2.8,0-3.2-2-6-2c-2.8,0-3.2,2-6,2c-2.8,0-3.2-2-6-2c-2.8,0-3.2,2-6,2c-2.8,0-3.2-2-6-2c-2.8,0-3.2,2-6,2c-2.8,0-3.2-2-6-2c-2.8,0-3.2,2-6,2c-2.8,0-3.2-2-6-2c-2.8,0-3.2,2-6,2c-2.8,0-3.2-2-6-2c-2.8,0-3.2,2-6,2c-2.8,0-3.2-2-6-2c-2.8,0-3.2,2-6,2c-2.8,0-3.2-2-6-2c-2.8,0-3.2,2-6,2c-2.8,0-3.2-2-6-2c-2.8,0-3.2,2-6,2c-2.8,0-3.2-2-6-2c-2.8,0-3.2,2-6,2c-2.8,0-3.2-2-6-2c-2.8,0-3.2,2-6,2c-2.8,0-3.2-2-6-2c-2.8,0-3.2,2-6,2c-2.8,0-3.2-2-6-2c-2.8,0-3.2,2-6,2c-2.8,0-3.2-2-6-2c-2.8,0-3.2,2-6,2c-2.8,0-3.2-2-6-2c-2.8,0-3.2,2-6,2c-2.8,0-3.2-2-6-2c-2.8,0-3.2,2-6,2c-2.8,0-3.2-2-6-2c-2.8,0-3.2,2-6,2c-2.8,0-3.2-2-6-2c-2.8,0-3.2,2-6,2c-2.8,0-3.2-2-6-2c-2.8,0-3.2,2-6,2c-2.8,0-3.2-2-6-2c-2.8,0-3.2,2-6,2c-2.8,0-3.2-2-6-2c-2.8,0-3.2,2-6,2c-2.8,0-3.2-2-6-2c-2.8,0-3.2,2-6,2c-2.8,0-3.2-2-6-2c-2.8,0-3.2,2-6,2c-2.8,0-3.2-2-6-2c-2.8,0-3.2,2-6,2c-2.8,0-3.2-2-6-2c-2.8,0-3.2,2-6,2c-2.8,0-3.2-2-6-2c-2.8,0-3.2,2-6,2c-2.8,0-3.2-2-6-2c-2.8,0-3.2,2-6,2c-2.8,0-3.2-2-6-2c-2.8,0-3.2,2-6,2c-2.8,0-3.2-2-6-2c-2.8,0-3.2,2-6,2c-2.8,0-3.2-2-6-2c-2.8,0-3.2,2-6,2c-2.8,0-3.2-2-6-2c-2.8,0-3.2,2-6,2c-2.8,0-3.2-2-6-2c-2.8,0-3.2,2-6,2c-2.8,0-3.2-2-6-2c-2.8,0-3.2,2-6,2c-2.8,0-3.2-2-6-2c-2.8,0-3.2,2-6,2c-2.8,0-3.2-2-6-2c-2.8,0-3.2,2-6,2c-2.8,0-3.2-2-6-2c-2.8,0-3.2,2-6,2c-2.8,0-3.2-2-6-2c-2.8,0-3.2,2-6,2C9.2,3,8.8,1,6,1C3.2,1,2.8,3,0,3v1h996V3C993.2,3,992.8,1,990,1z\"><\/path><\/svg><\/div><div class=\"wp-block-getwid-section__divider is-bottom-divider\"><svg style=\"height:7px\" x=\"0px\" y=\"0px\" viewBox=\"0 0 996 4\" preserveAspectRatio=\"xMidYMax slice\" class=\"wp-block-getwid-section__divider-svg wp-block-getwid-section__divider-svg-negative\"><path fill=\"white\" class=\"wp-block-getwid-section__divider-svg-fill\" d=\"M990,1c-2.8,0-3.2,2-6,2c-2.8,0-3.2-2-6-2c-2.8,0-3.2,2-6,2c-2.8,0-3.2-2-6-2c-2.8,0-3.2,2-6,2c-2.8,0-3.2-2-6-2c-2.8,0-3.2,2-6,2c-2.8,0-3.2-2-6-2c-2.8,0-3.2,2-6,2c-2.8,0-3.2-2-6-2c-2.8,0-3.2,2-6,2c-2.8,0-3.2-2-6-2c-2.8,0-3.2,2-6,2c-2.8,0-3.2-2-6-2c-2.8,0-3.2,2-6,2c-2.8,0-3.2-2-6-2c-2.8,0-3.2,2-6,2c-2.8,0-3.2-2-6-2c-2.8,0-3.2,2-6,2c-2.8,0-3.2-2-6-2c-2.8,0-3.2,2-6,2c-2.8,0-3.2-2-6-2c-2.8,0-3.2,2-6,2c-2.8,0-3.2-2-6-2c-2.8,0-3.2,2-6,2c-2.8,0-3.2-2-6-2c-2.8,0-3.2,2-6,2c-2.8,0-3.2-2-6-2c-2.8,0-3.2,2-6,2c-2.8,0-3.2-2-6-2c-2.8,0-3.2,2-6,2c-2.8,0-3.2-2-6-2c-2.8,0-3.2,2-6,2c-2.8,0-3.2-2-6-2c-2.8,0-3.2,2-6,2c-2.8,0-3.2-2-6-2c-2.8,0-3.2,2-6,2c-2.8,0-3.2-2-6-2c-2.8,0-3.2,2-6,2c-2.8,0-3.2-2-6-2c-2.8,0-3.2,2-6,2c-2.8,0-3.2-2-6-2c-2.8,0-3.2,2-6,2c-2.8,0-3.2-2-6-2c-2.8,0-3.2,2-6,2c-2.8,0-3.2-2-6-2c-2.8,0-3.2,2-6,2c-2.8,0-3.2-2-6-2c-2.8,0-3.2,2-6,2c-2.8,0-3.2-2-6-2c-2.8,0-3.2,2-6,2c-2.8,0-3.2-2-6-2c-2.8,0-3.2,2-6,2c-2.8,0-3.2-2-6-2c-2.8,0-3.2,2-6,2c-2.8,0-3.2-2-6-2c-2.8,0-3.2,2-6,2c-2.8,0-3.2-2-6-2c-2.8,0-3.2,2-6,2c-2.8,0-3.2-2-6-2c-2.8,0-3.2,2-6,2c-2.8,0-3.2-2-6-2c-2.8,0-3.2,2-6,2c-2.8,0-3.2-2-6-2c-2.8,0-3.2,2-6,2c-2.8,0-3.2-2-6-2c-2.8,0-3.2,2-6,2c-2.8,0-3.2-2-6-2c-2.8,0-3.2,2-6,2c-2.8,0-3.2-2-6-2c-2.8,0-3.2,2-6,2c-2.8,0-3.2-2-6-2c-2.8,0-3.2,2-6,2c-2.8,0-3.2-2-6-2c-2.8,0-3.2,2-6,2c-2.8,0-3.2-2-6-2c-2.8,0-3.2,2-6,2c-2.8,0-3.2-2-6-2c-2.8,0-3.2,2-6,2c-2.8,0-3.2-2-6-2c-2.8,0-3.2,2-6,2c-2.8,0-3.2-2-6-2c-2.8,0-3.2,2-6,2c-2.8,0-3.2-2-6-2c-2.8,0-3.2,2-6,2c-2.8,0-3.2-2-6-2c-2.8,0-3.2,2-6,2c-2.8,0-3.2-2-6-2c-2.8,0-3.2,2-6,2c-2.8,0-3.2-2-6-2c-2.8,0-3.2,2-6,2c-2.8,0-3.2-2-6-2c-2.8,0-3.2,2-6,2c-2.8,0-3.2-2-6-2c-2.8,0-3.2,2-6,2c-2.8,0-3.2-2-6-2c-2.8,0-3.2,2-6,2c-2.8,0-3.2-2-6-2c-2.8,0-3.2,2-6,2c-2.8,0-3.2-2-6-2c-2.8,0-3.2,2-6,2c-2.8,0-3.2-2-6-2c-2.8,0-3.2,2-6,2c-2.8,0-3.2-2-6-2c-2.8,0-3.2,2-6,2c-2.8,0-3.2-2-6-2c-2.8,0-3.2,2-6,2c-2.8,0-3.2-2-6-2c-2.8,0-3.2,2-6,2c-2.8,0-3.2-2-6-2c-2.8,0-3.2,2-6,2c-2.8,0-3.2-2-6-2c-2.8,0-3.2,2-6,2c-2.8,0-3.2-2-6-2c-2.8,0-3.2,2-6,2c-2.8,0-3.2-2-6-2c-2.8,0-3.2,2-6,2c-2.8,0-3.2-2-6-2c-2.8,0-3.2,2-6,2c-2.8,0-3.2-2-6-2c-2.8,0-3.2,2-6,2c-2.8,0-3.2-2-6-2c-2.8,0-3.2,2-6,2c-2.8,0-3.2-2-6-2c-2.8,0-3.2,2-6,2c-2.8,0-3.2-2-6-2c-2.8,0-3.2,2-6,2c-2.8,0-3.2-2-6-2c-2.8,0-3.2,2-6,2c-2.8,0-3.2-2-6-2c-2.8,0-3.2,2-6,2c-2.8,0-3.2-2-6-2c-2.8,0-3.2,2-6,2c-2.8,0-3.2-2-6-2c-2.8,0-3.2,2-6,2c-2.8,0-3.2-2-6-2c-2.8,0-3.2,2-6,2c-2.8,0-3.2-2-6-2c-2.8,0-3.2,2-6,2c-2.8,0-3.2-2-6-2c-2.8,0-3.2,2-6,2c-2.8,0-3.2-2-6-2c-2.8,0-3.2,2-6,2c-2.8,0-3.2-2-6-2c-2.8,0-3.2,2-6,2c-2.8,0-3.2-2-6-2c-2.8,0-3.2,2-6,2c-2.8,0-3.2-2-6-2c-2.8,0-3.2,2-6,2c-2.8,0-3.2-2-6-2c-2.8,0-3.2,2-6,2c-2.8,0-3.2-2-6-2c-2.8,0-3.2,2-6,2c-2.8,0-3.2-2-6-2c-2.8,0-3.2,2-6,2c-2.8,0-3.2-2-6-2c-2.8,0-3.2,2-6,2c-2.8,0-3.2-2-6-2c-2.8,0-3.2,2-6,2c-2.8,0-3.2-2-6-2c-2.8,0-3.2,2-6,2c-2.8,0-3.2-2-6-2c-2.8,0-3.2,2-6,2C9.2,3,8.8,1,6,1C3.2,1,2.8,3,0,3v1h996V3C993.2,3,992.8,1,990,1z\"><\/path><\/svg><\/div><div class=\"wp-block-getwid-section__inner-wrapper\" style=\"max-width:460px\"><div class=\"wp-block-getwid-section__background-holder\"><div class=\"wp-block-getwid-section__background\" style=\"background-image:url('https:\/\/calpebay.net\/wp-content\/uploads\/2019\/08\/Villa-Sa-Riera-Sea-View-8.jpg')\"><div class=\"wp-block-getwid-section__background-image-wrapper\"><img data-recalc-dims=\"1\" decoding=\"async\" class=\"wp-block-getwid-section__background-image\" src=\"https:\/\/i0.wp.com\/calpebay.net\/wp-content\/uploads\/2019\/08\/Villa-Sa-Riera-Sea-View-8.jpg?w=892&#038;ssl=1\" alt=\"\"\/><\/div><\/div><div class=\"wp-block-getwid-section__foreground\" style=\"opacity:0.3;background-color:#000000\"><\/div><\/div><div class=\"wp-block-getwid-section__content\"><div class=\"wp-block-getwid-section__inner-content\">\n<div class=\"wp-block-getwid-advanced-heading\"><h4 class=\"wp-block-getwid-advanced-heading__content has-text-color has-white-color\" style=\"text-align:right\">Livrez un logiciel sur mesure<\/h4><\/div>\n\n\n\n<p class=\"has-text-align-right has-white-color has-text-color wp-block-paragraph\">Nous fournissons des services num\u00e9riques de conception et de logiciels enti\u00e8rement flexibles et puissants.<\/p>\n<\/div><\/div><\/div><\/div><\/div>\n<\/div>\n<\/div>\n","protected":false},"excerpt":{"rendered":"","protected":false},"author":1,"featured_media":0,"parent":0,"menu_order":0,"comment_status":"closed","ping_status":"closed","template":"","meta":{"nf_dc_page":"","_crdt_document":"","om_disable_all_campaigns":false,"inline_featured_image":false,"_monsterinsights_skip_tracking":false,"_monsterinsights_sitenote_active":false,"_monsterinsights_sitenote_note":"","_monsterinsights_sitenote_category":0,"footnotes":""},"class_list":["post-5570","page","type-page","status-publish","hentry"],"aioseo_notices":[],"jetpack_sharing_enabled":true,"_links":{"self":[{"href":"https:\/\/calpebay.net\/fr\/wp-json\/wp\/v2\/pages\/5570","targetHints":{"allow":["GET"]}}],"collection":[{"href":"https:\/\/calpebay.net\/fr\/wp-json\/wp\/v2\/pages"}],"about":[{"href":"https:\/\/calpebay.net\/fr\/wp-json\/wp\/v2\/types\/page"}],"author":[{"embeddable":true,"href":"https:\/\/calpebay.net\/fr\/wp-json\/wp\/v2\/users\/1"}],"replies":[{"embeddable":true,"href":"https:\/\/calpebay.net\/fr\/wp-json\/wp\/v2\/comments?post=5570"}],"version-history":[{"count":1,"href":"https:\/\/calpebay.net\/fr\/wp-json\/wp\/v2\/pages\/5570\/revisions"}],"predecessor-version":[{"id":5581,"href":"https:\/\/calpebay.net\/fr\/wp-json\/wp\/v2\/pages\/5570\/revisions\/5581"}],"wp:attachment":[{"href":"https:\/\/calpebay.net\/fr\/wp-json\/wp\/v2\/media?parent=5570"}],"curies":[{"name":"wp","href":"https:\/\/api.w.org\/{rel}","templated":true}]}}