{"id":5625,"date":"2019-09-17T11:28:45","date_gmt":"2019-09-17T11:28:45","guid":{"rendered":"https:\/\/calpebay.net\/alentours\/"},"modified":"2024-05-29T11:55:55","modified_gmt":"2024-05-29T11:55:55","slug":"alentours","status":"publish","type":"page","link":"https:\/\/calpebay.net\/fr\/alentours\/","title":{"rendered":"Alentours"},"content":{"rendered":"\n<div class=\"wp-block-getwid-section getwid-margin-top-none getwid-section-content-custom-width\"><div class=\"wp-block-getwid-section__wrapper getwid-padding-left-none getwid-padding-right-none\" style=\"padding-top:30px;padding-bottom:20px\"><div class=\"wp-block-getwid-section__inner-wrapper\" style=\"max-width:892px\"><div class=\"wp-block-getwid-section__background-holder\"><div class=\"wp-block-getwid-section__background\"><\/div><div class=\"wp-block-getwid-section__foreground\"><\/div><\/div><div class=\"wp-block-getwid-section__content\"><div class=\"wp-block-getwid-section__inner-content\">\n<div class=\"wp-block-getwid-advanced-heading\" style=\"margin-bottom:10px\"><h4 class=\"wp-block-getwid-advanced-heading__content\" style=\"text-align:center\">Calp et ses environs.<\/h4><\/div>\n\n\n\n<p class=\"wp-block-paragraph\">Calpe et ses environs ont beaucoup \u00e0 offrir. Voici quelques options int\u00e9ressantes \u00e0 explorer :<\/p>\n\n\n\n<ol class=\"wp-block-list\">\n<li class=\"\"><strong>Pe\u00f1\u00f3n de Ifach<\/strong> : Cet impressionnant rocher est l&#8217;un des symboles de la Costa Blanca. Il atteint une altitude de 332 m\u00e8tres et offre des vues spectaculaires. L&#8217;ascension du Pe\u00f1\u00f3n de Ifach est l&#8217;une des meilleures choses \u00e0 faire \u00e0 Calpe.<\/li>\n\n\n\n<li class=\"\"><strong>Les salines :<\/strong> Situ\u00e9 dans le m\u00eame centre urbain de <strong>Calpe<\/strong>, \u00e0 proximit\u00e9 du parc naturel <strong>Pe\u00f1\u00f3n de Ifach<\/strong>. D&#8217;une superficie de 41,08 hectares, ces salines constituent une enclave unique dot\u00e9e de valeurs culturelles, sociales et naturelles. <strong>173 esp\u00e8ces d&#8217;oiseaux<\/strong> ont \u00e9t\u00e9 recens\u00e9es, mettant en avant les populations de <strong>flamant rose<\/strong> et <strong>d&#8217;\u00e9chasses communes<\/strong>.<\/li>\n\n\n\n<li class=\"\"><strong>Point de vue du Morro de Toix :<\/strong> Le Mirador de Toix est un point de vue impressionnant situ\u00e9 sur le Morro de Toix, une montagne culminant \u00e0 300 m\u00e8tres d&#8217;altitude. Il sert de fronti\u00e8re naturelle entre les municipalit\u00e9s de Calpe et d&#8217;Altea dans la province d&#8217;Alicante, en Espagne. De ce point de vue, vous pourrez profiter d&#8217;une vue imprenable sur le parc naturel du Pe\u00f1\u00f3n de Ifach, la baie de Moraira, la Cumbre del Sol de Benitachell et m\u00eame, par temps clair, d&#8217;un aper\u00e7u d&#8217;Ibiza.<\/li>\n\n\n\n<li class=\"\"><strong>Centre historique:<\/strong> C&#8217;est un quartier tr\u00e8s charmant situ\u00e9 au sommet d&#8217;une colline, dans la ville de Calpe.Cette zone poss\u00e8de un grand patrimoine historique et culturel, avec des rues pav\u00e9es \u00e9troites, des places et des b\u00e2timents anciens pr\u00e9serv\u00e9s au fil des ann\u00e9es.<\/li>\n\n\n\n<li class=\"\"><strong>Promenade \u00e9cologique Pr\u00edncipe de Asturias<\/strong> : Profitez d&#8217;une agr\u00e9able promenade le long de ce magnifique sentier en bord de mer. C&#8217;est parfait pour se d\u00e9tendre et profiter de la nature.<\/li>\n\n\n\n<li class=\"\"><strong>Port de p\u00eache de Calpe<\/strong> : Visitez le port de p\u00eache pittoresque et regardez les bateaux d\u00e9charger leurs prises du jour. C&#8217;est un bel endroit pour se promener et prendre des photos.<\/li>\n\n\n\n<li class=\"\"><strong>Ba\u00f1os de la Reina<\/strong> : Explorez les spectaculaires ruines romaines connues sous le nom de Ba\u00f1os de la Reina. Ils sont situ\u00e9s pr\u00e8s de Calpe et constituent un fascinant t\u00e9moignage de l\u2019histoire ancienne.<\/li>\n\n\n\n<li class=\"\"><strong>Cala La Manzanera<\/strong> : Cette crique cach\u00e9e offre une vue panoramique et constitue un endroit parfait pour se d\u00e9tendre au bord de la mer.<\/li>\n\n\n\n<li class=\"\"><strong>Le Mur Rouge :<\/strong> Le Mur Rouge \u00e0 Calpe, en Espagne, est un b\u00e2timent con\u00e7u par l&#8217;architecte Ricardo Bofill Levi. Bien que sa construction ait \u00e9t\u00e9 achev\u00e9e en 1973, la conception a commenc\u00e9 dix ans plus t\u00f4t. Le b\u00e2timent est une \u00e9vocation de l\u2019esth\u00e9tique constructiviste et est compos\u00e9 de patios interconnect\u00e9s, d\u2019o\u00f9 l\u2019on peut acc\u00e9der aux maisons. Sur les toits-terrasses se trouvent des solariums, une piscine et un sauna. Le Mur Rouge s&#8217;inspire de l&#8217;architecture populaire m\u00e9diterran\u00e9enne et arabe, en particulier des tours en pis\u00e9 d&#8217;Afrique du Nord et de la casbah.<\/li>\n\n\n\n<li class=\"\"><strong>Altea<\/strong> : \u00c0 environ 15 minutes en voiture de Calpe, Altea est une autre charmante ville \u00e0 visiter. Ses rues pav\u00e9es, ses maisons blanches et ses vues sur la mer vous captiveront.<\/li>\n\n\n\n<li class=\"\"><strong>Moraira<\/strong> : Une autre ville voisine avec de belles plages et une atmosph\u00e8re d\u00e9tendue. Si vous avez le temps, n&#8217;h\u00e9sitez pas \u00e0 l&#8217;explorer.<\/li>\n\n\n\n<li class=\"\"><strong>Guadalest :<\/strong> C&#8217;est un endroit charmant \u00e0 30 kilom\u00e8tres de Calpe. Guadalest est situ\u00e9 dans une belle vall\u00e9e entour\u00e9e de montagnes de plus de 1000 m\u00e8tres d&#8217;altitude. La ville trouve ses origines \u00e0 l&#8217;\u00e9poque musulmane et a conserv\u00e9 son architecture m\u00e9di\u00e9vale.<\/li>\n\n\n\n<li class=\"\"><strong>J\u00e1vea :<\/strong> \u00e9galement connue sous le nom de <strong>X\u00e0bia<\/strong> en valencien, est une belle municipalit\u00e9 de la <strong>Costa Blanca<\/strong> dans la province d&#8217;<strong>Alicante<\/strong>, dans la <strong>Communaut\u00e9 valencienne<\/strong>. Voici quelques endroits \u00e0 ne pas manquer : la vieille ville, la place de l&#8217;\u00e9glise, l&#8217;\u00e9glise de San Bartolom\u00e9 et l&#8217;h\u00f4tel de ville.<\/li>\n\n\n\n<li class=\"\"><strong>Benidorm :<\/strong> Benidorm, situ\u00e9e sur la Costa Blanca dans la province d&#8217;Alicante, est une ville espagnole dynamique connue pour ses six kilom\u00e8tres de plages dor\u00e9es, o\u00f9 vous pouvez nager et m\u00eame faire du kayak dans la mer M\u00e9diterran\u00e9e. Autrefois petite ville avec des oliveraies et des vergers d&#8217;agrumes, Benidorm impressionne aujourd&#8217;hui les visiteurs avec ses grands h\u00f4tels et sa vie nocturne anim\u00e9e.<\/li>\n\n\n\n<li class=\"\">Villajoyosa <strong>:<\/strong> Villajoyosa, \u00e9galement connue sous le nom de La Vila Joiosa en valencien, est une charmante ville c\u00f4ti\u00e8re et une municipalit\u00e9 situ\u00e9e dans le sud de la Communaut\u00e9 valencienne, en Espagne. Son nom se traduit par &#8220;la ville joyeuse&#8221;, et elle est tout \u00e0 fait \u00e0 la hauteur de cette description ! Permettez-moi de vous pr\u00e9senter quelques points forts de cet endroit color\u00e9 et pittoresque : le <strong>Paseo Mar\u00edtimo<\/strong>, la Calle Arsenal et la vieille ville.<\/li>\n<\/ol>\n\n\n\n<p class=\"wp-block-paragraph\">J&#8217;esp\u00e8re que vous appr\u00e9cierez votre visite \u00e0 Calpe et ses environs ! \ud83d\ude0a<\/p>\n\n\n\n<p class=\"has-text-align-center wp-block-paragraph\" style=\"font-size:14px\">.<\/p>\n<\/div><\/div><\/div><\/div><\/div>\n\n\n\n<div class=\"has-2-columns wp-block-columns is-layout-flex wp-container-core-columns-is-layout-8f761849 wp-block-columns-is-layout-flex\">\n<div class=\"wp-block-column is-layout-flow wp-block-column-is-layout-flow\">\n<div class=\"is-style-with-shadow wp-block-getwid-section\"><div class=\"wp-block-getwid-section__wrapper getwid-padding-top-medium getwid-padding-bottom-medium getwid-padding-left-medium getwid-padding-right-medium\"><div class=\"wp-block-getwid-section__inner-wrapper\"><div class=\"wp-block-getwid-section__background-holder\"><div class=\"wp-block-getwid-section__background has-background has-white-background-color\"><\/div><div class=\"wp-block-getwid-section__foreground\"><\/div><\/div><div class=\"wp-block-getwid-section__content\"><div class=\"wp-block-getwid-section__inner-content\">\n<div class=\"wp-block-getwid-image-box has-image-left has-text-left has-mobile-layout-column has-mobile-alignment-center\"><div class=\"wp-block-getwid-image-box__image-container is-position-middle\"><div class=\"wp-block-getwid-image-box__image-wrapper\"><img data-recalc-dims=\"1\" loading=\"lazy\" decoding=\"async\" width=\"892\" height=\"892\" src=\"https:\/\/i0.wp.com\/calpebay.net\/wp-content\/uploads\/2019\/09\/swimming-pool.jpg?resize=892%2C892&#038;ssl=1\" alt=\"\" class=\"wp-block-getwid-image-box__image wp-image-557\" srcset=\"https:\/\/i0.wp.com\/calpebay.net\/wp-content\/uploads\/2019\/09\/swimming-pool.jpg?w=892&amp;ssl=1 892w, https:\/\/i0.wp.com\/calpebay.net\/wp-content\/uploads\/2019\/09\/swimming-pool.jpg?resize=300%2C300&amp;ssl=1 300w, https:\/\/i0.wp.com\/calpebay.net\/wp-content\/uploads\/2019\/09\/swimming-pool.jpg?resize=150%2C150&amp;ssl=1 150w, https:\/\/i0.wp.com\/calpebay.net\/wp-content\/uploads\/2019\/09\/swimming-pool.jpg?resize=768%2C768&amp;ssl=1 768w\" sizes=\"auto, (max-width: 892px) 100vw, 892px\" \/><\/div><\/div><div class=\"wp-block-getwid-image-box__content\">\n<div class=\"wp-block-getwid-advanced-heading\" style=\"margin-bottom:15px\"><h4 class=\"wp-block-getwid-advanced-heading__content\">Guadalest<\/h4><\/div>\n\n\n\n<p style=\"font-size:14px\" class=\"wp-block-paragraph\">Guadalest, officiellement connu sous le nom de El Castell de Guadalest, est une charmante commune de l&#8217;arri\u00e8re-pays d&#8217;Alicante&#8230;<\/p>\n\n\n\n<div class=\"wp-block-getwid-advanced-heading has-custom-font-size\" style=\"font-size:14px\"><h5 class=\"wp-block-getwid-advanced-heading__content has-text-color has-light-sea-green-color\"><a href=\"#\">En savoir plus<\/a><\/h5><\/div>\n<\/div><\/div>\n<\/div><\/div><\/div><\/div><\/div>\n\n\n\n<div class=\"is-style-with-shadow wp-block-getwid-section\"><div class=\"wp-block-getwid-section__wrapper getwid-padding-top-medium getwid-padding-bottom-medium getwid-padding-left-medium getwid-padding-right-medium\"><div class=\"wp-block-getwid-section__inner-wrapper\"><div class=\"wp-block-getwid-section__background-holder\"><div class=\"wp-block-getwid-section__background has-background has-white-background-color\"><\/div><div class=\"wp-block-getwid-section__foreground\"><\/div><\/div><div class=\"wp-block-getwid-section__content\"><div class=\"wp-block-getwid-section__inner-content\">\n<div class=\"wp-block-getwid-image-box has-image-left has-text-left has-mobile-layout-column has-mobile-alignment-center\"><div class=\"wp-block-getwid-image-box__image-container is-position-middle\"><div class=\"wp-block-getwid-image-box__image-wrapper\"><img data-recalc-dims=\"1\" loading=\"lazy\" decoding=\"async\" width=\"892\" height=\"892\" src=\"https:\/\/i0.wp.com\/calpebay.net\/wp-content\/uploads\/2019\/09\/conference-room.jpg?resize=892%2C892&#038;ssl=1\" alt=\"\" class=\"wp-block-getwid-image-box__image wp-image-560\" srcset=\"https:\/\/i0.wp.com\/calpebay.net\/wp-content\/uploads\/2019\/09\/conference-room.jpg?w=892&amp;ssl=1 892w, https:\/\/i0.wp.com\/calpebay.net\/wp-content\/uploads\/2019\/09\/conference-room.jpg?resize=300%2C300&amp;ssl=1 300w, https:\/\/i0.wp.com\/calpebay.net\/wp-content\/uploads\/2019\/09\/conference-room.jpg?resize=150%2C150&amp;ssl=1 150w, https:\/\/i0.wp.com\/calpebay.net\/wp-content\/uploads\/2019\/09\/conference-room.jpg?resize=768%2C768&amp;ssl=1 768w\" sizes=\"auto, (max-width: 892px) 100vw, 892px\" \/><\/div><\/div><div class=\"wp-block-getwid-image-box__content\">\n<div class=\"wp-block-getwid-advanced-heading\" style=\"margin-bottom:15px\"><h4 class=\"wp-block-getwid-advanced-heading__content\">Altea<\/h4><\/div>\n\n\n\n<p style=\"font-size:14px\" class=\"wp-block-paragraph\">Altea, situ\u00e9 sur l&#8217;embl\u00e9matique Costa Blanca, sous les contreforts de la Sierra de Bernia, est un charmant village de la province d&#8217;Alicante&#8230;.  <\/p>\n\n\n\n<div class=\"wp-block-getwid-advanced-heading has-custom-font-size\" style=\"font-size:14px\"><h5 class=\"wp-block-getwid-advanced-heading__content has-text-color has-light-sea-green-color\"><a href=\"#\">En savoir plus<\/a><\/h5><\/div>\n<\/div><\/div>\n<\/div><\/div><\/div><\/div><\/div>\n<\/div>\n\n\n\n<div class=\"wp-block-column is-layout-flow wp-block-column-is-layout-flow\">\n<div class=\"is-style-with-shadow wp-block-getwid-section\"><div class=\"wp-block-getwid-section__wrapper getwid-padding-top-medium getwid-padding-bottom-medium getwid-padding-left-medium getwid-padding-right-medium\"><div class=\"wp-block-getwid-section__inner-wrapper\"><div class=\"wp-block-getwid-section__background-holder\"><div class=\"wp-block-getwid-section__background has-background has-white-background-color\"><\/div><div class=\"wp-block-getwid-section__foreground\"><\/div><\/div><div class=\"wp-block-getwid-section__content\"><div class=\"wp-block-getwid-section__inner-content\">\n<div class=\"wp-block-getwid-image-box has-image-left has-text-left has-mobile-layout-column has-mobile-alignment-center\"><div class=\"wp-block-getwid-image-box__image-container is-position-middle\"><div class=\"wp-block-getwid-image-box__image-wrapper\"><img data-recalc-dims=\"1\" loading=\"lazy\" decoding=\"async\" width=\"892\" height=\"892\" src=\"https:\/\/i0.wp.com\/calpebay.net\/wp-content\/uploads\/2019\/09\/our-restaurant.jpg?resize=892%2C892&#038;ssl=1\" alt=\"\" class=\"wp-block-getwid-image-box__image wp-image-558\" srcset=\"https:\/\/i0.wp.com\/calpebay.net\/wp-content\/uploads\/2019\/09\/our-restaurant.jpg?w=1600&amp;ssl=1 1600w, https:\/\/i0.wp.com\/calpebay.net\/wp-content\/uploads\/2019\/09\/our-restaurant.jpg?resize=300%2C300&amp;ssl=1 300w, https:\/\/i0.wp.com\/calpebay.net\/wp-content\/uploads\/2019\/09\/our-restaurant.jpg?resize=1024%2C1024&amp;ssl=1 1024w, https:\/\/i0.wp.com\/calpebay.net\/wp-content\/uploads\/2019\/09\/our-restaurant.jpg?resize=150%2C150&amp;ssl=1 150w, https:\/\/i0.wp.com\/calpebay.net\/wp-content\/uploads\/2019\/09\/our-restaurant.jpg?resize=768%2C768&amp;ssl=1 768w, https:\/\/i0.wp.com\/calpebay.net\/wp-content\/uploads\/2019\/09\/our-restaurant.jpg?resize=1536%2C1536&amp;ssl=1 1536w, https:\/\/i0.wp.com\/calpebay.net\/wp-content\/uploads\/2019\/09\/our-restaurant.jpg?resize=892%2C892&amp;ssl=1 892w, https:\/\/i0.wp.com\/calpebay.net\/wp-content\/uploads\/2019\/09\/our-restaurant.jpg?resize=1350%2C1350&amp;ssl=1 1350w\" sizes=\"auto, (max-width: 892px) 100vw, 892px\" \/><\/div><\/div><div class=\"wp-block-getwid-image-box__content\">\n<div class=\"wp-block-getwid-advanced-heading\" style=\"margin-bottom:15px\"><h4 class=\"wp-block-getwid-advanced-heading__content\">Moraira<\/h4><\/div>\n\n\n\n<p style=\"font-size:14px\" class=\"wp-block-paragraph\">Moraira est une charmante ville c\u00f4ti\u00e8re situ\u00e9e dans la province d&#8217;Alicante, dans la Communaut\u00e9 valencienne (Comunidad Valenciana)&#8230;.<\/p>\n\n\n\n<div class=\"wp-block-getwid-advanced-heading has-custom-font-size\" style=\"font-size:14px\"><h5 class=\"wp-block-getwid-advanced-heading__content has-text-color has-light-sea-green-color\"><a href=\"#\">En savoir plus<\/a><\/h5><\/div>\n<\/div><\/div>\n<\/div><\/div><\/div><\/div><\/div>\n\n\n\n<div class=\"is-style-with-shadow wp-block-getwid-section\"><div class=\"wp-block-getwid-section__wrapper getwid-padding-top-medium getwid-padding-bottom-medium getwid-padding-left-medium getwid-padding-right-medium\"><div class=\"wp-block-getwid-section__inner-wrapper\"><div class=\"wp-block-getwid-section__background-holder\"><div class=\"wp-block-getwid-section__background has-background has-white-background-color\"><\/div><div class=\"wp-block-getwid-section__foreground\"><\/div><\/div><div class=\"wp-block-getwid-section__content\"><div class=\"wp-block-getwid-section__inner-content\">\n<div class=\"wp-block-getwid-image-box has-image-left has-text-left has-mobile-layout-column has-mobile-alignment-center\"><div class=\"wp-block-getwid-image-box__image-container is-position-middle\"><div class=\"wp-block-getwid-image-box__image-wrapper\"><img data-recalc-dims=\"1\" loading=\"lazy\" decoding=\"async\" width=\"892\" height=\"892\" src=\"https:\/\/i0.wp.com\/calpebay.net\/wp-content\/uploads\/2019\/09\/grilling-and-picnic-areas.jpg?resize=892%2C892&#038;ssl=1\" alt=\"\" class=\"wp-block-getwid-image-box__image wp-image-559\" srcset=\"https:\/\/i0.wp.com\/calpebay.net\/wp-content\/uploads\/2019\/09\/grilling-and-picnic-areas.jpg?w=892&amp;ssl=1 892w, https:\/\/i0.wp.com\/calpebay.net\/wp-content\/uploads\/2019\/09\/grilling-and-picnic-areas.jpg?resize=300%2C300&amp;ssl=1 300w, https:\/\/i0.wp.com\/calpebay.net\/wp-content\/uploads\/2019\/09\/grilling-and-picnic-areas.jpg?resize=150%2C150&amp;ssl=1 150w, https:\/\/i0.wp.com\/calpebay.net\/wp-content\/uploads\/2019\/09\/grilling-and-picnic-areas.jpg?resize=768%2C768&amp;ssl=1 768w\" sizes=\"auto, (max-width: 892px) 100vw, 892px\" \/><\/div><\/div><div class=\"wp-block-getwid-image-box__content\">\n<div class=\"wp-block-getwid-advanced-heading\" style=\"margin-bottom:15px\"><h4 class=\"wp-block-getwid-advanced-heading__content\">Benidorm<\/h4><\/div>\n\n\n\n<p style=\"font-size:14px\" class=\"wp-block-paragraph\"><strong>Benidorm<\/strong> est une ville touristique situ\u00e9e \u00e0 Alicante, elle est connue comme la &#8220;New York de la M\u00e9diterran\u00e9e&#8221;&#8230;<\/p>\n\n\n\n<div class=\"wp-block-getwid-advanced-heading has-custom-font-size\" style=\"font-size:14px\"><h5 class=\"wp-block-getwid-advanced-heading__content has-text-color has-light-sea-green-color\"><a href=\"#\">En savoir plus<\/a><\/h5><\/div>\n<\/div><\/div>\n<\/div><\/div><\/div><\/div><\/div>\n<\/div>\n<\/div>\n\n\n\n<hr class=\"is-style-wide wp-block-separator has-css-opacity\"\/>\n\n\n\n<div style=\"height:32px\" aria-hidden=\"true\" class=\"wp-block-spacer\"><\/div>\n\n\n\n<div class=\"wp-block-getwid-advanced-heading\" style=\"margin-bottom:5px\"><h2 class=\"wp-block-getwid-advanced-heading__content\" style=\"text-align:center\">Sp\u00e9ciales et services<\/h2><\/div>\n\n\n\n<div class=\"wp-block-getwid-advanced-heading\" style=\"margin-bottom:50px\"><span class=\"wp-block-getwid-advanced-heading__content\" style=\"text-align:center\">De nouveaux contenus sont \u00e0 venir.<\/span><\/div>\n\n\n\n<div class=\"has-4-columns wp-block-columns is-layout-flex wp-container-core-columns-is-layout-8f761849 wp-block-columns-is-layout-flex\">\n<div class=\"wp-block-column is-layout-flow wp-block-column-is-layout-flow\">\n<div class=\"is-style-shadow-bottom has-foreground-undefined wp-block-getwid-banner has-animation-style4 has-vertical-alignment-bottom\"><a href=\"#\" class=\"wp-block-getwid-banner__link\"><div class=\"wp-block-getwid-banner__wrapper\"><img data-recalc-dims=\"1\" decoding=\"async\" src=\"https:\/\/i0.wp.com\/calpebay.net\/wp-content\/uploads\/2019\/09\/specials-1.jpg?w=892&#038;ssl=1\" alt=\"\" class=\"wp-block-getwid-banner__image wp-block-getwid-banner__source wp-image-566\"\/><div class=\"wp-block-getwid-banner__caption\" style=\"min-height:315px\"><div class=\"wp-block-getwid-banner__caption-wrapper\"><span class=\"wp-block-getwid-banner__title\">Hast 15% Desc<\/span><p class=\"wp-block-getwid-banner__text\">Station de vill\u00e9giature<\/p><\/div><\/div><\/div><\/a><\/div>\n<\/div>\n\n\n\n<div class=\"wp-block-column is-layout-flow wp-block-column-is-layout-flow\">\n<div class=\"is-style-shadow-bottom has-foreground-undefined wp-block-getwid-banner has-animation-style4 has-vertical-alignment-bottom\"><a href=\"#\" class=\"wp-block-getwid-banner__link\"><div class=\"wp-block-getwid-banner__wrapper\"><img data-recalc-dims=\"1\" loading=\"lazy\" decoding=\"async\" width=\"892\" height=\"1060\" src=\"https:\/\/i0.wp.com\/calpebay.net\/wp-content\/uploads\/2019\/09\/specials-3.jpg?resize=892%2C1060&#038;ssl=1\" alt=\"\" class=\"wp-block-getwid-banner__image wp-block-getwid-banner__source wp-image-568\" srcset=\"https:\/\/i0.wp.com\/calpebay.net\/wp-content\/uploads\/2019\/09\/specials-3.jpg?w=892&amp;ssl=1 892w, https:\/\/i0.wp.com\/calpebay.net\/wp-content\/uploads\/2019\/09\/specials-3.jpg?resize=252%2C300&amp;ssl=1 252w, https:\/\/i0.wp.com\/calpebay.net\/wp-content\/uploads\/2019\/09\/specials-3.jpg?resize=862%2C1024&amp;ssl=1 862w, https:\/\/i0.wp.com\/calpebay.net\/wp-content\/uploads\/2019\/09\/specials-3.jpg?resize=768%2C913&amp;ssl=1 768w\" sizes=\"auto, (max-width: 892px) 100vw, 892px\" \/><div class=\"wp-block-getwid-banner__caption\" style=\"min-height:315px\"><div class=\"wp-block-getwid-banner__caption-wrapper\"><span class=\"wp-block-getwid-banner__title\">Sp\u00e9cial lundi<\/span><p class=\"wp-block-getwid-banner__text\">10$ le lundi<\/p><\/div><\/div><\/div><\/a><\/div>\n<\/div>\n\n\n\n<div class=\"wp-block-column is-layout-flow wp-block-column-is-layout-flow\">\n<div class=\"is-style-shadow-bottom has-foreground-undefined wp-block-getwid-banner has-animation-style4 has-vertical-alignment-bottom\"><a href=\"#\" class=\"wp-block-getwid-banner__link\"><div class=\"wp-block-getwid-banner__wrapper\"><img data-recalc-dims=\"1\" loading=\"lazy\" decoding=\"async\" width=\"892\" height=\"1060\" src=\"https:\/\/i0.wp.com\/calpebay.net\/wp-content\/uploads\/2019\/09\/specials-2.jpg?resize=892%2C1060&#038;ssl=1\" alt=\"\" class=\"wp-block-getwid-banner__image wp-block-getwid-banner__source wp-image-567\" srcset=\"https:\/\/i0.wp.com\/calpebay.net\/wp-content\/uploads\/2019\/09\/specials-2.jpg?w=892&amp;ssl=1 892w, https:\/\/i0.wp.com\/calpebay.net\/wp-content\/uploads\/2019\/09\/specials-2.jpg?resize=252%2C300&amp;ssl=1 252w, https:\/\/i0.wp.com\/calpebay.net\/wp-content\/uploads\/2019\/09\/specials-2.jpg?resize=862%2C1024&amp;ssl=1 862w, https:\/\/i0.wp.com\/calpebay.net\/wp-content\/uploads\/2019\/09\/specials-2.jpg?resize=768%2C913&amp;ssl=1 768w\" sizes=\"auto, (max-width: 892px) 100vw, 892px\" \/><div class=\"wp-block-getwid-banner__caption\" style=\"min-height:315px\"><div class=\"wp-block-getwid-banner__caption-wrapper\"><span class=\"wp-block-getwid-banner__title\">Th\u00e9rapie thermale<\/span><p class=\"wp-block-getwid-banner__text\">Nouveau texte<\/p><\/div><\/div><\/div><\/a><\/div>\n<\/div>\n\n\n\n<div class=\"wp-block-column is-layout-flow wp-block-column-is-layout-flow\">\n<div class=\"is-style-shadow-bottom has-foreground-undefined wp-block-getwid-banner has-animation-style4 has-vertical-alignment-bottom\"><a href=\"#\" class=\"wp-block-getwid-banner__link\"><div class=\"wp-block-getwid-banner__wrapper\"><img data-recalc-dims=\"1\" loading=\"lazy\" decoding=\"async\" width=\"892\" height=\"1060\" src=\"https:\/\/i0.wp.com\/calpebay.net\/wp-content\/uploads\/2019\/09\/specials-4.jpg?resize=892%2C1060&#038;ssl=1\" alt=\"\" class=\"wp-block-getwid-banner__image wp-block-getwid-banner__source wp-image-569\" srcset=\"https:\/\/i0.wp.com\/calpebay.net\/wp-content\/uploads\/2019\/09\/specials-4.jpg?w=892&amp;ssl=1 892w, https:\/\/i0.wp.com\/calpebay.net\/wp-content\/uploads\/2019\/09\/specials-4.jpg?resize=252%2C300&amp;ssl=1 252w, https:\/\/i0.wp.com\/calpebay.net\/wp-content\/uploads\/2019\/09\/specials-4.jpg?resize=862%2C1024&amp;ssl=1 862w, https:\/\/i0.wp.com\/calpebay.net\/wp-content\/uploads\/2019\/09\/specials-4.jpg?resize=768%2C913&amp;ssl=1 768w\" sizes=\"auto, (max-width: 892px) 100vw, 892px\" \/><div class=\"wp-block-getwid-banner__caption\" style=\"min-height:315px\"><div class=\"wp-block-getwid-banner__caption-wrapper\"><span class=\"wp-block-getwid-banner__title\">Le septi\u00e8me  <\/span><p class=\"wp-block-getwid-banner__text\">7+ Nights Savings<\/p><\/div><\/div><\/div><\/a><\/div>\n<\/div>\n<\/div>\n","protected":false},"excerpt":{"rendered":"","protected":false},"author":1,"featured_media":4179,"parent":0,"menu_order":0,"comment_status":"closed","ping_status":"closed","template":"template-wide-page.php","meta":{"nf_dc_page":"","_crdt_document":"","om_disable_all_campaigns":false,"inline_featured_image":false,"_monsterinsights_skip_tracking":false,"_monsterinsights_sitenote_active":false,"_monsterinsights_sitenote_note":"","_monsterinsights_sitenote_category":0,"footnotes":""},"class_list":["post-5625","page","type-page","status-publish","has-post-thumbnail","hentry"],"aioseo_notices":[],"jetpack_sharing_enabled":true,"_links":{"self":[{"href":"https:\/\/calpebay.net\/fr\/wp-json\/wp\/v2\/pages\/5625","targetHints":{"allow":["GET"]}}],"collection":[{"href":"https:\/\/calpebay.net\/fr\/wp-json\/wp\/v2\/pages"}],"about":[{"href":"https:\/\/calpebay.net\/fr\/wp-json\/wp\/v2\/types\/page"}],"author":[{"embeddable":true,"href":"https:\/\/calpebay.net\/fr\/wp-json\/wp\/v2\/users\/1"}],"replies":[{"embeddable":true,"href":"https:\/\/calpebay.net\/fr\/wp-json\/wp\/v2\/comments?post=5625"}],"version-history":[{"count":3,"href":"https:\/\/calpebay.net\/fr\/wp-json\/wp\/v2\/pages\/5625\/revisions"}],"predecessor-version":[{"id":6467,"href":"https:\/\/calpebay.net\/fr\/wp-json\/wp\/v2\/pages\/5625\/revisions\/6467"}],"wp:featuredmedia":[{"embeddable":true,"href":"https:\/\/calpebay.net\/fr\/wp-json\/wp\/v2\/media\/4179"}],"wp:attachment":[{"href":"https:\/\/calpebay.net\/fr\/wp-json\/wp\/v2\/media?parent=5625"}],"curies":[{"name":"wp","href":"https:\/\/api.w.org\/{rel}","templated":true}]}}