{"id":5786,"date":"2024-04-22T14:19:36","date_gmt":"2024-04-22T14:19:36","guid":{"rendered":"https:\/\/calpebay.net\/a-propos-de-calp\/"},"modified":"2024-05-17T13:09:23","modified_gmt":"2024-05-17T13:09:23","slug":"a-propos-de-calp","status":"publish","type":"page","link":"https:\/\/calpebay.net\/fr\/a-propos-de-calp\/","title":{"rendered":"\u00c0 propos de Calp"},"content":{"rendered":"\n<div class=\"wp-block-getwid-section getwid-margin-top-none getwid-section-content-custom-width\"><div class=\"wp-block-getwid-section__wrapper getwid-padding-left-none getwid-padding-right-none\" style=\"padding-top:30px;padding-bottom:20px\"><div class=\"wp-block-getwid-section__inner-wrapper\" style=\"max-width:892px\"><div class=\"wp-block-getwid-section__background-holder\"><div class=\"wp-block-getwid-section__background\"><\/div><div class=\"wp-block-getwid-section__foreground\"><\/div><\/div><div class=\"wp-block-getwid-section__content\"><div class=\"wp-block-getwid-section__inner-content\">\n<div class=\"wp-block-getwid-advanced-heading\" style=\"margin-bottom:10px\"><h4 class=\"wp-block-getwid-advanced-heading__content\" style=\"text-align:center\">Profitez de toutes les activit\u00e9s et services de Calpe !<\/h4><\/div>\n\n\n\n<p class=\"has-text-align-center wp-block-paragraph\" style=\"font-size:14px\"><\/p>\n\n\n\n<p class=\"wp-block-paragraph\"><strong>Calpe<\/strong> , \u00e9galement connue sous le nom de <strong>Calp<\/strong> , est une ville c\u00f4ti\u00e8re situ\u00e9e dans la province d&#8217;Alicante, dans la Communaut\u00e9 valencienne, en Espagne. C&#8217;est une destination touristique et sportive tr\u00e8s appr\u00e9ci\u00e9e des visiteurs nationaux et internationaux. Voici quelques points forts de Calpe et de ses environs :<\/p>\n\n\n\n<ol class=\"wp-block-list\">\n<li class=\"\"><strong>Pe\u00f1\u00f3n de Ifach<\/strong> : Ce rocher imposant et fascinant est l&#8217;un des embl\u00e8mes les plus repr\u00e9sentatifs de la <strong>Costa Blanca<\/strong> . D\u00e9clar\u00e9 Parc Naturel en 1987, son sommet atteint <strong>327 m\u00e8tres d&#8217;altitude<\/strong> . La vue du sommet est impressionnante et offre un panorama unique sur la r\u00e9gion. C&#8217;est \u00e9galement une destination exceptionnelle pour l&#8217;escalade, aussi bien pour les d\u00e9butants que pour les plus avanc\u00e9s.<\/li>\n\n\n\n<li class=\"\"><strong>Plages de Calpe<\/strong> : Des deux c\u00f4t\u00e9s du rocher se trouvent deux fantastiques plages de sable \u00e0 Calpe, Arenal Bol et La Fossa. Ces plages sont la principale raison pour laquelle les gens choisissent d&#8217;y passer leurs vacances. La qualit\u00e9 du sable est excellente et les eaux sont propres. Contrairement \u00e0 la ville voisine de Benidorm, vous pouvez toujours trouver une place sur la plage.<\/li>\n\n\n\n<li class=\"\"><strong>Saladar Salt Flats<\/strong> : Juste derri\u00e8re les immeubles d&#8217;habitation et les h\u00f4tels de grande hauteur sur le littoral se trouvent les <strong>Saladar Salt Flats<\/strong> , qui sont des lagons salins. Ces lagunes sont un endroit int\u00e9ressant \u00e0 visiter et \u00e0 conna\u00eetre la production de sel et la biodiversit\u00e9 : <strong>173 esp\u00e8ces d&#8217;oiseaux<\/strong> ont \u00e9t\u00e9 recens\u00e9es dans les salines de Calpe. On distingue les populations de <strong>flamants roses<\/strong> (plusieurs centaines de sp\u00e9cimens) et <strong>d&#8217;\u00e9chasses communes<\/strong> . C&#8217;est un endroit id\u00e9al pour observer les oiseaux et profiter de la nature.<\/li>\n\n\n\n<li class=\"\"><strong>March\u00e9 local<\/strong> : Ne manquez pas le march\u00e9 local de Calpe, o\u00f9 vous trouverez des fruits et l\u00e9gumes frais, ainsi que d&#8217;autres produits locaux. Le march\u00e9 a lieu le samedi.<\/li>\n\n\n\n<li class=\"\"><strong>Maures et Chr\u00e9tiens :<\/strong> La <strong>F\u00eate des Maures et des Chr\u00e9tiens<\/strong> de <strong>Calpe<\/strong> est un \u00e9v\u00e9nement dynamique qui allie histoire, costumes color\u00e9s et participation communautaire. Ces festivit\u00e9s, en l&#8217;honneur du <strong>Saint Christ de la Sueur<\/strong> , sont c\u00e9l\u00e9br\u00e9es depuis <strong>1977<\/strong> et attirent des visiteurs du monde entier.<\/li>\n\n\n\n<li class=\"\"><strong>Festival Oktoberfest<\/strong> : Organis\u00e9 par le <strong>Carnaval Club Calpe<\/strong> et la Mairie de Calpe, ce festival allemand traditionnel s&#8217;articule autour de la consommation de beaucoup de bi\u00e8re. Les Britanniques appr\u00e9cieront \u00e9galement cette c\u00e9l\u00e9bration !<\/li>\n\n\n\n<li class=\"\"><strong>Faire du v\u00e9lo \u00e0 Calpe<\/strong> : Calpe et ses environs abritent l&#8217;une des plus belles pistes cyclables d&#8217;Europe. Les cyclistes professionnels (UCI) et amateurs s&#8217;y entra\u00eenent toute l&#8217;ann\u00e9e, ce qui fait de Calpe l&#8217;une des destinations cyclistes les plus reconnues au monde.<\/li>\n<\/ol>\n\n\n\n<p class=\"wp-block-paragraph\">En bref, Calpe offre une combinaison de belles plages, d&#8217;histoire, de culture, de gastronomie, de sports et d&#8217;activit\u00e9s de plein air et bien plus encore. J&#8217;esp\u00e8re que vous appr\u00e9cierez explorer cette charmante ville c\u00f4ti\u00e8re\u00a0!  <\/p>\n<\/div><\/div><\/div><\/div><\/div>\n\n<div class=\"has-2-columns wp-block-columns is-layout-flex wp-container-core-columns-is-layout-8f761849 wp-block-columns-is-layout-flex\">\n<div class=\"wp-block-column is-layout-flow wp-block-column-is-layout-flow\">\n<div class=\"is-style-with-shadow wp-block-getwid-section\"><div class=\"wp-block-getwid-section__wrapper getwid-padding-top-medium getwid-padding-bottom-medium getwid-padding-left-medium getwid-padding-right-medium\"><div class=\"wp-block-getwid-section__inner-wrapper\"><div class=\"wp-block-getwid-section__background-holder\"><div class=\"wp-block-getwid-section__background has-background has-white-background-color\"><\/div><div class=\"wp-block-getwid-section__foreground\"><\/div><\/div><div class=\"wp-block-getwid-section__content\"><div class=\"wp-block-getwid-section__inner-content\">\n<div class=\"wp-block-getwid-image-box has-image-left has-text-left has-mobile-layout-column has-mobile-alignment-center\"><div class=\"wp-block-getwid-image-box__image-container is-position-middle\"><div class=\"wp-block-getwid-image-box__image-wrapper\"><img data-recalc-dims=\"1\" loading=\"lazy\" decoding=\"async\" width=\"892\" height=\"595\" src=\"https:\/\/i0.wp.com\/calpebay.net\/wp-content\/uploads\/2024\/04\/IFACH-CLIFF-2000-1.jpg?resize=892%2C595&#038;ssl=1\" alt=\"\" class=\"wp-block-getwid-image-box__image wp-image-2137\" srcset=\"https:\/\/i0.wp.com\/calpebay.net\/wp-content\/uploads\/2024\/04\/IFACH-CLIFF-2000-1.jpg?w=2000&amp;ssl=1 2000w, https:\/\/i0.wp.com\/calpebay.net\/wp-content\/uploads\/2024\/04\/IFACH-CLIFF-2000-1.jpg?resize=300%2C200&amp;ssl=1 300w, https:\/\/i0.wp.com\/calpebay.net\/wp-content\/uploads\/2024\/04\/IFACH-CLIFF-2000-1.jpg?resize=1024%2C682&amp;ssl=1 1024w, https:\/\/i0.wp.com\/calpebay.net\/wp-content\/uploads\/2024\/04\/IFACH-CLIFF-2000-1.jpg?resize=768%2C512&amp;ssl=1 768w, https:\/\/i0.wp.com\/calpebay.net\/wp-content\/uploads\/2024\/04\/IFACH-CLIFF-2000-1.jpg?resize=1536%2C1024&amp;ssl=1 1536w, https:\/\/i0.wp.com\/calpebay.net\/wp-content\/uploads\/2024\/04\/IFACH-CLIFF-2000-1.jpg?resize=892%2C595&amp;ssl=1 892w, https:\/\/i0.wp.com\/calpebay.net\/wp-content\/uploads\/2024\/04\/IFACH-CLIFF-2000-1.jpg?resize=1350%2C900&amp;ssl=1 1350w, https:\/\/i0.wp.com\/calpebay.net\/wp-content\/uploads\/2024\/04\/IFACH-CLIFF-2000-1.jpg?w=1784&amp;ssl=1 1784w\" sizes=\"auto, (max-width: 892px) 100vw, 892px\" \/><\/div><\/div><div class=\"wp-block-getwid-image-box__content\">\n<div class=\"wp-block-getwid-advanced-heading\" style=\"margin-bottom:15px\"><h4 class=\"wp-block-getwid-advanced-heading__content\">Rocher d&#8217;Ifach<\/h4><\/div>\n\n\n\n<p style=\"font-size:14px\" class=\"wp-block-paragraph\">Le <strong>Pe\u00f1\u00f3n de Ifach<\/strong> est un espace naturel prot\u00e9g\u00e9, situ\u00e9 dans la municipalit\u00e9 de Calpe.<\/p>\n\n\n\n<div class=\"wp-block-getwid-advanced-heading has-custom-font-size\" style=\"font-size:14px\"><h5 class=\"wp-block-getwid-advanced-heading__content has-text-color has-light-sea-green-color\"><a href=\"https:\/\/calpebay.net\/penon-de-ifach-y-escalada\/\">Lire plus<\/a><\/h5><\/div>\n<\/div><\/div>\n<\/div><\/div><\/div><\/div><\/div>\n\n\n\n<div class=\"is-style-with-shadow wp-block-getwid-section\"><div class=\"wp-block-getwid-section__wrapper getwid-padding-top-medium getwid-padding-bottom-medium getwid-padding-left-medium getwid-padding-right-medium\"><div class=\"wp-block-getwid-section__inner-wrapper\"><div class=\"wp-block-getwid-section__background-holder\"><div class=\"wp-block-getwid-section__background has-background has-white-background-color\"><\/div><div class=\"wp-block-getwid-section__foreground\"><\/div><\/div><div class=\"wp-block-getwid-section__content\"><div class=\"wp-block-getwid-section__inner-content\">\n<div class=\"wp-block-getwid-image-box has-image-left has-text-left has-mobile-layout-column has-mobile-alignment-center\"><div class=\"wp-block-getwid-image-box__image-container is-position-middle\"><div class=\"wp-block-getwid-image-box__image-wrapper\"><img data-recalc-dims=\"1\" loading=\"lazy\" decoding=\"async\" width=\"892\" height=\"595\" src=\"https:\/\/i0.wp.com\/calpebay.net\/wp-content\/uploads\/2024\/04\/MOORS-AND-CHRISTIANS-PARADE-2000.jpg?resize=892%2C595&#038;ssl=1\" alt=\"\" class=\"wp-block-getwid-image-box__image wp-image-2160\" srcset=\"https:\/\/i0.wp.com\/calpebay.net\/wp-content\/uploads\/2024\/04\/MOORS-AND-CHRISTIANS-PARADE-2000.jpg?w=2000&amp;ssl=1 2000w, https:\/\/i0.wp.com\/calpebay.net\/wp-content\/uploads\/2024\/04\/MOORS-AND-CHRISTIANS-PARADE-2000.jpg?resize=300%2C200&amp;ssl=1 300w, https:\/\/i0.wp.com\/calpebay.net\/wp-content\/uploads\/2024\/04\/MOORS-AND-CHRISTIANS-PARADE-2000.jpg?resize=1024%2C682&amp;ssl=1 1024w, https:\/\/i0.wp.com\/calpebay.net\/wp-content\/uploads\/2024\/04\/MOORS-AND-CHRISTIANS-PARADE-2000.jpg?resize=768%2C512&amp;ssl=1 768w, https:\/\/i0.wp.com\/calpebay.net\/wp-content\/uploads\/2024\/04\/MOORS-AND-CHRISTIANS-PARADE-2000.jpg?resize=1536%2C1024&amp;ssl=1 1536w, https:\/\/i0.wp.com\/calpebay.net\/wp-content\/uploads\/2024\/04\/MOORS-AND-CHRISTIANS-PARADE-2000.jpg?resize=892%2C595&amp;ssl=1 892w, https:\/\/i0.wp.com\/calpebay.net\/wp-content\/uploads\/2024\/04\/MOORS-AND-CHRISTIANS-PARADE-2000.jpg?resize=1350%2C900&amp;ssl=1 1350w, https:\/\/i0.wp.com\/calpebay.net\/wp-content\/uploads\/2024\/04\/MOORS-AND-CHRISTIANS-PARADE-2000.jpg?w=1784&amp;ssl=1 1784w\" sizes=\"auto, (max-width: 892px) 100vw, 892px\" \/><\/div><\/div><div class=\"wp-block-getwid-image-box__content\">\n<div class=\"wp-block-getwid-advanced-heading\" style=\"margin-bottom:15px\"><h4 class=\"wp-block-getwid-advanced-heading__content\">Festivals de Calp<\/h4><\/div>\n\n\n\n<p style=\"font-size:14px\" class=\"wp-block-paragraph\">Les <strong>c\u00e9l\u00e9brations \u00e0 Calpe<\/strong> sont remplies de feu et de poudre, de lumi\u00e8re et de couleurs, de culture et d&#8217;art.<\/p>\n\n\n\n<div class=\"wp-block-getwid-advanced-heading has-custom-font-size\" style=\"font-size:14px\"><h5 class=\"wp-block-getwid-advanced-heading__content has-text-color has-light-sea-green-color\"><a href=\"https:\/\/calpebay.net\/fiestas-y-celebraciones-en-calpe\/\">En savoir plus<\/a><\/h5><\/div>\n<\/div><\/div>\n<\/div><\/div><\/div><\/div><\/div>\n<\/div>\n\n\n\n<div class=\"wp-block-column is-layout-flow wp-block-column-is-layout-flow\">\n<div class=\"is-style-with-shadow wp-block-getwid-section\"><div class=\"wp-block-getwid-section__wrapper getwid-padding-top-medium getwid-padding-bottom-medium getwid-padding-left-medium getwid-padding-right-medium\"><div class=\"wp-block-getwid-section__inner-wrapper\"><div class=\"wp-block-getwid-section__background-holder\"><div class=\"wp-block-getwid-section__background has-background has-white-background-color\"><\/div><div class=\"wp-block-getwid-section__foreground\"><\/div><\/div><div class=\"wp-block-getwid-section__content\"><div class=\"wp-block-getwid-section__inner-content\">\n<div class=\"wp-block-getwid-image-box has-image-left has-text-left has-mobile-layout-column has-mobile-alignment-center\"><div class=\"wp-block-getwid-image-box__image-container is-position-middle\"><div class=\"wp-block-getwid-image-box__image-wrapper\"><img data-recalc-dims=\"1\" loading=\"lazy\" decoding=\"async\" width=\"892\" height=\"595\" src=\"https:\/\/i0.wp.com\/calpebay.net\/wp-content\/uploads\/2024\/04\/PLAYA-CALPE-PENON-1.jpg?resize=892%2C595&#038;ssl=1\" alt=\"\" class=\"wp-block-getwid-image-box__image wp-image-1317\" srcset=\"https:\/\/i0.wp.com\/calpebay.net\/wp-content\/uploads\/2024\/04\/PLAYA-CALPE-PENON-1.jpg?w=975&amp;ssl=1 975w, https:\/\/i0.wp.com\/calpebay.net\/wp-content\/uploads\/2024\/04\/PLAYA-CALPE-PENON-1.jpg?resize=300%2C200&amp;ssl=1 300w, https:\/\/i0.wp.com\/calpebay.net\/wp-content\/uploads\/2024\/04\/PLAYA-CALPE-PENON-1.jpg?resize=768%2C512&amp;ssl=1 768w, https:\/\/i0.wp.com\/calpebay.net\/wp-content\/uploads\/2024\/04\/PLAYA-CALPE-PENON-1.jpg?resize=892%2C595&amp;ssl=1 892w\" sizes=\"auto, (max-width: 892px) 100vw, 892px\" \/><\/div><\/div><div class=\"wp-block-getwid-image-box__content\">\n<div class=\"wp-block-getwid-advanced-heading\" style=\"margin-bottom:15px\"><h4 class=\"wp-block-getwid-advanced-heading__content\">Plages de Calp<\/h4><\/div>\n\n\n\n<p style=\"font-size:14px\" class=\"wp-block-paragraph\"><strong>Calpe<\/strong> , une belle ville de la <strong>Costa Blanca<\/strong> , c\u00e9l\u00e8bre pour ses fabuleuses plages et criques.<\/p>\n\n\n\n<div class=\"wp-block-getwid-advanced-heading has-custom-font-size\" style=\"font-size:14px\"><h5 class=\"wp-block-getwid-advanced-heading__content has-text-color has-light-sea-green-color\"><a href=\"https:\/\/calpebay.net\/playas-de-calpe\/\">Lire plus<\/a><\/h5><\/div>\n<\/div><\/div>\n<\/div><\/div><\/div><\/div><\/div>\n\n\n\n<div class=\"is-style-with-shadow wp-block-getwid-section\"><div class=\"wp-block-getwid-section__wrapper getwid-padding-top-medium getwid-padding-bottom-medium getwid-padding-left-medium getwid-padding-right-medium\"><div class=\"wp-block-getwid-section__inner-wrapper\"><div class=\"wp-block-getwid-section__background-holder\"><div class=\"wp-block-getwid-section__background has-background has-white-background-color\"><\/div><div class=\"wp-block-getwid-section__foreground\"><\/div><\/div><div class=\"wp-block-getwid-section__content\"><div class=\"wp-block-getwid-section__inner-content\">\n<div class=\"wp-block-getwid-image-box has-image-left has-text-left has-mobile-layout-column has-mobile-alignment-center\"><div class=\"wp-block-getwid-image-box__image-container is-position-middle\"><div class=\"wp-block-getwid-image-box__image-wrapper\"><img data-recalc-dims=\"1\" loading=\"lazy\" decoding=\"async\" width=\"892\" height=\"595\" src=\"https:\/\/i0.wp.com\/calpebay.net\/wp-content\/uploads\/2024\/04\/FIVE-CYCLISTS-2000.jpg?resize=892%2C595&#038;ssl=1\" alt=\"\" class=\"wp-block-getwid-image-box__image wp-image-2165\" srcset=\"https:\/\/i0.wp.com\/calpebay.net\/wp-content\/uploads\/2024\/04\/FIVE-CYCLISTS-2000.jpg?w=2000&amp;ssl=1 2000w, https:\/\/i0.wp.com\/calpebay.net\/wp-content\/uploads\/2024\/04\/FIVE-CYCLISTS-2000.jpg?resize=300%2C200&amp;ssl=1 300w, https:\/\/i0.wp.com\/calpebay.net\/wp-content\/uploads\/2024\/04\/FIVE-CYCLISTS-2000.jpg?resize=1024%2C682&amp;ssl=1 1024w, https:\/\/i0.wp.com\/calpebay.net\/wp-content\/uploads\/2024\/04\/FIVE-CYCLISTS-2000.jpg?resize=768%2C512&amp;ssl=1 768w, https:\/\/i0.wp.com\/calpebay.net\/wp-content\/uploads\/2024\/04\/FIVE-CYCLISTS-2000.jpg?resize=1536%2C1024&amp;ssl=1 1536w, https:\/\/i0.wp.com\/calpebay.net\/wp-content\/uploads\/2024\/04\/FIVE-CYCLISTS-2000.jpg?resize=892%2C595&amp;ssl=1 892w, https:\/\/i0.wp.com\/calpebay.net\/wp-content\/uploads\/2024\/04\/FIVE-CYCLISTS-2000.jpg?resize=1350%2C900&amp;ssl=1 1350w, https:\/\/i0.wp.com\/calpebay.net\/wp-content\/uploads\/2024\/04\/FIVE-CYCLISTS-2000.jpg?w=1784&amp;ssl=1 1784w\" sizes=\"auto, (max-width: 892px) 100vw, 892px\" \/><\/div><\/div><div class=\"wp-block-getwid-image-box__content\">\n<div class=\"wp-block-getwid-advanced-heading\" style=\"margin-bottom:15px\"><h4 class=\"wp-block-getwid-advanced-heading__content\">Sport \u00e0 Calp<\/h4><\/div>\n\n\n\n<p style=\"font-size:14px\" class=\"wp-block-paragraph\">Calpe propose une grande vari\u00e9t\u00e9 de sports, aussi bien pour les d\u00e9butants que pour les experts.<\/p>\n\n\n\n<div class=\"wp-block-getwid-advanced-heading has-custom-font-size\" style=\"font-size:14px\"><h5 class=\"wp-block-getwid-advanced-heading__content has-text-color has-light-sea-green-color\"><a href=\"https:\/\/calpebay.net\/deportes-en-calpe\/\">En savoir plus<\/a><\/h5><\/div>\n<\/div><\/div>\n<\/div><\/div><\/div><\/div><\/div>\n<\/div>\n<\/div>\n\n<div style=\"height:52px\" aria-hidden=\"true\" class=\"wp-block-spacer\"><\/div>\n\n<hr class=\"is-style-wide wp-block-separator has-css-opacity\"\/>\n\n<div style=\"height:32px\" aria-hidden=\"true\" class=\"wp-block-spacer\"><\/div>\n\n<div class=\"wp-block-getwid-advanced-heading\" style=\"margin-bottom:5px\"><h2 class=\"wp-block-getwid-advanced-heading__content\" style=\"text-align:center\">Offres sp\u00e9ciales et services<\/h2><\/div>\n\n<div class=\"wp-block-getwid-advanced-heading\" style=\"margin-bottom:50px\"><span class=\"wp-block-getwid-advanced-heading__content\" style=\"text-align:center\">Apr\u00e8s avoir r\u00e9serv\u00e9 une villa, un gestionnaire de voyage vous contacte et organise l&#8217;un des services r\u00e9pertori\u00e9s.<\/span><\/div>\n\n<div class=\"has-4-columns wp-block-columns is-layout-flex wp-container-core-columns-is-layout-8f761849 wp-block-columns-is-layout-flex\">\n<div class=\"wp-block-column is-layout-flow wp-block-column-is-layout-flow\">\n<div class=\"is-style-shadow-bottom has-foreground-undefined wp-block-getwid-banner has-animation-style4 has-vertical-alignment-bottom\"><a href=\"#\" class=\"wp-block-getwid-banner__link\"><div class=\"wp-block-getwid-banner__wrapper\"><img data-recalc-dims=\"1\" decoding=\"async\" src=\"https:\/\/i0.wp.com\/calpebay.net\/wp-content\/uploads\/2019\/09\/specials-1.jpg?w=892&#038;ssl=1\" alt=\"\" class=\"wp-block-getwid-banner__image wp-block-getwid-banner__source wp-image-566\"><div class=\"wp-block-getwid-banner__caption\" style=\"min-height:315px\"><div class=\"wp-block-getwid-banner__caption-wrapper\"><span class=\"wp-block-getwid-banner__title\">Jusqu&#8217;\u00e0 15% de r\u00e9duction<\/span><p class=\"wp-block-getwid-banner__text\">Rabais pour les seniors du complexe<\/p><\/div><\/div><\/div><\/a><\/div>\n<\/div>\n\n\n\n<div class=\"wp-block-column is-layout-flow wp-block-column-is-layout-flow\">\n<div class=\"is-style-shadow-bottom has-foreground-undefined wp-block-getwid-banner has-animation-style4 has-vertical-alignment-bottom\"><a href=\"#\" class=\"wp-block-getwid-banner__link\"><div class=\"wp-block-getwid-banner__wrapper\"><img data-recalc-dims=\"1\" loading=\"lazy\" decoding=\"async\" width=\"892\" height=\"1060\" src=\"https:\/\/i0.wp.com\/calpebay.net\/wp-content\/uploads\/2019\/09\/specials-3.jpg?resize=892%2C1060&#038;ssl=1\" alt=\"\" class=\"wp-block-getwid-banner__image wp-block-getwid-banner__source wp-image-568\" srcset=\"https:\/\/i0.wp.com\/calpebay.net\/wp-content\/uploads\/2019\/09\/specials-3.jpg?w=892&amp;ssl=1 892w, https:\/\/i0.wp.com\/calpebay.net\/wp-content\/uploads\/2019\/09\/specials-3.jpg?resize=252%2C300&amp;ssl=1 252w, https:\/\/i0.wp.com\/calpebay.net\/wp-content\/uploads\/2019\/09\/specials-3.jpg?resize=862%2C1024&amp;ssl=1 862w, https:\/\/i0.wp.com\/calpebay.net\/wp-content\/uploads\/2019\/09\/specials-3.jpg?resize=768%2C913&amp;ssl=1 768w\" sizes=\"auto, (max-width: 892px) 100vw, 892px\" \/><div class=\"wp-block-getwid-banner__caption\" style=\"min-height:315px\"><div class=\"wp-block-getwid-banner__caption-wrapper\"><span class=\"wp-block-getwid-banner__title\">Sp\u00e9cial lundi<\/span><p class=\"wp-block-getwid-banner__text\">10$ de rabais le lundi<\/p><\/div><\/div><\/div><\/a><\/div>\n<\/div>\n\n\n\n<div class=\"wp-block-column is-layout-flow wp-block-column-is-layout-flow\">\n<div class=\"is-style-shadow-bottom has-foreground-undefined wp-block-getwid-banner has-animation-style4 has-vertical-alignment-bottom\"><a href=\"#\" class=\"wp-block-getwid-banner__link\"><div class=\"wp-block-getwid-banner__wrapper\"><img data-recalc-dims=\"1\" loading=\"lazy\" decoding=\"async\" width=\"892\" height=\"1060\" src=\"https:\/\/i0.wp.com\/calpebay.net\/wp-content\/uploads\/2019\/09\/specials-2.jpg?resize=892%2C1060&#038;ssl=1\" alt=\"\" class=\"wp-block-getwid-banner__image wp-block-getwid-banner__source wp-image-567\" srcset=\"https:\/\/i0.wp.com\/calpebay.net\/wp-content\/uploads\/2019\/09\/specials-2.jpg?w=892&amp;ssl=1 892w, https:\/\/i0.wp.com\/calpebay.net\/wp-content\/uploads\/2019\/09\/specials-2.jpg?resize=252%2C300&amp;ssl=1 252w, https:\/\/i0.wp.com\/calpebay.net\/wp-content\/uploads\/2019\/09\/specials-2.jpg?resize=862%2C1024&amp;ssl=1 862w, https:\/\/i0.wp.com\/calpebay.net\/wp-content\/uploads\/2019\/09\/specials-2.jpg?resize=768%2C913&amp;ssl=1 768w\" sizes=\"auto, (max-width: 892px) 100vw, 892px\" \/><div class=\"wp-block-getwid-banner__caption\" style=\"min-height:315px\"><div class=\"wp-block-getwid-banner__caption-wrapper\"><span class=\"wp-block-getwid-banner__title\">Th\u00e9rapie thermale<\/span><p class=\"wp-block-getwid-banner__text\">Laissez votre corps se d\u00e9tendre<\/p><\/div><\/div><\/div><\/a><\/div>\n<\/div>\n\n\n\n<div class=\"wp-block-column is-layout-flow wp-block-column-is-layout-flow\">\n<div class=\"is-style-shadow-bottom has-foreground-undefined wp-block-getwid-banner has-animation-style4 has-vertical-alignment-bottom\"><a href=\"#\" class=\"wp-block-getwid-banner__link\"><div class=\"wp-block-getwid-banner__wrapper\"><img data-recalc-dims=\"1\" loading=\"lazy\" decoding=\"async\" width=\"892\" height=\"1060\" src=\"https:\/\/i0.wp.com\/calpebay.net\/wp-content\/uploads\/2019\/09\/specials-4.jpg?resize=892%2C1060&#038;ssl=1\" alt=\"\" class=\"wp-block-getwid-banner__image wp-block-getwid-banner__source wp-image-569\" srcset=\"https:\/\/i0.wp.com\/calpebay.net\/wp-content\/uploads\/2019\/09\/specials-4.jpg?w=892&amp;ssl=1 892w, https:\/\/i0.wp.com\/calpebay.net\/wp-content\/uploads\/2019\/09\/specials-4.jpg?resize=252%2C300&amp;ssl=1 252w, https:\/\/i0.wp.com\/calpebay.net\/wp-content\/uploads\/2019\/09\/specials-4.jpg?resize=862%2C1024&amp;ssl=1 862w, https:\/\/i0.wp.com\/calpebay.net\/wp-content\/uploads\/2019\/09\/specials-4.jpg?resize=768%2C913&amp;ssl=1 768w\" sizes=\"auto, (max-width: 892px) 100vw, 892px\" \/><div class=\"wp-block-getwid-banner__caption\" style=\"min-height:315px\"><div class=\"wp-block-getwid-banner__caption-wrapper\"><span class=\"wp-block-getwid-banner__title\">La 7\u00e8me nuit  <\/span><p class=\"wp-block-getwid-banner__text\">\u00c9conomies sur 7 nuits et plus<\/p><\/div><\/div><\/div><\/a><\/div>\n<\/div>\n<\/div>\n","protected":false},"excerpt":{"rendered":"<p>Calp est une ville c\u00f4ti\u00e8re situ\u00e9e dans la province d&#8217;Alicante, dans la Communaut\u00e9 valencienne, en Espagne. C&#8217;est une destination touristique et sportive tr\u00e8s appr\u00e9ci\u00e9e des visiteurs nationaux et internationaux.  <\/p>\n","protected":false},"author":1,"featured_media":4611,"parent":0,"menu_order":0,"comment_status":"closed","ping_status":"closed","template":"template-wide-page.php","meta":{"nf_dc_page":"","_crdt_document":"","om_disable_all_campaigns":false,"inline_featured_image":false,"_monsterinsights_skip_tracking":false,"_monsterinsights_sitenote_active":false,"_monsterinsights_sitenote_note":"","_monsterinsights_sitenote_category":0,"footnotes":""},"class_list":["post-5786","page","type-page","status-publish","has-post-thumbnail","hentry"],"aioseo_notices":[],"jetpack_sharing_enabled":true,"_links":{"self":[{"href":"https:\/\/calpebay.net\/fr\/wp-json\/wp\/v2\/pages\/5786","targetHints":{"allow":["GET"]}}],"collection":[{"href":"https:\/\/calpebay.net\/fr\/wp-json\/wp\/v2\/pages"}],"about":[{"href":"https:\/\/calpebay.net\/fr\/wp-json\/wp\/v2\/types\/page"}],"author":[{"embeddable":true,"href":"https:\/\/calpebay.net\/fr\/wp-json\/wp\/v2\/users\/1"}],"replies":[{"embeddable":true,"href":"https:\/\/calpebay.net\/fr\/wp-json\/wp\/v2\/comments?post=5786"}],"version-history":[{"count":1,"href":"https:\/\/calpebay.net\/fr\/wp-json\/wp\/v2\/pages\/5786\/revisions"}],"predecessor-version":[{"id":5787,"href":"https:\/\/calpebay.net\/fr\/wp-json\/wp\/v2\/pages\/5786\/revisions\/5787"}],"wp:featuredmedia":[{"embeddable":true,"href":"https:\/\/calpebay.net\/fr\/wp-json\/wp\/v2\/media\/4611"}],"wp:attachment":[{"href":"https:\/\/calpebay.net\/fr\/wp-json\/wp\/v2\/media?parent=5786"}],"curies":[{"name":"wp","href":"https:\/\/api.w.org\/{rel}","templated":true}]}}