{"id":6041,"date":"2024-05-11T14:02:44","date_gmt":"2024-05-11T14:02:44","guid":{"rendered":"https:\/\/calpebay.net\/sports-a-calpe\/"},"modified":"2024-05-18T14:24:10","modified_gmt":"2024-05-18T14:24:10","slug":"sports-a-calpe","status":"publish","type":"page","link":"https:\/\/calpebay.net\/fr\/sports-a-calpe\/","title":{"rendered":"Sports \u00e0 Calpe"},"content":{"rendered":"\n<p class=\"wp-block-paragraph\">Calpe offre une grande vari\u00e9t\u00e9 de sports pour les amateurs d&#8217;aventure et d&#8217;activit\u00e9 physique. Voici quelques options :<\/p>\n\n<h2 class=\"wp-block-heading\">Cyclisme<\/h2>\n\n<h4 class=\"wp-block-heading\">Amateurs et professionnels<\/h4>\n\n<p class=\"wp-block-paragraph\">Cyclisme : Explorez les environs de Calpe \u00e0 v\u00e9lo. Il y a des itin\u00e9raires pour les d\u00e9butants et les cyclistes plus exp\u00e9riment\u00e9s.<\/p>\n<div class=\"wp-block-image\">\n<figure class=\"aligncenter size-large\"><img data-recalc-dims=\"1\" loading=\"lazy\" decoding=\"async\" width=\"892\" height=\"594\" src=\"https:\/\/i0.wp.com\/calpebay.net\/wp-content\/uploads\/2024\/04\/FIVE-CYCLISTS-2000.jpg?resize=892%2C594&#038;ssl=1\" alt=\"\" class=\"wp-image-2165\" srcset=\"https:\/\/i0.wp.com\/calpebay.net\/wp-content\/uploads\/2024\/04\/FIVE-CYCLISTS-2000.jpg?resize=1024%2C682&amp;ssl=1 1024w, https:\/\/i0.wp.com\/calpebay.net\/wp-content\/uploads\/2024\/04\/FIVE-CYCLISTS-2000.jpg?resize=300%2C200&amp;ssl=1 300w, https:\/\/i0.wp.com\/calpebay.net\/wp-content\/uploads\/2024\/04\/FIVE-CYCLISTS-2000.jpg?resize=768%2C512&amp;ssl=1 768w, https:\/\/i0.wp.com\/calpebay.net\/wp-content\/uploads\/2024\/04\/FIVE-CYCLISTS-2000.jpg?resize=1536%2C1024&amp;ssl=1 1536w, https:\/\/i0.wp.com\/calpebay.net\/wp-content\/uploads\/2024\/04\/FIVE-CYCLISTS-2000.jpg?resize=892%2C595&amp;ssl=1 892w, https:\/\/i0.wp.com\/calpebay.net\/wp-content\/uploads\/2024\/04\/FIVE-CYCLISTS-2000.jpg?resize=1350%2C900&amp;ssl=1 1350w, https:\/\/i0.wp.com\/calpebay.net\/wp-content\/uploads\/2024\/04\/FIVE-CYCLISTS-2000.jpg?w=2000&amp;ssl=1 2000w, https:\/\/i0.wp.com\/calpebay.net\/wp-content\/uploads\/2024\/04\/FIVE-CYCLISTS-2000.jpg?w=1784&amp;ssl=1 1784w\" sizes=\"auto, (max-width: 892px) 100vw, 892px\" \/><\/figure>\n<\/div>\n<p class=\"wp-block-paragraph\">In sed porta lectus, auctor bibendum est. Mauris tempor fermentum nisl vel imperdiet. Donec consequat sapien ac nisl pellentesque, eget condimentum felis rhoncus.<\/p>\n\n<h4 class=\"wp-block-heading\">Sports nautiques.<\/h4>\n<div class=\"wp-block-image\">\n<figure class=\"alignleft size-large\"><img data-recalc-dims=\"1\" loading=\"lazy\" decoding=\"async\" width=\"892\" height=\"594\" src=\"https:\/\/i0.wp.com\/calpebay.net\/wp-content\/uploads\/2024\/05\/WINDSURF-TWO-MOUNTAINS-2000.jpg?resize=892%2C594&#038;ssl=1\" alt=\"\" class=\"wp-image-2356\" srcset=\"https:\/\/i0.wp.com\/calpebay.net\/wp-content\/uploads\/2024\/05\/WINDSURF-TWO-MOUNTAINS-2000.jpg?resize=1024%2C682&amp;ssl=1 1024w, https:\/\/i0.wp.com\/calpebay.net\/wp-content\/uploads\/2024\/05\/WINDSURF-TWO-MOUNTAINS-2000.jpg?resize=300%2C200&amp;ssl=1 300w, https:\/\/i0.wp.com\/calpebay.net\/wp-content\/uploads\/2024\/05\/WINDSURF-TWO-MOUNTAINS-2000.jpg?resize=768%2C512&amp;ssl=1 768w, https:\/\/i0.wp.com\/calpebay.net\/wp-content\/uploads\/2024\/05\/WINDSURF-TWO-MOUNTAINS-2000.jpg?resize=1536%2C1024&amp;ssl=1 1536w, https:\/\/i0.wp.com\/calpebay.net\/wp-content\/uploads\/2024\/05\/WINDSURF-TWO-MOUNTAINS-2000.jpg?resize=892%2C595&amp;ssl=1 892w, https:\/\/i0.wp.com\/calpebay.net\/wp-content\/uploads\/2024\/05\/WINDSURF-TWO-MOUNTAINS-2000.jpg?resize=1350%2C900&amp;ssl=1 1350w, https:\/\/i0.wp.com\/calpebay.net\/wp-content\/uploads\/2024\/05\/WINDSURF-TWO-MOUNTAINS-2000.jpg?w=2000&amp;ssl=1 2000w, https:\/\/i0.wp.com\/calpebay.net\/wp-content\/uploads\/2024\/05\/WINDSURF-TWO-MOUNTAINS-2000.jpg?w=1784&amp;ssl=1 1784w\" sizes=\"auto, (max-width: 892px) 100vw, 892px\" \/><\/figure>\n<\/div>\n<p class=\"wp-block-paragraph\">Sports nautiques : en raison de sa situation en bord de mer, Calpe est id\u00e9ale pour les activit\u00e9s nautiques. Vous pouvez essayer la planche \u00e0 voile, le kayak, le stand up paddle surfing (SUP) ou m\u00eame le wakeboard.<\/p>\n\n<h4 class=\"wp-block-heading\">Escalade<\/h4>\n<div class=\"wp-block-image\">\n<figure class=\"alignright size-large\"><img data-recalc-dims=\"1\" loading=\"lazy\" decoding=\"async\" width=\"892\" height=\"594\" src=\"https:\/\/i0.wp.com\/calpebay.net\/wp-content\/uploads\/2024\/05\/CLIMBER-YELLOW-2000.jpg?resize=892%2C594&#038;ssl=1\" alt=\"\" class=\"wp-image-2357\" srcset=\"https:\/\/i0.wp.com\/calpebay.net\/wp-content\/uploads\/2024\/05\/CLIMBER-YELLOW-2000.jpg?resize=1024%2C682&amp;ssl=1 1024w, https:\/\/i0.wp.com\/calpebay.net\/wp-content\/uploads\/2024\/05\/CLIMBER-YELLOW-2000.jpg?resize=300%2C200&amp;ssl=1 300w, https:\/\/i0.wp.com\/calpebay.net\/wp-content\/uploads\/2024\/05\/CLIMBER-YELLOW-2000.jpg?resize=768%2C512&amp;ssl=1 768w, https:\/\/i0.wp.com\/calpebay.net\/wp-content\/uploads\/2024\/05\/CLIMBER-YELLOW-2000.jpg?resize=1536%2C1024&amp;ssl=1 1536w, https:\/\/i0.wp.com\/calpebay.net\/wp-content\/uploads\/2024\/05\/CLIMBER-YELLOW-2000.jpg?resize=892%2C595&amp;ssl=1 892w, https:\/\/i0.wp.com\/calpebay.net\/wp-content\/uploads\/2024\/05\/CLIMBER-YELLOW-2000.jpg?resize=1350%2C900&amp;ssl=1 1350w, https:\/\/i0.wp.com\/calpebay.net\/wp-content\/uploads\/2024\/05\/CLIMBER-YELLOW-2000.jpg?w=2000&amp;ssl=1 2000w, https:\/\/i0.wp.com\/calpebay.net\/wp-content\/uploads\/2024\/05\/CLIMBER-YELLOW-2000.jpg?w=1784&amp;ssl=1 1784w\" sizes=\"auto, (max-width: 892px) 100vw, 892px\" \/><\/figure>\n<\/div>\n<p class=\"wp-block-paragraph\">Escalade : Si vous recherchez des \u00e9motions fortes, l&#8217;escalade est une option. Les montagnes voisines d&#8217;Ifach et d&#8217;Olt\u00e0 offrent des voies d&#8217;escalade.<\/p>\n\n<h4 class=\"wp-block-heading\">Randonn\u00e9e<\/h4>\n<div class=\"wp-block-image\">\n<figure class=\"alignleft size-large\"><img data-recalc-dims=\"1\" loading=\"lazy\" decoding=\"async\" width=\"892\" height=\"594\" src=\"https:\/\/i0.wp.com\/calpebay.net\/wp-content\/uploads\/2024\/05\/SENDEROS-2000.jpg?resize=892%2C594&#038;ssl=1\" alt=\"\" class=\"wp-image-2359\" srcset=\"https:\/\/i0.wp.com\/calpebay.net\/wp-content\/uploads\/2024\/05\/SENDEROS-2000.jpg?resize=1024%2C682&amp;ssl=1 1024w, https:\/\/i0.wp.com\/calpebay.net\/wp-content\/uploads\/2024\/05\/SENDEROS-2000.jpg?resize=300%2C200&amp;ssl=1 300w, https:\/\/i0.wp.com\/calpebay.net\/wp-content\/uploads\/2024\/05\/SENDEROS-2000.jpg?resize=768%2C512&amp;ssl=1 768w, https:\/\/i0.wp.com\/calpebay.net\/wp-content\/uploads\/2024\/05\/SENDEROS-2000.jpg?resize=1536%2C1024&amp;ssl=1 1536w, https:\/\/i0.wp.com\/calpebay.net\/wp-content\/uploads\/2024\/05\/SENDEROS-2000.jpg?resize=892%2C595&amp;ssl=1 892w, https:\/\/i0.wp.com\/calpebay.net\/wp-content\/uploads\/2024\/05\/SENDEROS-2000.jpg?resize=1350%2C900&amp;ssl=1 1350w, https:\/\/i0.wp.com\/calpebay.net\/wp-content\/uploads\/2024\/05\/SENDEROS-2000.jpg?w=2000&amp;ssl=1 2000w, https:\/\/i0.wp.com\/calpebay.net\/wp-content\/uploads\/2024\/05\/SENDEROS-2000.jpg?w=1784&amp;ssl=1 1784w\" sizes=\"auto, (max-width: 892px) 100vw, 892px\" \/><\/figure>\n<\/div>\n<p class=\"wp-block-paragraph\">Randonn\u00e9e : explorez les sentiers naturels et profitez des vues panoramiques. Il existe des itin\u00e9raires pour tous les niveaux.<\/p>\n\n<p class=\"wp-block-paragraph\">Golf : \u00cates-vous un amateur de golf ? Calpe dispose de terrains de golf \u00e0 proximit\u00e9 pour pratiquer ce sport&#8230;<\/p>\n\n<p class=\"wp-block-paragraph\">Plong\u00e9e sous-marine : d\u00e9couvrez la beaut\u00e9 sous-marine de la r\u00e9gion gr\u00e2ce \u00e0 la plong\u00e9e sous-marine. Des centres de plong\u00e9e proposent des excursions et des cours.<\/p>\n<div class=\"wp-block-image\">\n<figure class=\"aligncenter size-large\"><img data-recalc-dims=\"1\" loading=\"lazy\" decoding=\"async\" width=\"892\" height=\"375\" src=\"https:\/\/i0.wp.com\/calpebay.net\/wp-content\/uploads\/2024\/05\/FISHERMAN-BANNER.jpg?resize=892%2C375&#038;ssl=1\" alt=\"\" class=\"wp-image-2363\" srcset=\"https:\/\/i0.wp.com\/calpebay.net\/wp-content\/uploads\/2024\/05\/FISHERMAN-BANNER.jpg?resize=1024%2C431&amp;ssl=1 1024w, https:\/\/i0.wp.com\/calpebay.net\/wp-content\/uploads\/2024\/05\/FISHERMAN-BANNER.jpg?resize=300%2C126&amp;ssl=1 300w, https:\/\/i0.wp.com\/calpebay.net\/wp-content\/uploads\/2024\/05\/FISHERMAN-BANNER.jpg?resize=768%2C323&amp;ssl=1 768w, https:\/\/i0.wp.com\/calpebay.net\/wp-content\/uploads\/2024\/05\/FISHERMAN-BANNER.jpg?resize=1536%2C647&amp;ssl=1 1536w, https:\/\/i0.wp.com\/calpebay.net\/wp-content\/uploads\/2024\/05\/FISHERMAN-BANNER.jpg?resize=892%2C376&amp;ssl=1 892w, https:\/\/i0.wp.com\/calpebay.net\/wp-content\/uploads\/2024\/05\/FISHERMAN-BANNER.jpg?resize=1350%2C568&amp;ssl=1 1350w, https:\/\/i0.wp.com\/calpebay.net\/wp-content\/uploads\/2024\/05\/FISHERMAN-BANNER.jpg?w=2000&amp;ssl=1 2000w, https:\/\/i0.wp.com\/calpebay.net\/wp-content\/uploads\/2024\/05\/FISHERMAN-BANNER.jpg?w=1784&amp;ssl=1 1784w\" sizes=\"auto, (max-width: 892px) 100vw, 892px\" \/><\/figure>\n<\/div>\n<p class=\"wp-block-paragraph\">En bref, Calpe est un paradis pour les sportifs et les amoureux de la nature. Profitez de toutes les options qu&#8217;il offre.<\/p>\n","protected":false},"excerpt":{"rendered":"<p>Calpe offre une grande vari\u00e9t\u00e9 de sports pour les amateurs d&#8217;aventure et d&#8217;activit\u00e9 physique. Voici quelques options : Cyclisme Amateurs et professionnels Cyclisme : Explorez les environs de Calpe \u00e0 v\u00e9lo. Il y a des itin\u00e9raires pour les d\u00e9butants et les cyclistes plus exp\u00e9riment\u00e9s. In sed porta lectus, auctor bibendum est. Mauris tempor fermentum nisl [&hellip;]<\/p>\n","protected":false},"author":1,"featured_media":0,"parent":0,"menu_order":0,"comment_status":"closed","ping_status":"closed","template":"","meta":{"nf_dc_page":"","_crdt_document":"","om_disable_all_campaigns":false,"inline_featured_image":false,"_monsterinsights_skip_tracking":false,"_monsterinsights_sitenote_active":false,"_monsterinsights_sitenote_note":"","_monsterinsights_sitenote_category":0,"footnotes":""},"class_list":["post-6041","page","type-page","status-publish","hentry"],"aioseo_notices":[],"jetpack_sharing_enabled":true,"_links":{"self":[{"href":"https:\/\/calpebay.net\/fr\/wp-json\/wp\/v2\/pages\/6041","targetHints":{"allow":["GET"]}}],"collection":[{"href":"https:\/\/calpebay.net\/fr\/wp-json\/wp\/v2\/pages"}],"about":[{"href":"https:\/\/calpebay.net\/fr\/wp-json\/wp\/v2\/types\/page"}],"author":[{"embeddable":true,"href":"https:\/\/calpebay.net\/fr\/wp-json\/wp\/v2\/users\/1"}],"replies":[{"embeddable":true,"href":"https:\/\/calpebay.net\/fr\/wp-json\/wp\/v2\/comments?post=6041"}],"version-history":[{"count":1,"href":"https:\/\/calpebay.net\/fr\/wp-json\/wp\/v2\/pages\/6041\/revisions"}],"predecessor-version":[{"id":6042,"href":"https:\/\/calpebay.net\/fr\/wp-json\/wp\/v2\/pages\/6041\/revisions\/6042"}],"wp:attachment":[{"href":"https:\/\/calpebay.net\/fr\/wp-json\/wp\/v2\/media?parent=6041"}],"curies":[{"name":"wp","href":"https:\/\/api.w.org\/{rel}","templated":true}]}}