{"id":6170,"date":"2024-05-11T11:09:13","date_gmt":"2024-05-11T11:09:13","guid":{"rendered":"https:\/\/calpebay.net\/rocher-difach-et-escalade\/"},"modified":"2024-05-21T08:22:41","modified_gmt":"2024-05-21T08:22:41","slug":"rocher-difach-et-escalade","status":"publish","type":"page","link":"https:\/\/calpebay.net\/fr\/rocher-difach-et-escalade\/","title":{"rendered":"Rocher d&#8217;Ifach et escalade"},"content":{"rendered":"\n<p class=\"wp-block-paragraph\"><span class=\"HwtZe\" lang=\"fr\"><span class=\"jCAhz ChMk0b\"><span class=\"ryNqvb\">Le <strong>Pe\u00f1\u00f3n de Ifach<\/strong> est une impressionnante formation rocheuse situ\u00e9e sur la Costa Blanca de Calpe.<\/span><\/span> <span class=\"jCAhz ChMk0b\"><span class=\"ryNqvb\">Il s&#8217;\u00e9l\u00e8ve de la mer comme un rocher calcaire de <strong>332 m\u00e8tres de haut<\/strong> et environ <strong>un kilom\u00e8tre de long<\/strong>, rejoint par un isthme \u00e9troit pr\u00e8s du port de Calpe, qui constitue l&#8217;une des caract\u00e9ristiques g\u00e9ographiques les plus uniques et les plus belles de toute la c\u00f4te m\u00e9diterran\u00e9enne.<\/span><\/span><\/span><\/p>\n\n<h2 class=\"wp-block-heading\">Histoire<\/h2>\n\n<p class=\"wp-block-paragraph\"><span class=\"HwtZe\" lang=\"fr\"><span class=\"jCAhz ChMk0b\"><span class=\"ryNqvb\">L&#8217;histoire du Pe\u00f1\u00f3n de Ifach remonte \u00e0 environ <strong>2 500 ans<\/strong>.<\/span><\/span> <span class=\"jCAhz ChMk0b\"><span class=\"ryNqvb\">Bien qu&#8217;il n&#8217;y ait pas de date exacte, les historiens sugg\u00e8rent une origine pr\u00e9-romaine et soutiennent que ce sont les Ph\u00e9niciens qui lui ont donn\u00e9 le nom de <strong>Calpe<\/strong>.<\/span><\/span> <span class=\"jCAhz ChMk0b\"><span class=\"ryNqvb\">Son emplacement strat\u00e9gique et sa pr\u00e9sence imposante en ont fait un symbole de la r\u00e9gion.<\/span><\/span><\/span><\/p>\n<div class=\"wp-block-image\">\n<figure class=\"aligncenter size-full\"><img data-recalc-dims=\"1\" loading=\"lazy\" decoding=\"async\" width=\"892\" height=\"595\" src=\"https:\/\/i0.wp.com\/calpebay.net\/wp-content\/uploads\/2024\/05\/PENON-DE-IFACH-2000.jpg?resize=892%2C595&#038;ssl=1\" alt=\"\" class=\"wp-image-2324\" srcset=\"https:\/\/i0.wp.com\/calpebay.net\/wp-content\/uploads\/2024\/05\/PENON-DE-IFACH-2000.jpg?w=2000&amp;ssl=1 2000w, https:\/\/i0.wp.com\/calpebay.net\/wp-content\/uploads\/2024\/05\/PENON-DE-IFACH-2000.jpg?resize=300%2C200&amp;ssl=1 300w, https:\/\/i0.wp.com\/calpebay.net\/wp-content\/uploads\/2024\/05\/PENON-DE-IFACH-2000.jpg?resize=1024%2C682&amp;ssl=1 1024w, https:\/\/i0.wp.com\/calpebay.net\/wp-content\/uploads\/2024\/05\/PENON-DE-IFACH-2000.jpg?resize=768%2C512&amp;ssl=1 768w, https:\/\/i0.wp.com\/calpebay.net\/wp-content\/uploads\/2024\/05\/PENON-DE-IFACH-2000.jpg?resize=1536%2C1024&amp;ssl=1 1536w, https:\/\/i0.wp.com\/calpebay.net\/wp-content\/uploads\/2024\/05\/PENON-DE-IFACH-2000.jpg?resize=892%2C595&amp;ssl=1 892w, https:\/\/i0.wp.com\/calpebay.net\/wp-content\/uploads\/2024\/05\/PENON-DE-IFACH-2000.jpg?resize=1350%2C900&amp;ssl=1 1350w, https:\/\/i0.wp.com\/calpebay.net\/wp-content\/uploads\/2024\/05\/PENON-DE-IFACH-2000.jpg?w=1784&amp;ssl=1 1784w\" sizes=\"auto, (max-width: 892px) 100vw, 892px\" \/><\/figure>\n<\/div>\n<h4 class=\"wp-block-heading\"><strong><span class=\"HwtZe\" lang=\"fr\"><span class=\"jCAhz ChMk0b\"><span class=\"ryNqvb\">Mont\u00e9e pour tous au Pe\u00f1\u00f3n de Ifach :<\/span><\/span><\/span><\/strong><\/h4>\n\n<p class=\"wp-block-paragraph\"><span class=\"HwtZe\" lang=\"fr\"><span class=\"jCAhz ChMk0b\"><span class=\"ryNqvb\">La <strong>mont\u00e9e au Pe\u00f1\u00f3n de Ifach<\/strong> est une exp\u00e9rience passionnante et accessible \u00e0 la plupart des gens.<\/span><\/span> <span class=\"jCAhz ChMk0b\"><span class=\"ryNqvb\">Voici quelques d\u00e9tails pour profiter de cette aventure\u00a0:<\/span><\/span><\/span><\/p>\n\n<ol class=\"wp-block-list\">\n<li class=\"\"><strong><span class=\"HwtZe\" lang=\"fr\"><span class=\"jCAhz ChMk0b\"><span class=\"ryNqvb\">Randonn\u00e9e:<\/span><\/span><\/span><\/strong>\n<ul class=\"wp-block-list\">\n<li class=\"\"><span class=\"HwtZe\" lang=\"fr\"><span class=\"jCAhz ChMk0b\"><span class=\"ryNqvb\">Le <strong>sentier principal<\/strong> commence au parking pr\u00e8s du rocher.<\/span><\/span> <span class=\"jCAhz ChMk0b\"><span class=\"ryNqvb\">C&#8217;est un itin\u00e9raire bien balis\u00e9 qui traverse une pin\u00e8de puis monte \u00e0 flanc de rocher.<\/span><\/span><\/span><\/li>\n\n\n\n<li class=\"\"><span class=\"HwtZe\" lang=\"fr\"><span class=\"jCAhz ChMk0b\"><span class=\"ryNqvb\">La <strong>distance totale<\/strong> du sentier est d&#8217;environ <strong>1,8 kilom\u00e8tres (aller-retour)<\/strong>.<\/span><\/span><\/span><\/li>\n\n\n\n<li class=\"\"><span class=\"HwtZe\" lang=\"fr\"><span class=\"jCAhz ChMk0b\"><span class=\"ryNqvb\"><strong>Dur\u00e9e estim\u00e9e :<\/strong> Vous pouvez terminer l&#8217;ascension en <strong>1 \u00e0 2 heures<\/strong>, en fonction de votre rythme et des arr\u00eats pour profiter de la vue.<\/span><\/span><\/span><\/li>\n\n\n\n<li class=\"\"><span class=\"HwtZe\" lang=\"fr\"><span class=\"jCAhz ChMk0b\"><span class=\"ryNqvb\"><strong>Difficult\u00e9 :<\/strong> Bien que ce ne soit pas extr\u00eamement difficile, il y a quelques <strong>sections raides et des marches creus\u00e9es dans la roche.<\/strong><\/span><\/span> <span class=\"jCAhz ChMk0b\"><span class=\"ryNqvb\">Une bonne condition physique est requise.<\/span><\/span><\/span><\/li>\n<\/ul>\n<\/li>\n\n\n\n<li class=\"\"><strong><span class=\"HwtZe\" lang=\"fr\"><span class=\"jCAhz ChMk0b\"><span class=\"ryNqvb\">Vues panoramiques:<\/span><\/span><\/span><\/strong>\n<ul class=\"wp-block-list\">\n<li class=\"\"><span class=\"HwtZe\" lang=\"fr\"><span class=\"jCAhz ChMk0b\"><span class=\"ryNqvb\">En montant, vous pourrez profiter <strong>d&#8217;une vue incroyable sur la mer M\u00e9diterran\u00e9e, la Costa Blanca<\/strong> et la ville de <strong>Calpe<\/strong>.<\/span><\/span><\/span><\/li>\n\n\n\n<li class=\"\"><span class=\"HwtZe\" lang=\"fr\"><span class=\"jCAhz ChMk0b\"><span class=\"ryNqvb\">N&#8217;oubliez pas d&#8217;apporter votre <strong>appareil photo<\/strong> pour capturer ces moments impressionnants.<\/span><\/span><\/span><\/li>\n<\/ul>\n<\/li>\n\n\n\n<li class=\"\"><strong><span class=\"HwtZe\" lang=\"fr\"><span class=\"jCAhz ChMk0b\"><span class=\"ryNqvb\">Pr\u00e9paration:<\/span><\/span><\/span><\/strong>\n<ul class=\"wp-block-list\">\n<li class=\"\"><span class=\"HwtZe\" lang=\"fr\"><span class=\"jCAhz ChMk0b\"><span class=\"ryNqvb\">Portez des <strong>chaussures de marche appropri\u00e9es<\/strong>, comme des baskets ou des chaussures de randonn\u00e9e.<\/span><\/span><\/span><\/li>\n\n\n\n<li class=\"\"><span class=\"HwtZe\" lang=\"fr\"><span class=\"jCAhz ChMk0b\"><span class=\"ryNqvb\"><strong>Prot\u00e9gez-vous du soleil :<\/strong> Portez de la cr\u00e8me solaire, des lunettes de soleil et un chapeau.<\/span><\/span><\/span><\/li>\n\n\n\n<li class=\"\"><span class=\"HwtZe\" lang=\"fr\"><span class=\"jCAhz ChMk0b\"><span class=\"ryNqvb\"><strong>Eau :<\/strong> Emportez suffisamment d\u2019eau pour rester hydrat\u00e9 pendant la randonn\u00e9e.<\/span><\/span><\/span><\/li>\n\n\n\n<li class=\"\"><span class=\"HwtZe\" lang=\"fr\"><span class=\"jCAhz ChMk0b\"><span class=\"ryNqvb\"><strong>Calendrier\u00a0:<\/strong> Essayez de commencer t\u00f4t le matin ou en fin d\u2019apr\u00e8s-midi pour \u00e9viter la chaleur de midi.<\/span><\/span><\/span><\/li>\n<\/ul>\n<\/li>\n\n\n\n<li class=\"\"><strong><span class=\"HwtZe\" lang=\"fr\"><span class=\"jCAhz ChMk0b\"><span class=\"ryNqvb\">Sommet du Rocher :<\/span><\/span><\/span><\/strong>\n<ul class=\"wp-block-list\">\n<li class=\"\"><span class=\"HwtZe\" lang=\"fr\"><span class=\"jCAhz ChMk0b\"><span class=\"ryNqvb\">En arrivant au sommet, vous serez r\u00e9compens\u00e9 par une <strong>vue spectaculaire<\/strong>.<\/span><\/span> <span class=\"jCAhz ChMk0b\"><span class=\"ryNqvb\">Vous pourrez voir la <strong>baie de Calpe<\/strong>, le <strong>port de p\u00eache<\/strong> et les <strong>plages<\/strong>.<\/span><\/span><\/span><\/li>\n\n\n\n<li class=\"\"><span class=\"HwtZe\" lang=\"fr\"><span class=\"jCAhz ChMk0b\"><span class=\"ryNqvb\">Soyez prudent lorsque vous approchez du <strong>bord<\/strong>\u00a0;<\/span><\/span> <span class=\"jCAhz ChMk0b\"><span class=\"ryNqvb\">la baisse est prononc\u00e9e.<\/span><\/span><\/span><\/li>\n<\/ul>\n<\/li>\n<\/ol>\n\n<p class=\"wp-block-paragraph\">Pensez \u00e0 respecter le milieu naturel et \u00e0 suivre les consignes. Profitez de cette exp\u00e9rience unique dans le Pe\u00f1\u00f3n de Ifach !<\/p>\n<div class=\"wp-block-image\">\n<figure class=\"alignleft size-large is-resized\"><img data-recalc-dims=\"1\" loading=\"lazy\" decoding=\"async\" width=\"892\" height=\"595\" src=\"https:\/\/i0.wp.com\/calpebay.net\/wp-content\/uploads\/2024\/04\/CALPE-ALICANTE-SPAIN-IFACH-2.jpg?resize=892%2C595&#038;ssl=1\" alt=\"\" class=\"wp-image-1898\" style=\"width:899px;height:auto\" srcset=\"https:\/\/i0.wp.com\/calpebay.net\/wp-content\/uploads\/2024\/04\/CALPE-ALICANTE-SPAIN-IFACH-2.jpg?resize=1024%2C683&amp;ssl=1 1024w, https:\/\/i0.wp.com\/calpebay.net\/wp-content\/uploads\/2024\/04\/CALPE-ALICANTE-SPAIN-IFACH-2.jpg?resize=300%2C200&amp;ssl=1 300w, https:\/\/i0.wp.com\/calpebay.net\/wp-content\/uploads\/2024\/04\/CALPE-ALICANTE-SPAIN-IFACH-2.jpg?resize=768%2C512&amp;ssl=1 768w, https:\/\/i0.wp.com\/calpebay.net\/wp-content\/uploads\/2024\/04\/CALPE-ALICANTE-SPAIN-IFACH-2.jpg?resize=1536%2C1024&amp;ssl=1 1536w, https:\/\/i0.wp.com\/calpebay.net\/wp-content\/uploads\/2024\/04\/CALPE-ALICANTE-SPAIN-IFACH-2.jpg?resize=892%2C595&amp;ssl=1 892w, https:\/\/i0.wp.com\/calpebay.net\/wp-content\/uploads\/2024\/04\/CALPE-ALICANTE-SPAIN-IFACH-2.jpg?resize=1350%2C900&amp;ssl=1 1350w, https:\/\/i0.wp.com\/calpebay.net\/wp-content\/uploads\/2024\/04\/CALPE-ALICANTE-SPAIN-IFACH-2.jpg?w=1900&amp;ssl=1 1900w, https:\/\/i0.wp.com\/calpebay.net\/wp-content\/uploads\/2024\/04\/CALPE-ALICANTE-SPAIN-IFACH-2.jpg?w=1784&amp;ssl=1 1784w\" sizes=\"auto, (max-width: 892px) 100vw, 892px\" \/><\/figure>\n<\/div>\n<p class=\"wp-block-paragraph\"><strong><span class=\"HwtZe\" lang=\"fr\"><span class=\"jCAhz ChMk0b\"><span class=\"ryNqvb\">Sommet du Rocher :<\/span><\/span><\/span><\/strong><\/p>\n\n<ul class=\"wp-block-list\">\n<li class=\"\"><span class=\"HwtZe\" lang=\"fr\"><span class=\"jCAhz ChMk0b\"><span class=\"ryNqvb\">En arrivant au sommet, vous serez r\u00e9compens\u00e9 par une <strong>vue spectaculaire<\/strong>.<\/span><\/span> <span class=\"jCAhz ChMk0b\"><span class=\"ryNqvb\">Vous pourrez voir la <strong>baie de Calpe<\/strong>, le <strong>port de p\u00eache<\/strong> et les <strong>plages<\/strong>.<\/span><\/span><\/span><\/li>\n\n\n\n<li class=\"\"><span class=\"HwtZe\" lang=\"fr\"><span class=\"jCAhz ChMk0b\"><span class=\"ryNqvb\">Soyez prudent lorsque vous approchez du <strong>bord<\/strong>\u00a0;<\/span><\/span> <span class=\"jCAhz ChMk0b\"><span class=\"ryNqvb\">la baisse est prononc\u00e9e.<\/span><\/span><\/span><\/li>\n<\/ul>\n\n<h2 class=\"wp-block-heading\">Ascension du Pe\u00f1\u00f3n de Ifach<\/h2>\n\n<h4 class=\"wp-block-heading\">D\u00e9di\u00e9 \u00e0 la haute comp\u00e9tition :<\/h4>\n\n<h4 class=\"wp-block-heading\">Voies d&#8217;escalade<\/h4>\n\n<p class=\"wp-block-paragraph\">Voici quelques-uns des itin\u00e9raires les plus remarquables du Pe\u00f1\u00f3n de Ifach :<\/p>\n\n<p class=\"wp-block-paragraph\"><strong><span class=\"HwtZe\" lang=\"fr\"><span class=\"jCAhz ChMk0b\"><span class=\"ryNqvb\">Voies d&#8217;escalade les plus faciles :<\/span><\/span><\/span><\/strong><\/p>\n\n<ul class=\"wp-block-list\">\n<li class=\"\"><strong>Pany<\/strong>: 200 m, 5.<\/li>\n\n\n\n<li class=\"\"><strong>Valencianos<\/strong>: 260 m, 5+.<\/li>\n\n\n\n<li class=\"\"><strong>Diedro UBSA<\/strong>: 220 m, 5+.<\/li>\n<\/ul>\n\n<p class=\"wp-block-paragraph\"><strong><span class=\"HwtZe\" lang=\"fr\"><span class=\"jCAhz ChMk0b\"><span class=\"ryNqvb\">Voies d&#8217;escalade populaires :<\/span><\/span><\/span><\/strong><\/p>\n\n<ul class=\"wp-block-list\">\n<li class=\"\"><strong>Costa Blanca<\/strong>: 210 m, 6c+ <span class=\"HwtZe\" lang=\"fr\"><span class=\"jCAhz ChMk0b\"><span class=\"ryNqvb\">(\u00e9quip\u00e9).<\/span><\/span><\/span><\/li>\n\n\n\n<li class=\"\"><span class=\"HwtZe\" lang=\"fr\"><span class=\"jCAhz ChMk0b\"><span class=\"ryNqvb\"><strong>El navegante<\/strong>: 200 m, 7a (\u00e9quip\u00e9).<\/span><\/span><\/span><\/li>\n\n\n\n<li class=\"\"><strong>G\u00f3mez \u2013 Cano<\/strong>: 280 m, 6b A0 <span class=\"HwtZe\" lang=\"fr\"><span class=\"jCAhz ChMk0b\"><span class=\"ryNqvb\">(traditionnel)<\/span><\/span><\/span><\/li>\n\n\n\n<li class=\"\"><strong>Anglada Gallego<\/strong>: 300 m, 6c <span class=\"HwtZe\" lang=\"fr\"><span class=\"jCAhz ChMk0b\"><span class=\"ryNqvb\">(traditionnel)<\/span><\/span><\/span><\/li>\n\n\n\n<li class=\"\"><strong>Revelaci\u00f3n<\/strong>: 350 m, 6b+ <span class=\"HwtZe\" lang=\"fr\"><span class=\"jCAhz ChMk0b\"><span class=\"ryNqvb\">(traditionnel)<\/span><\/span><\/span><\/li>\n\n\n\n<li class=\"\"><strong>Herbes m\u00e0giques<\/strong>: 350 m, 6b A2 <span class=\"HwtZe\" lang=\"fr\"><span class=\"jCAhz ChMk0b\"><span class=\"ryNqvb\">(traditionnel)<\/span><\/span><\/span><\/li>\n<\/ul>\n\n<p class=\"wp-block-paragraph\"><span class=\"HwtZe\" lang=\"fr\"><span class=\"jCAhz ChMk0b\"><span class=\"ryNqvb\">Si vous recherchez une exp\u00e9rience guid\u00e9e, vous pouvez \u00e9galement opter pour <strong>la mont\u00e9e guid\u00e9e jusqu&#8217;au Pe\u00f1\u00f3n de Ifach<\/strong>.<\/span><\/span><\/span><\/p>\n<div class=\"wp-block-image\">\n<figure class=\"alignright size-large\"><img data-recalc-dims=\"1\" loading=\"lazy\" decoding=\"async\" width=\"892\" height=\"594\" src=\"https:\/\/i0.wp.com\/calpebay.net\/wp-content\/uploads\/2024\/05\/ESCALADORA-ESTHER-1024x682.jpg?resize=892%2C594&#038;ssl=1\" alt=\"\" class=\"wp-image-2326\" srcset=\"https:\/\/i0.wp.com\/calpebay.net\/wp-content\/uploads\/2024\/05\/ESCALADORA-ESTHER.jpg?resize=1024%2C682&amp;ssl=1 1024w, https:\/\/i0.wp.com\/calpebay.net\/wp-content\/uploads\/2024\/05\/ESCALADORA-ESTHER.jpg?resize=300%2C200&amp;ssl=1 300w, https:\/\/i0.wp.com\/calpebay.net\/wp-content\/uploads\/2024\/05\/ESCALADORA-ESTHER.jpg?resize=768%2C512&amp;ssl=1 768w, https:\/\/i0.wp.com\/calpebay.net\/wp-content\/uploads\/2024\/05\/ESCALADORA-ESTHER.jpg?resize=892%2C594&amp;ssl=1 892w, https:\/\/i0.wp.com\/calpebay.net\/wp-content\/uploads\/2024\/05\/ESCALADORA-ESTHER.jpg?w=1190&amp;ssl=1 1190w\" sizes=\"auto, (max-width: 892px) 100vw, 892px\" \/><\/figure>\n<\/div>\n<p class=\"wp-block-paragraph\"><span class=\"HwtZe\" lang=\"fr\"><span class=\"jCAhz ChMk0b\"><span class=\"ryNqvb\">Aussi bien sur ses <strong>faces nord que sud<\/strong>, vous trouverez une multitude d&#8217;itin\u00e9raires qui vous permettront de parcourir son rocher dans une ambiance fantastique.<\/span><\/span> <span class=\"jCAhz ChMk0b\"><span class=\"ryNqvb\">Sur la face nord se d\u00e9tache un calcaire blanc \u00e0 couper le souffle.<\/span><\/span> <span class=\"jCAhz ChMk0b\"><span class=\"ryNqvb\">Sur la face sud (la plus fr\u00e9quent\u00e9e), le calcaire orange occupe une place centrale, ainsi que les voies effondr\u00e9es et d&#8217;autoprotection.<\/span><\/span> <span class=\"jCAhz ChMk0b\"><span class=\"ryNqvb\">En grimpant, vous avez l&#8217;impression d&#8217;\u00eatre au-dessus de la mer, ce qui ajoute une touche particuli\u00e8re \u00e0 l&#8217;exp\u00e9rience.<\/span><\/span><\/span><\/p>\n\n<p class=\"wp-block-paragraph\"><\/p>\n\n<p class=\"wp-block-paragraph\">Cet endroit est un v\u00e9ritable terrain d&#8217;aventure et offre des vues spectaculaires. J&#8217;esp\u00e8re que vous appr\u00e9cierez explorer ce rocher impressionnant !<\/p>\n","protected":false},"excerpt":{"rendered":"<p>Le Pe\u00f1\u00f3n de Ifach est une impressionnante formation rocheuse situ\u00e9e sur la Costa Blanca de Calpe. Il s&#8217;\u00e9l\u00e8ve de la mer comme un rocher calcaire de 332 m\u00e8tres de haut et environ un kilom\u00e8tre de long, rejoint par un isthme \u00e9troit pr\u00e8s du port de Calpe, qui constitue l&#8217;une des caract\u00e9ristiques g\u00e9ographiques les plus uniques [&hellip;]<\/p>\n","protected":false},"author":1,"featured_media":0,"parent":0,"menu_order":0,"comment_status":"closed","ping_status":"closed","template":"","meta":{"nf_dc_page":"","_crdt_document":"","om_disable_all_campaigns":false,"inline_featured_image":false,"_monsterinsights_skip_tracking":false,"_monsterinsights_sitenote_active":false,"_monsterinsights_sitenote_note":"","_monsterinsights_sitenote_category":0,"footnotes":""},"class_list":["post-6170","page","type-page","status-publish","hentry"],"aioseo_notices":[],"jetpack_sharing_enabled":true,"_links":{"self":[{"href":"https:\/\/calpebay.net\/fr\/wp-json\/wp\/v2\/pages\/6170","targetHints":{"allow":["GET"]}}],"collection":[{"href":"https:\/\/calpebay.net\/fr\/wp-json\/wp\/v2\/pages"}],"about":[{"href":"https:\/\/calpebay.net\/fr\/wp-json\/wp\/v2\/types\/page"}],"author":[{"embeddable":true,"href":"https:\/\/calpebay.net\/fr\/wp-json\/wp\/v2\/users\/1"}],"replies":[{"embeddable":true,"href":"https:\/\/calpebay.net\/fr\/wp-json\/wp\/v2\/comments?post=6170"}],"version-history":[{"count":1,"href":"https:\/\/calpebay.net\/fr\/wp-json\/wp\/v2\/pages\/6170\/revisions"}],"predecessor-version":[{"id":6171,"href":"https:\/\/calpebay.net\/fr\/wp-json\/wp\/v2\/pages\/6170\/revisions\/6171"}],"wp:attachment":[{"href":"https:\/\/calpebay.net\/fr\/wp-json\/wp\/v2\/media?parent=6170"}],"curies":[{"name":"wp","href":"https:\/\/api.w.org\/{rel}","templated":true}]}}