{"id":6215,"date":"2024-05-11T09:28:13","date_gmt":"2024-05-11T09:28:13","guid":{"rendered":"https:\/\/calpebay.net\/plages-de-calp\/"},"modified":"2024-05-26T11:36:08","modified_gmt":"2024-05-26T11:36:08","slug":"plages-de-calp","status":"publish","type":"page","link":"https:\/\/calpebay.net\/fr\/plages-de-calp\/","title":{"rendered":"Plages de Calp"},"content":{"rendered":"\n<p class=\"wp-block-paragraph\"><span class=\"HwtZe\" lang=\"fr\"><span class=\"jCAhz ChMk0b\"><span class=\"ryNqvb\">Calpe, sur la magnifique Costa Blanca espagnole, est connue pour ses plages et ses criques.<\/span><\/span> <span class=\"jCAhz ChMk0b\"><span class=\"ryNqvb\">Voici quelques-uns des plus remarquables\u00a0:<\/span><\/span><\/span><\/p>\n\n<h2 class=\"wp-block-heading\">Arenal Bol<\/h2>\n\n<h4 class=\"wp-block-heading\">Proche du Centre<\/h4>\n\n<p class=\"wp-block-paragraph\"><span class=\"HwtZe\" lang=\"fr\"><span class=\"jCAhz ChMk0b\"><span class=\"ryNqvb\"><strong>Playa del Arenal-Bol<\/strong> : Cette plage est situ\u00e9e au c\u0153ur de Calpe, \u00e0 c\u00f4t\u00e9 de la promenade.<\/span><\/span> <span class=\"jCAhz ChMk0b\"><span class=\"ryNqvb\">Avec un <strong>drapeau bleu<\/strong> et <strong>1200 m\u00e8tres de long<\/strong>, c&#8217;est l&#8217;un des plus longs.<\/span><\/span> <span class=\"jCAhz ChMk0b\"><span class=\"ryNqvb\">Son sable fin et dor\u00e9 la rend tr\u00e8s appr\u00e9ci\u00e9e des touristes.<\/span><\/span> <span class=\"jCAhz ChMk0b\"><span class=\"ryNqvb\">De plus, il dispose de tous les services n\u00e9cessaires.<\/span><\/span><\/span><\/p>\n<div class=\"wp-block-image\">\n<figure class=\"aligncenter size-full\"><img data-recalc-dims=\"1\" loading=\"lazy\" decoding=\"async\" width=\"892\" height=\"595\" src=\"https:\/\/i0.wp.com\/calpebay.net\/wp-content\/uploads\/2024\/04\/PLAYA-CALPE-PENON-1.jpg?resize=892%2C595&#038;ssl=1\" alt=\"\" class=\"wp-image-1317\" srcset=\"https:\/\/i0.wp.com\/calpebay.net\/wp-content\/uploads\/2024\/04\/PLAYA-CALPE-PENON-1.jpg?w=975&amp;ssl=1 975w, https:\/\/i0.wp.com\/calpebay.net\/wp-content\/uploads\/2024\/04\/PLAYA-CALPE-PENON-1.jpg?resize=300%2C200&amp;ssl=1 300w, https:\/\/i0.wp.com\/calpebay.net\/wp-content\/uploads\/2024\/04\/PLAYA-CALPE-PENON-1.jpg?resize=768%2C512&amp;ssl=1 768w, https:\/\/i0.wp.com\/calpebay.net\/wp-content\/uploads\/2024\/04\/PLAYA-CALPE-PENON-1.jpg?resize=892%2C595&amp;ssl=1 892w\" sizes=\"auto, (max-width: 892px) 100vw, 892px\" \/><\/figure>\n<\/div>\n<p class=\"wp-block-paragraph\">C&#8217;est la plage la plus fr\u00e9quent\u00e9e de Calpe, mais vous pouvez en profiter et trouver une bonne place toute l&#8217;ann\u00e9e, m\u00eame pendant les mois les plus touristiques de l&#8217;ann\u00e9e, en juillet et ao\u00fbt.<\/p>\n\n<h4 class=\"wp-block-heading\">Les deux plages vues du haut du Pe\u00f1\u00f3n de Ifach :<\/h4>\n<div class=\"wp-block-image\">\n<figure class=\"alignleft size-large is-resized\"><img data-recalc-dims=\"1\" loading=\"lazy\" decoding=\"async\" width=\"892\" height=\"594\" src=\"https:\/\/i0.wp.com\/calpebay.net\/wp-content\/uploads\/2024\/04\/TOP-OF-IFACH-2000-1.jpg?resize=892%2C594&#038;ssl=1\" alt=\"\" class=\"wp-image-2186\" style=\"width:899px;height:auto\" srcset=\"https:\/\/i0.wp.com\/calpebay.net\/wp-content\/uploads\/2024\/04\/TOP-OF-IFACH-2000-1.jpg?resize=1024%2C682&amp;ssl=1 1024w, https:\/\/i0.wp.com\/calpebay.net\/wp-content\/uploads\/2024\/04\/TOP-OF-IFACH-2000-1.jpg?resize=300%2C200&amp;ssl=1 300w, https:\/\/i0.wp.com\/calpebay.net\/wp-content\/uploads\/2024\/04\/TOP-OF-IFACH-2000-1.jpg?resize=768%2C512&amp;ssl=1 768w, https:\/\/i0.wp.com\/calpebay.net\/wp-content\/uploads\/2024\/04\/TOP-OF-IFACH-2000-1.jpg?resize=1536%2C1024&amp;ssl=1 1536w, https:\/\/i0.wp.com\/calpebay.net\/wp-content\/uploads\/2024\/04\/TOP-OF-IFACH-2000-1.jpg?resize=892%2C595&amp;ssl=1 892w, https:\/\/i0.wp.com\/calpebay.net\/wp-content\/uploads\/2024\/04\/TOP-OF-IFACH-2000-1.jpg?resize=1350%2C900&amp;ssl=1 1350w, https:\/\/i0.wp.com\/calpebay.net\/wp-content\/uploads\/2024\/04\/TOP-OF-IFACH-2000-1.jpg?w=2000&amp;ssl=1 2000w, https:\/\/i0.wp.com\/calpebay.net\/wp-content\/uploads\/2024\/04\/TOP-OF-IFACH-2000-1.jpg?w=1784&amp;ssl=1 1784w\" sizes=\"auto, (max-width: 892px) 100vw, 892px\" \/><\/figure>\n<\/div>\n<p class=\"has-text-align-left wp-block-paragraph\">A la izquierda en esta fotograf\u00eda est\u00e1 la Playa de Arenal Bol y a la derecha la Playa de la Fossa. Esta fotograf\u00eda se ha tomado  desde la cima del Pe\u00f1\u00f3n de Ifach.  En el medio, y detr\u00e1s de los edificios altos, se puede apreciar la laguna de Las Salinas de Calpe, situadas en el mismo n\u00facleo urbano de la localidad y donde se han registrado 173 especies de aves, destacando poblaciones del flamencos y  de la cig\u00fce\u00f1uela com\u00fan.  Esta vista desde el punto mas alto del Pe\u00f1\u00f3n es espectacular!<\/p>\n\n<h2 class=\"wp-block-heading\">Plage de Fossa<\/h2>\n\n<h4 class=\"wp-block-heading\">De l&#8217;autre c\u00f4t\u00e9 du rocher d&#8217;Ifach<\/h4>\n\n<p class=\"wp-block-paragraph\"><span class=\"HwtZe\" lang=\"fr\"><span class=\"jCAhz ChMk0b\"><span class=\"ryNqvb\">Sable fin, eaux transparentes et vues spectaculaires sur le <strong>Pe\u00f1\u00f3n de Ifach<\/strong>.<\/span><\/span> <span class=\"jCAhz ChMk0b\"><span class=\"ryNqvb\">La promenade sur cette plage est large et tranquille.<\/span><\/span> <span class=\"jCAhz ChMk0b\"><span class=\"ryNqvb\">Pour acc\u00e9der \u00e0 La Fossa depuis la plage Arenal-Bol, vous devrez emprunter quelques rues proches du port de plaisance.<\/span><\/span><\/span><\/p>\n<div class=\"wp-block-image\">\n<figure class=\"alignright size-large\"><img data-recalc-dims=\"1\" loading=\"lazy\" decoding=\"async\" width=\"892\" height=\"594\" src=\"https:\/\/i0.wp.com\/calpebay.net\/wp-content\/uploads\/2024\/05\/PENON-IFACH-FOSSA-2000.jpg?resize=892%2C594&#038;ssl=1\" alt=\"\" class=\"wp-image-2289\" srcset=\"https:\/\/i0.wp.com\/calpebay.net\/wp-content\/uploads\/2024\/05\/PENON-IFACH-FOSSA-2000.jpg?resize=1024%2C682&amp;ssl=1 1024w, https:\/\/i0.wp.com\/calpebay.net\/wp-content\/uploads\/2024\/05\/PENON-IFACH-FOSSA-2000.jpg?resize=300%2C200&amp;ssl=1 300w, https:\/\/i0.wp.com\/calpebay.net\/wp-content\/uploads\/2024\/05\/PENON-IFACH-FOSSA-2000.jpg?resize=768%2C512&amp;ssl=1 768w, https:\/\/i0.wp.com\/calpebay.net\/wp-content\/uploads\/2024\/05\/PENON-IFACH-FOSSA-2000.jpg?resize=1536%2C1024&amp;ssl=1 1536w, https:\/\/i0.wp.com\/calpebay.net\/wp-content\/uploads\/2024\/05\/PENON-IFACH-FOSSA-2000.jpg?resize=892%2C595&amp;ssl=1 892w, https:\/\/i0.wp.com\/calpebay.net\/wp-content\/uploads\/2024\/05\/PENON-IFACH-FOSSA-2000.jpg?resize=1350%2C900&amp;ssl=1 1350w, https:\/\/i0.wp.com\/calpebay.net\/wp-content\/uploads\/2024\/05\/PENON-IFACH-FOSSA-2000.jpg?w=2000&amp;ssl=1 2000w, https:\/\/i0.wp.com\/calpebay.net\/wp-content\/uploads\/2024\/05\/PENON-IFACH-FOSSA-2000.jpg?w=1784&amp;ssl=1 1784w\" sizes=\"auto, (max-width: 892px) 100vw, 892px\" \/><\/figure>\n<\/div>\n<p class=\"wp-block-paragraph\"><\/p>\n\n<p class=\"wp-block-paragraph\">Playa de la Fossa, \u00e9galement connue sous le nom de Playa de Levante, est une belle plage situ\u00e9e \u00e0 Calpe, au pied du majestueux Pe\u00f1\u00f3n de Ifach.<\/p>\n\n<p class=\"wp-block-paragraph\">Voici quelques d\u00e9tails cl\u00e9s sur cette belle plage : Longueur : Environ 950 m\u00e8tres. Largeur : Environ 40 m\u00e8tres. Type de sable : Sable fin. Vues : La plage offre une vue imprenable sur l\u2019embl\u00e9matique Pe\u00f1\u00f3n de Ifach. Conditions de l&#8217;eau : Gr\u00e2ce \u00e0 la protection assur\u00e9e par la formation rocheuse, les eaux sont g\u00e9n\u00e9ralement calmes, m\u00eame lors de fortes vagues du sud12. Services : Playa de la Fossa offre toutes les commodit\u00e9s que vous attendez, y compris un acc\u00e8s pour personnes handicap\u00e9es, une tour de secours et des installations telles que des toilettes. Activit\u00e9s : Les visiteurs peuvent nager, bronzer et explorer la r\u00e9gion.<\/p>\n\n<p class=\"wp-block-paragraph\">La plage est \u00e9galement id\u00e9ale pour la plong\u00e9e en apn\u00e9e et la p\u00eache. Que vous recherchiez la d\u00e9tente ou l&#8217;aventure, Playa de la Fossa est un endroit fantastique pour bronzer et profiter de la beaut\u00e9 naturelle de la Costa Blanca.<\/p>\n\n<figure class=\"wp-block-image size-large\"><img data-recalc-dims=\"1\" loading=\"lazy\" decoding=\"async\" width=\"892\" height=\"594\" src=\"https:\/\/i0.wp.com\/calpebay.net\/wp-content\/uploads\/2024\/05\/LA-FOSSA-ROTULO-2000.jpg?resize=892%2C594&#038;ssl=1\" alt=\"\" class=\"wp-image-2309\" srcset=\"https:\/\/i0.wp.com\/calpebay.net\/wp-content\/uploads\/2024\/05\/LA-FOSSA-ROTULO-2000.jpg?resize=1024%2C682&amp;ssl=1 1024w, https:\/\/i0.wp.com\/calpebay.net\/wp-content\/uploads\/2024\/05\/LA-FOSSA-ROTULO-2000.jpg?resize=300%2C200&amp;ssl=1 300w, https:\/\/i0.wp.com\/calpebay.net\/wp-content\/uploads\/2024\/05\/LA-FOSSA-ROTULO-2000.jpg?resize=768%2C512&amp;ssl=1 768w, https:\/\/i0.wp.com\/calpebay.net\/wp-content\/uploads\/2024\/05\/LA-FOSSA-ROTULO-2000.jpg?resize=1536%2C1024&amp;ssl=1 1536w, https:\/\/i0.wp.com\/calpebay.net\/wp-content\/uploads\/2024\/05\/LA-FOSSA-ROTULO-2000.jpg?resize=892%2C595&amp;ssl=1 892w, https:\/\/i0.wp.com\/calpebay.net\/wp-content\/uploads\/2024\/05\/LA-FOSSA-ROTULO-2000.jpg?resize=1350%2C900&amp;ssl=1 1350w, https:\/\/i0.wp.com\/calpebay.net\/wp-content\/uploads\/2024\/05\/LA-FOSSA-ROTULO-2000.jpg?w=2000&amp;ssl=1 2000w, https:\/\/i0.wp.com\/calpebay.net\/wp-content\/uploads\/2024\/05\/LA-FOSSA-ROTULO-2000.jpg?w=1784&amp;ssl=1 1784w\" sizes=\"auto, (max-width: 892px) 100vw, 892px\" \/><\/figure>\n\n<h4 class=\"wp-block-heading\"><\/h4>\n","protected":false},"excerpt":{"rendered":"<p>Calpe, sur la magnifique Costa Blanca espagnole, est connue pour ses plages et ses criques. Voici quelques-uns des plus remarquables\u00a0: Arenal Bol Proche du Centre Playa del Arenal-Bol : Cette plage est situ\u00e9e au c\u0153ur de Calpe, \u00e0 c\u00f4t\u00e9 de la promenade. Avec un drapeau bleu et 1200 m\u00e8tres de long, c&#8217;est l&#8217;un des plus [&hellip;]<\/p>\n","protected":false},"author":1,"featured_media":0,"parent":0,"menu_order":0,"comment_status":"closed","ping_status":"closed","template":"","meta":{"nf_dc_page":"","_crdt_document":"","om_disable_all_campaigns":false,"inline_featured_image":false,"_monsterinsights_skip_tracking":false,"_monsterinsights_sitenote_active":false,"_monsterinsights_sitenote_note":"","_monsterinsights_sitenote_category":0,"footnotes":""},"class_list":["post-6215","page","type-page","status-publish","hentry"],"aioseo_notices":[],"jetpack_sharing_enabled":true,"_links":{"self":[{"href":"https:\/\/calpebay.net\/fr\/wp-json\/wp\/v2\/pages\/6215","targetHints":{"allow":["GET"]}}],"collection":[{"href":"https:\/\/calpebay.net\/fr\/wp-json\/wp\/v2\/pages"}],"about":[{"href":"https:\/\/calpebay.net\/fr\/wp-json\/wp\/v2\/types\/page"}],"author":[{"embeddable":true,"href":"https:\/\/calpebay.net\/fr\/wp-json\/wp\/v2\/users\/1"}],"replies":[{"embeddable":true,"href":"https:\/\/calpebay.net\/fr\/wp-json\/wp\/v2\/comments?post=6215"}],"version-history":[{"count":1,"href":"https:\/\/calpebay.net\/fr\/wp-json\/wp\/v2\/pages\/6215\/revisions"}],"predecessor-version":[{"id":6216,"href":"https:\/\/calpebay.net\/fr\/wp-json\/wp\/v2\/pages\/6215\/revisions\/6216"}],"wp:attachment":[{"href":"https:\/\/calpebay.net\/fr\/wp-json\/wp\/v2\/media?parent=6215"}],"curies":[{"name":"wp","href":"https:\/\/api.w.org\/{rel}","templated":true}]}}