{"id":6782,"date":"2024-04-22T14:19:36","date_gmt":"2024-04-22T14:19:36","guid":{"rendered":"https:\/\/calpebay.net\/sobre-calpe\/"},"modified":"2024-06-22T16:34:26","modified_gmt":"2024-06-22T16:34:26","slug":"sobre-calpe","status":"publish","type":"page","link":"https:\/\/calpebay.net\/pt-pt\/sobre-calpe\/","title":{"rendered":"Sobre Calpe"},"content":{"rendered":"\n<div class=\"wp-block-getwid-section getwid-margin-top-none getwid-section-content-custom-width\"><div class=\"wp-block-getwid-section__wrapper getwid-padding-left-none getwid-padding-right-none\" style=\"padding-top:30px;padding-bottom:20px\"><div class=\"wp-block-getwid-section__inner-wrapper\" style=\"max-width:892px\"><div class=\"wp-block-getwid-section__background-holder\"><div class=\"wp-block-getwid-section__background\"><\/div><div class=\"wp-block-getwid-section__foreground\"><\/div><\/div><div class=\"wp-block-getwid-section__content\"><div class=\"wp-block-getwid-section__inner-content\">\n<strong><span class=\"HwtZe\" lang=\"pt\"><span class=\"jCAhz JxVs2d ChMk0b\"><span class=\"ryNqvb\">Aproveite todas as atividades e servi\u00e7os de Calpe!<\/span><\/span><\/span><\/strong>\n\n\n\n<p class=\"has-text-align-center wp-block-paragraph\" style=\"font-size:14px\"><\/p>\n\n\n\n<p class=\"wp-block-paragraph\"><span class=\"HwtZe\" lang=\"pt\"><span class=\"jCAhz JxVs2d ChMk0b\"><span class=\"ryNqvb\"><strong>Calpe<\/strong>, tamb\u00e9m conhecida como <strong>Calp<\/strong>, \u00e9 uma cidade costeira localizada na prov\u00edncia de Alicante, na Comunidade Valenciana, na Espanha.<\/span><\/span> <span class=\"jCAhz JxVs2d ChMk0b\"><span class=\"ryNqvb\">\u00c9 um destino tur\u00edstico e desportivo muito procurado por visitantes nacionais e internacionais.<\/span><\/span> <span class=\"jCAhz JxVs2d ChMk0b\"><span class=\"ryNqvb\">Aqui est\u00e3o alguns destaques sobre Calpe e seus arredores:<\/span><\/span><\/span><\/p>\n\n\n\n<ol class=\"wp-block-list\">\n<li class=\"\"><span class=\"HwtZe\" lang=\"pt\"><span class=\"jCAhz JxVs2d ChMk0b\"><span class=\"ryNqvb\"><strong>Pe\u00f1\u00f3n de Ifach<\/strong>: Esta imponente e fascinante rocha \u00e9 um dos emblemas mais representativos da <strong>Costa Blanca<\/strong>.<\/span><\/span> <span class=\"jCAhz JxVs2d ChMk0b\"><span class=\"ryNqvb\">Declarado Parque Natural em 1987, seu cume atinge <strong>327 metros de altitude<\/strong>.<\/span><\/span> <span class=\"jCAhz JxVs2d ChMk0b\"><span class=\"ryNqvb\">A vista do topo \u00e9 impressionante e oferece uma vista panor\u00e2mica \u00fanica da regi\u00e3o.<\/span><\/span> <span class=\"jCAhz JxVs2d ChMk0b\"><span class=\"ryNqvb\">\u00c9 tamb\u00e9m um excelente destino para escalada, tanto para iniciantes como para os mais avan\u00e7ados.<\/span><\/span><\/span><\/li>\n\n\n\n<li class=\"\"><span class=\"HwtZe\" lang=\"pt\"><span class=\"jCAhz JxVs2d ChMk0b\"><span class=\"ryNqvb\"><strong>Praias de Calpe<\/strong>: Em ambos os lados da rocha existem duas fant\u00e1sticas praias de areia em Calpe, Arenal Bol e La Fossa.<\/span><\/span> <span class=\"jCAhz JxVs2d ChMk0b\"><span class=\"ryNqvb\">Estas praias s\u00e3o a principal raz\u00e3o pela qual as pessoas escolhem passar f\u00e9rias aqui.<\/span><\/span> <span class=\"jCAhz JxVs2d ChMk0b\"><span class=\"ryNqvb\">A qualidade da areia \u00e9 excelente e as \u00e1guas s\u00e3o limpas.<\/span><\/span> <span class=\"jCAhz JxVs2d ChMk0b\"><span class=\"ryNqvb\">Ao contr\u00e1rio da cidade vizinha de Benidorm, voc\u00ea sempre pode encontrar um lugar na praia.<\/span><\/span><\/span><\/li>\n\n\n\n<li class=\"\"><span class=\"HwtZe\" lang=\"pt\"><span class=\"jCAhz JxVs2d ChMk0b\"><span class=\"ryNqvb\"><strong>Salinas de Saladar<\/strong>: Logo atr\u00e1s dos arranha-c\u00e9us de apartamentos e hot\u00e9is no litoral est\u00e3o as <strong>Salinas de Saladar<\/strong>, que s\u00e3o lagoas salinas.<\/span><\/span> <span class=\"jCAhz JxVs2d ChMk0b\"><span class=\"ryNqvb\">Estas lagoas s\u00e3o um local interessante para visitar e aprender sobre a produ\u00e7\u00e3o de sal e a biodiversidade: <strong>173 esp\u00e9cies de aves<\/strong> foram registadas nas Salinas de Calpe.<\/span><\/span> <span class=\"jCAhz JxVs2d ChMk0b\"><span class=\"ryNqvb\">Destacam-se as popula\u00e7\u00f5es do <strong>flamingo comum<\/strong> (v\u00e1rias centenas de exemplares) e do<strong> pernilongo<\/strong>.<\/span><\/span> <span class=\"jCAhz JxVs2d ChMk0b\"><span class=\"ryNqvb\">\u00c9 um local ideal para observar p\u00e1ssaros e desfrutar da natureza.<\/span><\/span><\/span><\/li>\n\n\n\n<li class=\"\"><span class=\"HwtZe\" lang=\"pt\"><span class=\"jCAhz JxVs2d ChMk0b\"><span class=\"ryNqvb\"><strong>Mercado local<\/strong>: N\u00e3o perca o mercado local de Calpe, onde encontrar\u00e1 frutas e vegetais frescos, bem como outros produtos locais.<\/span><\/span> <span class=\"jCAhz JxVs2d ChMk0b\"><span class=\"ryNqvb\">O mercado \u00e9 realizado aos s\u00e1bados.<\/span><\/span><\/span><\/li>\n\n\n\n<li class=\"\"><span class=\"HwtZe\" lang=\"pt\"><span class=\"jCAhz JxVs2d ChMk0b\"><span class=\"ryNqvb\"><strong>Mouros e Crist\u00e3os:<\/strong> O <strong>Festival Mouros e Crist\u00e3os de Calpe<\/strong> \u00e9 um evento vibrante que combina hist\u00f3ria, trajes coloridos e participa\u00e7\u00e3o comunit\u00e1ria.<\/span><\/span> <span class=\"jCAhz JxVs2d ChMk0b\"><span class=\"ryNqvb\">Estas festividades, em homenagem ao <strong>Santo Cristo do Suor<\/strong>, s\u00e3o celebradas desde <strong>1977<\/strong> e atraem visitantes de todo o mundo.<\/span><\/span><\/span><\/li>\n\n\n\n<li class=\"\"><span class=\"HwtZe\" lang=\"pt\"><span class=\"jCAhz JxVs2d ChMk0b\"><span class=\"ryNqvb\"><strong>Festival Oktoberfest<\/strong>: Organizado pelo <strong>Carnaval Club<\/strong> <strong>Calpe<\/strong> e pela C\u00e2mara Municipal de Calpe, este tradicional festival alem\u00e3o gira em torno do consumo de muita cerveja.<\/span><\/span> <span class=\"jCAhz JxVs2d ChMk0b\"><span class=\"ryNqvb\">Os brit\u00e2nicos tamb\u00e9m v\u00e3o curtir esta celebra\u00e7\u00e3o!<\/span><\/span><\/span><\/li>\n\n\n\n<li class=\"\"><span class=\"HwtZe\" lang=\"pt\"><span class=\"jCAhz JxVs2d ChMk0b\"><span class=\"ryNqvb\"><strong>Ciclismo em Calpe<\/strong>: Calpe e seus arredores abrigam uma das mais belas rotas de ciclismo da Europa.<\/span><\/span> <span class=\"jCAhz JxVs2d ChMk0b\"><span class=\"ryNqvb\">Tanto ciclistas profissionais (UCI) como amadores treinam aqui durante todo o ano, fazendo de Calpe um dos destinos de ciclismo mais reconhecidos do mundo.<\/span><\/span><\/span><\/li>\n<\/ol>\n\n\n\n<p class=\"wp-block-paragraph\">Em suma, Calpe oferece uma combina\u00e7\u00e3o de belas praias, hist\u00f3ria, cultura, gastronomia e desporto e atividades ao ar livre e muito mais. Espero que voc\u00ea goste de explorar esta encantadora cidade costeira!<\/p>\n<\/div><\/div><\/div><\/div><\/div>\n\n<div class=\"has-2-columns wp-block-columns is-layout-flex wp-container-core-columns-is-layout-8f761849 wp-block-columns-is-layout-flex\">\n<div class=\"wp-block-column is-layout-flow wp-block-column-is-layout-flow\">\n<div class=\"is-style-with-shadow wp-block-getwid-section\"><div class=\"wp-block-getwid-section__wrapper getwid-padding-top-medium getwid-padding-bottom-medium getwid-padding-left-medium getwid-padding-right-medium\"><div class=\"wp-block-getwid-section__inner-wrapper\"><div class=\"wp-block-getwid-section__background-holder\"><div class=\"wp-block-getwid-section__background has-background has-white-background-color\"><\/div><div class=\"wp-block-getwid-section__foreground\"><\/div><\/div><div class=\"wp-block-getwid-section__content\"><div class=\"wp-block-getwid-section__inner-content\">\n<div class=\"wp-block-getwid-image-box has-image-left has-text-left has-mobile-layout-column has-mobile-alignment-center\"><div class=\"wp-block-getwid-image-box__image-container is-position-middle\"><div class=\"wp-block-getwid-image-box__image-wrapper\"><img data-recalc-dims=\"1\" loading=\"lazy\" decoding=\"async\" width=\"892\" height=\"595\" src=\"https:\/\/i0.wp.com\/calpebay.net\/wp-content\/uploads\/2024\/04\/IFACH-CLIFF-2000-1.jpg?resize=892%2C595&#038;ssl=1\" alt=\"\" class=\"wp-block-getwid-image-box__image wp-image-2137\" srcset=\"https:\/\/i0.wp.com\/calpebay.net\/wp-content\/uploads\/2024\/04\/IFACH-CLIFF-2000-1.jpg?w=2000&amp;ssl=1 2000w, https:\/\/i0.wp.com\/calpebay.net\/wp-content\/uploads\/2024\/04\/IFACH-CLIFF-2000-1.jpg?resize=300%2C200&amp;ssl=1 300w, https:\/\/i0.wp.com\/calpebay.net\/wp-content\/uploads\/2024\/04\/IFACH-CLIFF-2000-1.jpg?resize=1024%2C682&amp;ssl=1 1024w, https:\/\/i0.wp.com\/calpebay.net\/wp-content\/uploads\/2024\/04\/IFACH-CLIFF-2000-1.jpg?resize=768%2C512&amp;ssl=1 768w, https:\/\/i0.wp.com\/calpebay.net\/wp-content\/uploads\/2024\/04\/IFACH-CLIFF-2000-1.jpg?resize=1536%2C1024&amp;ssl=1 1536w, https:\/\/i0.wp.com\/calpebay.net\/wp-content\/uploads\/2024\/04\/IFACH-CLIFF-2000-1.jpg?resize=892%2C595&amp;ssl=1 892w, https:\/\/i0.wp.com\/calpebay.net\/wp-content\/uploads\/2024\/04\/IFACH-CLIFF-2000-1.jpg?resize=1350%2C900&amp;ssl=1 1350w, https:\/\/i0.wp.com\/calpebay.net\/wp-content\/uploads\/2024\/04\/IFACH-CLIFF-2000-1.jpg?w=1784&amp;ssl=1 1784w\" sizes=\"auto, (max-width: 892px) 100vw, 892px\" \/><\/div><\/div><div class=\"wp-block-getwid-image-box__content\">\n<strong><span class=\"HwtZe\" lang=\"pt\"><span class=\"jCAhz JxVs2d ChMk0b\"><span class=\"ryNqvb\">Rocha de Ifach<\/span><\/span><\/span><\/strong>\n\n\n\n<p style=\"font-size:14px\" class=\"wp-block-paragraph\"><span class=\"HwtZe\" lang=\"pt\"><span class=\"jCAhz JxVs2d ChMk0b\"><span class=\"ryNqvb\">O <strong>Pe\u00f1\u00f3n de Ifach<\/strong> \u00e9 uma \u00e1rea natural protegida, localizada no munic\u00edpio de Calpe.<\/span><\/span><\/span><\/p>\n\n\n\n<strong><span class=\"HwtZe\" lang=\"pt\"><span class=\"jCAhz JxVs2d ChMk0b\"><span class=\"ryNqvb\">Ler mais<\/span><\/span><\/span><\/strong>\n<\/div><\/div>\n<\/div><\/div><\/div><\/div><\/div>\n\n\n\n<div class=\"is-style-with-shadow wp-block-getwid-section\"><div class=\"wp-block-getwid-section__wrapper getwid-padding-top-medium getwid-padding-bottom-medium getwid-padding-left-medium getwid-padding-right-medium\"><div class=\"wp-block-getwid-section__inner-wrapper\"><div class=\"wp-block-getwid-section__background-holder\"><div class=\"wp-block-getwid-section__background has-background has-white-background-color\"><\/div><div class=\"wp-block-getwid-section__foreground\"><\/div><\/div><div class=\"wp-block-getwid-section__content\"><div class=\"wp-block-getwid-section__inner-content\">\n<div class=\"wp-block-getwid-image-box has-image-left has-text-left has-mobile-layout-column has-mobile-alignment-center\"><div class=\"wp-block-getwid-image-box__image-container is-position-middle\"><div class=\"wp-block-getwid-image-box__image-wrapper\"><img data-recalc-dims=\"1\" loading=\"lazy\" decoding=\"async\" width=\"892\" height=\"595\" src=\"https:\/\/i0.wp.com\/calpebay.net\/wp-content\/uploads\/2024\/04\/MOORS-AND-CHRISTIANS-PARADE-2000.jpg?resize=892%2C595&#038;ssl=1\" alt=\"\" class=\"wp-block-getwid-image-box__image wp-image-2160\" srcset=\"https:\/\/i0.wp.com\/calpebay.net\/wp-content\/uploads\/2024\/04\/MOORS-AND-CHRISTIANS-PARADE-2000.jpg?w=2000&amp;ssl=1 2000w, https:\/\/i0.wp.com\/calpebay.net\/wp-content\/uploads\/2024\/04\/MOORS-AND-CHRISTIANS-PARADE-2000.jpg?resize=300%2C200&amp;ssl=1 300w, https:\/\/i0.wp.com\/calpebay.net\/wp-content\/uploads\/2024\/04\/MOORS-AND-CHRISTIANS-PARADE-2000.jpg?resize=1024%2C682&amp;ssl=1 1024w, https:\/\/i0.wp.com\/calpebay.net\/wp-content\/uploads\/2024\/04\/MOORS-AND-CHRISTIANS-PARADE-2000.jpg?resize=768%2C512&amp;ssl=1 768w, https:\/\/i0.wp.com\/calpebay.net\/wp-content\/uploads\/2024\/04\/MOORS-AND-CHRISTIANS-PARADE-2000.jpg?resize=1536%2C1024&amp;ssl=1 1536w, https:\/\/i0.wp.com\/calpebay.net\/wp-content\/uploads\/2024\/04\/MOORS-AND-CHRISTIANS-PARADE-2000.jpg?resize=892%2C595&amp;ssl=1 892w, https:\/\/i0.wp.com\/calpebay.net\/wp-content\/uploads\/2024\/04\/MOORS-AND-CHRISTIANS-PARADE-2000.jpg?resize=1350%2C900&amp;ssl=1 1350w, https:\/\/i0.wp.com\/calpebay.net\/wp-content\/uploads\/2024\/04\/MOORS-AND-CHRISTIANS-PARADE-2000.jpg?w=1784&amp;ssl=1 1784w\" sizes=\"auto, (max-width: 892px) 100vw, 892px\" \/><\/div><\/div><div class=\"wp-block-getwid-image-box__content\">\n<strong><span class=\"HwtZe\" lang=\"pt\"><span class=\"jCAhz JxVs2d ChMk0b\"><span class=\"ryNqvb\">Festivais de Calpe<\/span><\/span><\/span><\/strong>\n\n\n\n<p style=\"font-size:14px\" class=\"wp-block-paragraph\"><span class=\"HwtZe\" lang=\"pt\"><span class=\"jCAhz JxVs2d ChMk0b\"><span class=\"ryNqvb\">As <strong>celebra\u00e7\u00f5es em Calpe<\/strong> est\u00e3o repletas de fogo e p\u00f3lvora, luz e cor, cultura e arte.<\/span><\/span><\/span><\/p>\n\n\n\n<strong><span class=\"HwtZe\" lang=\"pt\"><span class=\"jCAhz JxVs2d ChMk0b\"><span class=\"ryNqvb\">Ler mais<\/span><\/span><\/span><\/strong>\n<\/div><\/div>\n<\/div><\/div><\/div><\/div><\/div>\n<\/div>\n\n\n\n<div class=\"wp-block-column is-layout-flow wp-block-column-is-layout-flow\">\n<div class=\"is-style-with-shadow wp-block-getwid-section\"><div class=\"wp-block-getwid-section__wrapper getwid-padding-top-medium getwid-padding-bottom-medium getwid-padding-left-medium getwid-padding-right-medium\"><div class=\"wp-block-getwid-section__inner-wrapper\"><div class=\"wp-block-getwid-section__background-holder\"><div class=\"wp-block-getwid-section__background has-background has-white-background-color\"><\/div><div class=\"wp-block-getwid-section__foreground\"><\/div><\/div><div class=\"wp-block-getwid-section__content\"><div class=\"wp-block-getwid-section__inner-content\">\n<div class=\"wp-block-getwid-image-box has-image-left has-text-left has-mobile-layout-column has-mobile-alignment-center\"><div class=\"wp-block-getwid-image-box__image-container is-position-middle\"><div class=\"wp-block-getwid-image-box__image-wrapper\"><img data-recalc-dims=\"1\" loading=\"lazy\" decoding=\"async\" width=\"892\" height=\"595\" src=\"https:\/\/i0.wp.com\/calpebay.net\/wp-content\/uploads\/2024\/04\/PLAYA-CALPE-PENON-1.jpg?resize=892%2C595&#038;ssl=1\" alt=\"\" class=\"wp-block-getwid-image-box__image wp-image-1317\" srcset=\"https:\/\/i0.wp.com\/calpebay.net\/wp-content\/uploads\/2024\/04\/PLAYA-CALPE-PENON-1.jpg?w=975&amp;ssl=1 975w, https:\/\/i0.wp.com\/calpebay.net\/wp-content\/uploads\/2024\/04\/PLAYA-CALPE-PENON-1.jpg?resize=300%2C200&amp;ssl=1 300w, https:\/\/i0.wp.com\/calpebay.net\/wp-content\/uploads\/2024\/04\/PLAYA-CALPE-PENON-1.jpg?resize=768%2C512&amp;ssl=1 768w, https:\/\/i0.wp.com\/calpebay.net\/wp-content\/uploads\/2024\/04\/PLAYA-CALPE-PENON-1.jpg?resize=892%2C595&amp;ssl=1 892w\" sizes=\"auto, (max-width: 892px) 100vw, 892px\" \/><\/div><\/div><div class=\"wp-block-getwid-image-box__content\">\n<strong><span class=\"HwtZe\" lang=\"pt\"><span class=\"jCAhz JxVs2d ChMk0b\"><span class=\"ryNqvb\">Praias de Calpe<\/span><\/span><\/span><\/strong>\n\n\n\n<p style=\"font-size:14px\" class=\"wp-block-paragraph\"><span class=\"HwtZe\" lang=\"pt\"><span class=\"jCAhz JxVs2d ChMk0b\"><span class=\"ryNqvb\"><strong>Calpe<\/strong>, uma bela cidade da <strong>Costa Blanca<\/strong>, famosa pelas suas fabulosas praias e enseadas.<\/span><\/span><\/span><\/p>\n\n\n\n<strong><span class=\"HwtZe\" lang=\"pt\"><span class=\"jCAhz JxVs2d ChMk0b\"><span class=\"ryNqvb\">Ler mais<\/span><\/span><\/span><\/strong>\n<\/div><\/div>\n<\/div><\/div><\/div><\/div><\/div>\n\n\n\n<div class=\"is-style-with-shadow wp-block-getwid-section\"><div class=\"wp-block-getwid-section__wrapper getwid-padding-top-medium getwid-padding-bottom-medium getwid-padding-left-medium getwid-padding-right-medium\"><div class=\"wp-block-getwid-section__inner-wrapper\"><div class=\"wp-block-getwid-section__background-holder\"><div class=\"wp-block-getwid-section__background has-background has-white-background-color\"><\/div><div class=\"wp-block-getwid-section__foreground\"><\/div><\/div><div class=\"wp-block-getwid-section__content\"><div class=\"wp-block-getwid-section__inner-content\">\n<div class=\"wp-block-getwid-image-box has-image-left has-text-left has-mobile-layout-column has-mobile-alignment-center\"><div class=\"wp-block-getwid-image-box__image-container is-position-middle\"><div class=\"wp-block-getwid-image-box__image-wrapper\"><img data-recalc-dims=\"1\" loading=\"lazy\" decoding=\"async\" width=\"892\" height=\"595\" src=\"https:\/\/i0.wp.com\/calpebay.net\/wp-content\/uploads\/2024\/04\/FIVE-CYCLISTS-2000.jpg?resize=892%2C595&#038;ssl=1\" alt=\"\" class=\"wp-block-getwid-image-box__image wp-image-2165\" srcset=\"https:\/\/i0.wp.com\/calpebay.net\/wp-content\/uploads\/2024\/04\/FIVE-CYCLISTS-2000.jpg?w=2000&amp;ssl=1 2000w, https:\/\/i0.wp.com\/calpebay.net\/wp-content\/uploads\/2024\/04\/FIVE-CYCLISTS-2000.jpg?resize=300%2C200&amp;ssl=1 300w, https:\/\/i0.wp.com\/calpebay.net\/wp-content\/uploads\/2024\/04\/FIVE-CYCLISTS-2000.jpg?resize=1024%2C682&amp;ssl=1 1024w, https:\/\/i0.wp.com\/calpebay.net\/wp-content\/uploads\/2024\/04\/FIVE-CYCLISTS-2000.jpg?resize=768%2C512&amp;ssl=1 768w, https:\/\/i0.wp.com\/calpebay.net\/wp-content\/uploads\/2024\/04\/FIVE-CYCLISTS-2000.jpg?resize=1536%2C1024&amp;ssl=1 1536w, https:\/\/i0.wp.com\/calpebay.net\/wp-content\/uploads\/2024\/04\/FIVE-CYCLISTS-2000.jpg?resize=892%2C595&amp;ssl=1 892w, https:\/\/i0.wp.com\/calpebay.net\/wp-content\/uploads\/2024\/04\/FIVE-CYCLISTS-2000.jpg?resize=1350%2C900&amp;ssl=1 1350w, https:\/\/i0.wp.com\/calpebay.net\/wp-content\/uploads\/2024\/04\/FIVE-CYCLISTS-2000.jpg?w=1784&amp;ssl=1 1784w\" sizes=\"auto, (max-width: 892px) 100vw, 892px\" \/><\/div><\/div><div class=\"wp-block-getwid-image-box__content\">\n<strong><span class=\"HwtZe\" lang=\"pt\"><span class=\"jCAhz JxVs2d ChMk0b\"><span class=\"ryNqvb\">Esportes em Calpe<\/span><\/span><\/span><\/strong>\n\n\n\n<p style=\"font-size:14px\" class=\"wp-block-paragraph\">Calpe oferece uma grande variedade de esportes, tanto para iniciantes quanto para experientes.<\/p>\n\n\n\n<div class=\"wp-block-getwid-advanced-heading has-custom-font-size\" style=\"font-size:14px\"><h5 class=\"wp-block-getwid-advanced-heading__content has-text-color has-light-sea-green-color\"><a href=\"https:\/\/calpebay.net\/deportes-en-calpe\/\">Read More<\/a><\/h5><\/div>\r\n<\/div><\/div>\n<\/div><\/div><\/div><\/div><\/div>\n<\/div>\n<\/div>\n\n<div style=\"height:52px\" aria-hidden=\"true\" class=\"wp-block-spacer\"><\/div>\n\n<hr class=\"is-style-wide wp-block-separator has-css-opacity\"\/>\n\n<div style=\"height:32px\" aria-hidden=\"true\" class=\"wp-block-spacer\"><\/div>\n\n<strong><span class=\"HwtZe\" lang=\"pt\"><span class=\"jCAhz JxVs2d ChMk0b\"><span class=\"ryNqvb\">Promo\u00e7\u00f5es e servi\u00e7os<\/span><\/span><\/span><\/strong>\n\n<div class=\"wp-block-getwid-advanced-heading\" style=\"margin-bottom:50px\"><span class=\"wp-block-getwid-advanced-heading__content\" style=\"text-align:center\">After booking any villa, a trip manager gets in touch with you and arranges any of  services listed.<\/span><\/div>\r\n\n<div class=\"has-4-columns wp-block-columns is-layout-flex wp-container-core-columns-is-layout-8f761849 wp-block-columns-is-layout-flex\">\n<div class=\"wp-block-column is-layout-flow wp-block-column-is-layout-flow\">\n<div class=\"is-style-shadow-bottom has-foreground-undefined wp-block-getwid-banner has-animation-style4 has-vertical-alignment-bottom\"><a href=\"#\" class=\"wp-block-getwid-banner__link\"><div class=\"wp-block-getwid-banner__wrapper\"><img data-recalc-dims=\"1\" decoding=\"async\" src=\"https:\/\/i0.wp.com\/calpebay.net\/wp-content\/uploads\/2019\/09\/specials-1.jpg?w=892&#038;ssl=1\" alt=\"\" class=\"wp-block-getwid-banner__image wp-block-getwid-banner__source wp-image-566\"\/><div class=\"wp-block-getwid-banner__caption\" style=\"min-height:315px\"><div class=\"wp-block-getwid-banner__caption-wrapper\"><span class=\"wp-block-getwid-banner__title\">Up to 15% off<\/span><p class=\"wp-block-getwid-banner__text\">Resort Senior Discount<\/p><\/div><\/div><\/div><\/a><\/div>\r\n<\/div>\n\n\n\n<div class=\"wp-block-column is-layout-flow wp-block-column-is-layout-flow\">\n<div class=\"is-style-shadow-bottom has-foreground-undefined wp-block-getwid-banner has-animation-style4 has-vertical-alignment-bottom\"><a href=\"#\" class=\"wp-block-getwid-banner__link\"><div class=\"wp-block-getwid-banner__wrapper\"><img data-recalc-dims=\"1\" loading=\"lazy\" decoding=\"async\" width=\"892\" height=\"1060\" src=\"https:\/\/i0.wp.com\/calpebay.net\/wp-content\/uploads\/2019\/09\/specials-3.jpg?resize=892%2C1060&#038;ssl=1\" alt=\"\" class=\"wp-block-getwid-banner__image wp-block-getwid-banner__source wp-image-568\" srcset=\"https:\/\/i0.wp.com\/calpebay.net\/wp-content\/uploads\/2019\/09\/specials-3.jpg?w=892&amp;ssl=1 892w, https:\/\/i0.wp.com\/calpebay.net\/wp-content\/uploads\/2019\/09\/specials-3.jpg?resize=252%2C300&amp;ssl=1 252w, https:\/\/i0.wp.com\/calpebay.net\/wp-content\/uploads\/2019\/09\/specials-3.jpg?resize=862%2C1024&amp;ssl=1 862w, https:\/\/i0.wp.com\/calpebay.net\/wp-content\/uploads\/2019\/09\/specials-3.jpg?resize=768%2C913&amp;ssl=1 768w\" sizes=\"auto, (max-width: 892px) 100vw, 892px\" \/><div class=\"wp-block-getwid-banner__caption\" style=\"min-height:315px\"><div class=\"wp-block-getwid-banner__caption-wrapper\"><span class=\"wp-block-getwid-banner__title\">Monday Special<\/span><p class=\"wp-block-getwid-banner__text\">10$ off on Mondays<\/p><\/div><\/div><\/div><\/a><\/div>\r\n<\/div>\n\n\n\n<div class=\"wp-block-column is-layout-flow wp-block-column-is-layout-flow\">\n<div class=\"is-style-shadow-bottom has-foreground-undefined wp-block-getwid-banner has-animation-style4 has-vertical-alignment-bottom\"><a href=\"#\" class=\"wp-block-getwid-banner__link\"><div class=\"wp-block-getwid-banner__wrapper\"><img data-recalc-dims=\"1\" loading=\"lazy\" decoding=\"async\" width=\"892\" height=\"1060\" src=\"https:\/\/i0.wp.com\/calpebay.net\/wp-content\/uploads\/2019\/09\/specials-2.jpg?resize=892%2C1060&#038;ssl=1\" alt=\"\" class=\"wp-block-getwid-banner__image wp-block-getwid-banner__source wp-image-567\" srcset=\"https:\/\/i0.wp.com\/calpebay.net\/wp-content\/uploads\/2019\/09\/specials-2.jpg?w=892&amp;ssl=1 892w, https:\/\/i0.wp.com\/calpebay.net\/wp-content\/uploads\/2019\/09\/specials-2.jpg?resize=252%2C300&amp;ssl=1 252w, https:\/\/i0.wp.com\/calpebay.net\/wp-content\/uploads\/2019\/09\/specials-2.jpg?resize=862%2C1024&amp;ssl=1 862w, https:\/\/i0.wp.com\/calpebay.net\/wp-content\/uploads\/2019\/09\/specials-2.jpg?resize=768%2C913&amp;ssl=1 768w\" sizes=\"auto, (max-width: 892px) 100vw, 892px\" \/><div class=\"wp-block-getwid-banner__caption\" style=\"min-height:315px\"><div class=\"wp-block-getwid-banner__caption-wrapper\"><span class=\"wp-block-getwid-banner__title\">Spa Therapy<\/span><p class=\"wp-block-getwid-banner__text\">Let your body relax<\/p><\/div><\/div><\/div><\/a><\/div>\r\n<\/div>\n\n\n\n<div class=\"wp-block-column is-layout-flow wp-block-column-is-layout-flow\">\n<div class=\"is-style-shadow-bottom has-foreground-undefined wp-block-getwid-banner has-animation-style4 has-vertical-alignment-bottom\"><a href=\"#\" class=\"wp-block-getwid-banner__link\"><div class=\"wp-block-getwid-banner__wrapper\"><img data-recalc-dims=\"1\" loading=\"lazy\" decoding=\"async\" width=\"892\" height=\"1060\" src=\"https:\/\/i0.wp.com\/calpebay.net\/wp-content\/uploads\/2019\/09\/specials-4.jpg?resize=892%2C1060&#038;ssl=1\" alt=\"\" class=\"wp-block-getwid-banner__image wp-block-getwid-banner__source wp-image-569\" srcset=\"https:\/\/i0.wp.com\/calpebay.net\/wp-content\/uploads\/2019\/09\/specials-4.jpg?w=892&amp;ssl=1 892w, https:\/\/i0.wp.com\/calpebay.net\/wp-content\/uploads\/2019\/09\/specials-4.jpg?resize=252%2C300&amp;ssl=1 252w, https:\/\/i0.wp.com\/calpebay.net\/wp-content\/uploads\/2019\/09\/specials-4.jpg?resize=862%2C1024&amp;ssl=1 862w, https:\/\/i0.wp.com\/calpebay.net\/wp-content\/uploads\/2019\/09\/specials-4.jpg?resize=768%2C913&amp;ssl=1 768w\" sizes=\"auto, (max-width: 892px) 100vw, 892px\" \/><div class=\"wp-block-getwid-banner__caption\" style=\"min-height:315px\"><div class=\"wp-block-getwid-banner__caption-wrapper\"><span class=\"wp-block-getwid-banner__title\">The 7th Night <\/span><p class=\"wp-block-getwid-banner__text\">Savings on 7+ Nights<\/p><\/div><\/div><\/div><\/a><\/div>\r\n<\/div>\n<\/div>\n","protected":false},"excerpt":{"rendered":"<p>Calp \u00e9 uma cidade costeira localizada na prov\u00edncia de Alicante, na Comunidade Valenciana, Espanha. \u00c9 um destino tur\u00edstico e desportivo muito procurado por visitantes nacionais e internacionais.<\/p>\n","protected":false},"author":1,"featured_media":6783,"parent":0,"menu_order":0,"comment_status":"closed","ping_status":"closed","template":"template-wide-page.php","meta":{"nf_dc_page":"","_crdt_document":"","om_disable_all_campaigns":false,"inline_featured_image":false,"_monsterinsights_skip_tracking":false,"_monsterinsights_sitenote_active":false,"_monsterinsights_sitenote_note":"","_monsterinsights_sitenote_category":0,"footnotes":""},"class_list":["post-6782","page","type-page","status-publish","has-post-thumbnail","hentry"],"aioseo_notices":[],"jetpack_sharing_enabled":true,"_links":{"self":[{"href":"https:\/\/calpebay.net\/pt-pt\/wp-json\/wp\/v2\/pages\/6782","targetHints":{"allow":["GET"]}}],"collection":[{"href":"https:\/\/calpebay.net\/pt-pt\/wp-json\/wp\/v2\/pages"}],"about":[{"href":"https:\/\/calpebay.net\/pt-pt\/wp-json\/wp\/v2\/types\/page"}],"author":[{"embeddable":true,"href":"https:\/\/calpebay.net\/pt-pt\/wp-json\/wp\/v2\/users\/1"}],"replies":[{"embeddable":true,"href":"https:\/\/calpebay.net\/pt-pt\/wp-json\/wp\/v2\/comments?post=6782"}],"version-history":[{"count":1,"href":"https:\/\/calpebay.net\/pt-pt\/wp-json\/wp\/v2\/pages\/6782\/revisions"}],"predecessor-version":[{"id":6787,"href":"https:\/\/calpebay.net\/pt-pt\/wp-json\/wp\/v2\/pages\/6782\/revisions\/6787"}],"wp:featuredmedia":[{"embeddable":true,"href":"https:\/\/calpebay.net\/pt-pt\/wp-json\/wp\/v2\/media\/6783"}],"wp:attachment":[{"href":"https:\/\/calpebay.net\/pt-pt\/wp-json\/wp\/v2\/media?parent=6782"}],"curies":[{"name":"wp","href":"https:\/\/api.w.org\/{rel}","templated":true}]}}