{"id":5261,"date":"2019-08-20T12:10:13","date_gmt":"2019-08-20T12:10:13","guid":{"rendered":"https:\/\/calpebay.net\/kontakter\/"},"modified":"2024-05-17T12:26:16","modified_gmt":"2024-05-17T12:26:16","slug":"kontakter","status":"publish","type":"page","link":"https:\/\/calpebay.net\/sv\/kontakter\/","title":{"rendered":"Kontakter"},"content":{"rendered":"\r\n<div class=\"wp-block-columns has-2-columns is-layout-flex wp-container-core-columns-is-layout-8f761849 wp-block-columns-is-layout-flex\">\r\n<div class=\"wp-block-column is-layout-flow wp-block-column-is-layout-flow\">\n<div class=\"wp-block-getwid-advanced-heading\" style=\"margin-bottom:30px\"><h2 class=\"wp-block-getwid-advanced-heading__content\">Hur kan vi hj\u00e4lpa dig idag?<\/h2><\/div>\n\r\n\r\n&#13;\n<p class=\"wp-block-paragraph\">Kontakta oss g\u00e4rna direkt om du har n\u00e5gra fr\u00e5gor ang\u00e5ende boende, vi ser g\u00e4rna att du bor hos oss.<\/p>&#13;\n\r\n\r\n&#13;\n<p class=\"wp-block-paragraph\">Fyll bara i dina personuppgifter och l\u00e5t oss kontakta dig. Normalt svarar supportteamet inom en arbetsdag, s\u00e5 du beh\u00f6ver inte v\u00e4nta. Eller ring oss direkt fr\u00e5n telefonen.  <\/p>&#13;\n\r\n\r\n\r\n<div style=\"height:20px\" aria-hidden=\"true\" class=\"wp-block-spacer\"><\/div>\r\n\r\n\r\n\n<div class=\"wp-block-getwid-advanced-heading has-custom-font-size\" style=\"font-size:14px;margin-bottom:0px\"><span class=\"wp-block-getwid-advanced-heading__content\">Adress<\/span><\/div>\n\r\n\r\n\n<div class=\"wp-block-getwid-advanced-heading has-custom-font-size\" style=\"font-size:normal\"><span class=\"wp-block-getwid-advanced-heading__content has-text-color has-arsenic-color\" style=\"font-weight:500\">Bavaro, Punta Cana, Dominikanska republiken<\/span><\/div>\n\r\n\r\n\n<div class=\"wp-block-getwid-advanced-heading has-custom-font-size\" style=\"font-size:14px;margin-bottom:0px\"><span class=\"wp-block-getwid-advanced-heading__content\">Telefon  <\/span><\/div>\n\r\n\r\n\n<div class=\"wp-block-getwid-advanced-heading has-custom-font-size\" style=\"font-size:normal\"><span class=\"wp-block-getwid-advanced-heading__content has-text-color has-arsenic-color\" style=\"font-weight:500\"><a href=\"tel:19544566789\">  +1 (954) 456 6789<\/a><\/span><\/div>\n\r\n\r\n\n<div class=\"wp-block-getwid-advanced-heading has-custom-font-size\" style=\"font-size:14px;margin-bottom:0px\"><span class=\"wp-block-getwid-advanced-heading__content\">Tullfritt  <\/span><\/div>\n\r\n\r\n\n<div class=\"wp-block-getwid-advanced-heading has-custom-font-size\" style=\"font-size:normal\"><span class=\"wp-block-getwid-advanced-heading__content has-text-color has-arsenic-color\" style=\"font-weight:500\"><a href=\"tel:19544566789\">  +1 (954) 456 6789<\/a><\/span><\/div>\n\r\n\r\n\n<div class=\"wp-block-getwid-advanced-heading has-custom-font-size\" style=\"font-size:14px;margin-bottom:0px\"><span class=\"wp-block-getwid-advanced-heading__content\">E-post<\/span><\/div>\n\r\n\r\n\n<div class=\"wp-block-getwid-advanced-heading has-custom-font-size\" style=\"font-size:normal\"><span class=\"wp-block-getwid-advanced-heading__content has-text-color has-arsenic-color\" style=\"font-weight:500\"><a href=\"mailto:hello@booklium.com\">hej@booklium.com<\/a> <\/span><\/div>\n<\/div>\r\n\r\n\r\n\r\n<div class=\"wp-block-column is-layout-flow wp-block-column-is-layout-flow\">\r\n<div class=\"wp-block-getwid-section is-style-with-shadow\"><div class=\"wp-block-getwid-section__wrapper getwid-padding-top-medium getwid-padding-bottom-medium getwid-padding-left-medium getwid-padding-right-medium\"><div class=\"wp-block-getwid-section__inner-wrapper\"><div class=\"wp-block-getwid-section__background-holder\"><div class=\"wp-block-getwid-section__background has-background has-white-background-color\"><\/div><div class=\"wp-block-getwid-section__foreground\"><\/div><\/div><div class=\"wp-block-getwid-section__content\"><div class=\"wp-block-getwid-section__inner-content\">        <div class=\"wp-block-getwid-contact-form\" >\n            <form class='wp-block-getwid-contact-form__form'>\n    \r\n        <p class='wp-block-getwid-field-name'>\n\t    <label\n        for='name-69e0193240851'\n        class='wp-block-getwid-field-name__label'\n    >Your Name *<\/label>\n\t    <input id='name-69e0193240851' type='text' name='name'            placeholder='Enter Your Name'             required=''\n            \/>\n<\/p>\n\r\n\r\n        <p class='wp-block-getwid-field-email'>\n\t    <label\n\t\tfor='email-69e01932408dd'\n        class='wp-block-getwid-field-email__label'\n    >Your Email *<\/label>\n\t    <input id='email-69e01932408dd' type='email' name='email'             placeholder='Enter Your Email'             required=''    \/>\n<\/p>\n\r\n\r\n        <p class='wp-block-getwid-field-textarea'>\n\t    <label\n\t\tfor='message-69e0193240942'\n        class='wp-block-getwid-field-textarea__label'\n    >Message<\/label>\n\t    <textarea\n\t\tid='message-69e0193240942' rows='5' name='message'            placeholder='Comment'            required=''\n            ><\/textarea>\n<\/p>\n\r\n\n    <input name='subject' \t\ttype='hidden'\n\t\/>\n\n\t<p class='wp-block-getwid-contact-form__result'><\/p>\n\n\t<div class='wp-block-getwid-contact-form__submit'>\n\t\t<div class='wp-block-button'>\n\t\t\t<button\n\t\t\t\ttype='submit'\n\t\t\t\tclass='wp-block-button__link '\t\t\t\t\tstyle=''\t\t\t>Send Message<\/button>\n\t\t<\/div>\n\n\t<\/div>\n<\/form>\n        <\/div><\/div><\/div><\/div><\/div><\/div>\r\n<\/div>\r\n<\/div>\r\n\r\n<div style=\"height:20px\" aria-hidden=\"true\" class=\"wp-block-spacer\"><\/div>\r\n\n<div data-map-zoom=\"9\" data-interaction=\"cooperative\" data-map-style=\"default\" data-map-center=\"{\"lat\":39.03346567209024,\"lng\":-1.8302588641189388}\" data-zoom-control=\"false\" data-type-control=\"false\" data-street-view-control=\"false\" data-full-screen-control=\"false\" data-map-markers=\"[{\"name\":\"Avenida General Gregorio Luper\u00f3n 5, Dominican Republic\",\"description\":\"Avenida General Gregorio Luper\u00f3n 5, Puerto Plata 57000, Dominican Republic\",\"popUpOpen\":false,\"popUpMaxWidth\":250,\"bounce\":false,\"coords\":{\"lat\":19.32504498106675,\"lng\":-69.54503237987137}},{\"name\":\"Urb. Campoalegre, 02005 Albacete\",\"description\":\"Urb. Campoalegre, 02005 Albacete, Spain\",\"popUpOpen\":false,\"popUpMaxWidth\":250,\"bounce\":false,\"coords\":{\"lat\":39.01639572959439,\"lng\":-1.839871901228321}}]\" class=\"wp-block-getwid-map\"><div style=\"height:400px\" class=\"wp-block-getwid-map__container\"><\/div><ul class=\"wp-block-getwid-map__points\"><li><a href=\"https:\/\/maps.google.com\/?q=19.32504498106675,-69.54503237987137&amp;ll=19.32504498106675,-69.54503237987137&amp;z=9\">Avenida General Gregorio Luper\u00f3n 5, Dominikanska republiken<\/a><\/li><li><a href=\"https:\/\/maps.google.com\/?q=39.01639572959439,-1.839871901228321&amp;ll=39.01639572959439,-1.839871901228321&amp;z=9\">Urb. Campoalegre, 02005 Albacete<\/a><\/li><\/ul><\/div>\n\r\n<div style=\"height:50px\" aria-hidden=\"true\" class=\"wp-block-spacer\"><\/div>\r\n\r\n<hr class=\"wp-block-separator is-style-wide\"\/>\r\n\r\n<div style=\"height:30px\" aria-hidden=\"true\" class=\"wp-block-spacer\"><\/div>\r\n\n<div class=\"wp-block-getwid-advanced-heading\" style=\"margin-bottom:5px\"><h2 class=\"wp-block-getwid-advanced-heading__content\" style=\"text-align:center\">Vanliga fr\u00e5gor<\/h2><\/div>\n\n<div class=\"wp-block-getwid-advanced-heading\" style=\"margin-bottom:40px\"><span class=\"wp-block-getwid-advanced-heading__content\" style=\"text-align:center\">Bes\u00f6k v\u00e5r sida med vanliga fr\u00e5gor f\u00f6r att f\u00e5 f\u00f6rklarande svar p\u00e5 v\u00e5ra vanligaste fr\u00e5gor.<\/span><\/div>\n\r\n<div class=\"wp-block-columns has-3-columns is-layout-flex wp-container-core-columns-is-layout-8f761849 wp-block-columns-is-layout-flex\">\r\n<div class=\"wp-block-column is-layout-flow wp-block-column-is-layout-flow\">\r\n<div class=\"wp-block-getwid-section is-style-with-shadow is-style-fit-parent\"><div class=\"wp-block-getwid-section__wrapper getwid-padding-left-medium getwid-padding-right-medium getwid-align-items-flex-start\" style=\"padding-top:50px;padding-bottom:50px\"><div class=\"wp-block-getwid-section__inner-wrapper\"><div class=\"wp-block-getwid-section__background-holder\"><div class=\"wp-block-getwid-section__background has-background has-white-background-color\"><\/div><div class=\"wp-block-getwid-section__foreground\"><\/div><\/div><div class=\"wp-block-getwid-section__content\"><div class=\"wp-block-getwid-section__inner-content\">\r\n<div class=\"wp-block-getwid-image-box getwid-animation has-text-center has-mobile-layout-default has-mobile-alignment-default\" data-animation=\"slideBottom\"><div style=\"margin-bottom:20px\" class=\"wp-block-getwid-image-box__image-container is-position-top\"><a href=\"#\" class=\"wp-block-getwid-image-box__image-wrapper\"><img data-recalc-dims=\"1\" loading=\"lazy\" decoding=\"async\" width=\"64\" height=\"64\" src=\"https:\/\/i0.wp.com\/calpebay.net\/wp-content\/uploads\/2019\/09\/booking-online1.png?resize=64%2C64&#038;ssl=1\" alt=\"\" class=\"wp-block-getwid-image-box__image wp-image-851\"\/><\/a><\/div><div class=\"wp-block-getwid-image-box__content\">\n<div class=\"wp-block-getwid-advanced-heading\" style=\"margin-bottom:10px\"><h4 class=\"wp-block-getwid-advanced-heading__content\">Onlinebokning<\/h4><\/div>\n\r\n\r\n&#13;\n<p class=\"has-small-font-size wp-block-paragraph\">Vi h\u00e5ller inga hemligheter f\u00f6r varandra och v\u00e5ra kunder, och h\u00e5ller alltid \u00f6ppna f\u00f6r dig.  <\/p>&#13;\n<\/div><\/div>\r\n<\/div><\/div><\/div><\/div><\/div>\r\n<\/div>\r\n\r\n\r\n\r\n<div class=\"wp-block-column is-layout-flow wp-block-column-is-layout-flow\">\r\n<div class=\"wp-block-getwid-section is-style-with-shadow is-style-fit-parent\"><div class=\"wp-block-getwid-section__wrapper getwid-padding-left-medium getwid-padding-right-medium getwid-align-items-flex-start\" style=\"padding-top:50px;padding-bottom:50px\"><div class=\"wp-block-getwid-section__inner-wrapper\"><div class=\"wp-block-getwid-section__background-holder\"><div class=\"wp-block-getwid-section__background has-background has-white-background-color\"><\/div><div class=\"wp-block-getwid-section__foreground\"><\/div><\/div><div class=\"wp-block-getwid-section__content\"><div class=\"wp-block-getwid-section__inner-content\">\r\n<div class=\"wp-block-getwid-image-box getwid-animation has-text-center has-mobile-layout-default has-mobile-alignment-default\" data-animation=\"slideBottom\"><div style=\"margin-bottom:20px\" class=\"wp-block-getwid-image-box__image-container is-position-top\"><a href=\"#\" class=\"wp-block-getwid-image-box__image-wrapper\"><img data-recalc-dims=\"1\" loading=\"lazy\" decoding=\"async\" width=\"64\" height=\"64\" src=\"https:\/\/i0.wp.com\/calpebay.net\/wp-content\/uploads\/2019\/09\/renting-out1.png?resize=64%2C64&#038;ssl=1\" alt=\"\" class=\"wp-block-getwid-image-box__image wp-image-852\"\/><\/a><\/div><div class=\"wp-block-getwid-image-box__content\">\n<div class=\"wp-block-getwid-advanced-heading\" style=\"margin-bottom:10px\"><h4 class=\"wp-block-getwid-advanced-heading__content\">Uthyrning<\/h4><\/div>\n\r\n\r\n&#13;\n<p class=\"has-small-font-size wp-block-paragraph\">Teambuilding blev en mycket viktig del av v\u00e5r v\u00e4nliga och h\u00e4ndelserika lagrutin.  <\/p>&#13;\n<\/div><\/div>\r\n<\/div><\/div><\/div><\/div><\/div>\r\n<\/div>\r\n\r\n\r\n\r\n<div class=\"wp-block-column is-layout-flow wp-block-column-is-layout-flow\">\r\n<div class=\"wp-block-getwid-section is-style-with-shadow is-style-fit-parent\"><div class=\"wp-block-getwid-section__wrapper getwid-padding-left-medium getwid-padding-right-medium getwid-align-items-flex-start\" style=\"padding-top:50px;padding-bottom:50px\"><div class=\"wp-block-getwid-section__inner-wrapper\"><div class=\"wp-block-getwid-section__background-holder\"><div class=\"wp-block-getwid-section__background has-background has-white-background-color\"><\/div><div class=\"wp-block-getwid-section__foreground\"><\/div><\/div><div class=\"wp-block-getwid-section__content\"><div class=\"wp-block-getwid-section__inner-content\">\r\n<div class=\"wp-block-getwid-image-box getwid-animation has-text-center has-mobile-layout-default has-mobile-alignment-default\" data-animation=\"slideBottom\"><div style=\"margin-bottom:20px\" class=\"wp-block-getwid-image-box__image-container is-position-top\"><a href=\"#\" class=\"wp-block-getwid-image-box__image-wrapper\"><img data-recalc-dims=\"1\" loading=\"lazy\" decoding=\"async\" width=\"64\" height=\"64\" src=\"https:\/\/i0.wp.com\/calpebay.net\/wp-content\/uploads\/2019\/09\/cancellation-_-refunds1.png?resize=64%2C64&#038;ssl=1\" alt=\"\" class=\"wp-block-getwid-image-box__image wp-image-853\"\/><\/a><\/div><div class=\"wp-block-getwid-image-box__content\">\n<div class=\"wp-block-getwid-advanced-heading\" style=\"margin-bottom:10px\"><h4 class=\"wp-block-getwid-advanced-heading__content\">Avbokning\/\u00c5terbetalning<\/h4><\/div>\n\r\n\r\n&#13;\n<p class=\"has-small-font-size wp-block-paragraph\">V\u00e5rt team \u00f6kar hela tiden beh\u00e4rskningsniv\u00e5n genom att bes\u00f6ka olika seminarier.  <\/p>&#13;\n<\/div><\/div>\r\n<\/div><\/div><\/div><\/div><\/div>\r\n<\/div>\r\n<\/div>\r\n\r\n<div class=\"wp-block-columns has-3-columns is-layout-flex wp-container-core-columns-is-layout-8f761849 wp-block-columns-is-layout-flex\">\r\n<div class=\"wp-block-column is-layout-flow wp-block-column-is-layout-flow\">\r\n<div class=\"wp-block-getwid-section is-style-with-shadow is-style-fit-parent\"><div class=\"wp-block-getwid-section__wrapper getwid-padding-top-medium getwid-padding-bottom-medium getwid-padding-left-medium getwid-padding-right-medium getwid-align-items-flex-start\"><div class=\"wp-block-getwid-section__inner-wrapper\"><div class=\"wp-block-getwid-section__background-holder\"><div class=\"wp-block-getwid-section__background has-background has-white-background-color\"><\/div><div class=\"wp-block-getwid-section__foreground\"><\/div><\/div><div class=\"wp-block-getwid-section__content\"><div class=\"wp-block-getwid-section__inner-content\">\r\n<div class=\"wp-block-getwid-image-box getwid-animation has-text-center has-mobile-layout-default has-mobile-alignment-default\" data-animation=\"slideBottom\"><div style=\"margin-bottom:30px\" class=\"wp-block-getwid-image-box__image-container is-position-top\"><a href=\"#\" class=\"wp-block-getwid-image-box__image-wrapper\"><img data-recalc-dims=\"1\" loading=\"lazy\" decoding=\"async\" width=\"64\" height=\"64\" src=\"https:\/\/i0.wp.com\/calpebay.net\/wp-content\/uploads\/2019\/09\/one-team1.png?resize=64%2C64&#038;ssl=1\" alt=\"\" class=\"wp-block-getwid-image-box__image wp-image-846\"\/><\/a><\/div><div class=\"wp-block-getwid-image-box__content\">\n<div class=\"wp-block-getwid-advanced-heading\" style=\"margin-bottom:10px\"><h4 class=\"wp-block-getwid-advanced-heading__content\">ett lag<\/h4><\/div>\n\r\n\r\n&#13;\n<p class=\"has-small-font-size wp-block-paragraph\">  Hela teamet tr\u00e4ffas varje vecka f\u00f6r att diskutera olika fr\u00e5gor som h\u00e4nde under den.  <\/p>&#13;\n<\/div><\/div>\r\n<\/div><\/div><\/div><\/div><\/div>\r\n<\/div>\r\n\r\n\r\n\r\n<div class=\"wp-block-column is-layout-flow wp-block-column-is-layout-flow\">\r\n<div class=\"wp-block-getwid-section is-style-with-shadow is-style-fit-parent\"><div class=\"wp-block-getwid-section__wrapper getwid-padding-top-medium getwid-padding-bottom-medium getwid-padding-left-medium getwid-padding-right-medium getwid-align-items-flex-start\"><div class=\"wp-block-getwid-section__inner-wrapper\"><div class=\"wp-block-getwid-section__background-holder\"><div class=\"wp-block-getwid-section__background has-background has-white-background-color\"><\/div><div class=\"wp-block-getwid-section__foreground\"><\/div><\/div><div class=\"wp-block-getwid-section__content\"><div class=\"wp-block-getwid-section__inner-content\">\r\n<div class=\"wp-block-getwid-image-box getwid-animation has-text-center has-mobile-layout-default has-mobile-alignment-default\" data-animation=\"slideBottom\"><div style=\"margin-bottom:30px\" class=\"wp-block-getwid-image-box__image-container is-position-top\"><a href=\"#\" class=\"wp-block-getwid-image-box__image-wrapper\"><img data-recalc-dims=\"1\" loading=\"lazy\" decoding=\"async\" width=\"64\" height=\"64\" src=\"https:\/\/i0.wp.com\/calpebay.net\/wp-content\/uploads\/2019\/09\/innovative1.png?resize=64%2C64&#038;ssl=1\" alt=\"\" class=\"wp-block-getwid-image-box__image wp-image-847\"\/><\/a><\/div><div class=\"wp-block-getwid-image-box__content\">\n<div class=\"wp-block-getwid-advanced-heading\" style=\"margin-bottom:10px\"><h4 class=\"wp-block-getwid-advanced-heading__content\">Innovativ<\/h4><\/div>\n\r\n\r\n&#13;\n<p class=\"has-small-font-size wp-block-paragraph\">Vi s\u00f6ker \u00e4ven efter moderna och aktuella l\u00f6sningar p\u00e5 olika rutinproblem.  <\/p>&#13;\n<\/div><\/div>\r\n<\/div><\/div><\/div><\/div><\/div>\r\n<\/div>\r\n\r\n\r\n\r\n<div class=\"wp-block-column is-layout-flow wp-block-column-is-layout-flow\">\r\n<div class=\"wp-block-getwid-section is-style-with-shadow is-style-fit-parent\"><div class=\"wp-block-getwid-section__wrapper getwid-padding-top-medium getwid-padding-bottom-medium getwid-padding-left-medium getwid-padding-right-medium getwid-align-items-flex-start\"><div class=\"wp-block-getwid-section__inner-wrapper\"><div class=\"wp-block-getwid-section__background-holder\"><div class=\"wp-block-getwid-section__background has-background has-white-background-color\"><\/div><div class=\"wp-block-getwid-section__foreground\"><\/div><\/div><div class=\"wp-block-getwid-section__content\"><div class=\"wp-block-getwid-section__inner-content\">\r\n<div class=\"wp-block-getwid-image-box getwid-animation has-text-center has-mobile-layout-default has-mobile-alignment-default\" data-animation=\"slideBottom\"><div style=\"margin-bottom:30px\" class=\"wp-block-getwid-image-box__image-container is-position-top\"><a href=\"#\" class=\"wp-block-getwid-image-box__image-wrapper\"><img data-recalc-dims=\"1\" loading=\"lazy\" decoding=\"async\" width=\"64\" height=\"64\" src=\"https:\/\/i0.wp.com\/calpebay.net\/wp-content\/uploads\/2019\/09\/quality1.png?resize=64%2C64&#038;ssl=1\" alt=\"\" class=\"wp-block-getwid-image-box__image wp-image-848\"\/><\/a><\/div><div class=\"wp-block-getwid-image-box__content\">\n<div class=\"wp-block-getwid-advanced-heading\" style=\"margin-bottom:10px\"><h4 class=\"wp-block-getwid-advanced-heading__content\">Kvalitet<\/h4><\/div>\n\r\n\r\n&#13;\n<p class=\"has-small-font-size wp-block-paragraph\">Alla v\u00e5ra produkter \u00e4r noggrant testade i enlighet med de h\u00f6ga kvalitetsstandarderna.  <\/p>&#13;\n<\/div><\/div>\r\n<\/div><\/div><\/div><\/div><\/div>\r\n<\/div>\r\n<\/div>\r\n","protected":false},"excerpt":{"rendered":"<p>Kontakta oss g\u00e4rna direkt om du har n\u00e5gra fr\u00e5gor ang\u00e5ende boende. Vi \u00e4r mycket glada \u00f6ver att du v\u00e4ljer oss och vi svarar p\u00e5 alla dina fr\u00e5gor.<\/p>\n","protected":false},"author":1,"featured_media":0,"parent":0,"menu_order":0,"comment_status":"closed","ping_status":"closed","template":"template-wide-page.php","meta":{"nf_dc_page":"","_crdt_document":"","om_disable_all_campaigns":false,"inline_featured_image":false,"_monsterinsights_skip_tracking":false,"_monsterinsights_sitenote_active":false,"_monsterinsights_sitenote_note":"","_monsterinsights_sitenote_category":0,"footnotes":""},"class_list":["post-5261","page","type-page","status-publish","hentry"],"aioseo_notices":[],"jetpack_sharing_enabled":true,"_links":{"self":[{"href":"https:\/\/calpebay.net\/sv\/wp-json\/wp\/v2\/pages\/5261","targetHints":{"allow":["GET"]}}],"collection":[{"href":"https:\/\/calpebay.net\/sv\/wp-json\/wp\/v2\/pages"}],"about":[{"href":"https:\/\/calpebay.net\/sv\/wp-json\/wp\/v2\/types\/page"}],"author":[{"embeddable":true,"href":"https:\/\/calpebay.net\/sv\/wp-json\/wp\/v2\/users\/1"}],"replies":[{"embeddable":true,"href":"https:\/\/calpebay.net\/sv\/wp-json\/wp\/v2\/comments?post=5261"}],"version-history":[{"count":1,"href":"https:\/\/calpebay.net\/sv\/wp-json\/wp\/v2\/pages\/5261\/revisions"}],"predecessor-version":[{"id":5268,"href":"https:\/\/calpebay.net\/sv\/wp-json\/wp\/v2\/pages\/5261\/revisions\/5268"}],"wp:attachment":[{"href":"https:\/\/calpebay.net\/sv\/wp-json\/wp\/v2\/media?parent=5261"}],"curies":[{"name":"wp","href":"https:\/\/api.w.org\/{rel}","templated":true}]}}