{"id":5301,"date":"2019-08-20T12:31:26","date_gmt":"2019-08-20T12:31:26","guid":{"rendered":"https:\/\/calpebay.net\/villor-grid-view\/"},"modified":"2024-05-26T14:42:48","modified_gmt":"2024-05-26T14:42:48","slug":"villor-grid-view","status":"publish","type":"page","link":"https:\/\/calpebay.net\/sv\/villor-grid-view\/","title":{"rendered":"Villor &#8211; Grid View"},"content":{"rendered":"<div class=\"mphb_sc_rooms-wrapper mphb-room-types is-style-grid\">    <div class=\"loop-rooms-wrapper\">\r\n\t\r\n<div class=\"mphb-room-type post-6243 mphb_room_type type-mphb_room_type status-publish has-post-thumbnail mphb_room_type_category-calpe-sv mphb_room_type_facility-bekvamligheter-i-sovrummet mphb_room_type_facility-gratis-parkering-sv mphb_room_type_facility-hartork mphb_room_type_facility-terrass mphb_room_type_facility-uppvarmning mphb_room_type_facility-vasentliga-badrum mphb_room_type_facility-wifi mphb-room-type-adults-6 mphb-room-type-children-2 \">\r\n\r\n\t\r\n    <div class=\"loop-room-wrapper\">\r\n\t\t            <div class=\"loop-room-images-wrapper\">\r\n\t\t\t\t<div class=\"loop-room-categories\"><a href=\"https:\/\/calpebay.net\/sv\/accommodation-category\/calpe-sv\/\" rel=\"tag\">Calpe<\/a><\/div>\n\n\t<div class=\"mphb-room-type-images\">\n\t<div id='mphb-flexslider-gallery-1' class='gallery-columns-1 gallery-size-booklium-square mphb-gallery-main-slider mphb-flexslider-gallery-wrapper mphb-room-type-gallery-wrapper mphb-gallery-main-slider-69e0195a5ba9c' data-flexslider-atts='{\"animation\":\"slide\",\"controlNav\":false,\"animationLoop\":true,\"smoothHeight\":true,\"slideshow\":false}' data-group='69e0195a5ba9c'><ul class=\"slides\"><li class='gallery-item'><span class='gallery-icon landscape'>\n\t\t\t\t<a href=\"https:\/\/calpebay.net\/sv\/accommodation\/lagenhet-med-3-sovrum-alltid-tillsammans\/\"><img loading=\"lazy\" decoding=\"async\" width=\"892\" height=\"892\" src=\"https:\/\/i0.wp.com\/calpebay.net\/wp-content\/uploads\/2024\/04\/LIVINGROOM-2000-2.jpg?resize=892%2C892&amp;ssl=1\" class=\"attachment-booklium-square size-booklium-square\" alt=\"\" srcset=\"https:\/\/i0.wp.com\/calpebay.net\/wp-content\/uploads\/2024\/04\/LIVINGROOM-2000-2.jpg?resize=150%2C150&amp;ssl=1 150w, https:\/\/i0.wp.com\/calpebay.net\/wp-content\/uploads\/2024\/04\/LIVINGROOM-2000-2.jpg?resize=892%2C892&amp;ssl=1 892w, https:\/\/i0.wp.com\/calpebay.net\/wp-content\/uploads\/2024\/04\/LIVINGROOM-2000-2.jpg?zoom=2&amp;resize=892%2C892&amp;ssl=1 1784w\" sizes=\"auto, (max-width: 892px) 100vw, 892px\" \/><\/a>\n\t\t\t<\/span><\/li><\/ul>\n\t\t<\/div>\n\n\t<\/div>\n\t            <\/div>\r\n\t\t\t            <div class=\"loop-room-info-wrapper\">\r\n\t\t\t\t\n<h2 class=\"mphb-room-type-title entry-title\">\n\n<a class=\"mphb-room-type-title\" href=\"https:\/\/calpebay.net\/sv\/accommodation\/lagenhet-med-3-sovrum-alltid-tillsammans\/\">L\u00e4genhet med 3 sovrum &#8211; alltid tillsammans<\/a>\n\n<\/h2>\n\n<p>Modern l\u00e4genhet i byggnaden Calpe Bay, 200 meter fr\u00e5n Gamla stan i Calpe och 600 meter fr\u00e5n de underbara str\u00e4nderna p\u00e5 Costa Blanca i Alicante, Arenal Bol och La Fossa.<\/p>\n\n            <\/div>\r\n\t\t            <div class=\"loop-room-book-wrapper\">\r\n\t\t\t\t\n\n<div class=\"mphb-to-book-btn-wrapper\">\n<form action=\"https:\/\/calpebay.net\/sv\/accommodation\/lagenhet-med-3-sovrum-alltid-tillsammans\/#booking-form-6243\" method=\"get\" ><button type=\"submit\" class=\"button mphb-book-button\" >Boka<\/button><\/form>\n<br\/><\/div>            <\/div>\r\n\t\t\r\n    <\/div>\r\n\t\r\n<\/div>\r\n\r\n\r\n<div class=\"mphb-room-type post-6250 mphb_room_type type-mphb_room_type status-publish has-post-thumbnail mphb_room_type_category-calpe-sv mphb_room_type_facility-bekvamligheter-i-sovrummet mphb_room_type_facility-gratis-parkering-sv mphb_room_type_facility-hartork mphb_room_type_facility-terrass mphb_room_type_facility-uppvarmning mphb_room_type_facility-vasentliga-badrum mphb_room_type_facility-wifi mphb-room-type-adults-4 mphb-room-type-children-2 \">\r\n\r\n\t\r\n    <div class=\"loop-room-wrapper\">\r\n\t\t            <div class=\"loop-room-images-wrapper\">\r\n\t\t\t\t<div class=\"loop-room-categories\"><a href=\"https:\/\/calpebay.net\/sv\/accommodation-category\/calpe-sv\/\" rel=\"tag\">Calpe<\/a><\/div>\n\n\t<div class=\"mphb-room-type-images\">\n\t<div id='mphb-flexslider-gallery-2' class='gallery-columns-1 gallery-size-booklium-square mphb-gallery-main-slider mphb-flexslider-gallery-wrapper mphb-room-type-gallery-wrapper mphb-gallery-main-slider-69e0195a5dff5' data-flexslider-atts='{\"animation\":\"slide\",\"controlNav\":false,\"animationLoop\":true,\"smoothHeight\":true,\"slideshow\":false}' data-group='69e0195a5dff5'><ul class=\"slides\"><li class='gallery-item'><span class='gallery-icon landscape'>\n\t\t\t\t<a href=\"https:\/\/calpebay.net\/sv\/accommodation\/lagenhet-med-2-sovrum-my-home\/\"><img loading=\"lazy\" decoding=\"async\" width=\"892\" height=\"683\" src=\"https:\/\/i0.wp.com\/calpebay.net\/wp-content\/uploads\/2019\/08\/DINNING-ROOM-1024.jpg?resize=892%2C683&amp;ssl=1\" class=\"attachment-booklium-square size-booklium-square\" alt=\"\" \/><\/a>\n\t\t\t<\/span><\/li><\/ul>\n\t\t<\/div>\n\n\t<\/div>\n\t            <\/div>\r\n\t\t\t            <div class=\"loop-room-info-wrapper\">\r\n\t\t\t\t\n<h2 class=\"mphb-room-type-title entry-title\">\n\n<a class=\"mphb-room-type-title\" href=\"https:\/\/calpebay.net\/sv\/accommodation\/lagenhet-med-2-sovrum-my-home\/\">L\u00e4genhet med 2 sovrum &#8211; My Home<\/a>\n\n<\/h2>\n\n<p>Oklanderlig inredning 200 meter fr\u00e5n Gamla stan i Calpe och mycket n\u00e4ra stranden.<\/p>\n\n            <\/div>\r\n\t\t            <div class=\"loop-room-book-wrapper\">\r\n\t\t\t\t\n\n<div class=\"mphb-to-book-btn-wrapper\">\n<form action=\"https:\/\/calpebay.net\/sv\/accommodation\/lagenhet-med-2-sovrum-my-home\/#booking-form-6250\" method=\"get\" ><button type=\"submit\" class=\"button mphb-book-button\" >Boka<\/button><\/form>\n<br\/><\/div>            <\/div>\r\n\t\t\r\n    <\/div>\r\n\t\r\n<\/div>\r\n\r\n\r\n<div class=\"mphb-room-type post-6006 mphb_room_type type-mphb_room_type status-publish has-post-thumbnail mphb_room_type_category-calpe-sv mphb_room_type_facility-bekvamligheter-i-sovrummet mphb_room_type_facility-gratis-parkering-sv mphb_room_type_facility-hartork mphb_room_type_facility-terrass mphb_room_type_facility-uppvarmning mphb_room_type_facility-vasentliga-badrum mphb_room_type_facility-wifi mphb-room-type-adults-4 mphb-room-type-children-12 \">\r\n\r\n\t\r\n    <div class=\"loop-room-wrapper\">\r\n\t\t            <div class=\"loop-room-images-wrapper\">\r\n\t\t\t\t<div class=\"loop-room-categories\"><a href=\"https:\/\/calpebay.net\/sv\/accommodation-category\/calpe-sv\/\" rel=\"tag\">Calpe<\/a><\/div>\n\n\t<div class=\"mphb-room-type-images\">\n\t<div id='mphb-flexslider-gallery-3' class='gallery-columns-1 gallery-size-booklium-square mphb-gallery-main-slider mphb-flexslider-gallery-wrapper mphb-room-type-gallery-wrapper mphb-gallery-main-slider-69e0195a5f611' data-flexslider-atts='{\"animation\":\"slide\",\"controlNav\":false,\"animationLoop\":true,\"smoothHeight\":true,\"slideshow\":false}' data-group='69e0195a5f611'><ul class=\"slides\"><li class='gallery-item'><span class='gallery-icon landscape'>\n\t\t\t\t<a href=\"https:\/\/calpebay.net\/sv\/accommodation\/lagenhet-med-2-sovrum-i-gamla-stan\/\"><img loading=\"lazy\" decoding=\"async\" width=\"892\" height=\"683\" src=\"https:\/\/i0.wp.com\/calpebay.net\/wp-content\/uploads\/2019\/08\/COMEDOR-PASILLO-1024.jpg?resize=892%2C683&amp;ssl=1\" class=\"attachment-booklium-square size-booklium-square\" alt=\"\" \/><\/a>\n\t\t\t<\/span><\/li><\/ul>\n\t\t<\/div>\n\n\t<\/div>\n\t            <\/div>\r\n\t\t\t            <div class=\"loop-room-info-wrapper\">\r\n\t\t\t\t\n<h2 class=\"mphb-room-type-title entry-title\">\n\n<a class=\"mphb-room-type-title\" href=\"https:\/\/calpebay.net\/sv\/accommodation\/lagenhet-med-2-sovrum-i-gamla-stan\/\">L\u00e4genhet med 2 sovrum i Gamla stan<\/a>\n\n<\/h2>\n\n<p>Old Town, som det heter p\u00e5 engelska, ligger 200 meter fr\u00e5n gamla stan och bara 600 meter fr\u00e5n str\u00e4nderna.<\/p>\n\n            <\/div>\r\n\t\t            <div class=\"loop-room-book-wrapper\">\r\n\t\t\t\t\n\n<div class=\"mphb-to-book-btn-wrapper\">\n<form action=\"https:\/\/calpebay.net\/sv\/accommodation\/lagenhet-med-2-sovrum-i-gamla-stan\/#booking-form-6006\" method=\"get\" ><button type=\"submit\" class=\"button mphb-book-button\" >Boka<\/button><\/form>\n<br\/><\/div>            <\/div>\r\n\t\t\r\n    <\/div>\r\n\t\r\n<\/div>\r\n\r\n    <\/div>\r\n\t<\/div>","protected":false},"excerpt":{"rendered":"<p>Vi \u00e4r en av v\u00e4rldens ledande specialister p\u00e5 uthyrning av lyxiga semesterbost\u00e4der med en portf\u00f6lj med mer \u00e4n 4 000 lyxiga semesterbost\u00e4der p\u00e5 50 av v\u00e4rldens finaste semesterm\u00e5l.<\/p>\n","protected":false},"author":1,"featured_media":0,"parent":0,"menu_order":0,"comment_status":"closed","ping_status":"closed","template":"template-wider-page.php","meta":{"nf_dc_page":"","_crdt_document":"","om_disable_all_campaigns":false,"inline_featured_image":false,"_monsterinsights_skip_tracking":false,"_monsterinsights_sitenote_active":false,"_monsterinsights_sitenote_note":"","_monsterinsights_sitenote_category":0,"footnotes":""},"class_list":["post-5301","page","type-page","status-publish","hentry"],"aioseo_notices":[],"jetpack_sharing_enabled":true,"_links":{"self":[{"href":"https:\/\/calpebay.net\/sv\/wp-json\/wp\/v2\/pages\/5301","targetHints":{"allow":["GET"]}}],"collection":[{"href":"https:\/\/calpebay.net\/sv\/wp-json\/wp\/v2\/pages"}],"about":[{"href":"https:\/\/calpebay.net\/sv\/wp-json\/wp\/v2\/types\/page"}],"author":[{"embeddable":true,"href":"https:\/\/calpebay.net\/sv\/wp-json\/wp\/v2\/users\/1"}],"replies":[{"embeddable":true,"href":"https:\/\/calpebay.net\/sv\/wp-json\/wp\/v2\/comments?post=5301"}],"version-history":[{"count":1,"href":"https:\/\/calpebay.net\/sv\/wp-json\/wp\/v2\/pages\/5301\/revisions"}],"predecessor-version":[{"id":5312,"href":"https:\/\/calpebay.net\/sv\/wp-json\/wp\/v2\/pages\/5301\/revisions\/5312"}],"wp:attachment":[{"href":"https:\/\/calpebay.net\/sv\/wp-json\/wp\/v2\/media?parent=5301"}],"curies":[{"name":"wp","href":"https:\/\/api.w.org\/{rel}","templated":true}]}}