{"id":5684,"date":"2019-09-17T11:28:45","date_gmt":"2019-09-17T11:28:45","guid":{"rendered":"https:\/\/calpebay.net\/miljo\/"},"modified":"2024-05-29T11:20:49","modified_gmt":"2024-05-29T11:20:49","slug":"miljo","status":"publish","type":"page","link":"https:\/\/calpebay.net\/sv\/miljo\/","title":{"rendered":"Milj\u00f6"},"content":{"rendered":"\n<div class=\"wp-block-getwid-section getwid-margin-top-none getwid-section-content-custom-width\"><div class=\"wp-block-getwid-section__wrapper getwid-padding-left-none getwid-padding-right-none\" style=\"padding-top:30px;padding-bottom:20px\"><div class=\"wp-block-getwid-section__inner-wrapper\" style=\"max-width:892px\"><div class=\"wp-block-getwid-section__background-holder\"><div class=\"wp-block-getwid-section__background\"><\/div><div class=\"wp-block-getwid-section__foreground\"><\/div><\/div><div class=\"wp-block-getwid-section__content\"><div class=\"wp-block-getwid-section__inner-content\">\n<div class=\"wp-block-getwid-advanced-heading\" style=\"margin-bottom:10px\"><h4 class=\"wp-block-getwid-advanced-heading__content\" style=\"text-align:center\">Calpe och dess omgivningar.<\/h4><\/div>\r\n\n\n\n<p class=\"wp-block-paragraph\">Calpe och dess omgivningar har mycket att erbjuda. H\u00e4r \u00e4r n\u00e5gra intressanta alternativ att utforska:<\/p>\n\n\n\n<ol class=\"wp-block-list\">\n<li class=\"\"><strong>Pe\u00f1\u00f3n de Ifach<\/strong> : Denna imponerande sten \u00e4r en av symbolerna f\u00f6r Costa Blanca. Den n\u00e5r en h\u00f6jd av 332 meter och erbjuder spektakul\u00e4ra vyer. Att bestiga Pe\u00f1\u00f3n de Ifach \u00e4r en av de b\u00e4sta sakerna att g\u00f6ra i Calpe.<\/li>\n\n\n\n<li class=\"\"><strong>Saltsl\u00e4tterna:\u00a0 <\/strong><span class=\"HwtZe\" lang=\"sv\"><span class=\"jCAhz ChMk0b\"><span class=\"ryNqvb\">Bel\u00e4get i stadsk\u00e4rnan i Calpe, n\u00e4ra naturparken Pe\u00f1\u00f3n de Ifach.<\/span><\/span> <span class=\"jCAhz ChMk0b\"><span class=\"ryNqvb\">Med en yta p\u00e5 41,08 hektar \u00e4r dessa saltl\u00e4genheter en unik enklav med kulturella, sociala och naturliga v\u00e4rden.<\/span><\/span> <span class=\"jCAhz ChMk0b\"><span class=\"ryNqvb\">173 f\u00e5gelarter har registrerats, vilket framh\u00e4ver populationerna av den vanliga flamingonen och den vanliga styltan.<\/span><\/span><\/span><\/li>\n\n\n\n<li class=\"\"><strong>Morro de Toix synvinkel: <\/strong><span class=\"HwtZe\" lang=\"sv\"><span class=\"jCAhz ChMk0b\"><span class=\"ryNqvb\">Mirador de Toix \u00e4r en imponerande utsiktspunkt bel\u00e4gen p\u00e5 Morro de Toix, ett berg med en h\u00f6jd av 300 meter \u00f6ver havet.<\/span><\/span> <span class=\"jCAhz ChMk0b\"><span class=\"ryNqvb\">Den fungerar som en naturlig gr\u00e4ns mellan kommunerna Calpe och Altea i provinsen Alicante, Spanien.<\/span><\/span> <span class=\"jCAhz ChMk0b\"><span class=\"ryNqvb\">Fr\u00e5n denna synvinkel kan du njuta av fantastisk utsikt \u00f6ver naturparken Pe\u00f1\u00f3n de Ifach, Morairabukten, Cumbre del Sol i Benitachell och till och med, p\u00e5 klara dagar, glimtar av Ibiza.<\/span><\/span><\/span><\/li>\n\n\n\n<li class=\"\"><strong>Gammal stad: <\/strong><span class=\"HwtZe\" lang=\"sv\"><span class=\"jCAhz ChMk0b\"><span class=\"ryNqvb\">Det \u00e4r det mycket charmiga omr\u00e5det som ligger p\u00e5 toppen av en kulle, i staden Calpe.<\/span><\/span> <span class=\"jCAhz ChMk0b\"><span class=\"ryNqvb\">Detta omr\u00e5de har ett stort historiskt och kulturellt arv, med smala kullerstensgator, torg och gamla byggnader som har bevarats genom \u00e5ren.<\/span><\/span><\/span><strong>&#13;\n<\/strong><\/li>\n\n\n\n<li class=\"\"><strong>Pr\u00edncipe de Asturias ekologiska promenad<\/strong> : Njut av en trevlig promenad l\u00e4ngs denna vackra stig vid havet. Det \u00e4r perfekt att koppla av och njuta av naturen.<\/li>\n\n\n\n<li class=\"\"><strong>Calpe fiskehamn<\/strong> : Bes\u00f6k den pittoreska fiskehamnen och se b\u00e5tarna lossa dagens f\u00e5ngst. Det \u00e4r en h\u00e4rlig plats att g\u00e5 och fotografera.<\/li>\n\n\n\n<li class=\"\"><strong>Ba\u00f1os de la Reina<\/strong> : Utforska de spektakul\u00e4ra romerska ruinerna som kallas Ba\u00f1os de la Reina. De ligger n\u00e4ra Calpe och \u00e4r ett fascinerande vittnesb\u00f6rd om forntida historia.<\/li>\n\n\n\n<li class=\"\"><strong>Cala La Manzanera<\/strong> : Denna g\u00f6mda vik erbjuder panoramautsikt och \u00e4r en perfekt plats att koppla av vid havet.<\/li>\n\n\n\n<li class=\"\"><strong>R\u00f6da muren:\u00a0 <\/strong><span class=\"HwtZe\" lang=\"sv\"><span class=\"jCAhz ChMk0b\"><span class=\"ryNqvb\">R\u00f6da muren i Calpe, Spanien, \u00e4r en byggnad designad av arkitekten Ricardo Bofill Levi.<\/span><\/span> <span class=\"jCAhz ChMk0b\"><span class=\"ryNqvb\">Trots att dess konstruktion slutf\u00f6rdes 1973, b\u00f6rjade designen tio \u00e5r tidigare.<\/span><\/span> <span class=\"jCAhz ChMk0b\"><span class=\"ryNqvb\">Byggnaden \u00e4r en f\u00f6rest\u00e4llning om den konstruktivistiska estetiken och \u00e4r uppbyggd av sammanl\u00e4nkade uteplatser, varifr\u00e5n man kan komma \u00e5t bost\u00e4derna.<\/span><\/span> <span class=\"jCAhz ChMk0b\"><span class=\"ryNqvb\">P\u00e5 takterrasserna finns solarier, pool och bastu.<\/span><\/span> <span class=\"jCAhz ChMk0b\"><span class=\"ryNqvb\">R\u00f6da muren \u00e4r inspirerad av popul\u00e4r Medelhavs- och arabisk arkitektur, s\u00e4rskilt de nordafrikanska adobetornen och casbahen.<\/span><\/span><\/span><\/li>\n\n\n\n<li class=\"\"><strong>Altea<\/strong> : Cirka 15 minuters bilresa fr\u00e5n Calpe \u00e4r Altea en annan charmig stad v\u00e4rd att bes\u00f6ka. Dess kullerstensgator, vita hus och havsutsikt kommer att f\u00e4ngsla dig.<\/li>\n\n\n\n<li class=\"\"><strong>Moraira<\/strong> : En annan n\u00e4rliggande stad med vackra str\u00e4nder och en avslappnad atmosf\u00e4r. Om du har tid, tveka inte att utforska det.<\/li>\n\n\n\n<li class=\"\"><strong>Guadalest:<\/strong> Det \u00e4r en charmig plats 30 kilometer fr\u00e5n Calpe. Det ligger i den vackra dalen omgiven av berg som \u00e4r mer \u00e4n 1000 meter h\u00f6ga. Staden har sitt ursprung i den muslimska eran och har bevarat sin medeltida arkitektur.<\/li>\n\n\n\n<li class=\"\"><strong>J\u00e1vea:<\/strong> Tambi\u00e9n conocida como\u00a0<strong>X\u00e0bia<\/strong>\u00a0en valenciano, es un hermoso municipio en la\u00a0<strong>Costa Blanca<\/strong>\u00a0de la provincia de\u00a0<strong>Alicante<\/strong>.<\/li>\n\n\n\n<li class=\"\"><strong>Benidorm: <\/strong><span class=\"HwtZe\" lang=\"sv\"><span class=\"jCAhz ChMk0b\"><span class=\"ryNqvb\">Benidorm, som ligger p\u00e5 Costa Blanca i provinsen Alicante, \u00e4r en livlig spansk stad k\u00e4nd f\u00f6r sina sex kilometer av gyllene str\u00e4nder, d\u00e4r du kan bada och till och med paddla kajak i Medelhavet.<\/span><\/span> <span class=\"jCAhz ChMk0b\"><span class=\"ryNqvb\">Benidorm var en g\u00e5ng en liten stad med olivlundar och citrusodlingar, men nu imponerar Benidorm p\u00e5 bes\u00f6kare med sina h\u00f6ghushotell och livliga nattliv.<\/span><\/span><\/span><strong>&#13;\n<\/strong><\/li>\n\n\n\n<li class=\"\"><strong>Villajoyosa: <\/strong><span class=\"HwtZe\" lang=\"sv\"><span class=\"jCAhz ChMk0b\"><span class=\"ryNqvb\">Villajoyosa, \u00e4ven k\u00e4nd som La Vila Joiosa p\u00e5 valencianska, \u00e4r en charmig kuststad och kommun bel\u00e4gen i s\u00f6dra delen av Valencia, Spanien.<\/span><\/span> <span class=\"jCAhz ChMk0b\"><span class=\"ryNqvb\">Dess namn \u00f6vers\u00e4tts till &#8220;The Joyful City&#8221;, och den lever verkligen upp till den beskrivningen!<\/span><\/span> <span class=\"jCAhz ChMk0b\"><span class=\"ryNqvb\">L\u00e5t mig dela med mig av n\u00e5gra h\u00f6jdpunkter i denna f\u00e4rgstarka och pittoreska plats: Paseo Mar\u00edtimo, Arsenal Street och dess gamla stadsdel.<\/span><\/span><\/span><strong>&#13;\n<\/strong><\/li>\n<\/ol>\n\n\n\n<p class=\"wp-block-paragraph\">Jag hoppas att du njuter av ditt bes\u00f6k i Calpe och dess omgivningar! \ud83d\ude0a<\/p>\n\n\n\n<p class=\"has-text-align-center wp-block-paragraph\" style=\"font-size:14px\">.<\/p>\n<\/div><\/div><\/div><\/div><\/div>\n\n<div class=\"has-2-columns wp-block-columns is-layout-flex wp-container-core-columns-is-layout-8f761849 wp-block-columns-is-layout-flex\">\n<div class=\"wp-block-column is-layout-flow wp-block-column-is-layout-flow\">\n<div class=\"is-style-with-shadow wp-block-getwid-section\"><div class=\"wp-block-getwid-section__wrapper getwid-padding-top-medium getwid-padding-bottom-medium getwid-padding-left-medium getwid-padding-right-medium\"><div class=\"wp-block-getwid-section__inner-wrapper\"><div class=\"wp-block-getwid-section__background-holder\"><div class=\"wp-block-getwid-section__background has-background has-white-background-color\"><\/div><div class=\"wp-block-getwid-section__foreground\"><\/div><\/div><div class=\"wp-block-getwid-section__content\"><div class=\"wp-block-getwid-section__inner-content\">\n<div class=\"wp-block-getwid-image-box has-image-left has-text-left has-mobile-layout-column has-mobile-alignment-center\"><div class=\"wp-block-getwid-image-box__image-container is-position-middle\"><div class=\"wp-block-getwid-image-box__image-wrapper\"><img data-recalc-dims=\"1\" loading=\"lazy\" decoding=\"async\" width=\"892\" height=\"892\" src=\"https:\/\/i0.wp.com\/calpebay.net\/wp-content\/uploads\/2019\/09\/swimming-pool.jpg?resize=892%2C892&#038;ssl=1\" alt=\"\" class=\"wp-block-getwid-image-box__image wp-image-557\" srcset=\"https:\/\/i0.wp.com\/calpebay.net\/wp-content\/uploads\/2019\/09\/swimming-pool.jpg?w=892&amp;ssl=1 892w, https:\/\/i0.wp.com\/calpebay.net\/wp-content\/uploads\/2019\/09\/swimming-pool.jpg?resize=300%2C300&amp;ssl=1 300w, https:\/\/i0.wp.com\/calpebay.net\/wp-content\/uploads\/2019\/09\/swimming-pool.jpg?resize=150%2C150&amp;ssl=1 150w, https:\/\/i0.wp.com\/calpebay.net\/wp-content\/uploads\/2019\/09\/swimming-pool.jpg?resize=768%2C768&amp;ssl=1 768w\" sizes=\"auto, (max-width: 892px) 100vw, 892px\" \/><\/div><\/div><div class=\"wp-block-getwid-image-box__content\">\n<div class=\"wp-block-getwid-advanced-heading\" style=\"margin-bottom:15px\"><h4 class=\"wp-block-getwid-advanced-heading__content\">Guadalest<\/h4><\/div>\r\n\n\n\n<p style=\"font-size:14px\" class=\"wp-block-paragraph\">Guadalest, officiellt k\u00e4nd som El Castell de Guadalest, \u00e4r en charmig kommun i det inre av Alicante&#8230;<\/p>\n\n\n\n<div class=\"wp-block-getwid-advanced-heading has-custom-font-size\" style=\"font-size:14px\"><h5 class=\"wp-block-getwid-advanced-heading__content has-text-color has-light-sea-green-color\"><a href=\"#\">L\u00e4s mer<\/a><\/h5><\/div>\r\n<\/div><\/div>\n<\/div><\/div><\/div><\/div><\/div>\n\n\n\n<div class=\"is-style-with-shadow wp-block-getwid-section\"><div class=\"wp-block-getwid-section__wrapper getwid-padding-top-medium getwid-padding-bottom-medium getwid-padding-left-medium getwid-padding-right-medium\"><div class=\"wp-block-getwid-section__inner-wrapper\"><div class=\"wp-block-getwid-section__background-holder\"><div class=\"wp-block-getwid-section__background has-background has-white-background-color\"><\/div><div class=\"wp-block-getwid-section__foreground\"><\/div><\/div><div class=\"wp-block-getwid-section__content\"><div class=\"wp-block-getwid-section__inner-content\">\n<div class=\"wp-block-getwid-image-box has-image-left has-text-left has-mobile-layout-column has-mobile-alignment-center\"><div class=\"wp-block-getwid-image-box__image-container is-position-middle\"><div class=\"wp-block-getwid-image-box__image-wrapper\"><img data-recalc-dims=\"1\" loading=\"lazy\" decoding=\"async\" width=\"892\" height=\"892\" src=\"https:\/\/i0.wp.com\/calpebay.net\/wp-content\/uploads\/2019\/09\/conference-room.jpg?resize=892%2C892&#038;ssl=1\" alt=\"\" class=\"wp-block-getwid-image-box__image wp-image-560\" srcset=\"https:\/\/i0.wp.com\/calpebay.net\/wp-content\/uploads\/2019\/09\/conference-room.jpg?w=892&amp;ssl=1 892w, https:\/\/i0.wp.com\/calpebay.net\/wp-content\/uploads\/2019\/09\/conference-room.jpg?resize=300%2C300&amp;ssl=1 300w, https:\/\/i0.wp.com\/calpebay.net\/wp-content\/uploads\/2019\/09\/conference-room.jpg?resize=150%2C150&amp;ssl=1 150w, https:\/\/i0.wp.com\/calpebay.net\/wp-content\/uploads\/2019\/09\/conference-room.jpg?resize=768%2C768&amp;ssl=1 768w\" sizes=\"auto, (max-width: 892px) 100vw, 892px\" \/><\/div><\/div><div class=\"wp-block-getwid-image-box__content\">\n<div class=\"wp-block-getwid-advanced-heading\" style=\"margin-bottom:15px\"><h4 class=\"wp-block-getwid-advanced-heading__content\">Altea<\/h4><\/div>\r\n\n\n\n<p style=\"font-size:14px\" class=\"wp-block-paragraph\">Altea, som ligger p\u00e5 den emblematiska Costa Blanca, under foten av Sierra de Bernia, \u00e4r en charmig stad i provinsen Alicante&#8230;<\/p>\n\n\n\n<div class=\"wp-block-getwid-advanced-heading has-custom-font-size\" style=\"font-size:14px\"><h5 class=\"wp-block-getwid-advanced-heading__content has-text-color has-light-sea-green-color\"><a href=\"#\">L\u00e4s mer<\/a><\/h5><\/div>\r\n<\/div><\/div>\n<\/div><\/div><\/div><\/div><\/div>\n<\/div>\n\n\n\n<div class=\"wp-block-column is-layout-flow wp-block-column-is-layout-flow\">\n<div class=\"is-style-with-shadow wp-block-getwid-section\"><div class=\"wp-block-getwid-section__wrapper getwid-padding-top-medium getwid-padding-bottom-medium getwid-padding-left-medium getwid-padding-right-medium\"><div class=\"wp-block-getwid-section__inner-wrapper\"><div class=\"wp-block-getwid-section__background-holder\"><div class=\"wp-block-getwid-section__background has-background has-white-background-color\"><\/div><div class=\"wp-block-getwid-section__foreground\"><\/div><\/div><div class=\"wp-block-getwid-section__content\"><div class=\"wp-block-getwid-section__inner-content\">\n<div class=\"wp-block-getwid-image-box has-image-left has-text-left has-mobile-layout-column has-mobile-alignment-center\"><div class=\"wp-block-getwid-image-box__image-container is-position-middle\"><div class=\"wp-block-getwid-image-box__image-wrapper\"><img data-recalc-dims=\"1\" loading=\"lazy\" decoding=\"async\" width=\"892\" height=\"892\" src=\"https:\/\/i0.wp.com\/calpebay.net\/wp-content\/uploads\/2019\/09\/our-restaurant.jpg?resize=892%2C892&#038;ssl=1\" alt=\"\" class=\"wp-block-getwid-image-box__image wp-image-558\" srcset=\"https:\/\/i0.wp.com\/calpebay.net\/wp-content\/uploads\/2019\/09\/our-restaurant.jpg?w=1600&amp;ssl=1 1600w, https:\/\/i0.wp.com\/calpebay.net\/wp-content\/uploads\/2019\/09\/our-restaurant.jpg?resize=300%2C300&amp;ssl=1 300w, https:\/\/i0.wp.com\/calpebay.net\/wp-content\/uploads\/2019\/09\/our-restaurant.jpg?resize=1024%2C1024&amp;ssl=1 1024w, https:\/\/i0.wp.com\/calpebay.net\/wp-content\/uploads\/2019\/09\/our-restaurant.jpg?resize=150%2C150&amp;ssl=1 150w, https:\/\/i0.wp.com\/calpebay.net\/wp-content\/uploads\/2019\/09\/our-restaurant.jpg?resize=768%2C768&amp;ssl=1 768w, https:\/\/i0.wp.com\/calpebay.net\/wp-content\/uploads\/2019\/09\/our-restaurant.jpg?resize=1536%2C1536&amp;ssl=1 1536w, https:\/\/i0.wp.com\/calpebay.net\/wp-content\/uploads\/2019\/09\/our-restaurant.jpg?resize=892%2C892&amp;ssl=1 892w, https:\/\/i0.wp.com\/calpebay.net\/wp-content\/uploads\/2019\/09\/our-restaurant.jpg?resize=1350%2C1350&amp;ssl=1 1350w\" sizes=\"auto, (max-width: 892px) 100vw, 892px\" \/><\/div><\/div><div class=\"wp-block-getwid-image-box__content\">\n<div class=\"wp-block-getwid-advanced-heading\" style=\"margin-bottom:15px\"><h4 class=\"wp-block-getwid-advanced-heading__content\">Moraira<\/h4><\/div>\r\n\n\n\n<p style=\"font-size:14px\" class=\"wp-block-paragraph\">Moraira \u00e4r en charmig kuststad bel\u00e4gen i provinsen Alicante, i Valencia (Comunidad Valenciana)&#8230;<\/p>\n\n\n\n<div class=\"wp-block-getwid-advanced-heading has-custom-font-size\" style=\"font-size:14px\"><h5 class=\"wp-block-getwid-advanced-heading__content has-text-color has-light-sea-green-color\"><a href=\"#\">L\u00e4s mer<\/a><\/h5><\/div>\r\n<\/div><\/div>\n<\/div><\/div><\/div><\/div><\/div>\n\n\n\n<div class=\"is-style-with-shadow wp-block-getwid-section\"><div class=\"wp-block-getwid-section__wrapper getwid-padding-top-medium getwid-padding-bottom-medium getwid-padding-left-medium getwid-padding-right-medium\"><div class=\"wp-block-getwid-section__inner-wrapper\"><div class=\"wp-block-getwid-section__background-holder\"><div class=\"wp-block-getwid-section__background has-background has-white-background-color\"><\/div><div class=\"wp-block-getwid-section__foreground\"><\/div><\/div><div class=\"wp-block-getwid-section__content\"><div class=\"wp-block-getwid-section__inner-content\">\n<div class=\"wp-block-getwid-image-box has-image-left has-text-left has-mobile-layout-column has-mobile-alignment-center\"><div class=\"wp-block-getwid-image-box__image-container is-position-middle\"><div class=\"wp-block-getwid-image-box__image-wrapper\"><img data-recalc-dims=\"1\" loading=\"lazy\" decoding=\"async\" width=\"892\" height=\"892\" src=\"https:\/\/i0.wp.com\/calpebay.net\/wp-content\/uploads\/2019\/09\/grilling-and-picnic-areas.jpg?resize=892%2C892&#038;ssl=1\" alt=\"\" class=\"wp-block-getwid-image-box__image wp-image-559\" srcset=\"https:\/\/i0.wp.com\/calpebay.net\/wp-content\/uploads\/2019\/09\/grilling-and-picnic-areas.jpg?w=892&amp;ssl=1 892w, https:\/\/i0.wp.com\/calpebay.net\/wp-content\/uploads\/2019\/09\/grilling-and-picnic-areas.jpg?resize=300%2C300&amp;ssl=1 300w, https:\/\/i0.wp.com\/calpebay.net\/wp-content\/uploads\/2019\/09\/grilling-and-picnic-areas.jpg?resize=150%2C150&amp;ssl=1 150w, https:\/\/i0.wp.com\/calpebay.net\/wp-content\/uploads\/2019\/09\/grilling-and-picnic-areas.jpg?resize=768%2C768&amp;ssl=1 768w\" sizes=\"auto, (max-width: 892px) 100vw, 892px\" \/><\/div><\/div><div class=\"wp-block-getwid-image-box__content\">\n<div class=\"wp-block-getwid-advanced-heading\" style=\"margin-bottom:15px\"><h4 class=\"wp-block-getwid-advanced-heading__content\">Benidorm<\/h4><\/div>\r\n\n\n\n<p style=\"font-size:14px\" class=\"wp-block-paragraph\"><span class=\"HwtZe\" lang=\"sv\"><span class=\"jCAhz ChMk0b\"><span class=\"ryNqvb\">Benidorm \u00e4r en turiststad som ligger i Alicante, den \u00e4r k\u00e4nd som &#8220;Medelhavets New York&#8221;&#8230;<\/span><\/span><\/span><\/p>\n\n\n\n<div class=\"wp-block-getwid-advanced-heading has-custom-font-size\" style=\"font-size:14px\"><h5 class=\"wp-block-getwid-advanced-heading__content has-text-color has-light-sea-green-color\"><a href=\"#\">L\u00e4s mer<\/a><\/h5><\/div>\r\n<\/div><\/div>\n<\/div><\/div><\/div><\/div><\/div>\n<\/div>\n<\/div>\n\n<hr class=\"is-style-wide wp-block-separator has-css-opacity\"\/>\n\n<div style=\"height:32px\" aria-hidden=\"true\" class=\"wp-block-spacer\"><\/div>\n\n<strong><span class=\"HwtZe\" lang=\"sv\"><span class=\"jCAhz ChMk0b\"><span class=\"ryNqvb\">Specialerbjudanden och tj\u00e4nster<\/span><\/span><\/span><\/strong>\n\n<span class=\"HwtZe\" lang=\"sv\"><span class=\"jCAhz ChMk0b\"><span class=\"ryNqvb\">Nytt inneh\u00e5ll kommer hit.<\/span><\/span><\/span>\n\n<div class=\"has-4-columns wp-block-columns is-layout-flex wp-container-core-columns-is-layout-8f761849 wp-block-columns-is-layout-flex\">\n<div class=\"wp-block-column is-layout-flow wp-block-column-is-layout-flow\">\n<div class=\"is-style-shadow-bottom has-foreground-undefined wp-block-getwid-banner has-animation-style4 has-vertical-alignment-bottom\"><a href=\"#\" class=\"wp-block-getwid-banner__link\"><div class=\"wp-block-getwid-banner__wrapper\"><img data-recalc-dims=\"1\" decoding=\"async\" src=\"https:\/\/i0.wp.com\/calpebay.net\/wp-content\/uploads\/2019\/09\/specials-1.jpg?w=892&#038;ssl=1\" alt=\"\" class=\"wp-block-getwid-banner__image wp-block-getwid-banner__source wp-image-566\"\/><div class=\"wp-block-getwid-banner__caption\" style=\"min-height:315px\"><div class=\"wp-block-getwid-banner__caption-wrapper\"><span class=\"wp-block-getwid-banner__title\">Hast 15% Desc<\/span><p class=\"wp-block-getwid-banner__text\">Resort<\/p><\/div><\/div><\/div><\/a><\/div>\r\n<\/div>\n\n\n\n<div class=\"wp-block-column is-layout-flow wp-block-column-is-layout-flow\">\n<div class=\"is-style-shadow-bottom has-foreground-undefined wp-block-getwid-banner has-animation-style4 has-vertical-alignment-bottom\"><a href=\"#\" class=\"wp-block-getwid-banner__link\"><div class=\"wp-block-getwid-banner__wrapper\"><img data-recalc-dims=\"1\" loading=\"lazy\" decoding=\"async\" width=\"892\" height=\"1060\" src=\"https:\/\/i0.wp.com\/calpebay.net\/wp-content\/uploads\/2019\/09\/specials-3.jpg?resize=892%2C1060&#038;ssl=1\" alt=\"\" class=\"wp-block-getwid-banner__image wp-block-getwid-banner__source wp-image-568\" srcset=\"https:\/\/i0.wp.com\/calpebay.net\/wp-content\/uploads\/2019\/09\/specials-3.jpg?w=892&amp;ssl=1 892w, https:\/\/i0.wp.com\/calpebay.net\/wp-content\/uploads\/2019\/09\/specials-3.jpg?resize=252%2C300&amp;ssl=1 252w, https:\/\/i0.wp.com\/calpebay.net\/wp-content\/uploads\/2019\/09\/specials-3.jpg?resize=862%2C1024&amp;ssl=1 862w, https:\/\/i0.wp.com\/calpebay.net\/wp-content\/uploads\/2019\/09\/specials-3.jpg?resize=768%2C913&amp;ssl=1 768w\" sizes=\"auto, (max-width: 892px) 100vw, 892px\" \/><div class=\"wp-block-getwid-banner__caption\" style=\"min-height:315px\"><div class=\"wp-block-getwid-banner__caption-wrapper\"><span class=\"wp-block-getwid-banner__title\">Lunes Special<\/span><p class=\"wp-block-getwid-banner__text\">10$ los lunes<\/p><\/div><\/div><\/div><\/a><\/div>\r\n<\/div>\n\n\n\n<div class=\"wp-block-column is-layout-flow wp-block-column-is-layout-flow\">\n<div class=\"is-style-shadow-bottom has-foreground-undefined wp-block-getwid-banner has-animation-style4 has-vertical-alignment-bottom\"><a href=\"#\" class=\"wp-block-getwid-banner__link\"><div class=\"wp-block-getwid-banner__wrapper\"><img data-recalc-dims=\"1\" loading=\"lazy\" decoding=\"async\" width=\"892\" height=\"1060\" src=\"https:\/\/i0.wp.com\/calpebay.net\/wp-content\/uploads\/2019\/09\/specials-2.jpg?resize=892%2C1060&#038;ssl=1\" alt=\"\" class=\"wp-block-getwid-banner__image wp-block-getwid-banner__source wp-image-567\" srcset=\"https:\/\/i0.wp.com\/calpebay.net\/wp-content\/uploads\/2019\/09\/specials-2.jpg?w=892&amp;ssl=1 892w, https:\/\/i0.wp.com\/calpebay.net\/wp-content\/uploads\/2019\/09\/specials-2.jpg?resize=252%2C300&amp;ssl=1 252w, https:\/\/i0.wp.com\/calpebay.net\/wp-content\/uploads\/2019\/09\/specials-2.jpg?resize=862%2C1024&amp;ssl=1 862w, https:\/\/i0.wp.com\/calpebay.net\/wp-content\/uploads\/2019\/09\/specials-2.jpg?resize=768%2C913&amp;ssl=1 768w\" sizes=\"auto, (max-width: 892px) 100vw, 892px\" \/><div class=\"wp-block-getwid-banner__caption\" style=\"min-height:315px\"><div class=\"wp-block-getwid-banner__caption-wrapper\"><span class=\"wp-block-getwid-banner__title\">Spa Terapia<\/span><p class=\"wp-block-getwid-banner__text\">Nuevo texto<\/p><\/div><\/div><\/div><\/a><\/div>\r\n<\/div>\n\n\n\n<div class=\"wp-block-column is-layout-flow wp-block-column-is-layout-flow\">\n<div class=\"is-style-shadow-bottom has-foreground-undefined wp-block-getwid-banner has-animation-style4 has-vertical-alignment-bottom\"><a href=\"#\" class=\"wp-block-getwid-banner__link\"><div class=\"wp-block-getwid-banner__wrapper\"><img data-recalc-dims=\"1\" loading=\"lazy\" decoding=\"async\" width=\"892\" height=\"1060\" src=\"https:\/\/i0.wp.com\/calpebay.net\/wp-content\/uploads\/2019\/09\/specials-4.jpg?resize=892%2C1060&#038;ssl=1\" alt=\"\" class=\"wp-block-getwid-banner__image wp-block-getwid-banner__source wp-image-569\" srcset=\"https:\/\/i0.wp.com\/calpebay.net\/wp-content\/uploads\/2019\/09\/specials-4.jpg?w=892&amp;ssl=1 892w, https:\/\/i0.wp.com\/calpebay.net\/wp-content\/uploads\/2019\/09\/specials-4.jpg?resize=252%2C300&amp;ssl=1 252w, https:\/\/i0.wp.com\/calpebay.net\/wp-content\/uploads\/2019\/09\/specials-4.jpg?resize=862%2C1024&amp;ssl=1 862w, https:\/\/i0.wp.com\/calpebay.net\/wp-content\/uploads\/2019\/09\/specials-4.jpg?resize=768%2C913&amp;ssl=1 768w\" sizes=\"auto, (max-width: 892px) 100vw, 892px\" \/><div class=\"wp-block-getwid-banner__caption\" style=\"min-height:315px\"><div class=\"wp-block-getwid-banner__caption-wrapper\"><span class=\"wp-block-getwid-banner__title\">La S\u00e9ptima <\/span><p class=\"wp-block-getwid-banner__text\">Ahorros 7+ Nights<\/p><\/div><\/div><\/div><\/a><\/div>\r\n<\/div>\n<\/div>\n","protected":false},"excerpt":{"rendered":"","protected":false},"author":1,"featured_media":4182,"parent":0,"menu_order":0,"comment_status":"closed","ping_status":"closed","template":"template-wide-page.php","meta":{"nf_dc_page":"","_crdt_document":"","om_disable_all_campaigns":false,"inline_featured_image":false,"_monsterinsights_skip_tracking":false,"_monsterinsights_sitenote_active":false,"_monsterinsights_sitenote_note":"","_monsterinsights_sitenote_category":0,"footnotes":""},"class_list":["post-5684","page","type-page","status-publish","has-post-thumbnail","hentry"],"aioseo_notices":[],"jetpack_sharing_enabled":true,"_links":{"self":[{"href":"https:\/\/calpebay.net\/sv\/wp-json\/wp\/v2\/pages\/5684","targetHints":{"allow":["GET"]}}],"collection":[{"href":"https:\/\/calpebay.net\/sv\/wp-json\/wp\/v2\/pages"}],"about":[{"href":"https:\/\/calpebay.net\/sv\/wp-json\/wp\/v2\/types\/page"}],"author":[{"embeddable":true,"href":"https:\/\/calpebay.net\/sv\/wp-json\/wp\/v2\/users\/1"}],"replies":[{"embeddable":true,"href":"https:\/\/calpebay.net\/sv\/wp-json\/wp\/v2\/comments?post=5684"}],"version-history":[{"count":2,"href":"https:\/\/calpebay.net\/sv\/wp-json\/wp\/v2\/pages\/5684\/revisions"}],"predecessor-version":[{"id":6198,"href":"https:\/\/calpebay.net\/sv\/wp-json\/wp\/v2\/pages\/5684\/revisions\/6198"}],"wp:featuredmedia":[{"embeddable":true,"href":"https:\/\/calpebay.net\/sv\/wp-json\/wp\/v2\/media\/4182"}],"wp:attachment":[{"href":"https:\/\/calpebay.net\/sv\/wp-json\/wp\/v2\/media?parent=5684"}],"curies":[{"name":"wp","href":"https:\/\/api.w.org\/{rel}","templated":true}]}}