{"id":5810,"date":"2019-09-18T12:05:01","date_gmt":"2019-09-18T12:05:01","guid":{"rendered":"https:\/\/calpebay.net\/aktiviteter\/"},"modified":"2024-05-17T13:19:20","modified_gmt":"2024-05-17T13:19:20","slug":"aktiviteter","status":"publish","type":"page","link":"https:\/\/calpebay.net\/sv\/aktiviteter\/","title":{"rendered":"Aktiviteter"},"content":{"rendered":"\n<div class=\"wp-block-getwid-section\" style=\"margin-bottom:50px\"><div class=\"wp-block-getwid-section__wrapper getwid-padding-top-none getwid-padding-bottom-none getwid-padding-left-none getwid-padding-right-none\"><div class=\"wp-block-getwid-section__inner-wrapper\"><div class=\"wp-block-getwid-section__background-holder\"><div class=\"wp-block-getwid-section__background\"><\/div><div class=\"wp-block-getwid-section__foreground\"><\/div><\/div><div class=\"wp-block-getwid-section__content\"><div class=\"wp-block-getwid-section__inner-content\">\n<figure class=\"is-style-default wp-block-image size-large\"><img data-recalc-dims=\"1\" loading=\"lazy\" decoding=\"async\" width=\"892\" height=\"594\" src=\"https:\/\/i0.wp.com\/calpebay.net\/wp-content\/uploads\/2024\/04\/FIVE-CYCLISTS-2000.jpg?resize=892%2C594&#038;ssl=1\" alt=\"\" class=\"wp-image-2165\" srcset=\"https:\/\/i0.wp.com\/calpebay.net\/wp-content\/uploads\/2024\/04\/FIVE-CYCLISTS-2000.jpg?resize=1024%2C682&amp;ssl=1 1024w, https:\/\/i0.wp.com\/calpebay.net\/wp-content\/uploads\/2024\/04\/FIVE-CYCLISTS-2000.jpg?resize=300%2C200&amp;ssl=1 300w, https:\/\/i0.wp.com\/calpebay.net\/wp-content\/uploads\/2024\/04\/FIVE-CYCLISTS-2000.jpg?resize=768%2C512&amp;ssl=1 768w, https:\/\/i0.wp.com\/calpebay.net\/wp-content\/uploads\/2024\/04\/FIVE-CYCLISTS-2000.jpg?resize=1536%2C1024&amp;ssl=1 1536w, https:\/\/i0.wp.com\/calpebay.net\/wp-content\/uploads\/2024\/04\/FIVE-CYCLISTS-2000.jpg?resize=892%2C595&amp;ssl=1 892w, https:\/\/i0.wp.com\/calpebay.net\/wp-content\/uploads\/2024\/04\/FIVE-CYCLISTS-2000.jpg?resize=1350%2C900&amp;ssl=1 1350w, https:\/\/i0.wp.com\/calpebay.net\/wp-content\/uploads\/2024\/04\/FIVE-CYCLISTS-2000.jpg?w=2000&amp;ssl=1 2000w, https:\/\/i0.wp.com\/calpebay.net\/wp-content\/uploads\/2024\/04\/FIVE-CYCLISTS-2000.jpg?w=1784&amp;ssl=1 1784w\" sizes=\"auto, (max-width: 892px) 100vw, 892px\" \/><\/figure>\n<\/div><\/div><\/div><\/div><\/div>\n\n<div class=\"has-2-columns wp-block-columns is-layout-flex wp-container-core-columns-is-layout-8f761849 wp-block-columns-is-layout-flex\">\n<div class=\"wp-block-column is-layout-flow wp-block-column-is-layout-flow\">\n<div class=\"wp-block-getwid-advanced-heading\" style=\"margin-bottom:40px\"><h2 class=\"wp-block-getwid-advanced-heading__content\">Of\u00f6rgl\u00f6mliga minnen fr\u00e5n de imponerande str\u00e4nderna och naturen.  <\/h2><\/div>\n\n\n\n<div class=\"wp-block-getwid-advanced-spacer getwid-hide-desktop getwid-hide-tablet\" style=\"height:10px\" aria-hidden=\"true\"><\/div>\n<\/div>\n\n\n\n<div class=\"wp-block-column is-layout-flow wp-block-column-is-layout-flow\">\n<p class=\"wp-block-paragraph\">Calpe, som ligger i den <strong>spanska regionen Valencia<\/strong> , \u00e4r en charmig kuststad k\u00e4nd f\u00f6r sin naturliga sk\u00f6nhet och sitt l\u00e4ge bredvid den imponerande <strong>Pe\u00f1\u00f3n de Ifach<\/strong> . Med sitt breda turistutbud och m\u00e5nga aktiviteter att njuta av utomhus har Calpe blivit ett popul\u00e4rt resm\u00e5l f\u00f6r alla typer av bes\u00f6kare. H\u00e4r presenterar jag n\u00e5gra alternativ f\u00f6r aktiviteter och sporter som du kan njuta av i Calpe:<\/p>\n\n\n\n<ol class=\"wp-block-list\">\n<li class=\"\"><strong>Vandring och kl\u00e4ttring i Pe\u00f1\u00f3n de Ifach<\/strong> :\n<ul class=\"wp-block-list\">\n<li class=\"\">Denna imponerande klippa reser sig <strong>332 meter \u00f6ver havet<\/strong> och erbjuder fantastisk panoramautsikt \u00f6ver Medelhavskusten. Det finns flera sp\u00e5r tillg\u00e4ngliga, alla med olika sv\u00e5righetsgrader. Gl\u00f6m inte att b\u00e4ra l\u00e4mpliga skor och tillr\u00e4ckligt med vatten, eftersom kl\u00e4ttringen kan vara kr\u00e4vande. V\u00e4l uppe p\u00e5 toppen kan du beundra kustens sk\u00f6nhet och njuta av att observera den lokala faunan och floran. Denna upplevelse kommer definitivt att l\u00e4mna dig andf\u00e5dd!<\/li>\n<\/ul>\n<\/li>\n\n\n\n<li class=\"\"><strong>Bes\u00f6k i Gamla stan i Calpe<\/strong> :\n<ul class=\"wp-block-list\">\n<li class=\"\">F\u00f6rdjupa dig i Calpes historia med ett bes\u00f6k i stadens charmiga gamla stadsdel. H\u00e4r hittar du kullerstensgator, traditionella hus och charmig arkitektur som tar dig tillbaka i tiden. Du kan bes\u00f6ka historiska byggnader och monument och g\u00e5 vilse i gr\u00e4nderna som tar dig till sm\u00e5 lokala butiker och restauranger. F\u00f6rdjupa dig i den lokala kulturen och njut av lugnet som finns i denna del av staden. Gl\u00f6m inte att prova de gastronomiska l\u00e4ckerheter som du hittar p\u00e5 lokala restauranger.<\/li>\n<\/ul>\n<\/li>\n\n\n\n<li class=\"\"><strong>Str\u00e4nder och vattensporter<\/strong> :\n<ul class=\"wp-block-list\">\n<li class=\"\">Str\u00e4nderna i <strong>La Fossa<\/strong> och <strong>Arenal-Bol<\/strong> \u00e4r tv\u00e5 av de mest k\u00e4nda i omr\u00e5det, och erbjuder fin sand och kristallklart vatten. Perfekt f\u00f6r att njuta av solen och koppla av p\u00e5 stranden. Men om du letar efter n\u00e5got mer aktivt \u00e4r Calpe ocks\u00e5 den idealiska platsen f\u00f6r att ut\u00f6va vattensporter. Dykning, snorkling och paddelsurfing \u00e4r n\u00e5gra av de aktiviteter som finns. Du kan hyra utrustning och f\u00e5 klasser f\u00f6r att komma ig\u00e5ng med dessa sporter. Uppt\u00e4ck sk\u00f6nheten i undervattensv\u00e4rlden och njut av sp\u00e4nningen med att glida p\u00e5 v\u00e5gorna.<\/li>\n<\/ul>\n<\/li>\n\n\n\n<li class=\"\"><strong>Utflykt till Calpe Salt Flats<\/strong> :\n<ul class=\"wp-block-list\">\n<li class=\"\">Om du gillar naturen kan du inte missa ett bes\u00f6k p\u00e5 <strong>Calpe Salt Flats<\/strong> . Denna skyddade naturmilj\u00f6 \u00e4r en fristad f\u00f6r m\u00e5nga f\u00e5gelarter och ett exempel p\u00e5 den ekologiska betydelsen av denna plats. Du kan ta en guidad tur f\u00f6r att l\u00e4ra dig mer om omr\u00e5dets fauna och flora och njuta av det imponerande landskapet det erbjuder.<\/li>\n<\/ul>\n<\/li>\n<\/ol>\n\n\n\n<p class=\"wp-block-paragraph\">Utnyttja din lediga tid och planera din resa till Calpe! \ud83c\udf1e\ud83c\udf0a F\u00f6r mer information om dessa aktiviteter kan du konsultera  <\/p>\n<\/div>\n<\/div>\n\n<div style=\"height:47px\" aria-hidden=\"true\" class=\"wp-block-spacer\"><\/div>\n\n<hr class=\"is-style-wide wp-block-separator has-css-opacity\"\/>\n\n<div class=\"wp-block-getwid-advanced-heading\" style=\"margin-bottom:5px;margin-top:81px\"><h2 class=\"wp-block-getwid-advanced-heading__content\" style=\"text-align:center\">Topprankade aktiviteter<\/h2><\/div>\n\n<div class=\"wp-block-getwid-advanced-heading\" style=\"margin-bottom:40px\"><span class=\"wp-block-getwid-advanced-heading__content\" style=\"text-align:center\">Ta en n\u00e4rmare titt p\u00e5 v\u00e5ra aktiviteter och best\u00e4m vilken du vill uppleva h\u00e4rn\u00e4st.<\/span><\/div>\n\n<div class=\"has-4-columns wp-block-columns is-layout-flex wp-container-core-columns-is-layout-8f761849 wp-block-columns-is-layout-flex\">\n<div class=\"wp-block-column is-layout-flow wp-block-column-is-layout-flow\">\n<div class=\"is-style-shadow-bottom has-foreground-undefined wp-block-getwid-banner has-animation-style4 has-vertical-alignment-bottom\"><a href=\"#\" class=\"wp-block-getwid-banner__link\"><div class=\"wp-block-getwid-banner__wrapper\"><img data-recalc-dims=\"1\" loading=\"lazy\" decoding=\"async\" width=\"892\" height=\"1060\" src=\"https:\/\/i0.wp.com\/calpebay.net\/wp-content\/uploads\/2019\/09\/helicopter-tour.jpg?resize=892%2C1060&#038;ssl=1\" alt=\"\" class=\"wp-block-getwid-banner__image wp-block-getwid-banner__source wp-image-707\" srcset=\"https:\/\/i0.wp.com\/calpebay.net\/wp-content\/uploads\/2019\/09\/helicopter-tour.jpg?w=892&amp;ssl=1 892w, https:\/\/i0.wp.com\/calpebay.net\/wp-content\/uploads\/2019\/09\/helicopter-tour.jpg?resize=252%2C300&amp;ssl=1 252w, https:\/\/i0.wp.com\/calpebay.net\/wp-content\/uploads\/2019\/09\/helicopter-tour.jpg?resize=862%2C1024&amp;ssl=1 862w, https:\/\/i0.wp.com\/calpebay.net\/wp-content\/uploads\/2019\/09\/helicopter-tour.jpg?resize=768%2C913&amp;ssl=1 768w\" sizes=\"auto, (max-width: 892px) 100vw, 892px\" \/><div class=\"wp-block-getwid-banner__caption\" style=\"min-height:315px\"><div class=\"wp-block-getwid-banner__caption-wrapper\"><span class=\"wp-block-getwid-banner__title\">Helikoptertur<\/span><p class=\"wp-block-getwid-banner__text\">$68 per person<\/p><\/div><\/div><\/div><\/a><\/div>\n\n\n\n<div class=\"is-style-shadow-bottom has-foreground-undefined wp-block-getwid-banner has-animation-style4 has-vertical-alignment-bottom\"><a href=\"#\" class=\"wp-block-getwid-banner__link\"><div class=\"wp-block-getwid-banner__wrapper\"><img data-recalc-dims=\"1\" loading=\"lazy\" decoding=\"async\" width=\"892\" height=\"1060\" src=\"https:\/\/i0.wp.com\/calpebay.net\/wp-content\/uploads\/2019\/09\/skydiving.jpg?resize=892%2C1060&#038;ssl=1\" alt=\"\" class=\"wp-block-getwid-banner__image wp-block-getwid-banner__source wp-image-708\" srcset=\"https:\/\/i0.wp.com\/calpebay.net\/wp-content\/uploads\/2019\/09\/skydiving.jpg?w=892&amp;ssl=1 892w, https:\/\/i0.wp.com\/calpebay.net\/wp-content\/uploads\/2019\/09\/skydiving.jpg?resize=252%2C300&amp;ssl=1 252w, https:\/\/i0.wp.com\/calpebay.net\/wp-content\/uploads\/2019\/09\/skydiving.jpg?resize=862%2C1024&amp;ssl=1 862w, https:\/\/i0.wp.com\/calpebay.net\/wp-content\/uploads\/2019\/09\/skydiving.jpg?resize=768%2C913&amp;ssl=1 768w\" sizes=\"auto, (max-width: 892px) 100vw, 892px\" \/><div class=\"wp-block-getwid-banner__caption\" style=\"min-height:315px\"><div class=\"wp-block-getwid-banner__caption-wrapper\"><span class=\"wp-block-getwid-banner__title\">Fallsk\u00e4rmshoppning<\/span><p class=\"wp-block-getwid-banner__text\">fr\u00e5n $65<\/p><\/div><\/div><\/div><\/a><\/div>\n<\/div>\n\n\n\n<div class=\"wp-block-column is-layout-flow wp-block-column-is-layout-flow\">\n<div class=\"is-style-shadow-bottom has-foreground-undefined wp-block-getwid-banner has-animation-style4 has-vertical-alignment-bottom\"><a href=\"#\" class=\"wp-block-getwid-banner__link\"><div class=\"wp-block-getwid-banner__wrapper\"><img data-recalc-dims=\"1\" loading=\"lazy\" decoding=\"async\" width=\"892\" height=\"1060\" src=\"https:\/\/i0.wp.com\/calpebay.net\/wp-content\/uploads\/2019\/09\/yacht-tours.jpg?resize=892%2C1060&#038;ssl=1\" alt=\"\" class=\"wp-block-getwid-banner__image wp-block-getwid-banner__source wp-image-710\" srcset=\"https:\/\/i0.wp.com\/calpebay.net\/wp-content\/uploads\/2019\/09\/yacht-tours.jpg?w=892&amp;ssl=1 892w, https:\/\/i0.wp.com\/calpebay.net\/wp-content\/uploads\/2019\/09\/yacht-tours.jpg?resize=252%2C300&amp;ssl=1 252w, https:\/\/i0.wp.com\/calpebay.net\/wp-content\/uploads\/2019\/09\/yacht-tours.jpg?resize=862%2C1024&amp;ssl=1 862w, https:\/\/i0.wp.com\/calpebay.net\/wp-content\/uploads\/2019\/09\/yacht-tours.jpg?resize=768%2C913&amp;ssl=1 768w\" sizes=\"auto, (max-width: 892px) 100vw, 892px\" \/><div class=\"wp-block-getwid-banner__caption\" style=\"min-height:315px\"><div class=\"wp-block-getwid-banner__caption-wrapper\"><span class=\"wp-block-getwid-banner__title\">Yachtturer<\/span><p class=\"wp-block-getwid-banner__text\">fr\u00e5n $75<\/p><\/div><\/div><\/div><\/a><\/div>\n\n\n\n<div class=\"is-style-shadow-bottom has-foreground-undefined wp-block-getwid-banner has-animation-style4 has-vertical-alignment-bottom\"><a href=\"#\" class=\"wp-block-getwid-banner__link\"><div class=\"wp-block-getwid-banner__wrapper\"><img data-recalc-dims=\"1\" loading=\"lazy\" decoding=\"async\" width=\"892\" height=\"1060\" src=\"https:\/\/i0.wp.com\/calpebay.net\/wp-content\/uploads\/2019\/09\/food-tours.jpg?resize=892%2C1060&#038;ssl=1\" alt=\"\" class=\"wp-block-getwid-banner__image wp-block-getwid-banner__source wp-image-706\" srcset=\"https:\/\/i0.wp.com\/calpebay.net\/wp-content\/uploads\/2019\/09\/food-tours.jpg?w=892&amp;ssl=1 892w, https:\/\/i0.wp.com\/calpebay.net\/wp-content\/uploads\/2019\/09\/food-tours.jpg?resize=252%2C300&amp;ssl=1 252w, https:\/\/i0.wp.com\/calpebay.net\/wp-content\/uploads\/2019\/09\/food-tours.jpg?resize=862%2C1024&amp;ssl=1 862w, https:\/\/i0.wp.com\/calpebay.net\/wp-content\/uploads\/2019\/09\/food-tours.jpg?resize=768%2C913&amp;ssl=1 768w\" sizes=\"auto, (max-width: 892px) 100vw, 892px\" \/><div class=\"wp-block-getwid-banner__caption\" style=\"min-height:315px\"><div class=\"wp-block-getwid-banner__caption-wrapper\"><span class=\"wp-block-getwid-banner__title\">Matturer<\/span><p class=\"wp-block-getwid-banner__text\">fr\u00e5n $35 per person<\/p><\/div><\/div><\/div><\/a><\/div>\n<\/div>\n\n\n\n<div class=\"wp-block-column is-layout-flow wp-block-column-is-layout-flow\">\n<div class=\"is-style-shadow-bottom has-foreground-undefined wp-block-getwid-banner has-animation-style4 has-vertical-alignment-bottom\"><a href=\"#\" class=\"wp-block-getwid-banner__link\"><div class=\"wp-block-getwid-banner__wrapper\"><img data-recalc-dims=\"1\" loading=\"lazy\" decoding=\"async\" width=\"892\" height=\"1060\" src=\"https:\/\/i0.wp.com\/calpebay.net\/wp-content\/uploads\/2019\/09\/surfing-lessons.jpg?resize=892%2C1060&#038;ssl=1\" alt=\"\" class=\"wp-block-getwid-banner__image wp-block-getwid-banner__source wp-image-709\" srcset=\"https:\/\/i0.wp.com\/calpebay.net\/wp-content\/uploads\/2019\/09\/surfing-lessons.jpg?w=892&amp;ssl=1 892w, https:\/\/i0.wp.com\/calpebay.net\/wp-content\/uploads\/2019\/09\/surfing-lessons.jpg?resize=252%2C300&amp;ssl=1 252w, https:\/\/i0.wp.com\/calpebay.net\/wp-content\/uploads\/2019\/09\/surfing-lessons.jpg?resize=862%2C1024&amp;ssl=1 862w, https:\/\/i0.wp.com\/calpebay.net\/wp-content\/uploads\/2019\/09\/surfing-lessons.jpg?resize=768%2C913&amp;ssl=1 768w\" sizes=\"auto, (max-width: 892px) 100vw, 892px\" \/><div class=\"wp-block-getwid-banner__caption\" style=\"min-height:315px\"><div class=\"wp-block-getwid-banner__caption-wrapper\"><span class=\"wp-block-getwid-banner__title\">Surflektioner<\/span><p class=\"wp-block-getwid-banner__text\">  $25 per person  <\/p><\/div><\/div><\/div><\/a><\/div>\n\n\n\n<div class=\"is-style-shadow-bottom has-foreground-undefined wp-block-getwid-banner has-animation-style4 has-vertical-alignment-bottom\"><a href=\"#\" class=\"wp-block-getwid-banner__link\"><div class=\"wp-block-getwid-banner__wrapper\"><img data-recalc-dims=\"1\" loading=\"lazy\" decoding=\"async\" width=\"892\" height=\"1060\" src=\"https:\/\/i0.wp.com\/calpebay.net\/wp-content\/uploads\/2019\/09\/concerts.jpg?resize=892%2C1060&#038;ssl=1\" alt=\"\" class=\"wp-block-getwid-banner__image wp-block-getwid-banner__source wp-image-704\" srcset=\"https:\/\/i0.wp.com\/calpebay.net\/wp-content\/uploads\/2019\/09\/concerts.jpg?w=892&amp;ssl=1 892w, https:\/\/i0.wp.com\/calpebay.net\/wp-content\/uploads\/2019\/09\/concerts.jpg?resize=252%2C300&amp;ssl=1 252w, https:\/\/i0.wp.com\/calpebay.net\/wp-content\/uploads\/2019\/09\/concerts.jpg?resize=862%2C1024&amp;ssl=1 862w, https:\/\/i0.wp.com\/calpebay.net\/wp-content\/uploads\/2019\/09\/concerts.jpg?resize=768%2C913&amp;ssl=1 768w\" sizes=\"auto, (max-width: 892px) 100vw, 892px\" \/><div class=\"wp-block-getwid-banner__caption\" style=\"min-height:315px\"><div class=\"wp-block-getwid-banner__caption-wrapper\"><span class=\"wp-block-getwid-banner__title\">Konserter<\/span><p class=\"wp-block-getwid-banner__text\">fr\u00e5n $45<\/p><\/div><\/div><\/div><\/a><\/div>\n<\/div>\n\n\n\n<div class=\"wp-block-column is-layout-flow wp-block-column-is-layout-flow\">\n<div class=\"is-style-shadow-bottom has-foreground-undefined wp-block-getwid-banner has-animation-style4 has-vertical-alignment-bottom\"><a href=\"#\" class=\"wp-block-getwid-banner__link\"><div class=\"wp-block-getwid-banner__wrapper\"><img data-recalc-dims=\"1\" loading=\"lazy\" decoding=\"async\" width=\"892\" height=\"1060\" src=\"https:\/\/i0.wp.com\/calpebay.net\/wp-content\/uploads\/2019\/09\/specials-4.jpg?resize=892%2C1060&#038;ssl=1\" alt=\"\" class=\"wp-block-getwid-banner__image wp-block-getwid-banner__source wp-image-569\" srcset=\"https:\/\/i0.wp.com\/calpebay.net\/wp-content\/uploads\/2019\/09\/specials-4.jpg?w=892&amp;ssl=1 892w, https:\/\/i0.wp.com\/calpebay.net\/wp-content\/uploads\/2019\/09\/specials-4.jpg?resize=252%2C300&amp;ssl=1 252w, https:\/\/i0.wp.com\/calpebay.net\/wp-content\/uploads\/2019\/09\/specials-4.jpg?resize=862%2C1024&amp;ssl=1 862w, https:\/\/i0.wp.com\/calpebay.net\/wp-content\/uploads\/2019\/09\/specials-4.jpg?resize=768%2C913&amp;ssl=1 768w\" sizes=\"auto, (max-width: 892px) 100vw, 892px\" \/><div class=\"wp-block-getwid-banner__caption\" style=\"min-height:315px\"><div class=\"wp-block-getwid-banner__caption-wrapper\"><span class=\"wp-block-getwid-banner__title\">dykning<\/span><p class=\"wp-block-getwid-banner__text\">  $50 per person  <\/p><\/div><\/div><\/div><\/a><\/div>\n\n\n\n<div class=\"is-style-shadow-bottom has-foreground-undefined wp-block-getwid-banner has-animation-style4 has-vertical-alignment-bottom\"><a href=\"#\" class=\"wp-block-getwid-banner__link\"><div class=\"wp-block-getwid-banner__wrapper\"><img data-recalc-dims=\"1\" loading=\"lazy\" decoding=\"async\" width=\"892\" height=\"1060\" src=\"https:\/\/i0.wp.com\/calpebay.net\/wp-content\/uploads\/2019\/09\/bike-ride.jpg?resize=892%2C1060&#038;ssl=1\" alt=\"\" class=\"wp-block-getwid-banner__image wp-block-getwid-banner__source wp-image-703\" srcset=\"https:\/\/i0.wp.com\/calpebay.net\/wp-content\/uploads\/2019\/09\/bike-ride.jpg?w=892&amp;ssl=1 892w, https:\/\/i0.wp.com\/calpebay.net\/wp-content\/uploads\/2019\/09\/bike-ride.jpg?resize=252%2C300&amp;ssl=1 252w, https:\/\/i0.wp.com\/calpebay.net\/wp-content\/uploads\/2019\/09\/bike-ride.jpg?resize=862%2C1024&amp;ssl=1 862w, https:\/\/i0.wp.com\/calpebay.net\/wp-content\/uploads\/2019\/09\/bike-ride.jpg?resize=768%2C913&amp;ssl=1 768w\" sizes=\"auto, (max-width: 892px) 100vw, 892px\" \/><div class=\"wp-block-getwid-banner__caption\" style=\"min-height:315px\"><div class=\"wp-block-getwid-banner__caption-wrapper\"><span class=\"wp-block-getwid-banner__title\">Cykeltur<\/span><p class=\"wp-block-getwid-banner__text\">  $20 per person  <\/p><\/div><\/div><\/div><\/a><\/div>\n<\/div>\n<\/div>\n\n<div style=\"height:50px\" aria-hidden=\"true\" class=\"wp-block-spacer\"><\/div>\n\n<div class=\"has-2-columns wp-block-columns is-layout-flex wp-container-core-columns-is-layout-8f761849 wp-block-columns-is-layout-flex\">\n<div class=\"wp-block-column is-layout-flow wp-block-column-is-layout-flow\">\n<div class=\"is-style-with-shadow wp-block-getwid-section\"><div class=\"wp-block-getwid-section__wrapper getwid-padding-top-medium getwid-padding-bottom-medium getwid-padding-left-medium getwid-padding-right-medium\"><div class=\"wp-block-getwid-section__inner-wrapper\"><div class=\"wp-block-getwid-section__background-holder\"><div class=\"wp-block-getwid-section__background has-background has-white-background-color\"><\/div><div class=\"wp-block-getwid-section__foreground\"><\/div><\/div><div class=\"wp-block-getwid-section__content\"><div class=\"wp-block-getwid-section__inner-content\">\n<div class=\"wp-block-getwid-image-box has-image-left has-text-left has-mobile-layout-default has-mobile-alignment-default\"><div class=\"wp-block-getwid-image-box__image-container is-position-middle\"><div class=\"wp-block-getwid-image-box__image-wrapper\"><img data-recalc-dims=\"1\" loading=\"lazy\" decoding=\"async\" width=\"66\" height=\"64\" src=\"https:\/\/i0.wp.com\/calpebay.net\/wp-content\/uploads\/2019\/09\/trustsafety1.png?resize=66%2C64&#038;ssl=1\" alt=\"\" class=\"wp-block-getwid-image-box__image wp-image-841\"\/><\/div><\/div><div class=\"wp-block-getwid-image-box__content\">\n<h4 class=\"wp-block-heading\">Pengar tillbaka garanti<\/h4>\n\n\n\n<p class=\"has-small-font-size wp-block-paragraph\">F\u00f6rutsatt att du v\u00e4grar att ta en reserverad tur, kommer vi att ge pengar tillbaka till dig.<\/p>\n<\/div><\/div>\n<\/div><\/div><\/div><\/div><\/div>\n<\/div>\n\n\n\n<div class=\"wp-block-column is-layout-flow wp-block-column-is-layout-flow\">\n<div class=\"is-style-with-shadow wp-block-getwid-section\"><div class=\"wp-block-getwid-section__wrapper getwid-padding-top-medium getwid-padding-bottom-medium getwid-padding-left-medium getwid-padding-right-medium\"><div class=\"wp-block-getwid-section__inner-wrapper\"><div class=\"wp-block-getwid-section__background-holder\"><div class=\"wp-block-getwid-section__background has-background has-white-background-color\"><\/div><div class=\"wp-block-getwid-section__foreground\"><\/div><\/div><div class=\"wp-block-getwid-section__content\"><div class=\"wp-block-getwid-section__inner-content\">\n<div class=\"wp-block-getwid-image-box has-image-left has-text-left has-mobile-layout-default has-mobile-alignment-default\"><div class=\"wp-block-getwid-image-box__image-container is-position-middle\"><div class=\"wp-block-getwid-image-box__image-wrapper\"><img data-recalc-dims=\"1\" loading=\"lazy\" decoding=\"async\" width=\"64\" height=\"64\" src=\"https:\/\/i0.wp.com\/calpebay.net\/wp-content\/uploads\/2019\/09\/warranty-and-return.png?resize=64%2C64&#038;ssl=1\" alt=\"\" class=\"wp-block-getwid-image-box__image wp-image-715\"\/><\/div><\/div><div class=\"wp-block-getwid-image-box__content\">\n<h4 class=\"wp-block-heading\">Garanti och retur<\/h4>\n\n\n\n<p class=\"has-small-font-size wp-block-paragraph\">Ditt bagage kommer att f\u00f6rvaras s\u00e4kert av oss under strikta kontroll.<\/p>\n<\/div><\/div>\n<\/div><\/div><\/div><\/div><\/div>\n<\/div>\n<\/div>\n","protected":false},"excerpt":{"rendered":"<p>Calpe, som ligger i den spanska regionen Valencia , \u00e4r en charmig kuststad k\u00e4nd f\u00f6r sin naturliga sk\u00f6nhet och sitt l\u00e4ge bredvid den imponerande Pe\u00f1\u00f3n de Ifach . Med sitt breda turistutbud och m\u00e5nga aktiviteter att njuta av utomhus har Calpe blivit ett popul\u00e4rt resm\u00e5l f\u00f6r alla typer av bes\u00f6kare. H\u00e4r presenterar jag n\u00e5gra alternativ [&hellip;]<\/p>\n","protected":false},"author":1,"featured_media":0,"parent":0,"menu_order":0,"comment_status":"closed","ping_status":"closed","template":"template-wide-page.php","meta":{"nf_dc_page":"","_crdt_document":"","om_disable_all_campaigns":false,"inline_featured_image":false,"_monsterinsights_skip_tracking":false,"_monsterinsights_sitenote_active":false,"_monsterinsights_sitenote_note":"","_monsterinsights_sitenote_category":0,"footnotes":""},"class_list":["post-5810","page","type-page","status-publish","hentry"],"aioseo_notices":[],"jetpack_sharing_enabled":true,"_links":{"self":[{"href":"https:\/\/calpebay.net\/sv\/wp-json\/wp\/v2\/pages\/5810","targetHints":{"allow":["GET"]}}],"collection":[{"href":"https:\/\/calpebay.net\/sv\/wp-json\/wp\/v2\/pages"}],"about":[{"href":"https:\/\/calpebay.net\/sv\/wp-json\/wp\/v2\/types\/page"}],"author":[{"embeddable":true,"href":"https:\/\/calpebay.net\/sv\/wp-json\/wp\/v2\/users\/1"}],"replies":[{"embeddable":true,"href":"https:\/\/calpebay.net\/sv\/wp-json\/wp\/v2\/comments?post=5810"}],"version-history":[{"count":1,"href":"https:\/\/calpebay.net\/sv\/wp-json\/wp\/v2\/pages\/5810\/revisions"}],"predecessor-version":[{"id":5811,"href":"https:\/\/calpebay.net\/sv\/wp-json\/wp\/v2\/pages\/5810\/revisions\/5811"}],"wp:attachment":[{"href":"https:\/\/calpebay.net\/sv\/wp-json\/wp\/v2\/media?parent=5810"}],"curies":[{"name":"wp","href":"https:\/\/api.w.org\/{rel}","templated":true}]}}