{"id":6047,"date":"2024-05-11T14:02:44","date_gmt":"2024-05-11T14:02:44","guid":{"rendered":"https:\/\/calpebay.net\/sport-i-calpe\/"},"modified":"2024-05-18T14:25:38","modified_gmt":"2024-05-18T14:25:38","slug":"sport-i-calpe","status":"publish","type":"page","link":"https:\/\/calpebay.net\/sv\/sport-i-calpe\/","title":{"rendered":"Sport i Calpe"},"content":{"rendered":"\n<p class=\"wp-block-paragraph\">Calpe erbjuder ett brett utbud av sporter f\u00f6r \u00e4lskare av \u00e4ventyr och fysisk aktivitet. H\u00e4r \u00e4r n\u00e5gra alternativ:<\/p>\n\n<h2 class=\"wp-block-heading\">Cykling<\/h2>\n\n<h4 class=\"wp-block-heading\">Amat\u00f6r och professionell<\/h4>\n\n<p class=\"wp-block-paragraph\">Cykling: Utforska Calpes omgivningar p\u00e5 cykel. Det finns rutter f\u00f6r b\u00e5de nyb\u00f6rjare och mer erfarna cyklister.<\/p>\n<div class=\"wp-block-image\">\n<figure class=\"aligncenter size-large\"><img data-recalc-dims=\"1\" loading=\"lazy\" decoding=\"async\" width=\"892\" height=\"594\" src=\"https:\/\/i0.wp.com\/calpebay.net\/wp-content\/uploads\/2024\/04\/FIVE-CYCLISTS-2000.jpg?resize=892%2C594&#038;ssl=1\" alt=\"\" class=\"wp-image-2165\" srcset=\"https:\/\/i0.wp.com\/calpebay.net\/wp-content\/uploads\/2024\/04\/FIVE-CYCLISTS-2000.jpg?resize=1024%2C682&amp;ssl=1 1024w, https:\/\/i0.wp.com\/calpebay.net\/wp-content\/uploads\/2024\/04\/FIVE-CYCLISTS-2000.jpg?resize=300%2C200&amp;ssl=1 300w, https:\/\/i0.wp.com\/calpebay.net\/wp-content\/uploads\/2024\/04\/FIVE-CYCLISTS-2000.jpg?resize=768%2C512&amp;ssl=1 768w, https:\/\/i0.wp.com\/calpebay.net\/wp-content\/uploads\/2024\/04\/FIVE-CYCLISTS-2000.jpg?resize=1536%2C1024&amp;ssl=1 1536w, https:\/\/i0.wp.com\/calpebay.net\/wp-content\/uploads\/2024\/04\/FIVE-CYCLISTS-2000.jpg?resize=892%2C595&amp;ssl=1 892w, https:\/\/i0.wp.com\/calpebay.net\/wp-content\/uploads\/2024\/04\/FIVE-CYCLISTS-2000.jpg?resize=1350%2C900&amp;ssl=1 1350w, https:\/\/i0.wp.com\/calpebay.net\/wp-content\/uploads\/2024\/04\/FIVE-CYCLISTS-2000.jpg?w=2000&amp;ssl=1 2000w, https:\/\/i0.wp.com\/calpebay.net\/wp-content\/uploads\/2024\/04\/FIVE-CYCLISTS-2000.jpg?w=1784&amp;ssl=1 1784w\" sizes=\"auto, (max-width: 892px) 100vw, 892px\" \/><\/figure>\n<\/div>\n<p class=\"wp-block-paragraph\">In sed porta lectus, auctor bibendum est. Mauris tempor fermentum nisl vel imperdiet. Donec consequat sapien ac nisl pellentesque, eget condimentum felis rhoncus.<\/p>\n\n<h4 class=\"wp-block-heading\">Vattensporter.<\/h4>\n<div class=\"wp-block-image\">\n<figure class=\"alignleft size-large\"><img data-recalc-dims=\"1\" loading=\"lazy\" decoding=\"async\" width=\"892\" height=\"594\" src=\"https:\/\/i0.wp.com\/calpebay.net\/wp-content\/uploads\/2024\/05\/WINDSURF-TWO-MOUNTAINS-2000.jpg?resize=892%2C594&#038;ssl=1\" alt=\"\" class=\"wp-image-2356\" srcset=\"https:\/\/i0.wp.com\/calpebay.net\/wp-content\/uploads\/2024\/05\/WINDSURF-TWO-MOUNTAINS-2000.jpg?resize=1024%2C682&amp;ssl=1 1024w, https:\/\/i0.wp.com\/calpebay.net\/wp-content\/uploads\/2024\/05\/WINDSURF-TWO-MOUNTAINS-2000.jpg?resize=300%2C200&amp;ssl=1 300w, https:\/\/i0.wp.com\/calpebay.net\/wp-content\/uploads\/2024\/05\/WINDSURF-TWO-MOUNTAINS-2000.jpg?resize=768%2C512&amp;ssl=1 768w, https:\/\/i0.wp.com\/calpebay.net\/wp-content\/uploads\/2024\/05\/WINDSURF-TWO-MOUNTAINS-2000.jpg?resize=1536%2C1024&amp;ssl=1 1536w, https:\/\/i0.wp.com\/calpebay.net\/wp-content\/uploads\/2024\/05\/WINDSURF-TWO-MOUNTAINS-2000.jpg?resize=892%2C595&amp;ssl=1 892w, https:\/\/i0.wp.com\/calpebay.net\/wp-content\/uploads\/2024\/05\/WINDSURF-TWO-MOUNTAINS-2000.jpg?resize=1350%2C900&amp;ssl=1 1350w, https:\/\/i0.wp.com\/calpebay.net\/wp-content\/uploads\/2024\/05\/WINDSURF-TWO-MOUNTAINS-2000.jpg?w=2000&amp;ssl=1 2000w, https:\/\/i0.wp.com\/calpebay.net\/wp-content\/uploads\/2024\/05\/WINDSURF-TWO-MOUNTAINS-2000.jpg?w=1784&amp;ssl=1 1784w\" sizes=\"auto, (max-width: 892px) 100vw, 892px\" \/><\/figure>\n<\/div>\n<p class=\"wp-block-paragraph\">Vattensporter: Med sitt l\u00e4ge vid havet \u00e4r Calpe perfekt f\u00f6r vattenaktiviteter. Du kan prova p\u00e5 vindsurfing, kajakpaddling, SUP (stand up paddle surfing) eller till och med wakeboard.<\/p>\n\n<h4 class=\"wp-block-heading\">Kl\u00e4ttring<\/h4>\n<div class=\"wp-block-image\">\n<figure class=\"alignright size-large\"><img data-recalc-dims=\"1\" loading=\"lazy\" decoding=\"async\" width=\"892\" height=\"594\" src=\"https:\/\/i0.wp.com\/calpebay.net\/wp-content\/uploads\/2024\/05\/CLIMBER-YELLOW-2000.jpg?resize=892%2C594&#038;ssl=1\" alt=\"\" class=\"wp-image-2357\" srcset=\"https:\/\/i0.wp.com\/calpebay.net\/wp-content\/uploads\/2024\/05\/CLIMBER-YELLOW-2000.jpg?resize=1024%2C682&amp;ssl=1 1024w, https:\/\/i0.wp.com\/calpebay.net\/wp-content\/uploads\/2024\/05\/CLIMBER-YELLOW-2000.jpg?resize=300%2C200&amp;ssl=1 300w, https:\/\/i0.wp.com\/calpebay.net\/wp-content\/uploads\/2024\/05\/CLIMBER-YELLOW-2000.jpg?resize=768%2C512&amp;ssl=1 768w, https:\/\/i0.wp.com\/calpebay.net\/wp-content\/uploads\/2024\/05\/CLIMBER-YELLOW-2000.jpg?resize=1536%2C1024&amp;ssl=1 1536w, https:\/\/i0.wp.com\/calpebay.net\/wp-content\/uploads\/2024\/05\/CLIMBER-YELLOW-2000.jpg?resize=892%2C595&amp;ssl=1 892w, https:\/\/i0.wp.com\/calpebay.net\/wp-content\/uploads\/2024\/05\/CLIMBER-YELLOW-2000.jpg?resize=1350%2C900&amp;ssl=1 1350w, https:\/\/i0.wp.com\/calpebay.net\/wp-content\/uploads\/2024\/05\/CLIMBER-YELLOW-2000.jpg?w=2000&amp;ssl=1 2000w, https:\/\/i0.wp.com\/calpebay.net\/wp-content\/uploads\/2024\/05\/CLIMBER-YELLOW-2000.jpg?w=1784&amp;ssl=1 1784w\" sizes=\"auto, (max-width: 892px) 100vw, 892px\" \/><\/figure>\n<\/div>\n<p class=\"wp-block-paragraph\">Kl\u00e4ttring: Om du \u00e4r ute efter starka k\u00e4nslor \u00e4r kl\u00e4ttring ett alternativ. Det finns kl\u00e4ttringsleder i de n\u00e4rliggande bergen Ifach och Olt\u00e0.<\/p>\n\n<h4 class=\"wp-block-heading\">Vandring<\/h4>\n<div class=\"wp-block-image\">\n<figure class=\"alignleft size-large\"><img data-recalc-dims=\"1\" loading=\"lazy\" decoding=\"async\" width=\"892\" height=\"594\" src=\"https:\/\/i0.wp.com\/calpebay.net\/wp-content\/uploads\/2024\/05\/SENDEROS-2000.jpg?resize=892%2C594&#038;ssl=1\" alt=\"\" class=\"wp-image-2359\" srcset=\"https:\/\/i0.wp.com\/calpebay.net\/wp-content\/uploads\/2024\/05\/SENDEROS-2000.jpg?resize=1024%2C682&amp;ssl=1 1024w, https:\/\/i0.wp.com\/calpebay.net\/wp-content\/uploads\/2024\/05\/SENDEROS-2000.jpg?resize=300%2C200&amp;ssl=1 300w, https:\/\/i0.wp.com\/calpebay.net\/wp-content\/uploads\/2024\/05\/SENDEROS-2000.jpg?resize=768%2C512&amp;ssl=1 768w, https:\/\/i0.wp.com\/calpebay.net\/wp-content\/uploads\/2024\/05\/SENDEROS-2000.jpg?resize=1536%2C1024&amp;ssl=1 1536w, https:\/\/i0.wp.com\/calpebay.net\/wp-content\/uploads\/2024\/05\/SENDEROS-2000.jpg?resize=892%2C595&amp;ssl=1 892w, https:\/\/i0.wp.com\/calpebay.net\/wp-content\/uploads\/2024\/05\/SENDEROS-2000.jpg?resize=1350%2C900&amp;ssl=1 1350w, https:\/\/i0.wp.com\/calpebay.net\/wp-content\/uploads\/2024\/05\/SENDEROS-2000.jpg?w=2000&amp;ssl=1 2000w, https:\/\/i0.wp.com\/calpebay.net\/wp-content\/uploads\/2024\/05\/SENDEROS-2000.jpg?w=1784&amp;ssl=1 1784w\" sizes=\"auto, (max-width: 892px) 100vw, 892px\" \/><\/figure>\n<\/div>\n<p class=\"wp-block-paragraph\">Vandring: Utforska naturstigarna och njut av panoramautsikten. Det finns rutter f\u00f6r alla niv\u00e5er.<\/p>\n\n<p class=\"wp-block-paragraph\">Golf: \u00c4r du en golfentusiast? Calpe har golfbanor i n\u00e4rheten f\u00f6r att njuta av denna sport&#8230;<\/p>\n\n<p class=\"wp-block-paragraph\">Dykning: Uppt\u00e4ck omr\u00e5dets undervattenssk\u00f6nhet genom dykning. Det finns dykcenter som erbjuder utflykter och kurser.<\/p>\n<div class=\"wp-block-image\">\n<figure class=\"aligncenter size-large\"><img data-recalc-dims=\"1\" loading=\"lazy\" decoding=\"async\" width=\"892\" height=\"375\" src=\"https:\/\/i0.wp.com\/calpebay.net\/wp-content\/uploads\/2024\/05\/FISHERMAN-BANNER.jpg?resize=892%2C375&#038;ssl=1\" alt=\"\" class=\"wp-image-2363\" srcset=\"https:\/\/i0.wp.com\/calpebay.net\/wp-content\/uploads\/2024\/05\/FISHERMAN-BANNER.jpg?resize=1024%2C431&amp;ssl=1 1024w, https:\/\/i0.wp.com\/calpebay.net\/wp-content\/uploads\/2024\/05\/FISHERMAN-BANNER.jpg?resize=300%2C126&amp;ssl=1 300w, https:\/\/i0.wp.com\/calpebay.net\/wp-content\/uploads\/2024\/05\/FISHERMAN-BANNER.jpg?resize=768%2C323&amp;ssl=1 768w, https:\/\/i0.wp.com\/calpebay.net\/wp-content\/uploads\/2024\/05\/FISHERMAN-BANNER.jpg?resize=1536%2C647&amp;ssl=1 1536w, https:\/\/i0.wp.com\/calpebay.net\/wp-content\/uploads\/2024\/05\/FISHERMAN-BANNER.jpg?resize=892%2C376&amp;ssl=1 892w, https:\/\/i0.wp.com\/calpebay.net\/wp-content\/uploads\/2024\/05\/FISHERMAN-BANNER.jpg?resize=1350%2C568&amp;ssl=1 1350w, https:\/\/i0.wp.com\/calpebay.net\/wp-content\/uploads\/2024\/05\/FISHERMAN-BANNER.jpg?w=2000&amp;ssl=1 2000w, https:\/\/i0.wp.com\/calpebay.net\/wp-content\/uploads\/2024\/05\/FISHERMAN-BANNER.jpg?w=1784&amp;ssl=1 1784w\" sizes=\"auto, (max-width: 892px) 100vw, 892px\" \/><\/figure>\n<\/div>\n<p class=\"wp-block-paragraph\">Kort sagt, Calpe \u00e4r ett paradis f\u00f6r sport- och natur\u00e4lskare. Njut av alla de m\u00f6jligheter som erbjuds.<\/p>\n","protected":false},"excerpt":{"rendered":"<p>Calpe erbjuder ett brett utbud av sporter f\u00f6r \u00e4lskare av \u00e4ventyr och fysisk aktivitet. H\u00e4r \u00e4r n\u00e5gra alternativ: Cykling Amat\u00f6r och professionell Cykling: Utforska Calpes omgivningar p\u00e5 cykel. Det finns rutter f\u00f6r b\u00e5de nyb\u00f6rjare och mer erfarna cyklister. In sed porta lectus, auctor bibendum est. Mauris tempor fermentum nisl vel imperdiet. Donec consequat sapien ac [&hellip;]<\/p>\n","protected":false},"author":1,"featured_media":0,"parent":0,"menu_order":0,"comment_status":"closed","ping_status":"closed","template":"","meta":{"nf_dc_page":"","_crdt_document":"","om_disable_all_campaigns":false,"inline_featured_image":false,"_monsterinsights_skip_tracking":false,"_monsterinsights_sitenote_active":false,"_monsterinsights_sitenote_note":"","_monsterinsights_sitenote_category":0,"footnotes":""},"class_list":["post-6047","page","type-page","status-publish","hentry"],"aioseo_notices":[],"jetpack_sharing_enabled":true,"_links":{"self":[{"href":"https:\/\/calpebay.net\/sv\/wp-json\/wp\/v2\/pages\/6047","targetHints":{"allow":["GET"]}}],"collection":[{"href":"https:\/\/calpebay.net\/sv\/wp-json\/wp\/v2\/pages"}],"about":[{"href":"https:\/\/calpebay.net\/sv\/wp-json\/wp\/v2\/types\/page"}],"author":[{"embeddable":true,"href":"https:\/\/calpebay.net\/sv\/wp-json\/wp\/v2\/users\/1"}],"replies":[{"embeddable":true,"href":"https:\/\/calpebay.net\/sv\/wp-json\/wp\/v2\/comments?post=6047"}],"version-history":[{"count":1,"href":"https:\/\/calpebay.net\/sv\/wp-json\/wp\/v2\/pages\/6047\/revisions"}],"predecessor-version":[{"id":6048,"href":"https:\/\/calpebay.net\/sv\/wp-json\/wp\/v2\/pages\/6047\/revisions\/6048"}],"wp:attachment":[{"href":"https:\/\/calpebay.net\/sv\/wp-json\/wp\/v2\/media?parent=6047"}],"curies":[{"name":"wp","href":"https:\/\/api.w.org\/{rel}","templated":true}]}}