{"id":6177,"date":"2024-05-11T11:09:13","date_gmt":"2024-05-11T11:09:13","guid":{"rendered":"https:\/\/calpebay.net\/rock-of-ifach-och-klattring\/"},"modified":"2024-05-21T10:00:30","modified_gmt":"2024-05-21T10:00:30","slug":"rock-of-ifach-och-klattring","status":"publish","type":"page","link":"https:\/\/calpebay.net\/sv\/rock-of-ifach-och-klattring\/","title":{"rendered":"Rock of Ifach och kl\u00e4ttring"},"content":{"rendered":"\n<p class=\"wp-block-paragraph\"><span class=\"HwtZe\" lang=\"sv\"><span class=\"jCAhz ChMk0b\"><span class=\"ryNqvb\"><strong>Pe\u00f1\u00f3n de Ifach<\/strong> \u00e4r en imponerande klippformation bel\u00e4gen p\u00e5 Costa Blanca i Calpe.<\/span><\/span> <span class=\"jCAhz ChMk0b\"><span class=\"ryNqvb\">Den reser sig ur havet som en kalksten <strong>332 meter h\u00f6g<\/strong> och cirka <strong>en kilometer l\u00e5ng<\/strong>, ansluten till en smal n\u00e4s n\u00e4ra Calpes hamn, som utg\u00f6r en av de mest unika och vackraste geografiska s\u00e4rdragen p\u00e5 hela Medelhavskusten.<\/span><\/span><\/span><\/p>\n\n<h2 class=\"wp-block-heading\">Historia<\/h2>\n\n<p class=\"wp-block-paragraph\"><span class=\"HwtZe\" lang=\"sv\"><span class=\"jCAhz ChMk0b\"><span class=\"ryNqvb\">Historien om Pe\u00f1\u00f3n de Ifach g\u00e5r tillbaka omkring <strong>2 500 \u00e5r.<\/strong><\/span><\/span> <span class=\"jCAhz ChMk0b\"><span class=\"ryNqvb\">\u00c4ven om det inte finns n\u00e5got exakt datum, f\u00f6resl\u00e5r historiker ett f\u00f6rromerskt ursprung och h\u00e4vdar att det var fenicierna som gav den namnet <strong>Calpe<\/strong>.<\/span><\/span> <span class=\"jCAhz ChMk0b\"><span class=\"ryNqvb\">Dess strategiska l\u00e4ge och imponerande n\u00e4rvaro har gjort det till en symbol f\u00f6r regionen.<\/span><\/span><\/span><\/p>\n<div class=\"wp-block-image\">\n<figure class=\"aligncenter size-full\"><img data-recalc-dims=\"1\" loading=\"lazy\" decoding=\"async\" width=\"892\" height=\"595\" src=\"https:\/\/i0.wp.com\/calpebay.net\/wp-content\/uploads\/2024\/05\/PENON-DE-IFACH-2000.jpg?resize=892%2C595&#038;ssl=1\" alt=\"\" class=\"wp-image-2324\" srcset=\"https:\/\/i0.wp.com\/calpebay.net\/wp-content\/uploads\/2024\/05\/PENON-DE-IFACH-2000.jpg?w=2000&amp;ssl=1 2000w, https:\/\/i0.wp.com\/calpebay.net\/wp-content\/uploads\/2024\/05\/PENON-DE-IFACH-2000.jpg?resize=300%2C200&amp;ssl=1 300w, https:\/\/i0.wp.com\/calpebay.net\/wp-content\/uploads\/2024\/05\/PENON-DE-IFACH-2000.jpg?resize=1024%2C682&amp;ssl=1 1024w, https:\/\/i0.wp.com\/calpebay.net\/wp-content\/uploads\/2024\/05\/PENON-DE-IFACH-2000.jpg?resize=768%2C512&amp;ssl=1 768w, https:\/\/i0.wp.com\/calpebay.net\/wp-content\/uploads\/2024\/05\/PENON-DE-IFACH-2000.jpg?resize=1536%2C1024&amp;ssl=1 1536w, https:\/\/i0.wp.com\/calpebay.net\/wp-content\/uploads\/2024\/05\/PENON-DE-IFACH-2000.jpg?resize=892%2C595&amp;ssl=1 892w, https:\/\/i0.wp.com\/calpebay.net\/wp-content\/uploads\/2024\/05\/PENON-DE-IFACH-2000.jpg?resize=1350%2C900&amp;ssl=1 1350w, https:\/\/i0.wp.com\/calpebay.net\/wp-content\/uploads\/2024\/05\/PENON-DE-IFACH-2000.jpg?w=1784&amp;ssl=1 1784w\" sizes=\"auto, (max-width: 892px) 100vw, 892px\" \/><\/figure>\n<\/div>\n<h4 class=\"wp-block-heading\"><strong><span class=\"HwtZe\" lang=\"sv\"><span class=\"jCAhz ChMk0b\"><span class=\"ryNqvb\">Kl\u00e4ttra f\u00f6r alla till Pe\u00f1\u00f3n de Ifach:<\/span><\/span><\/span><\/strong><\/h4>\n\n<p class=\"wp-block-paragraph\"><span class=\"HwtZe\" lang=\"sv\"><span class=\"jCAhz ChMk0b\"><span class=\"ryNqvb\"><strong>Kl\u00e4ttringen till Pe\u00f1\u00f3n de Ifach<\/strong> \u00e4r en sp\u00e4nnande och tillg\u00e4nglig upplevelse f\u00f6r de flesta.<\/span><\/span> <span class=\"jCAhz ChMk0b\"><span class=\"ryNqvb\">H\u00e4r \u00e4r n\u00e5gra detaljer om hur du kan njuta av detta \u00e4ventyr:<\/span><\/span><\/span><\/p>\n\n<ol class=\"wp-block-list\">\n<li class=\"\"><strong><span class=\"HwtZe\" lang=\"sv\"><span class=\"jCAhz ChMk0b\"><span class=\"ryNqvb\">Vandring:<\/span><\/span><\/span><\/strong>\n<ul class=\"wp-block-list\">\n<li class=\"\"><span class=\"HwtZe\" lang=\"sv\"><span class=\"jCAhz ChMk0b\"><span class=\"ryNqvb\">Huvudleden b\u00f6rjar vid parkeringen n\u00e4ra berget.<\/span><\/span> <span class=\"jCAhz ChMk0b\"><span class=\"ryNqvb\">Det \u00e4r en v\u00e4l markerad rutt som tar dig genom en tallskog och sedan kl\u00e4ttrar p\u00e5 sidan av klippan.<\/span><\/span><\/span><\/li>\n\n\n\n<li class=\"\"><span class=\"HwtZe\" lang=\"sv\"><span class=\"jCAhz ChMk0b\"><span class=\"ryNqvb\"><strong>Ledens totala<\/strong> str\u00e4cka \u00e4r cirka <strong>1,8 kilometer (tur och retur)<\/strong>.<\/span><\/span><\/span><\/li>\n\n\n\n<li class=\"\"><span class=\"HwtZe\" lang=\"sv\"><span class=\"jCAhz ChMk0b\"><span class=\"ryNqvb\"><strong>Ber\u00e4knad tid:<\/strong> Du kan slutf\u00f6ra kl\u00e4ttringen p\u00e5 <strong>1-2 timmar<\/strong>, beroende p\u00e5 ditt tempo och stopp f\u00f6r att njuta av utsikten.<\/span><\/span><\/span><\/li>\n\n\n\n<li class=\"\"><span class=\"HwtZe\" lang=\"sv\"><span class=\"jCAhz ChMk0b\"><span class=\"ryNqvb\"><strong>Sv\u00e5righetsgrad:<\/strong> \u00c4ven om det inte \u00e4r extremt sv\u00e5rt, finns det n\u00e5gra branta partier och trappsteg inhuggna i berget.<\/span><\/span> <span class=\"jCAhz ChMk0b\"><span class=\"ryNqvb\">God fysisk kondition kr\u00e4vs.<\/span><\/span><\/span><\/li>\n<\/ul>\n<\/li>\n\n\n\n<li class=\"\"><strong><span class=\"HwtZe\" lang=\"sv\"><span class=\"jCAhz ChMk0b\"><span class=\"ryNqvb\">Panoramautsikt:<\/span><\/span><\/span><\/strong>\n<ul class=\"wp-block-list\">\n<li class=\"\"><span class=\"HwtZe\" lang=\"sv\"><span class=\"jCAhz ChMk0b\"><span class=\"ryNqvb\">N\u00e4r du kl\u00e4ttrar kommer du att kunna njuta av en otrolig utsikt \u00f6ver Medelhavet, Costa Blanca och staden Calpe.<\/span><\/span><\/span><\/li>\n\n\n\n<li class=\"\"><span class=\"HwtZe\" lang=\"sv\"><span class=\"jCAhz ChMk0b\"><span class=\"ryNqvb\">Gl\u00f6m inte att ta med din kamera f\u00f6r att f\u00e5nga dessa imponerande \u00f6gonblick.<\/span><\/span><\/span><\/li>\n<\/ul>\n<\/li>\n\n\n\n<li class=\"\"><strong><span class=\"HwtZe\" lang=\"sv\"><span class=\"jCAhz ChMk0b\"><span class=\"ryNqvb\">F\u00f6rberedelse:<\/span><\/span><\/span><\/strong>\n<ul class=\"wp-block-list\">\n<li class=\"\"><span class=\"HwtZe\" lang=\"sv\"><span class=\"jCAhz ChMk0b\"><span class=\"ryNqvb\">B\u00e4r l\u00e4mpliga promenadskor, som sneakers eller vandringsk\u00e4ngor.<\/span><\/span><\/span><\/li>\n\n\n\n<li class=\"\"><span class=\"HwtZe\" lang=\"sv\"><span class=\"jCAhz ChMk0b\"><span class=\"ryNqvb\"><strong>Skydda dig mot solen:<\/strong> B\u00e4r solkr\u00e4m, solglas\u00f6gon och hatt.<\/span><\/span><\/span><\/li>\n\n\n\n<li class=\"\"><span class=\"HwtZe\" lang=\"sv\"><span class=\"jCAhz ChMk0b\"><span class=\"ryNqvb\"><strong>Vatten:<\/strong> B\u00e4r tillr\u00e4ckligt med vatten f\u00f6r att h\u00e5lla dig hydrerad under vandringen.<\/span><\/span><\/span><\/li>\n\n\n\n<li class=\"\"><span class=\"HwtZe\" lang=\"sv\"><span class=\"jCAhz ChMk0b\"><span class=\"ryNqvb\"><strong>Tajming:<\/strong> F\u00f6rs\u00f6k att b\u00f6rja tidigt p\u00e5 morgonen eller sen eftermiddag f\u00f6r att undvika middagsv\u00e4rmen.<\/span><\/span><\/span><\/li>\n<\/ul>\n<\/li>\n\n\n\n<li class=\"\"><strong><span class=\"HwtZe\" lang=\"sv\"><span class=\"jCAhz ChMk0b\"><span class=\"ryNqvb\">Top of the Rock:<\/span><\/span><\/span><\/strong>\n<ul class=\"wp-block-list\">\n<li class=\"\"><span class=\"HwtZe\" lang=\"sv\"><span class=\"jCAhz ChMk0b\"><span class=\"ryNqvb\">N\u00e4r du n\u00e5r toppen kommer du att bel\u00f6nas med en spektakul\u00e4r utsikt.<\/span><\/span> <span class=\"jCAhz ChMk0b\"><span class=\"ryNqvb\">Du kan se bukten i Calpe, fiskehamnen och str\u00e4nderna.<\/span><\/span><\/span><\/li>\n\n\n\n<li class=\"\"><span class=\"HwtZe\" lang=\"sv\"><span class=\"jCAhz ChMk0b\"><span class=\"ryNqvb\">Var f\u00f6rsiktig n\u00e4r du n\u00e4rmar dig kanten;<\/span><\/span> <span class=\"jCAhz ChMk0b\"><span class=\"ryNqvb\">droppen \u00e4r uttalad.<\/span><\/span><\/span><\/li>\n<\/ul>\n<\/li>\n<\/ol>\n\n<p class=\"wp-block-paragraph\">Kom ih\u00e5g att respektera den naturliga milj\u00f6n och f\u00f6lj instruktionerna. Njut av denna unika upplevelse i Pe\u00f1\u00f3n de Ifach!<\/p>\n<div class=\"wp-block-image\">\n<figure class=\"alignleft size-large is-resized\"><img data-recalc-dims=\"1\" loading=\"lazy\" decoding=\"async\" width=\"892\" height=\"595\" src=\"https:\/\/i0.wp.com\/calpebay.net\/wp-content\/uploads\/2024\/04\/CALPE-ALICANTE-SPAIN-IFACH-2.jpg?resize=892%2C595&#038;ssl=1\" alt=\"\" class=\"wp-image-1898\" style=\"width:899px;height:auto\" srcset=\"https:\/\/i0.wp.com\/calpebay.net\/wp-content\/uploads\/2024\/04\/CALPE-ALICANTE-SPAIN-IFACH-2.jpg?resize=1024%2C683&amp;ssl=1 1024w, https:\/\/i0.wp.com\/calpebay.net\/wp-content\/uploads\/2024\/04\/CALPE-ALICANTE-SPAIN-IFACH-2.jpg?resize=300%2C200&amp;ssl=1 300w, https:\/\/i0.wp.com\/calpebay.net\/wp-content\/uploads\/2024\/04\/CALPE-ALICANTE-SPAIN-IFACH-2.jpg?resize=768%2C512&amp;ssl=1 768w, https:\/\/i0.wp.com\/calpebay.net\/wp-content\/uploads\/2024\/04\/CALPE-ALICANTE-SPAIN-IFACH-2.jpg?resize=1536%2C1024&amp;ssl=1 1536w, https:\/\/i0.wp.com\/calpebay.net\/wp-content\/uploads\/2024\/04\/CALPE-ALICANTE-SPAIN-IFACH-2.jpg?resize=892%2C595&amp;ssl=1 892w, https:\/\/i0.wp.com\/calpebay.net\/wp-content\/uploads\/2024\/04\/CALPE-ALICANTE-SPAIN-IFACH-2.jpg?resize=1350%2C900&amp;ssl=1 1350w, https:\/\/i0.wp.com\/calpebay.net\/wp-content\/uploads\/2024\/04\/CALPE-ALICANTE-SPAIN-IFACH-2.jpg?w=1900&amp;ssl=1 1900w, https:\/\/i0.wp.com\/calpebay.net\/wp-content\/uploads\/2024\/04\/CALPE-ALICANTE-SPAIN-IFACH-2.jpg?w=1784&amp;ssl=1 1784w\" sizes=\"auto, (max-width: 892px) 100vw, 892px\" \/><\/figure>\n<\/div>\n<p class=\"wp-block-paragraph\"><strong><span class=\"HwtZe\" lang=\"sv\"><span class=\"jCAhz ChMk0b\"><span class=\"ryNqvb\">Top of the Rock:<\/span><\/span><\/span><\/strong><\/p>\n\n<ul class=\"wp-block-list\">\n<li class=\"\"><span class=\"HwtZe\" lang=\"sv\"><span class=\"jCAhz ChMk0b\"><span class=\"ryNqvb\">N\u00e4r du n\u00e5r toppen kommer du att bel\u00f6nas med en spektakul\u00e4r utsikt.<\/span><\/span> <span class=\"jCAhz ChMk0b\"><span class=\"ryNqvb\">Du kan se bukten i Calpe, fiskehamnen och str\u00e4nderna.<\/span><\/span><\/span><\/li>\n\n\n\n<li class=\"\"><span class=\"HwtZe\" lang=\"sv\"><span class=\"jCAhz ChMk0b\"><span class=\"ryNqvb\">Var f\u00f6rsiktig n\u00e4r du n\u00e4rmar dig kanten;<\/span><\/span> <span class=\"jCAhz ChMk0b\"><span class=\"ryNqvb\">droppen \u00e4r uttalad.<\/span><\/span><\/span><\/li>\n<\/ul>\n\n<h2 class=\"wp-block-heading\">Kl\u00e4ttring av Pe\u00f1\u00f3n de Ifach<\/h2>\n\n<h4 class=\"wp-block-heading\">Dedikerad till h\u00f6g konkurrens:<\/h4>\n\n<h4 class=\"wp-block-heading\">Kl\u00e4ttringsleder<\/h4>\n\n<p class=\"wp-block-paragraph\">H\u00e4r \u00e4r n\u00e5gra av de mest anm\u00e4rkningsv\u00e4rda rutterna i Pe\u00f1\u00f3n de Ifach:<\/p>\n\n<p class=\"wp-block-paragraph\"><strong><span class=\"HwtZe\" lang=\"sv\"><span class=\"jCAhz ChMk0b\"><span class=\"ryNqvb\">Enklaste kl\u00e4tterv\u00e4garna:<\/span><\/span><\/span><\/strong><\/p>\n\n<ul class=\"wp-block-list\">\n<li class=\"\"><strong>Pany<\/strong>: 200 m, 5.<\/li>\n\n\n\n<li class=\"\"><strong>Valencianos<\/strong>: 260 m, 5+.<\/li>\n\n\n\n<li class=\"\"><strong>Diedro UBSA<\/strong>: 220 m, 5+.<\/li>\n<\/ul>\n\n<p class=\"wp-block-paragraph\"><strong><span class=\"HwtZe\" lang=\"sv\"><span class=\"jCAhz ChMk0b\"><span class=\"ryNqvb\">Popul\u00e4ra kl\u00e4tterv\u00e4gar:<\/span><\/span><\/span><\/strong><\/p>\n\n<ul class=\"wp-block-list\">\n<li class=\"\"><strong>Costa Blanca<\/strong>: 210 m, 6c+ <span class=\"HwtZe\" lang=\"sv\"><span class=\"jCAhz ChMk0b\"><span class=\"ryNqvb\">(utrustad).<\/span><\/span><\/span><\/li>\n\n\n\n<li class=\"\"><strong>El navegante<\/strong>: 200 m, 7a <span class=\"HwtZe\" lang=\"sv\"><span class=\"jCAhz ChMk0b\"><span class=\"ryNqvb\">(utrustad).<\/span><\/span><\/span><\/li>\n\n\n\n<li class=\"\"><strong>G\u00f3mez \u2013 Cano<\/strong>: 280 m, 6b A0 <span class=\"HwtZe\" lang=\"sv\"><span class=\"jCAhz ChMk0b\"><span class=\"ryNqvb\">(traditionell).<\/span><\/span><\/span><\/li>\n\n\n\n<li class=\"\"><strong>Anglada Gallego<\/strong>: 300 m, 6c <span class=\"HwtZe\" lang=\"sv\"><span class=\"jCAhz ChMk0b\"><span class=\"ryNqvb\">(traditionell).<\/span><\/span><\/span><\/li>\n\n\n\n<li class=\"\"><strong>Revelaci\u00f3n<\/strong>: 350 m, 6b+ A1 <span class=\"HwtZe\" lang=\"sv\"><span class=\"jCAhz ChMk0b\"><span class=\"ryNqvb\">(traditionell).<\/span><\/span><\/span><\/li>\n\n\n\n<li class=\"\"><strong>Herbes m\u00e0giques<\/strong>: 350 m, 6b A2 <span class=\"HwtZe\" lang=\"sv\"><span class=\"jCAhz ChMk0b\"><span class=\"ryNqvb\">(traditionell).<\/span><\/span><\/span><\/li>\n<\/ul>\n\n<p class=\"wp-block-paragraph\"><span class=\"HwtZe\" lang=\"sv\"><span class=\"jCAhz ChMk0b\"><span class=\"ryNqvb\">Om du letar efter en guidad upplevelse kan du ocks\u00e5 v\u00e4lja den guidade kl\u00e4ttringen till Pe\u00f1\u00f3n de Ifach.<\/span><\/span><\/span><\/p>\n<div class=\"wp-block-image\">\n<figure class=\"alignright size-large\"><img data-recalc-dims=\"1\" loading=\"lazy\" decoding=\"async\" width=\"892\" height=\"594\" src=\"https:\/\/i0.wp.com\/calpebay.net\/wp-content\/uploads\/2024\/05\/ESCALADORA-ESTHER-1024x682.jpg?resize=892%2C594&#038;ssl=1\" alt=\"\" class=\"wp-image-2326\" srcset=\"https:\/\/i0.wp.com\/calpebay.net\/wp-content\/uploads\/2024\/05\/ESCALADORA-ESTHER.jpg?resize=1024%2C682&amp;ssl=1 1024w, https:\/\/i0.wp.com\/calpebay.net\/wp-content\/uploads\/2024\/05\/ESCALADORA-ESTHER.jpg?resize=300%2C200&amp;ssl=1 300w, https:\/\/i0.wp.com\/calpebay.net\/wp-content\/uploads\/2024\/05\/ESCALADORA-ESTHER.jpg?resize=768%2C512&amp;ssl=1 768w, https:\/\/i0.wp.com\/calpebay.net\/wp-content\/uploads\/2024\/05\/ESCALADORA-ESTHER.jpg?resize=892%2C594&amp;ssl=1 892w, https:\/\/i0.wp.com\/calpebay.net\/wp-content\/uploads\/2024\/05\/ESCALADORA-ESTHER.jpg?w=1190&amp;ssl=1 1190w\" sizes=\"auto, (max-width: 892px) 100vw, 892px\" \/><\/figure>\n<\/div>\n<p class=\"wp-block-paragraph\"><span class=\"HwtZe\" lang=\"sv\"><span class=\"jCAhz ChMk0b\"><span class=\"ryNqvb\">P\u00e5 b\u00e5de dess norra och s\u00f6dra sidor hittar du en m\u00e4ngd rutter som g\u00f6r att du kan navigera i dess klippa i en fantasisatmosf\u00e4r.<\/span><\/span> <span class=\"jCAhz ChMk0b\"><span class=\"ryNqvb\">P\u00e5 norrsidan sticker en vit kalksten ut som tar andan ur dig.<\/span><\/span> <span class=\"jCAhz ChMk0b\"><span class=\"ryNqvb\">P\u00e5 den s\u00f6dra sidan (den mest popul\u00e4ra) tar den orange kalkstenen i centrum, liksom de kollapsade och sj\u00e4lvskyddande v\u00e4garna.<\/span><\/span> <span class=\"jCAhz ChMk0b\"><span class=\"ryNqvb\">N\u00e4r du kl\u00e4ttrar verkar det som om du \u00e4r ovanf\u00f6r havet, vilket ger en speciell touch till upplevelsen.<\/span><\/span><\/span><\/p>\n\n<p class=\"wp-block-paragraph\"><\/p>\n\n<p class=\"wp-block-paragraph\">Denna plats \u00e4r en riktig \u00e4ventyrsterr\u00e4ng och erbjuder spektakul\u00e4ra vyer. Jag hoppas att du gillar att utforska denna imponerande sten!<\/p>\n","protected":false},"excerpt":{"rendered":"<p>Pe\u00f1\u00f3n de Ifach \u00e4r en imponerande klippformation bel\u00e4gen p\u00e5 Costa Blanca i Calpe. Den reser sig ur havet som en kalksten 332 meter h\u00f6g och cirka en kilometer l\u00e5ng, ansluten till en smal n\u00e4s n\u00e4ra Calpes hamn, som utg\u00f6r en av de mest unika och vackraste geografiska s\u00e4rdragen p\u00e5 hela Medelhavskusten. Historia Historien om Pe\u00f1\u00f3n [&hellip;]<\/p>\n","protected":false},"author":1,"featured_media":0,"parent":0,"menu_order":0,"comment_status":"closed","ping_status":"closed","template":"","meta":{"nf_dc_page":"","_crdt_document":"","om_disable_all_campaigns":false,"inline_featured_image":false,"_monsterinsights_skip_tracking":false,"_monsterinsights_sitenote_active":false,"_monsterinsights_sitenote_note":"","_monsterinsights_sitenote_category":0,"footnotes":""},"class_list":["post-6177","page","type-page","status-publish","hentry"],"aioseo_notices":[],"jetpack_sharing_enabled":true,"_links":{"self":[{"href":"https:\/\/calpebay.net\/sv\/wp-json\/wp\/v2\/pages\/6177","targetHints":{"allow":["GET"]}}],"collection":[{"href":"https:\/\/calpebay.net\/sv\/wp-json\/wp\/v2\/pages"}],"about":[{"href":"https:\/\/calpebay.net\/sv\/wp-json\/wp\/v2\/types\/page"}],"author":[{"embeddable":true,"href":"https:\/\/calpebay.net\/sv\/wp-json\/wp\/v2\/users\/1"}],"replies":[{"embeddable":true,"href":"https:\/\/calpebay.net\/sv\/wp-json\/wp\/v2\/comments?post=6177"}],"version-history":[{"count":1,"href":"https:\/\/calpebay.net\/sv\/wp-json\/wp\/v2\/pages\/6177\/revisions"}],"predecessor-version":[{"id":6178,"href":"https:\/\/calpebay.net\/sv\/wp-json\/wp\/v2\/pages\/6177\/revisions\/6178"}],"wp:attachment":[{"href":"https:\/\/calpebay.net\/sv\/wp-json\/wp\/v2\/media?parent=6177"}],"curies":[{"name":"wp","href":"https:\/\/api.w.org\/{rel}","templated":true}]}}