{"id":6221,"date":"2024-05-11T09:28:13","date_gmt":"2024-05-11T09:28:13","guid":{"rendered":"https:\/\/calpebay.net\/calpe-strander\/"},"modified":"2024-05-26T13:56:48","modified_gmt":"2024-05-26T13:56:48","slug":"calpe-strander","status":"publish","type":"page","link":"https:\/\/calpebay.net\/sv\/calpe-strander\/","title":{"rendered":"Calpe str\u00e4nder"},"content":{"rendered":"\n<p class=\"wp-block-paragraph\"><span class=\"HwtZe\" lang=\"sv\"><span class=\"jCAhz ChMk0b\"><span class=\"ryNqvb\">Calpe, p\u00e5 Spaniens vackra Costa Blanca, \u00e4r k\u00e4nt f\u00f6r sina str\u00e4nder och vikar.<\/span><\/span> <span class=\"jCAhz ChMk0b\"><span class=\"ryNqvb\">H\u00e4r \u00e4r n\u00e5gra av de mest anm\u00e4rkningsv\u00e4rda:<\/span><\/span><\/span><\/p>\n\n<h2 class=\"wp-block-heading\">Arenal Bol<\/h2>\n\n<h4 class=\"wp-block-heading\">N\u00e4ra till centrum<\/h4>\n\n<p class=\"wp-block-paragraph\"><span class=\"HwtZe\" lang=\"sv\"><span class=\"jCAhz ChMk0b\"><span class=\"ryNqvb\"><strong>Playa del Arenal-Bol:<\/strong> Denna strand ligger i hj\u00e4rtat av Calpe, intill strandpromenaden.<\/span><\/span> <span class=\"jCAhz ChMk0b\"><span class=\"ryNqvb\">Med en <strong>bl\u00e5 flagga och 1200 meter l\u00e5ng<\/strong> \u00e4r den en av de l\u00e4ngsta.<\/span><\/span> <span class=\"jCAhz ChMk0b\"><span class=\"ryNqvb\">Dess fina, gyllene sand g\u00f6r den mycket popul\u00e4r bland turister.<\/span><\/span> <span class=\"jCAhz ChMk0b\"><span class=\"ryNqvb\">Dessutom har den alla n\u00f6dv\u00e4ndiga tj\u00e4nster.<\/span><\/span><\/span><\/p>\n<div class=\"wp-block-image\">\n<figure class=\"aligncenter size-full\"><img data-recalc-dims=\"1\" loading=\"lazy\" decoding=\"async\" width=\"892\" height=\"595\" src=\"https:\/\/i0.wp.com\/calpebay.net\/wp-content\/uploads\/2024\/04\/PLAYA-CALPE-PENON-1.jpg?resize=892%2C595&#038;ssl=1\" alt=\"\" class=\"wp-image-1317\" srcset=\"https:\/\/i0.wp.com\/calpebay.net\/wp-content\/uploads\/2024\/04\/PLAYA-CALPE-PENON-1.jpg?w=975&amp;ssl=1 975w, https:\/\/i0.wp.com\/calpebay.net\/wp-content\/uploads\/2024\/04\/PLAYA-CALPE-PENON-1.jpg?resize=300%2C200&amp;ssl=1 300w, https:\/\/i0.wp.com\/calpebay.net\/wp-content\/uploads\/2024\/04\/PLAYA-CALPE-PENON-1.jpg?resize=768%2C512&amp;ssl=1 768w, https:\/\/i0.wp.com\/calpebay.net\/wp-content\/uploads\/2024\/04\/PLAYA-CALPE-PENON-1.jpg?resize=892%2C595&amp;ssl=1 892w\" sizes=\"auto, (max-width: 892px) 100vw, 892px\" \/><\/figure>\n<\/div>\n<p class=\"wp-block-paragraph\">Det \u00e4r den mest trafikerade stranden i Calpe, men du kan njuta av den och f\u00e5 en bra plats \u00e5ret runt, \u00e4ven under de mest trafikerade turistm\u00e5naderna p\u00e5 \u00e5ret, i juli och augusti.<\/p>\n\n<h4 class=\"wp-block-heading\">De tv\u00e5 str\u00e4nderna sett fr\u00e5n toppen av Pe\u00f1\u00f3n de Ifach:<\/h4>\n<div class=\"wp-block-image\">\n<figure class=\"alignleft size-large is-resized\"><img data-recalc-dims=\"1\" loading=\"lazy\" decoding=\"async\" width=\"892\" height=\"594\" src=\"https:\/\/i0.wp.com\/calpebay.net\/wp-content\/uploads\/2024\/04\/TOP-OF-IFACH-2000-1.jpg?resize=892%2C594&#038;ssl=1\" alt=\"\" class=\"wp-image-2186\" style=\"width:899px;height:auto\" srcset=\"https:\/\/i0.wp.com\/calpebay.net\/wp-content\/uploads\/2024\/04\/TOP-OF-IFACH-2000-1.jpg?resize=1024%2C682&amp;ssl=1 1024w, https:\/\/i0.wp.com\/calpebay.net\/wp-content\/uploads\/2024\/04\/TOP-OF-IFACH-2000-1.jpg?resize=300%2C200&amp;ssl=1 300w, https:\/\/i0.wp.com\/calpebay.net\/wp-content\/uploads\/2024\/04\/TOP-OF-IFACH-2000-1.jpg?resize=768%2C512&amp;ssl=1 768w, https:\/\/i0.wp.com\/calpebay.net\/wp-content\/uploads\/2024\/04\/TOP-OF-IFACH-2000-1.jpg?resize=1536%2C1024&amp;ssl=1 1536w, https:\/\/i0.wp.com\/calpebay.net\/wp-content\/uploads\/2024\/04\/TOP-OF-IFACH-2000-1.jpg?resize=892%2C595&amp;ssl=1 892w, https:\/\/i0.wp.com\/calpebay.net\/wp-content\/uploads\/2024\/04\/TOP-OF-IFACH-2000-1.jpg?resize=1350%2C900&amp;ssl=1 1350w, https:\/\/i0.wp.com\/calpebay.net\/wp-content\/uploads\/2024\/04\/TOP-OF-IFACH-2000-1.jpg?w=2000&amp;ssl=1 2000w, https:\/\/i0.wp.com\/calpebay.net\/wp-content\/uploads\/2024\/04\/TOP-OF-IFACH-2000-1.jpg?w=1784&amp;ssl=1 1784w\" sizes=\"auto, (max-width: 892px) 100vw, 892px\" \/><\/figure>\n<\/div>\n<p class=\"has-text-align-left wp-block-paragraph\">Till v\u00e4nster i detta fotografi \u00e4r Arenal Bol Beach och till h\u00f6ger \u00e4r Playa de la Fossa. Detta fotografi togs fr\u00e5n toppen av Pe\u00f1\u00f3n de Ifach.   I mitten, och bakom de h\u00f6ga byggnaderna, kan du se lagunen Las Salinas de Calpe, som ligger i samma stadsk\u00e4rna i staden och d\u00e4r 173 f\u00e5gelarter har registrerats, vilket framh\u00e4ver populationer av flamingos och den vanliga styltan.   Denna utsikt fr\u00e5n bergets h\u00f6gsta punkt \u00e4r spektakul\u00e4r!<\/p>\n\n<h2 class=\"wp-block-heading\">Fossa strand<\/h2>\n\n<h4 class=\"wp-block-heading\">P\u00e5 andra sidan Ifach-klippan<\/h4>\n\n<p class=\"wp-block-paragraph\"><span class=\"HwtZe\" lang=\"sv\"><span class=\"jCAhz ChMk0b\"><span class=\"ryNqvb\">Fin sand, genomskinligt vatten och spektakul\u00e4r utsikt \u00f6ver <strong>Pe\u00f1\u00f3n de Ifach<\/strong>.<\/span><\/span> <span class=\"jCAhz ChMk0b\"><span class=\"ryNqvb\">Strandpromenaden p\u00e5 denna strand \u00e4r bred och tyst.<\/span><\/span> <span class=\"jCAhz ChMk0b\"><span class=\"ryNqvb\">F\u00f6r att komma till La Fossa fr\u00e5n Arenal-Bol-stranden m\u00e5ste du g\u00e5 genom n\u00e5gra gator n\u00e4ra marinan.<\/span><\/span><\/span><\/p>\n<div class=\"wp-block-image\">\n<figure class=\"alignright size-large\"><img data-recalc-dims=\"1\" loading=\"lazy\" decoding=\"async\" width=\"892\" height=\"594\" src=\"https:\/\/i0.wp.com\/calpebay.net\/wp-content\/uploads\/2024\/05\/PENON-IFACH-FOSSA-2000.jpg?resize=892%2C594&#038;ssl=1\" alt=\"\" class=\"wp-image-2289\" srcset=\"https:\/\/i0.wp.com\/calpebay.net\/wp-content\/uploads\/2024\/05\/PENON-IFACH-FOSSA-2000.jpg?resize=1024%2C682&amp;ssl=1 1024w, https:\/\/i0.wp.com\/calpebay.net\/wp-content\/uploads\/2024\/05\/PENON-IFACH-FOSSA-2000.jpg?resize=300%2C200&amp;ssl=1 300w, https:\/\/i0.wp.com\/calpebay.net\/wp-content\/uploads\/2024\/05\/PENON-IFACH-FOSSA-2000.jpg?resize=768%2C512&amp;ssl=1 768w, https:\/\/i0.wp.com\/calpebay.net\/wp-content\/uploads\/2024\/05\/PENON-IFACH-FOSSA-2000.jpg?resize=1536%2C1024&amp;ssl=1 1536w, https:\/\/i0.wp.com\/calpebay.net\/wp-content\/uploads\/2024\/05\/PENON-IFACH-FOSSA-2000.jpg?resize=892%2C595&amp;ssl=1 892w, https:\/\/i0.wp.com\/calpebay.net\/wp-content\/uploads\/2024\/05\/PENON-IFACH-FOSSA-2000.jpg?resize=1350%2C900&amp;ssl=1 1350w, https:\/\/i0.wp.com\/calpebay.net\/wp-content\/uploads\/2024\/05\/PENON-IFACH-FOSSA-2000.jpg?w=2000&amp;ssl=1 2000w, https:\/\/i0.wp.com\/calpebay.net\/wp-content\/uploads\/2024\/05\/PENON-IFACH-FOSSA-2000.jpg?w=1784&amp;ssl=1 1784w\" sizes=\"auto, (max-width: 892px) 100vw, 892px\" \/><\/figure>\n<\/div>\n<p class=\"wp-block-paragraph\"><\/p>\n\n<p class=\"wp-block-paragraph\">Playa de la Fossa, \u00e4ven k\u00e4nd som Playa de Levante, \u00e4r en vacker strand som ligger i Calpe, vid foten av den majest\u00e4tiska Pe\u00f1\u00f3n de Ifach.<\/p>\n\n<p class=\"wp-block-paragraph\">H\u00e4r \u00e4r n\u00e5gra viktiga detaljer om denna vackra strand: L\u00e4ngd: Cirka 950 meter. Bredd: Cirka 40 meter. Sandtyp: Fin sand. Utsikt: Stranden erbjuder fantastisk utsikt \u00f6ver den emblematiska Pe\u00f1\u00f3n de Ifach. Vattenf\u00f6rh\u00e5llanden: Tack vare det skydd som klippformationen ger \u00e4r vattnet generellt lugnt, \u00e4ven under starka sydliga v\u00e5gor12. Tj\u00e4nster: Playa de la Fossa erbjuder alla bekv\u00e4mligheter du kan f\u00f6rv\u00e4nta dig, inklusive tillg\u00e4nglighet f\u00f6r funktionshindrade, ett badvaktstorn och faciliteter som toaletter. Aktiviteter: Bes\u00f6kare kan njuta av att bada, sola och utforska omr\u00e5det.<\/p>\n\n<p class=\"wp-block-paragraph\">Stranden \u00e4r ocks\u00e5 idealisk f\u00f6r snorkling och fiske. Oavsett om du letar efter avkoppling eller \u00e4ventyr \u00e4r Playa de la Fossa en fantastisk plats att sola och njuta av Costa Blancas naturliga sk\u00f6nhet.<\/p>\n\n<figure class=\"wp-block-image size-large\"><img data-recalc-dims=\"1\" loading=\"lazy\" decoding=\"async\" width=\"892\" height=\"594\" src=\"https:\/\/i0.wp.com\/calpebay.net\/wp-content\/uploads\/2024\/05\/LA-FOSSA-ROTULO-2000.jpg?resize=892%2C594&#038;ssl=1\" alt=\"\" class=\"wp-image-2309\" srcset=\"https:\/\/i0.wp.com\/calpebay.net\/wp-content\/uploads\/2024\/05\/LA-FOSSA-ROTULO-2000.jpg?resize=1024%2C682&amp;ssl=1 1024w, https:\/\/i0.wp.com\/calpebay.net\/wp-content\/uploads\/2024\/05\/LA-FOSSA-ROTULO-2000.jpg?resize=300%2C200&amp;ssl=1 300w, https:\/\/i0.wp.com\/calpebay.net\/wp-content\/uploads\/2024\/05\/LA-FOSSA-ROTULO-2000.jpg?resize=768%2C512&amp;ssl=1 768w, https:\/\/i0.wp.com\/calpebay.net\/wp-content\/uploads\/2024\/05\/LA-FOSSA-ROTULO-2000.jpg?resize=1536%2C1024&amp;ssl=1 1536w, https:\/\/i0.wp.com\/calpebay.net\/wp-content\/uploads\/2024\/05\/LA-FOSSA-ROTULO-2000.jpg?resize=892%2C595&amp;ssl=1 892w, https:\/\/i0.wp.com\/calpebay.net\/wp-content\/uploads\/2024\/05\/LA-FOSSA-ROTULO-2000.jpg?resize=1350%2C900&amp;ssl=1 1350w, https:\/\/i0.wp.com\/calpebay.net\/wp-content\/uploads\/2024\/05\/LA-FOSSA-ROTULO-2000.jpg?w=2000&amp;ssl=1 2000w, https:\/\/i0.wp.com\/calpebay.net\/wp-content\/uploads\/2024\/05\/LA-FOSSA-ROTULO-2000.jpg?w=1784&amp;ssl=1 1784w\" sizes=\"auto, (max-width: 892px) 100vw, 892px\" \/><\/figure>\n\n<h4 class=\"wp-block-heading\"><\/h4>\n","protected":false},"excerpt":{"rendered":"<p>Calpe, p\u00e5 Spaniens vackra Costa Blanca, \u00e4r k\u00e4nt f\u00f6r sina str\u00e4nder och vikar. H\u00e4r \u00e4r n\u00e5gra av de mest anm\u00e4rkningsv\u00e4rda: Arenal Bol N\u00e4ra till centrum Playa del Arenal-Bol: Denna strand ligger i hj\u00e4rtat av Calpe, intill strandpromenaden. Med en bl\u00e5 flagga och 1200 meter l\u00e5ng \u00e4r den en av de l\u00e4ngsta. Dess fina, gyllene sand [&hellip;]<\/p>\n","protected":false},"author":1,"featured_media":0,"parent":0,"menu_order":0,"comment_status":"closed","ping_status":"closed","template":"","meta":{"nf_dc_page":"","_crdt_document":"","om_disable_all_campaigns":false,"inline_featured_image":false,"_monsterinsights_skip_tracking":false,"_monsterinsights_sitenote_active":false,"_monsterinsights_sitenote_note":"","_monsterinsights_sitenote_category":0,"footnotes":""},"class_list":["post-6221","page","type-page","status-publish","hentry"],"aioseo_notices":[],"jetpack_sharing_enabled":true,"_links":{"self":[{"href":"https:\/\/calpebay.net\/sv\/wp-json\/wp\/v2\/pages\/6221","targetHints":{"allow":["GET"]}}],"collection":[{"href":"https:\/\/calpebay.net\/sv\/wp-json\/wp\/v2\/pages"}],"about":[{"href":"https:\/\/calpebay.net\/sv\/wp-json\/wp\/v2\/types\/page"}],"author":[{"embeddable":true,"href":"https:\/\/calpebay.net\/sv\/wp-json\/wp\/v2\/users\/1"}],"replies":[{"embeddable":true,"href":"https:\/\/calpebay.net\/sv\/wp-json\/wp\/v2\/comments?post=6221"}],"version-history":[{"count":1,"href":"https:\/\/calpebay.net\/sv\/wp-json\/wp\/v2\/pages\/6221\/revisions"}],"predecessor-version":[{"id":6222,"href":"https:\/\/calpebay.net\/sv\/wp-json\/wp\/v2\/pages\/6221\/revisions\/6222"}],"wp:attachment":[{"href":"https:\/\/calpebay.net\/sv\/wp-json\/wp\/v2\/media?parent=6221"}],"curies":[{"name":"wp","href":"https:\/\/api.w.org\/{rel}","templated":true}]}}